{"id":679,"date":"2019-10-15T15:50:23","date_gmt":"2019-10-15T13:50:23","guid":{"rendered":"https:\/\/us.edu.pl\/absolwent\/?page_id=679"},"modified":"2019-12-17T09:27:10","modified_gmt":"2019-12-17T08:27:10","slug":"marta-fox-nasi-absolwenci","status":"publish","type":"page","link":"https:\/\/us.edu.pl\/absolwent\/marta-fox-nasi-absolwenci\/","title":{"rendered":"Marta Fox &#8211; Nasi Absolwenci"},"content":{"rendered":"<p>[vc_row][vc_column]\r\n                <div class=\"text-modules\">\r\n                    <div class=\"container\">\r\n                        <h3 class=\"page-title text__title\">Marta Fox - Nasi Absolwenci<\/h3>\r\n                        <div class=\"text-modules__content\"><\/p>\n<div class=\"content\">\n<p class=\"rtejustify rteindent3\"><img class=\"alignleft\" src=\"http:\/\/absolwent.us.edu.pl\/sites\/absolwent.us.edu.pl\/files\/imce\/img_5016.jpg\" alt=\"\" width=\"511\" height=\"511\" \/><\/p>\n<p class=\"rtejustify\">Poetka, powie\u015bciopisarka i eseistka. Urodzi\u0142a si\u0119 w Siemianowicach \u015al\u0105skich, uko\u0144czy\u0142a Filologi\u0119 polsk\u0105 na Uniwersytecie \u015al\u0105skim w Katowicach. Pracowa\u0142a jako nauczycielka j\u0119zyka polskiego w liceum, a tak\u017ce jako bibliotekarka i dziennikarka. W latach 1987-1989 redagowa\u0142a \u201eM\u0142od\u0105 Sztuk\u0119\u201d. W latach 1990-1995 by\u0142a kierownikiem literackim Teatru Dzieci Zag\u0142\u0119bia w B\u0119dzinie. W latach 1995-1999 pe\u0142ni\u0142a funkcj\u0119 specjalistki do spraw programu artystycznego w Miejskiej Galerii Sztuki \u201eExtravagance\u201d. W latach 1993-1994 by\u0142a zast\u0119pc\u0105 redaktora naczelnego \u201eG\u00f3rno\u015bl\u0105skiego Diariusza Kulturalnego\u201d. W latach 1996-1997 redagowa\u0142a dzia\u0142 poezji w kwartalniku humanistycznym \u201eWyrazy\u201d. W latach 1995-2001 felietonistka miesi\u0119cznika spo\u0142eczno-kulturalnego \u201e\u015al\u0105sk\u201d. W latach 2003-2011 prowadzi\u0142a w Miejskiej Bibliotece Publicznej w Katowicach spotkania z pisarzami w cyklu \u201eMistrz S\u0142owa\u201d.<\/p>\n<p class=\"rtejustify\">W latach 2009-2012 pisa\u0142a felietony do czasopisma \u201eStrony\u201d. Od wrze\u015bnia 2015 roku pisze felietony do Magazynku, katowickiego dodatku \u201cGazety Wyborczej\u201d. Nale\u017cy do Towarzystwa Kultury Teatralnej (w latach 1994-1998 by\u0142a prezesem Oddzia\u0142u Wojew\u00f3dzkiego); G\u00f3rno\u015bl\u0105skiego Towarzystwa Literackiego oraz Stowarzyszenia Pisarzy Polskich (oddzia\u0142 we Wroc\u0142awiu). By\u0142a cz\u0142onkiem nieformalnej, polsko-niemieckiej grupy literackiej \u201eKwartet Literacki\u201d (\u201eDas Literarische Bett\u201d). Otrzyma\u0142a Grand Prix w Og\u00f3lnopolskim Konkursie Literatury Mi\u0142osnej (Statuetka Miedzianego Amora w 1989 roku w kategorii proza i w 1994 roku w kategorii poezja). Za ksi\u0105\u017ck\u0119 <em>Zdarzy\u0107 si\u0119 mog\u0142o. Zdarzy\u0107 si\u0119 musia\u0142o. Z Wis\u0142aw\u0105 Szymborsk\u0105 spotkanie w wierszu<\/em> otrzyma\u0142a nagrod\u0119 XX Mi\u0119dzynarodowego Listopada Poetyckiego. Jej powie\u015bci zosta\u0142y uhonorowane przez Polsk\u0105 Sekcj\u0119 IBBY (International Board on Books for Youngsters) w konkursie \u201eKsi\u0105\u017cka Roku\u201d 1995 i 2000.<\/p>\n<p class=\"rtejustify\">Dwukrotna stypendystka Ministerstwa Kultury. W 2004 roku za ksi\u0105\u017ck\u0119 <em>Coraz mniej milczenia<\/em> otrzyma\u0142a Z\u0142oty Telefon \u2013 honorowe odznaczenie \u201eNiebieskiej Linii\u201d \u2013 Og\u00f3lnopolskiego Pogotowia do Walki z Przemoc\u0105 w Rodzinie; w 2006 roku otrzyma\u0142a odznaczenie \u201eZas\u0142u\u017cony dla Kultury Polskiej\u201d, w 2013 roku dwie nagrody: Nagrod\u0119 Hanysa za tw\u00f3rczo\u015b\u0107 literack\u0105 i Nagrod\u0119 Narcyza, a w 2014 roku Nagrod\u0119 Marsza\u0142ka Wojew\u00f3dztwa \u015al\u0105skiego za osi\u0105gni\u0119cia w literaturze. Otrzyma\u0142a tak\u017ce tytu\u0142 baronowej od Polskiego Ruchu Monarchistycznego. W 2015 roku otrzyma\u0142a nagrod\u0119 Humanitas Kobieta, a w 2016 r. w Plebiscycie Dziennika Zachodniego &#8222;50 najbardziej wp\u0142ywowych kobiet&#8221; zaj\u0119\u0142a 9 miejsce.<\/p>\n<p class=\"rtejustify\">Do tej pory wyda\u0142a ponad czterdzie\u015bci ksi\u0105\u017cek (powie\u015bci, opowiadania, wiersze i eseje). Jej poezja jest t\u0142umaczona na j\u0119zyk niemiecki, portugalski, hiszpa\u0144ski i angielski.<\/p>\n<\/div>\n<p>\n<\/div>\r\n                    <\/div>\r\n                <\/div>[\/vc_column][\/vc_row]<\/p>","protected":false},"excerpt":{"rendered":"<p>[vc_row][vc_column][\/vc_column][\/vc_row] [&#8230;]<\/p>\n<p><a class=\"btn btn-secondary understrap-read-more-link\" href=\"https:\/\/us.edu.pl\/absolwent\/marta-fox-nasi-absolwenci\/\">Read More&#8230;<\/a><\/p>\n","protected":false},"author":1,"featured_media":0,"parent":0,"menu_order":0,"comment_status":"closed","ping_status":"closed","template":"","meta":{"_expiration-date-status":"saved","_expiration-date":0,"_expiration-date-type":"","_expiration-date-categories":[],"_expiration-date-options":[]},"acf":[],"_links":{"self":[{"href":"https:\/\/us.edu.pl\/absolwent\/wp-json\/wp\/v2\/pages\/679"}],"collection":[{"href":"https:\/\/us.edu.pl\/absolwent\/wp-json\/wp\/v2\/pages"}],"about":[{"href":"https:\/\/us.edu.pl\/absolwent\/wp-json\/wp\/v2\/types\/page"}],"author":[{"embeddable":true,"href":"https:\/\/us.edu.pl\/absolwent\/wp-json\/wp\/v2\/users\/1"}],"replies":[{"embeddable":true,"href":"https:\/\/us.edu.pl\/absolwent\/wp-json\/wp\/v2\/comments?post=679"}],"version-history":[{"count":3,"href":"https:\/\/us.edu.pl\/absolwent\/wp-json\/wp\/v2\/pages\/679\/revisions"}],"predecessor-version":[{"id":1254,"href":"https:\/\/us.edu.pl\/absolwent\/wp-json\/wp\/v2\/pages\/679\/revisions\/1254"}],"wp:attachment":[{"href":"https:\/\/us.edu.pl\/absolwent\/wp-json\/wp\/v2\/media?parent=679"}],"curies":[{"name":"wp","href":"https:\/\/api.w.org\/{rel}","templated":true}]}}