{"id":68,"date":"2019-09-18T15:12:50","date_gmt":"2019-09-18T13:12:50","guid":{"rendered":"http:\/\/php71.nfinity-beta.pl\/us\/absolwent\/?page_id=68"},"modified":"2025-10-03T10:36:06","modified_gmt":"2025-10-03T08:36:06","slug":"strona-glowna","status":"publish","type":"page","link":"https:\/\/us.edu.pl\/absolwent\/en\/","title":{"rendered":"Strona g\u0142\u00f3wna"},"content":{"rendered":"<p><\/p>\n<p>[vc_row][vc_column]\n            <div data-autotime=\"4\" class=\"slider reverse color_white bg_\" >\n                  <div class=\"slide slide_css\">\n                     <div class=\"slide__content_container container\">\n                        <div class=\"slide__content\">\n                           <a href=\"https:\/\/www.europejskiemiastonauki.us.edu.pl\/en.php\" class=\"slide__link\">\n                              <div class=\"slide__title\">European City of Science 2024<\/div>\n                              <div class=\"slide__text\">Katowice is the European City of Science 2024 (ECS)!<\/div>\n                           <\/a>\n                        <\/div>\n                     <\/div>\n                     <a href=\"https:\/\/www.europejskiemiastonauki.us.edu.pl\/en.php\" class=\"slide__img thumbnail\"\n                           style=\"background-image: url('https:\/\/us.edu.pl\/absolwent\/wp-content\/uploads\/sites\/10\/slider\/Katowice-widok-na-Spodek-i-MCK.jpeg')\">\n                           <span class=\"d-none\">European City of Science 2024 Katowice is the European City of Science 2024 (ECS)!<\/span>\n                     <\/a>\n                  <\/div>\n                <div class=\"slider__controls\">\n                    <div class=\"slider__dots\"><\/div>\n                    <div class=\"slider__actions\">\n                        <a href=\"#\" class=\"arrow\" data-direction=\"prev\" title=\"poprzedni slajd\">\n                            <em class=\"ci ci-arrow-left\"><\/em>\n                            <span class=\"d-none\">control<\/span>\n                        <\/a>\n            \n                        <a href=\"#\" class=\"start-pause\" data-action=\"stop\" title=\"wstrzymaj poruszanie si\u0119 slajd\u00f3w\">\n                            <em class=\"ci ci-pause\"><\/em>\n                            <span class=\"d-none\">control<\/span>\n                        <\/a>\n            \n                       \n                        <a href=\"#\" class=\"arrow\" data-direction=\"next\"  title=\"Kolejny slajd\" >\n                            <em class=\"ci ci-arrow-right\"><\/em>\n                            <span class=\"d-none\">control<\/span>\n                        <\/a>\n                    <\/div>\n                <\/div>\n            <\/div>\n\t\t\t\t<input type=\"hidden\" name=\"promoted_only\" value=\"\">\n\t\t\t\t<input type=\"hidden\" name=\"order\" value=\"DESC\">\n\t\t\t\t<input type=\"hidden\" name=\"order_by\" value=\"post_date\">\n\n\t\t\t\t<div class=\"article-loop loop-section article-loop_tall color-blue\" style=\"background: \">\n\t\t\t\t\t <div class=\"container \">\n\t\t\t\t\t \t<div class=\"col-12 article-loop-gutter-left\">\n\t\t\t\t\t\t  <div class=\"article-loop-top loop-section-top\">\n\t\t\t\t\t\t\t\t<h2 class=\"section-title\">News<\/h2><div class=\"article-loop-top_right loop-section-top__right\" >\n\t\t\t\t\t\t\t\t\t <select name=\"sort\" title = \"filter by category\"\n\t\t\t\t\t\t\t\t\t\t  class=\"article-loop-sort\" >\n\t\t\t\t\t\t\t\t\t\t  <option value = \"\" selected disabled > filter by category<\/option>\n\t\t\t\t\t\t\t\t\t\t  <option value = \"10-45,10-44,10-14\" > All<\/option> <option data-link='https:\/\/us.edu.pl\/absolwent\/category\/gazeta-uniwersytecka-us\/' value='10-45'><\/option><option data-link='https:\/\/us.edu.pl\/absolwent\/category\/losy-absolwentow\/' value='10-44'><\/option><option data-link='https:\/\/us.edu.pl\/absolwent\/category\/news\/information\/' value='10-14'>information<\/option><\/select>    <a href = \"https:\/\/us.edu.pl\/absolwent\/en\/wszystko?title=News&order=DESC&order_by=post_date&categories%5B0%5D=10-45&categories%5B1%5D=10-44&categories%5B2%5D=10-14\" class=\"link-button \" > All<\/a><\/div>  \n\t\t\t\t\t\t  <\/div>\n\t\t\t\t\t\t  <div class=\"article-loop-main carousel\" data-home-url=\"https:\/\/us.edu.pl\/absolwent\/en\" >\n\t\t\t\t\t\t\t\t<a href = \"#\" data-slide = \"prev\" title=\"przesu\u0144 pasek Newsw lewo\" class=\"arrow\" >\n\t\t\t\t\t\t\t\t\t <em class=\"ci ci-arrow-left\" ><\/em >\n\t\t\t\t\t\t\t\t\t <span class=\"d-none\" > arrow<\/span >\n\t\t\t\t\t\t\t\t<\/a>\n\t \n\t\t\t\t\t\t\t\t<a href = \"#\" data-slide = \"next\" title=\"przesu\u0144 pasek News w prawo\" class=\"arrow\" >\n\t\t\t\t\t\t\t\t\t <em class=\"ci ci-arrow-right\" ><\/em >\n\t\t\t\t\t\t\t\t\t <span class=\"d-none\" > arrow<\/span >\n\t\t\t\t\t\t\t\t<\/a>\n\t\t\t\t\t\t\t\t<div class=\"row items\" >\n\t\t\t\t\t\t\t\t\t \r\n            <article class=\"article-loop-post carousel-slide\">\r\n                <a href=\"https:\/\/us.edu.pl\/absolwent\/en\/2022\/12\/19\/rekrutacja-na-studia-podyplomowe-w-semestrze-letnim-2022-2023\/\" class=\"article-loop-post__thumbnail thumbnail\"\r\n                    style=\"background-image: url(https:\/\/us.edu.pl\/absolwent\/wp-content\/uploads\/sites\/10\/Bez-kategorii\/Grafika-22_23-300x300.png)\">\r\n                    <span>more<\/span>\r\n                <\/a>\r\n\r\n                <div class=\"article-loop-post__content\">\r\n                    <h3 class=\"article-loop-post__title\">\r\n                        <a href=\"https:\/\/us.edu.pl\/absolwent\/en\/2022\/12\/19\/rekrutacja-na-studia-podyplomowe-w-semestrze-letnim-2022-2023\/\">Applications for the \u201cBest Alumni 2021\u201d<\/a>\r\n                    <\/h3>\r\n            \r\n                    <div class=\"article-loop-post__categories\">\r\n                        <a href=\"https:\/\/us.edu.pl\/absolwent\/en\/category\/news\/information\/\">information<\/a><a href=\"https:\/\/us.edu.pl\/absolwent\/en\/category\/wiadomosci\/\">News<\/a>\r\n                    <\/div>    \r\n                <\/div>\r\n            <\/article>\r\n        \r\n            <article class=\"article-loop-post carousel-slide\">\r\n                <a href=\"https:\/\/us.edu.pl\/absolwent\/en\/2022\/11\/15\/konkurs-na-innowacyjny-artykul-naukowy-projekt-debiut-naukowy-2023-zrownowazony-rozwoj-a-europejski-zielony-lad\/\" class=\"article-loop-post__thumbnail thumbnail\"\r\n                    style=\"background-image: url(https:\/\/us.edu.pl\/absolwent\/wp-content\/themes\/uniwersytet-slaski\/img\/post\/default.jpg)\">\r\n                    <span>more<\/span>\r\n                <\/a>\r\n\r\n                <div class=\"article-loop-post__content\">\r\n                    <h3 class=\"article-loop-post__title\">\r\n                        <a href=\"https:\/\/us.edu.pl\/absolwent\/en\/2022\/11\/15\/konkurs-na-innowacyjny-artykul-naukowy-projekt-debiut-naukowy-2023-zrownowazony-rozwoj-a-europejski-zielony-lad\/\">Applications for the \u201cBest Alumni 2021\u201d<\/a>\r\n                    <\/h3>\r\n            \r\n                    <div class=\"article-loop-post__categories\">\r\n                        <a href=\"https:\/\/us.edu.pl\/absolwent\/en\/category\/bez-kategorii\/\">Bez kategorii<\/a><a href=\"https:\/\/us.edu.pl\/absolwent\/en\/category\/news\/information\/\">information<\/a><a href=\"https:\/\/us.edu.pl\/absolwent\/en\/category\/wiadomosci\/\">News<\/a>\r\n                    <\/div>    \r\n                <\/div>\r\n            <\/article>\r\n        \r\n            <article class=\"article-loop-post carousel-slide\">\r\n                <a href=\"https:\/\/us.edu.pl\/absolwent\/en\/2021\/07\/21\/zgloszenia-do-programu-najlepsi-absolwenci-2021\/\" class=\"article-loop-post__thumbnail thumbnail\"\r\n                    style=\"background-image: url(https:\/\/us.edu.pl\/absolwent\/wp-content\/uploads\/sites\/10\/Editor\/obrazek-wyr\u00f3\u017cniaj\u0105cy\/obrazek_wyrozniajacy-300x225.png)\">\r\n                    <span>more<\/span>\r\n                <\/a>\r\n\r\n                <div class=\"article-loop-post__content\">\r\n                    <h3 class=\"article-loop-post__title\">\r\n                        <a href=\"https:\/\/us.edu.pl\/absolwent\/en\/2021\/07\/21\/zgloszenia-do-programu-najlepsi-absolwenci-2021\/\">Applications for the \u201cBest Alumni 2021\u201d<\/a>\r\n                    <\/h3>\r\n            \r\n                    <div class=\"article-loop-post__categories\">\r\n                        <a href=\"https:\/\/us.edu.pl\/absolwent\/en\/category\/news\/information\/\">information<\/a><a href=\"https:\/\/us.edu.pl\/absolwent\/en\/category\/wiadomosci\/\">News<\/a>\r\n                    <\/div>    \r\n                <\/div>\r\n            <\/article>\r\n        \r\n            <article class=\"article-loop-post carousel-slide\">\r\n                <a href=\"https:\/\/us.edu.pl\/en\/event\/scena-premier-naukowych-czysta-woda-wokol-nas-spotkanie-z-prof-andrzejem-woznica\/\" class=\"article-loop-post__thumbnail thumbnail\"\r\n                    style=\"background-image: url(https:\/\/us.edu.pl\/absolwent\/wp-content\/uploads\/sites\/10\/Nieprzypisane\/800x600px-11-300x225.png)\">\r\n                    <span>more<\/span>\r\n                <\/a>\r\n\r\n                <div class=\"article-loop-post__content\">\r\n                    <h3 class=\"article-loop-post__title\">\r\n                        <a href=\"https:\/\/us.edu.pl\/en\/event\/scena-premier-naukowych-czysta-woda-wokol-nas-spotkanie-z-prof-andrzejem-woznica\/\">SPN with Prof. Andrzej Wo\u017anica | Clear water around us?<\/a>\r\n                    <\/h3>\r\n            \r\n                    <div class=\"article-loop-post__categories\">\r\n                        <a href=\"https:\/\/us.edu.pl\/absolwent\/en\/category\/news\/information\/\">information<\/a>\r\n                    <\/div>    \r\n                <\/div>\r\n            <\/article>\r\n        \r\n            <article class=\"article-loop-post carousel-slide\">\r\n                <a href=\"https:\/\/us.edu.pl\/event\/scena-premier-naukowych-poetow-losy-splecione-spotkanie-z-prof-marianem-kisielem\/\" class=\"article-loop-post__thumbnail thumbnail\"\r\n                    style=\"background-image: url(https:\/\/us.edu.pl\/absolwent\/wp-content\/uploads\/sites\/10\/Nieprzypisane\/800x600px-10-300x225.png)\">\r\n                    <span>more<\/span>\r\n                <\/a>\r\n\r\n                <div class=\"article-loop-post__content\">\r\n                    <h3 class=\"article-loop-post__title\">\r\n                        <a href=\"https:\/\/us.edu.pl\/event\/scena-premier-naukowych-poetow-losy-splecione-spotkanie-z-prof-marianem-kisielem\/\">SPN: Prof. Marian Kisiel | Intertwined fates of poets<\/a>\r\n                    <\/h3>\r\n            \r\n                    <div class=\"article-loop-post__categories\">\r\n                        <a href=\"https:\/\/us.edu.pl\/absolwent\/en\/category\/news\/information\/\">information<\/a>\r\n                    <\/div>    \r\n                <\/div>\r\n            <\/article>\r\n        \r\n            <article class=\"article-loop-post carousel-slide\">\r\n                <a href=\"https:\/\/us.edu.pl\/event\/scena-premier-naukowych-byc-bohaterem-choc-przez-jeden-dzien-spotkanie-z-milena-dutkowska\/\" class=\"article-loop-post__thumbnail thumbnail\"\r\n                    style=\"background-image: url(https:\/\/us.edu.pl\/absolwent\/wp-content\/uploads\/sites\/10\/Nieprzypisane\/800x600px-9-300x225.png)\">\r\n                    <span>more<\/span>\r\n                <\/a>\r\n\r\n                <div class=\"article-loop-post__content\">\r\n                    <h3 class=\"article-loop-post__title\">\r\n                        <a href=\"https:\/\/us.edu.pl\/event\/scena-premier-naukowych-byc-bohaterem-choc-przez-jeden-dzien-spotkanie-z-milena-dutkowska\/\">SPN: Milena Dutkowska | To be a hero\u2026 just for one day<\/a>\r\n                    <\/h3>\r\n            \r\n                    <div class=\"article-loop-post__categories\">\r\n                        <a href=\"https:\/\/us.edu.pl\/absolwent\/en\/category\/news\/information\/\">information<\/a>\r\n                    <\/div>    \r\n                <\/div>\r\n            <\/article>\r\n        \r\n            <article class=\"article-loop-post carousel-slide\">\r\n                <a href=\"https:\/\/us.edu.pl\/kampania-spoleczna-swiadomy-us-dostepnosc\/\" class=\"article-loop-post__thumbnail thumbnail\"\r\n                    style=\"background-image: url(https:\/\/us.edu.pl\/absolwent\/wp-content\/uploads\/sites\/10\/Nieprzypisane\/800x600px-2-300x225.png)\">\r\n                    <span>more<\/span>\r\n                <\/a>\r\n\r\n                <div class=\"article-loop-post__content\">\r\n                    <h3 class=\"article-loop-post__title\">\r\n                        <a href=\"https:\/\/us.edu.pl\/kampania-spoleczna-swiadomy-us-dostepnosc\/\">Why do we need to create a university accessible for all? | Webinar<\/a>\r\n                    <\/h3>\r\n            \r\n                    <div class=\"article-loop-post__categories\">\r\n                        <a href=\"https:\/\/us.edu.pl\/absolwent\/en\/category\/news\/information\/\">information<\/a>\r\n                    <\/div>    \r\n                <\/div>\r\n            <\/article>\r\n        \r\n            <article class=\"article-loop-post carousel-slide\">\r\n                <a href=\"https:\/\/us.edu.pl\/ruszyla-rekrutacja-na-studia-na-uniwersytecie-slaskim\/\" class=\"article-loop-post__thumbnail thumbnail\"\r\n                    style=\"background-image: url(https:\/\/us.edu.pl\/absolwent\/wp-content\/uploads\/sites\/10\/Nieprzypisane\/us_R_01_www_800x600px-300x225.png)\">\r\n                    <span>more<\/span>\r\n                <\/a>\r\n\r\n                <div class=\"article-loop-post__content\">\r\n                    <h3 class=\"article-loop-post__title\">\r\n                        <a href=\"https:\/\/us.edu.pl\/ruszyla-rekrutacja-na-studia-na-uniwersytecie-slaskim\/\">Admission for studies at the University of Silesia has started<\/a>\r\n                    <\/h3>\r\n            \r\n                    <div class=\"article-loop-post__categories\">\r\n                        <a href=\"https:\/\/us.edu.pl\/absolwent\/en\/category\/news\/information\/\">information<\/a>\r\n                    <\/div>    \r\n                <\/div>\r\n            <\/article>\r\n        \n\t\t\t\t\t\t\t\t<\/div>\n\t\t\t\t\t\t  <\/div>\n\t\t\t\t\t <\/div>\n\t\t\t\t\t <\/div>\n\t\t\t\t<\/div>\r\n                <div class='logos'>\r\n                    <div class='container'>\r\n                        <h3 class='page-title'><\/h3>\r\n                        <div class='logos-blocks bg-blue'> \r\n               \r\n                            \r\n                        <a href=\"https:\/\/us.edu.pl\/en\/us-od-a-do-z\/\" title=\"university from A to Z\"\r\n                         class=\"logos-blocks__item carousel-slide\">\r\n                            <div class=\"logos-blocks__img\">\r\n                                <img src=\"https:\/\/us.edu.pl\/absolwent\/wp-content\/uploads\/sites\/10\/Nieprzypisane\/az.png\" alt=\"university from A to Z\">\r\n                            <\/div>\r\n                            <span>university from A to Z<\/span>\r\n                        <\/a>\r\n                        <a href=\"https:\/\/us.edu.pl\/en\/event-categories\/konferencje\/\" title=\"conferences\"\r\n                         class=\"logos-blocks__item carousel-slide\">\r\n                            <div class=\"logos-blocks__img\">\r\n                                <img src=\"https:\/\/us.edu.pl\/absolwent\/wp-content\/uploads\/sites\/10\/Nieprzypisane\/spotkania-naukowe.png\" alt=\"conferences\">\r\n                            <\/div>\r\n                            <span>conferences<\/span>\r\n                        <\/a>\r\n                        <a href=\"https:\/\/wydawnictwo.us.edu.pl\/?language=en\" title=\"publishing house\"\r\n                         class=\"logos-blocks__item carousel-slide\">\r\n                            <div class=\"logos-blocks__img\">\r\n                                <img src=\"https:\/\/us.edu.pl\/absolwent\/wp-content\/uploads\/sites\/10\/Nieprzypisane\/ksi\u0105\u017cka.png\" alt=\"publishing house\">\r\n                            <\/div>\r\n                            <span>publishing house<\/span>\r\n                        <\/a>\r\n                        <a href=\"http:\/\/przystaneknauka.us.edu.pl\/\" title=\"Science Point (pl)\"\r\n                         class=\"logos-blocks__item carousel-slide\">\r\n                            <div class=\"logos-blocks__img\">\r\n                                <img src=\"https:\/\/us.edu.pl\/absolwent\/wp-content\/uploads\/sites\/10\/Nieprzypisane\/spaghetti.png\" alt=\"Science Point (pl)\">\r\n                            <\/div>\r\n                            <span>Science Point (pl)<\/span>\r\n                        <\/a>\r\n                        <a href=\"https:\/\/www.slaskifestiwalnauki.pl\/\" title=\"Silesian Science Festival KATOWICE (pl)\"\r\n                         class=\"logos-blocks__item carousel-slide\">\r\n                            <div class=\"logos-blocks__img\">\r\n                                <img src=\"https:\/\/us.edu.pl\/absolwent\/wp-content\/uploads\/sites\/10\/Nieprzypisane\/\u015bfn.png\" alt=\"Silesian Science Festival KATOWICE (pl)\">\r\n                            <\/div>\r\n                            <span>Silesian Science Festival KATOWICE (pl)<\/span>\r\n                        <\/a>\r\n                        <a href=\"https:\/\/us.edu.pl\/en\/media-akademickie\/\" title=\"academic media\"\r\n                         class=\"logos-blocks__item carousel-slide\">\r\n                            <div class=\"logos-blocks__img\">\r\n                                <img src=\"https:\/\/us.edu.pl\/absolwent\/wp-content\/uploads\/sites\/10\/Nieprzypisane\/ksi\u0105\u017cka.png\" alt=\"academic media\">\r\n                            <\/div>\r\n                            <span>academic media<\/span>\r\n                        <\/a>\r\n                        <a href=\"https:\/\/www.zdalny.us.edu.pl\/en\" title=\"distance learning\"\r\n                         class=\"logos-blocks__item carousel-slide\">\r\n                            <div class=\"logos-blocks__img\">\r\n                                <img src=\"https:\/\/us.edu.pl\/absolwent\/wp-content\/uploads\/sites\/10\/Nieprzypisane\/uczelnia_mobilna.png\" alt=\"distance learning\">\r\n                            <\/div>\r\n                            <span>distance learning<\/span>\r\n                        <\/a> \r\n                           \r\n                        <\/div>\r\n                    <\/div>\r\n                <\/div>[\/vc_column][\/vc_row]<\/p>\n<p><\/p>","protected":false},"excerpt":{"rendered":"<p>[vc_row][vc_column][\/vc_column][\/vc_row] [&#8230;]<\/p>\n<p><a class=\"btn btn-secondary understrap-read-more-link\" href=\"https:\/\/us.edu.pl\/absolwent\/en\/2021\/06\/01\/ruszyla-rekrutacja-na-studia-na-uniwersytecie-slaskim\/\">Read More&#8230;<\/a><\/p>\n","protected":false},"author":1,"featured_media":0,"parent":0,"menu_order":0,"comment_status":"closed","ping_status":"closed","template":"page-templates\/index-template.php","meta":{"_expiration-date-status":"","_expiration-date":0,"_expiration-date-type":"","_expiration-date-categories":[],"_expiration-date-options":[]},"acf":[],"_links":{"self":[{"href":"https:\/\/us.edu.pl\/absolwent\/en\/wp-json\/wp\/v2\/pages\/68"}],"collection":[{"href":"https:\/\/us.edu.pl\/absolwent\/en\/wp-json\/wp\/v2\/pages"}],"about":[{"href":"https:\/\/us.edu.pl\/absolwent\/en\/wp-json\/wp\/v2\/types\/page"}],"author":[{"embeddable":true,"href":"https:\/\/us.edu.pl\/absolwent\/en\/wp-json\/wp\/v2\/users\/1"}],"replies":[{"embeddable":true,"href":"https:\/\/us.edu.pl\/absolwent\/en\/wp-json\/wp\/v2\/comments?post=68"}],"version-history":[{"count":15,"href":"https:\/\/us.edu.pl\/absolwent\/en\/wp-json\/wp\/v2\/pages\/68\/revisions"}],"predecessor-version":[{"id":3287,"href":"https:\/\/us.edu.pl\/absolwent\/en\/wp-json\/wp\/v2\/pages\/68\/revisions\/3287"}],"wp:attachment":[{"href":"https:\/\/us.edu.pl\/absolwent\/en\/wp-json\/wp\/v2\/media?parent=68"}],"curies":[{"name":"wp","href":"https:\/\/api.w.org\/{rel}","templated":true}]}}