{"id":681,"date":"2019-10-15T15:53:51","date_gmt":"2019-10-15T13:53:51","guid":{"rendered":"https:\/\/us.edu.pl\/absolwent\/?page_id=681"},"modified":"2019-10-15T15:55:33","modified_gmt":"2019-10-15T13:55:33","slug":"urszula-gladka-nasi-absolwenci","status":"publish","type":"page","link":"https:\/\/us.edu.pl\/absolwent\/absolwencius\/nasi-absolwenci\/urszula-gladka-nasi-absolwenci\/","title":{"rendered":"Urszula G\u0142adka &#8211; Nasi Absolwenci"},"content":{"rendered":"<p>[vc_row][vc_column]\r\n                <div class=\"text-modules\">\r\n                    <div class=\"container\">\r\n                        <h3 class=\"page-title text__title\">Urszula G\u0142adka - Nasi Absolwenci<\/h3>\r\n                        <div class=\"text-modules__content\"><\/p>\n<div id=\"top-center\" class=\"twelve columns\">\n<div id=\"node-3862\" class=\"node clear-block\">\n<div class=\"content\">\n<p><img class=\"imagefield imagefield-field_image alignleft\" src=\"http:\/\/absolwent.us.edu.pl\/sites\/absolwent.us.edu.pl\/files\/3_ula_przy_debie_w_dolinie_trzech_stawow_w_katowicach_male.jpg?1418888290\" alt=\"\" width=\"200\" height=\"200\" \/><\/p>\n<p class=\"rtejustify\" style=\"text-align: left;\">Urszula G\u0142adka urodzi\u0142a si\u0119 2 pa\u017adziernika 1945 roku w Katowicach. Szko\u0142\u0119 Podstawow\u0105 nr 47 uko\u0144czy\u0142a w 1959 roku i rozpocz\u0119\u0142a nauk\u0119 w Liceum Pedagogicznym dla Wychowawczy\u0144 Przedszkoli w Mys\u0142owicach, kt\u00f3re uko\u0144czy\u0142a w 1964. Od razu rozpocz\u0119\u0142a prac\u0119 jako wychowawczyni przedszkola. W 1966 podj\u0119\u0142a studia wieczorowe na filologii polskiej, kt\u00f3re uko\u0144czy\u0142a w 1971 roku. W 1972 roku zrezygnowa\u0142a z pracy w przedszkolu i zacz\u0119\u0142a pracowa\u0107 zgodnie z kierunkiem studi\u00f3w jako polonistka w Zespole Szk\u00f3\u0142 Ekonomicznych, gdzie pracowa\u0142a przez cztery lata.<\/p>\n<p class=\"rtejustify\" style=\"text-align: left;\">W 1976 zacz\u0119\u0142a nowy rodzaj pracy &#8211; dyrektorki przedszkola w Przedszkolu nr 8, kt\u00f3re zorganizowa\u0142a jako tymczasowe na nowym Osiedlu Paderewskiego i zlikwidowa\u0142a w 1992 roku. Nast\u0119pnie po wygraniu konkursu na dyrektora Przedszkola nr 73 w Katowicach i dw\u00f3ch latach pracy w nim odesz\u0142a na wcze\u015bniejsz\u0105 emerytur\u0119 nauczycielsk\u0105. Po uko\u0144czeniu kursu instruktor relaksacji pracowa\u0142a od 1996 do 2002 w dw\u00f3ch przedszkolach, prowadz\u0105c z dzie\u0107mi nowatorskie zaj\u0119cia relaksacyjne w zmniejszonym wymiarze godzin.<\/p>\n<p class=\"rtejustify\" style=\"text-align: left;\">W 2002 podj\u0119\u0142a studia z psychoprofilaktyki zaburze\u0144, diagnozy klinicznej, interwencji terapeutycznych w Instytucie Psychologii Uniwersytetu Opolskiego. Obecnie zajmuje si\u0119 osobist\u0105 dzia\u0142alno\u015bci\u0105 literack\u0105 i artystyczn\u0105. Jest autork\u0105 ksi\u0105\u017cki <a href=\"http:\/\/www.witaminowe-urodziny.pl\">\u201eWitaminowe Urodziny Agatki, Bartka, Celinki, Darka i Ewuni\u201d<\/a> (2014), albumu <a href=\"http:\/\/www.katowice.eu\/Foldery%20o%20miecie\/Katowice_Magiczna_Dolina_3_Stawow.pdf\" class=\"mtli_attachment mtli_pdf\" data-mtli=\"mtli_filesize311b\" class=\"mtli_attachment mtli_pdf\" data-mtli=\"mtli_filesize311b\">\u201eMagiczna Dolina Trzech Staw\u00f3w W Katowicach\u201d<\/a> (2010). Od 2012 roku uczestniczy oraz bywa nagradzana i wyr\u00f3\u017cniana w konkursie fotograficznym \u201eKatowice w obiektywie&#8221;, organizowanym przez Wydzia\u0142 Promocji Urz\u0119du Miasta Katowice wraz z \u015al\u0105skim Oddzia\u0142em Zwi\u0105zku Polskich Artyst\u00f3w Fotografik\u00f3w.<\/p>\n<p><img class=\"\" src=\"http:\/\/absolwent.us.edu.pl\/sites\/absolwent.us.edu.pl\/files\/imce\/2_jesienny_odprezajacy_spacer_alejka_wzdluz_kajakowego_stawu_konkurs_2013.jpg\" alt=\"\" width=\"650\" height=\"488\" \/>\u00a0 <img class=\"\" src=\"http:\/\/absolwent.us.edu.pl\/sites\/absolwent.us.edu.pl\/files\/imce\/3_jesienna_szarosc_stawow_z_zabawami_mlodych_labedzi_moze_cieszyc_czlowieka.jpg\" alt=\"\" width=\"650\" height=\"488\" \/><\/p>\n<p class=\"rtejustify\"><strong>Dlaczego zdecydowa\u0142a si\u0119 Pani na podj\u0119cie studi\u00f3w na Uniwersytecie \u015al\u0105skim?<\/strong><\/p>\n<p class=\"rtejustify\">To by\u0142a decyzja spontaniczna. By\u0142 dodatkowy nab\u00f3r na filologi\u0119 polsk\u0105 we wrze\u015bniu, wi\u0119c przyst\u0105pi\u0142am do egzaminu wst\u0119pnego. Zda\u0142am. I nie musia\u0142am ulec presji mojego ojca, kt\u00f3rego \u017cyczeniem by\u0142o, \u017cebym zdawa\u0142a na Akademi\u0119 Ekonomiczn\u0105.<\/p>\n<p class=\"rtejustify\"><strong>Jak wspomina Pani studia na Uniwersytecie \u015al\u0105skim?<\/strong><\/p>\n<p class=\"rtejustify\">W\u0142a\u015bciwie to od niedawna wspominam studia z sentymentem. Dawniej to by\u0142 jeden wielki m\u0142yn. Praca zawodowa i studia wieczorowe, ma\u0142\u017ce\u0144stwo. Spotkanie w Bibliotece \u015al\u0105skiej z profesorem Stefanem Zabierowskim przybli\u017cy\u0142o mi posta\u0107 jego ojca docenta Stanis\u0142awa Zabierowskiego, z kt\u00f3rym mia\u0142am wyk\u0142ady z literatury powszechnej i niezwyk\u0142o\u015b\u0107 egzamin\u00f3w w grupce pi\u0119cioosobowej w celu rozwik\u0142ania postawionego tematu \u2013 problemu. Tak\u017ce ciep\u0142o wspominam Pana Profesora Jana Zaremb\u0119, Dr. A. Jendrysika, Dr. Jacka Maziarskiego, Profesora Henryka Wr\u00f3bla.<\/p>\n<p class=\"rtejustify\"><strong>Dlaczego wybra\u0142a Pani dany kierunek studi\u00f3w? <\/strong><\/p>\n<p class=\"rtejustify\">To sta\u0142o si\u0119 nagle, my\u015bla\u0142am o studiach pedagogicznych po zdaniu egzaminu kwalifikacyjnego po trzech latach pracy. Taka by\u0142a wtedy procedura. Po drugim roku pracy m\u00f3j ojciec przekonywa\u0142 mnie do przyst\u0105pienia do egzaminu na ekonomi\u0119, ale wybra\u0142am filologi\u0119 polsk\u0105. Powodem by\u0142 brak problem\u00f3w na lekcjach z j\u0119zyka polskiego. W klas\u00f3wkach skupia\u0142am si\u0119 na problemie zawartym w kilku lekturach; potrafi\u0142am wyrazi\u0107 m\u00f3j stosunek emocjonalny. Szczeg\u00f3lnie lubi\u0142am gramatyk\u0119 &#8211; rozbiory zda\u0144 gramatyczne i logiczne nie sprawia\u0142y mi \u017cadnego k\u0142opotu; dlatego prac\u0119 magistersk\u0105 te\u017c pisa\u0142am z j\u0119zykoznawstwa.<\/p>\n<p class=\"rtejustify\"><strong>Jakie s\u0105 Pani g\u0142\u00f3wne zadania i obszary dzia\u0142alno\u015bci zawodowej?<\/strong><\/p>\n<p class=\"rtejustify\">Dzia\u0142alno\u015b\u0107 pedagogiczna: wychowawcza, nauczycielska, kierowanie plac\u00f3wk\u0105 przedszkoln\u0105 przez 18 lat. Na wcze\u015bniejsz\u0105 emerytur\u0119 nauczycielsk\u0105 odesz\u0142am po 30 latach pracy, ale jeszcze spr\u00f3bowa\u0142am swych si\u0142 w prowadzeniu nowatorskich zaj\u0119\u0107 relaksacyjnych z dzie\u0107mi sze\u015bcioletnimi w Przedszkolu 77 i 87 w Katowicach, w zmniejszonym wymiarze godzin.<\/p>\n<p class=\"rtejustify\">Obecnie indywidualna dzia\u0142alno\u015b\u0107 literacka i artystyczna. Jestem autork\u0105 ksi\u0105\u017cki <a href=\"http:\/\/www.witaminowe-urodziny.pl\">\u201eWitaminowe Urodziny Agatki, Bartka, Celinki, Darka i Ewuni\u201d<\/a>, do kt\u00f3rej samodzielnie zrobi\u0142am zdj\u0119cia, \u0142\u0105cz\u0105c tematyk\u0119 kulinarn\u0105 z przyrodnicz\u0105 (2014) oraz albumu <a href=\"http:\/\/www.katowice.eu\/Foldery%20o%20miecie\/Katowice_Magiczna_Dolina_3_Stawow.pdf\" class=\"mtli_attachment mtli_pdf\" data-mtli=\"mtli_filesize311b\" class=\"mtli_attachment mtli_pdf\" data-mtli=\"mtli_filesize311b\">\u201eMagiczna Dolina Trzech Staw\u00f3w W Katowicach\u201d<\/a> (2010). Od 2012 roku uczestnicz\u0119 oraz zdobywam nagrody i wyr\u00f3\u017cnienia \u00a0w konkursie fotograficznym \u201eKatowice w obiektywie&#8221;, organizowanym przez Wydzia\u0142 Promocji Urz\u0119du Miasta Katowice wraz z \u015al\u0105skim Oddzia\u0142em Zwi\u0105zku Polskich Artyst\u00f3w Fotografik\u00f3w za fotografie o tematyce relaksacyjnego oddzia\u0142ywania przyrody DTS na cz\u0142owieka oraz ukazuj\u0105ce zmagania \u201eskejt\u00f3w\u201d na p\u0142ycie PTG.<\/p>\n<p class=\"rtejustify\"><a href=\"http:\/\/www.witaminowe-urodziny.pl\"><img src=\"http:\/\/absolwent.us.edu.pl\/sites\/absolwent.us.edu.pl\/files\/imce\/witaminowe_-_okladka.jpg\" alt=\"\" \/><\/a><\/p>\n<p class=\"rtejustify\"><strong>Co sprawia Pani najwi\u0119ksz\u0105 satysfakcj\u0119 w pracy? <\/strong><\/p>\n<p class=\"rtejustify\">Satysfakcj\u0119 odczuwam, kiedy trafiam do cz\u0142owieka, czy to male\u0144kiego, czy doros\u0142ego. Kiedy wsp\u00f3lnie mo\u017cemy dzia\u0142a\u0107 dla okre\u015blonej idei. Na przyk\u0142ad, gdy organizowa\u0142am przedszkole, rodzice w\u0142\u0105czali si\u0119 w t\u0119 organizacj\u0119, \u017ceby przyspieszy\u0107 przekazanie plac\u00f3wki dzieciom w jak najlepszym stanie. Gdy dzieci przedszkolne stawa\u0142y si\u0119 moimi pierwszymi krytykami podczas czytania im fragment\u00f3w mojej ksi\u0105\u017cki o tematyce witaminowej. Gdy by\u0142am nagradzana przez Inspektora, Kuratora, Ministra O\u015bwiaty i Wychowania oraz odznaczona Z\u0142otym Krzy\u017cem Zas\u0142ugi za wyr\u00f3\u017cniaj\u0105c\u0105 prac\u0119 pedagogiczn\u0105. Za obecne dyplomy za udzia\u0142 w konkursie \u201eKatowice w Obiektywie\u201d. Oraz za opinie profesor\u00f3w Uniwersytetu \u015al\u0105skiego do mojej ksi\u0105\u017cki \u201eWitaminowe Urodziny\u201d, tj. prof. Aldony Skudrzyk, prof. Miros\u0142awa Nakoniecznego i prof. Tadeusza S\u0142awka.<\/p>\n<p class=\"rtejustify\"><strong>Co stanowi dla Pani najwi\u0119ksze wyzwanie zawodowe? <\/strong><\/p>\n<p class=\"rtejustify\">Ka\u017cdy rodzaj mojej pracy stanowi poniek\u0105d wyzwanie, musz\u0119 si\u0119 sama zmaga\u0107 niejednokrotnie z przezwyci\u0119\u017ceniem w\u0142asnej s\u0142abo\u015bci, z ustawicznym doskonaleniem siebie, sta\u0142ym podnoszeniem poprzeczki, czy to przez podnoszenie wiedzy i r\u00f3\u017cnych umiej\u0119tno\u015bci, by to przetwarza\u0107 i przekazywa\u0107 w \u0142atwiejszy spos\u00f3b dalej. Ale wykszta\u0142cenie humanistyczne pomaga mi w podstawowej realizacji zada\u0144 pedagogicznych. To zosta\u0142o podkre\u015blone przez wiceprezydenta Katowic dr. Adama Kasprzyka podczas mojego udzia\u0142u w konkursie na dyrektora przedszkola \u201eMarzeniem jest, by w przysz\u0142o\u015bci wszyscy pedagodzy mieli tak\u017ce humanistyczne wykszta\u0142cenie, szczeg\u00f3lnie w wychowaniu ma\u0142ych dzieci.\u201d My\u015bl\u0119, \u017ce moja ksi\u0105\u017cka \u201eWitaminowe Urodziny Agatki, Bartka, Celinki, Darka i Ewuni\u201d zawiera tyle mojego zrozumienia dla prawid\u0142owego wszechstronnego rozwoju dziecka, \u017ce magiczne, niewidzialne, dobroczynne witaminy, jako wsp\u00f3\u0142bohaterowie, obok g\u0142\u00f3wnych bohater\u00f3w, to jest tytu\u0142owego dziecka i jego mamy w pi\u0119ciu opowiadaniach wp\u0142yn\u0105 na ukszta\u0142towanie trwa\u0142ych nawyk\u00f3w \u015bwiadomego witaminowego od\u017cywiania, gdzie ka\u017cdy mo\u017ce sta\u0107 si\u0119 odpowiedzialny za swoje zdrowie, urod\u0119, sukcesy w nauce, sporcie, pracy i \u017cyciu.<\/p>\n<p class=\"rtejustify\"><strong>Jakie umiej\u0119tno\u015bci i do\u015bwiadczenia zdobyte na Uczelni pomog\u0142y Pani w zdobyciu zatrudnienia? <\/strong><\/p>\n<p class=\"rtejustify\">Dyplom uko\u0144czenia wy\u017cszej uczelni z jednej strony pozwoli\u0142 mi na prac\u0119 polonistki w uko\u0144czonym przez studia kierunku, z drugiej strony otworzy\u0142 mi drog\u0119 do podj\u0119cia kierowniczego stanowiska w plac\u00f3wce przedszkolnej, po o\u015bmiu latach wcze\u015bniejszej pracy w charakterze nauczycielki. Gdy kierowa\u0142am plac\u00f3wk\u0105 przedszkoln\u0105 utrzymywa\u0142am si\u0119 na stanowisku 18 lat poprzez umiej\u0119tno\u015b\u0107 zdobyt\u0105 na uczelni podczas seminari\u00f3w i egzamin\u00f3w. To jest przez demokratyczny styl pracy. Wszyscy znali zadania zaplanowane i problemy bie\u017c\u0105ce. Wsp\u00f3lnie je omawiali\u015bmy i realizowali\u015bmy dla zaspokojenia potrzeb dzieci. I w ten spos\u00f3b wszyscy budowali\u015bmy zadowolenie z pracy. Po likwidacji plac\u00f3wki pracownicy wspominali, \u017ce \u201etak jak w \u00f3semce nie ma w \u017cadnym przedszkolu\u201d.<\/p>\n<p class=\"rtejustify\"><strong>Jak edukacja na Uniwersytecie \u015al\u0105skim wp\u0142yn\u0119\u0142a na wyb\u00f3r Pani drogi zawodowej? Kt\u00f3re do\u015bwiadczenia z czasu studi\u00f3w okaza\u0142y si\u0119 kluczowe w poszukiwaniu pracy?<\/strong><\/p>\n<p class=\"rtejustify\">Kluczowe do\u015bwiadczenie z czas\u00f3w studi\u00f3w to zapewne to, kt\u00f3re obecnie, na emeryturze, realizuj\u0119. Samodoskonal\u0119 si\u0119 poprzez systematyczny i aktywny udzia\u0142 w spotkaniach z ksi\u0105\u017ck\u0105, w \u201eKlubie Dobrej Ksi\u0105\u017cki\u201d w Bibliotece \u015al\u0105skiej i to zapewne mia\u0142o wp\u0142yw do wytworzenia w sobie nawyku, \u017ceby stale doskonali\u0107 swoj\u0105 ksi\u0105\u017ck\u0119 i odwagi, by j\u0105 wyda\u0107. A obecnie promowa\u0107. W grudniu 2014 roku z powodzeniem przez dwie godziny dokona\u0142am prezentacji mojej ksi\u0105\u017cki samodzielnie, tak jakbym omawia\u0142a czyj\u0105\u015b lektur\u0119 na lekcji j\u0119zyka polskiego, zach\u0119caj\u0105c przy tym zebranych do dyskusji. Satysfakcj\u0105 by\u0142o podpisywanie w\u0142asnej ksi\u0105\u017cki.<\/p>\n<p class=\"rtejustify\"><strong>Co radzi Pani kandydatom na studia i studentom U\u015a, kt\u00f3rzy wkr\u00f3tce wejd\u0105 na rynek pracy?<\/strong><\/p>\n<p class=\"rtejustify\">Cieszy\u0107 si\u0119 ze studi\u00f3w, piel\u0119gnowa\u0107 w mi\u0142ej pami\u0119ci momenty pi\u0119kne, nietypowe, satysfakcjonuj\u0105ce. I przez ich pryzmat postrzega\u0107 tera\u017aniejszo\u015b\u0107 i przysz\u0142o\u015b\u0107 wraz z okre\u015blonymi celami. Tw\u00f3rczo wykorzystywa\u0107 wiedz\u0119 z uczelni, by\u0107 kreatorem w swoim zawodzie. A je\u015bli \u201eprzypadek\u201d sprawi, \u017ce pojawi si\u0119 inna praca, potrzebna by \u017cy\u0107, nawet taka gdzie wiedza z uczelni oka\u017ce si\u0119 mniej przydatna, nie odrzuca\u0107 jej. Bo sam spos\u00f3b przyswajania wiedzy \u0142\u0105cznie z jej przekazem na egzaminach kszta\u0142towa\u0142 przez lata co\u015b wa\u017cniejszego \u2013 osobowo\u015b\u0107. To osobowo\u015b\u0107 sprawi, co z wiedz\u0105 pocz\u0105\u0107, a mo\u017ce trzeba si\u0119 nauczy\u0107 czego\u015b nowego, ale mamy wytworzony nawyk uczenia si\u0119. Osobowo\u015b\u0107 w ka\u017cdych warunkach si\u0119 sprawdza i to, co si\u0119 nagle pojawia, mo\u017ce zmusi\u0107 nas do wyboru tego, co si\u0119 oka\u017ce czym\u015b lepszym, swoim w\u0142asnym, dopiero rozpoznawalnym, pomagaj\u0105cym si\u0119 dalej rozwija\u0107 zgodnie z nowymi zainteresowaniami. Bo rozw\u00f3j, droga, jest satysfakcjonuj\u0105ca, a nie powielanie stereotyp\u00f3w.<\/p>\n<\/div>\n<\/div>\n<\/div>\n<p>\n<style type=\"text\/css\">a[data-mtli~=\"mtli_filesize311b\"]:after {content:\" (311 b)\"}<\/style><\/div>\r\n                    <\/div>\r\n                <\/div>[\/vc_column][\/vc_row]<\/p>\n<style type=\"text\/css\">a[data-mtli~=\"mtli_filesize311b\"]:after {content:\" (311 b)\"}<\/style>","protected":false},"excerpt":{"rendered":"<p>[vc_row][vc_column][\/vc_column][\/vc_row] [&#8230;]<\/p>\n<p><a class=\"btn btn-secondary understrap-read-more-link\" href=\"https:\/\/us.edu.pl\/absolwent\/absolwencius\/nasi-absolwenci\/urszula-gladka-nasi-absolwenci\/\">Read More&#8230;<\/a><\/p>\n","protected":false},"author":1,"featured_media":0,"parent":331,"menu_order":0,"comment_status":"closed","ping_status":"closed","template":"","meta":{"_expiration-date-status":"","_expiration-date":0,"_expiration-date-type":"","_expiration-date-categories":[],"_expiration-date-options":[]},"acf":[],"_links":{"self":[{"href":"https:\/\/us.edu.pl\/absolwent\/wp-json\/wp\/v2\/pages\/681"}],"collection":[{"href":"https:\/\/us.edu.pl\/absolwent\/wp-json\/wp\/v2\/pages"}],"about":[{"href":"https:\/\/us.edu.pl\/absolwent\/wp-json\/wp\/v2\/types\/page"}],"author":[{"embeddable":true,"href":"https:\/\/us.edu.pl\/absolwent\/wp-json\/wp\/v2\/users\/1"}],"replies":[{"embeddable":true,"href":"https:\/\/us.edu.pl\/absolwent\/wp-json\/wp\/v2\/comments?post=681"}],"version-history":[{"count":3,"href":"https:\/\/us.edu.pl\/absolwent\/wp-json\/wp\/v2\/pages\/681\/revisions"}],"predecessor-version":[{"id":1255,"href":"https:\/\/us.edu.pl\/absolwent\/wp-json\/wp\/v2\/pages\/681\/revisions\/1255"}],"up":[{"embeddable":true,"href":"https:\/\/us.edu.pl\/absolwent\/wp-json\/wp\/v2\/pages\/331"}],"wp:attachment":[{"href":"https:\/\/us.edu.pl\/absolwent\/wp-json\/wp\/v2\/media?parent=681"}],"curies":[{"name":"wp","href":"https:\/\/api.w.org\/{rel}","templated":true}]}}