{"id":684,"date":"2019-10-15T15:57:03","date_gmt":"2019-10-15T13:57:03","guid":{"rendered":"https:\/\/us.edu.pl\/absolwent\/?page_id=684"},"modified":"2019-12-17T11:06:14","modified_gmt":"2019-12-17T10:06:14","slug":"dominika-gonciarz-nasi-absolwenci","status":"publish","type":"page","link":"https:\/\/us.edu.pl\/absolwent\/dominika-gonciarz-nasi-absolwenci\/","title":{"rendered":"Dominika Gonciarz &#8211; Nasi Absolwenci"},"content":{"rendered":"<p>[vc_row][vc_column]\r\n                <div class=\"text-modules\">\r\n                    <div class=\"container\">\r\n                        <h3 class=\"page-title text__title\">Dominika Gonciarz - Nasi Absolwenci<\/h3>\r\n                        <div class=\"text-modules__content\"><\/p>\n<p class=\"rtejustify rteindent3\"><img class=\"alignleft\" src=\"http:\/\/absolwent.us.edu.pl\/sites\/absolwent.us.edu.pl\/files\/imce\/fscn5009.jpg\" alt=\"zdj\u0119cie Dominiki Gonciarz stoj\u0105cej na tle ceglanego budynku\" width=\"509\" height=\"679\" \/>Dominika Gonciarz to \u015al\u0105zaczka urodzona 8 wrze\u015bnia 1980 roku w Pszczynie. Jest absolwentk\u0105 Liceum Og\u00f3lnokszta\u0142c\u0105cego im. Boles\u0142awa Chrobrego w Pszczynie. W 2004 roku uko\u0144czy\u0142a studia wy\u017csze na Uniwersytecie \u015al\u0105skim w Cieszynie, na kierunku etnologia.<\/p>\n<p class=\"rtejustify\">W 2004 roku wysz\u0142a za m\u0105\u017c i przeprowadzi\u0142a si\u0119 do S\u0142upska. Od 2007 roku jest pracownikiem\u00a0<a href=\"http:\/\/www.muzeum.slupsk.pl\/\">Muzeum Pomorza \u015arodkowego w S\u0142upsku<\/a>. W latach 2007-2011 pracowa\u0142a w Muzeum Wsi S\u0142owi\u0144skiej w Klukach, a od 2012 pracuje w M\u0142ynie Zamkowym w S\u0142upsku. Organizatorka pleneru rze\u017abiarskiego pt. \u201ePasje w drewnie ukryte&#8221;, kt\u00f3ry odby\u0142 si\u0119 w 2008 roku w Smo\u0142dzi\u0144skim Lesie, komisarz wystawy poplenerowej pod tym samym tytu\u0142em. Wsp\u00f3\u0142organizator trzech edycji imprezy plenerowej\u00a0<a href=\"http:\/\/www.muzeumkluki.pl\/imprezy_folklorystyczne-1.html\">\u201eCzarne Wesele&#8221;<\/a>\u00a0odbywaj\u0105cej si\u0119 w Muzeum Wsi S\u0142owi\u0144skiej w Klukach. Od 2012 roku zwi\u0105zana z M\u0142ynem Zamkowym w S\u0142upsku. Komisarz wystawy \u201eKazimierz Kostka rze\u017abiarz z Witkowego Wzg\u00f3rza&#8221; (M\u0142yn Zamkowy 2012 roku, Byt\u00f3w 2013), 90 Lat PZ\u0141 \u2013 wystawa czasowa w Zamku Ksi\u0105\u017c\u0105t Pomorskich w S\u0142upsku, sekretarz XVI Konkursu Sztuki i R\u0119kodzie\u0142a S\u0142upsk 2013, Komisarz wystawy pokonkursowej XVI Konkursu Sztuki i R\u0119kodzie\u0142a, komisarz wystawy czasowej \u201eLeon Barszczewski. XIX-wieczny fotograf Emiratu Buchary\u201d. Organizatorka wielu warsztat\u00f3w po\u015bwi\u0119conym r\u00f3\u017cnym formom r\u0119kodzie\u0142a. Prywatnie mama Zosi i \u017cona etnografa.<\/p>\n<p class=\"rtejustify\"><strong>Dlaczego zdecydowa\u0142a si\u0119 Pani na podj\u0119cie studi\u00f3w na Uniwersytecie \u015al\u0105skim?<\/strong><\/p>\n<p class=\"rtejustify\">Ciekawy kierunek studi\u00f3w. Cieszyn \u2013 pi\u0119kne miasto do studiowania. Wa\u017cnym czynnikiem by\u0142a te\u017c odleg\u0142o\u015b\u0107 od miasta rodzinnego, czyli Pszczyny.<\/p>\n<p class=\"rtejustify\"><strong>Jak wspomina Pani studia na Uniwersytecie \u015al\u0105skim?<\/strong><\/p>\n<p class=\"rtejustify\">Studia na Uniwersytecie \u015al\u0105skim w Cieszynie wspominam z u\u015bmiechem na ustach. By\u0142 to bardzo intensywny czas nie tylko nauki, kt\u00f3ra by\u0142a przyjemno\u015bci\u0105 ze wzgl\u0119du na tematyk\u0119 studi\u00f3w, ale tak\u017ce pod wzgl\u0119dem towarzyskim. Znajomo\u015bci i przyja\u017anie zawarte na studiach przetrwa\u0142y do dzisiaj. Spotykamy si\u0119, odwiedzamy, tworzymy wsp\u00f3lne przedsi\u0119wzi\u0119cia. My\u015bl\u0119, \u017ce to niezwyk\u0142a warto\u015b\u0107 dodana do samych studi\u00f3w.<\/p>\n<p class=\"rtejustify\"><strong>Dlaczego wybra\u0142a Pani dany kierunek studi\u00f3w?<\/strong><\/p>\n<p class=\"rtejustify\">Etnologia wydawa\u0142a mi si\u0119 ciekawym kierunkiem, chocia\u017c mia\u0142am w alternatywie inne kierunki zupe\u0142nie odmienne. Los sprawi\u0142, \u017ce znalaz\u0142am si\u0119 na etnologii w Cieszynie, czego zupe\u0142nie nie \u017ca\u0142uj\u0119.<\/p>\n<p class=\"rtejustify\"><strong>Jakie s\u0105 Pani g\u0142\u00f3wne zadania i obszary dzia\u0142alno\u015bci zawodowej?<\/strong><\/p>\n<p class=\"rtejustify\">Pracuj\u0119 w swoim zawodzie, jako etnolog w Muzeum Pomorza \u015arodkowego w S\u0142upsku. Nasze Muzeum jest wielodzia\u0142owe. Pod moj\u0105 \u201eopiek\u0105\u201d jest Pracownia Folkloru, Sztuki i R\u0119kodzie\u0142a mieszcz\u0105ca si\u0119 w M\u0142ynie Zamkowym w S\u0142upsku. Moim g\u0142\u00f3wnym zadaniem jest gromadzenie, opracowanie i eksponowanie muzeali\u00f3w zwi\u0105zanych ze wsp\u00f3\u0142czesn\u0105 sztuk\u0105 ludow\u0105 , r\u0119kodzie\u0142em i plastyk\u0105 amatorsk\u0105 regionu Pomorza. Sprawuj\u0119 r\u00f3wnie\u017c mecenat nad tw\u00f3rcami ludowymi i r\u0119kodzielnikami, plastykami nieprofesjonalnymi Pomorza. Organizuj\u0119 konkursy i plenery prezentuj\u0105ce tw\u00f3rczo\u015b\u0107 regionalnych tw\u00f3rc\u00f3w. Organizuj\u0119 wystawy sta\u0142e i czasowe z zakresu etnografii. Zajmuj\u0119 si\u0119 tak\u017ce pozyskiwaniem \u015brodk\u00f3w zewn\u0119trznych na przedsi\u0119wzi\u0119cia zwi\u0105zane min. z popularyzowaniem zanikaj\u0105cego r\u0119kodzie\u0142a.<\/p>\n<p class=\"rtejustify\"><strong>Co sprawia Pani najwi\u0119ksz\u0105 satysfakcj\u0119 w pracy?<\/strong><\/p>\n<p class=\"rtejustify\">Mo\u017cliwo\u015b\u0107 realizacji swoich zainteresowa\u0144 w pracy sprawia mi najwi\u0119ksz\u0105 satysfakcj\u0119. Wsp\u00f3\u0142praca z ciekawymi lud\u017ami, tworzenie interesuj\u0105cych przedsi\u0119wzi\u0119\u0107, organizacja i uczestnictwo w ciekawych wystawach, spotkaniach, warsztatach itp. stanowi bowiem o wyj\u0105tkowo\u015bci i specyfice wykonywanego przeze mnie zawodu.<\/p>\n<p class=\"rtejustify\"><strong>Co stanowi dla Pani najwi\u0119ksze wyzwanie zawodowe?<\/strong><\/p>\n<p class=\"rtejustify\">Najwi\u0119kszym wyzwaniem zawodowym jest dla mnie obecnie stworzenie z Pracowni Folkloru, Sztuki i R\u0119kodzie\u0142a, kt\u00f3ra funkcjonuje od sierpnia 2014 roku, miejsca skupiaj\u0105cego tw\u00f3rc\u00f3w, plastyk\u00f3w i r\u0119kodzielnik\u00f3w. Zale\u017cy mi bowiem na stworzeniu miejsca, w kt\u00f3rym wsp\u00f3lnie b\u0119dziemy tworzy\u0107 wystawy, organizowa\u0107 warsztaty i kursy z r\u00f3\u017cnych dziedzin r\u0119kodzielniczych, zaprasza\u0107 ciekawych ludzi. Pragn\u0119 by to miejsce \u017cy\u0142o, a dzia\u0142ania w nim podejmowane by\u0142y inspiracj\u0105 dla tych ludzi skrywaj\u0105cych swoje umiej\u0119tno\u015bci (czasami przekazywane od pokole\u0144), wyszli na zewn\u0105trz i podzielili si\u0119 tym, co potrafi\u0105.<\/p>\n<p class=\"rtejustify\"><strong>Jakie umiej\u0119tno\u015bci i do\u015bwiadczenia zdobyte na Uczelni pomog\u0142y Pani w zdobyciu zatrudnienia?<\/strong><\/p>\n<p class=\"rtejustify\">Studiuj\u0105c pozna\u0142am specyfik\u0119 i oryginalno\u015b\u0107 tego zawodu. Natomiast do\u015bwiadczenia i umiej\u0119tno\u015bci naby\u0142am podczas wykonywania zawodu.<\/p>\n<p class=\"rtejustify\"><strong>Jak edukacja na Uniwersytecie \u015al\u0105skim wp\u0142yn\u0119\u0142a na wyb\u00f3r Pani drogi zawodowej? Kt\u00f3re do\u015bwiadczenia z czasu studi\u00f3w okaza\u0142y si\u0119 kluczowe w poszukiwaniu pracy?<\/strong><\/p>\n<p class=\"rtejustify\">Oferty pracy po etnologii s\u0105 ograniczone. Naturalne zatem by\u0142o aplikowanie na stanowisko etnografa do Muzeum. Nale\u017cy podkre\u015bli\u0107, \u017ce dopiero po 3 latach od uko\u0144czenia studi\u00f3w uda\u0142o mi si\u0119 dosta\u0107 prac\u0119 w zawodzie.<\/p>\n<p class=\"rtejustify\"><strong>Co radzi Pani kandydatom na studia i studentom U\u015a, kt\u00f3rzy wkr\u00f3tce wejd\u0105 na rynek pracy?<\/strong><\/p>\n<p class=\"rtejustify\">Przemy\u015blany wyb\u00f3r kierunku studi\u00f3w.<\/p>\n<p>\n<\/div>\r\n                    <\/div>\r\n                <\/div>[\/vc_column][\/vc_row]<\/p>","protected":false},"excerpt":{"rendered":"<p>[vc_row][vc_column][\/vc_column][\/vc_row] [&#8230;]<\/p>\n<p><a class=\"btn btn-secondary understrap-read-more-link\" href=\"https:\/\/us.edu.pl\/absolwent\/dominika-gonciarz-nasi-absolwenci\/\">Read More&#8230;<\/a><\/p>\n","protected":false},"author":1,"featured_media":0,"parent":0,"menu_order":0,"comment_status":"closed","ping_status":"closed","template":"","meta":{"_expiration-date-status":"saved","_expiration-date":0,"_expiration-date-type":"","_expiration-date-categories":[],"_expiration-date-options":[]},"acf":[],"_links":{"self":[{"href":"https:\/\/us.edu.pl\/absolwent\/wp-json\/wp\/v2\/pages\/684"}],"collection":[{"href":"https:\/\/us.edu.pl\/absolwent\/wp-json\/wp\/v2\/pages"}],"about":[{"href":"https:\/\/us.edu.pl\/absolwent\/wp-json\/wp\/v2\/types\/page"}],"author":[{"embeddable":true,"href":"https:\/\/us.edu.pl\/absolwent\/wp-json\/wp\/v2\/users\/1"}],"replies":[{"embeddable":true,"href":"https:\/\/us.edu.pl\/absolwent\/wp-json\/wp\/v2\/comments?post=684"}],"version-history":[{"count":3,"href":"https:\/\/us.edu.pl\/absolwent\/wp-json\/wp\/v2\/pages\/684\/revisions"}],"predecessor-version":[{"id":1257,"href":"https:\/\/us.edu.pl\/absolwent\/wp-json\/wp\/v2\/pages\/684\/revisions\/1257"}],"wp:attachment":[{"href":"https:\/\/us.edu.pl\/absolwent\/wp-json\/wp\/v2\/media?parent=684"}],"curies":[{"name":"wp","href":"https:\/\/api.w.org\/{rel}","templated":true}]}}