{"id":686,"date":"2019-10-15T15:58:09","date_gmt":"2019-10-15T13:58:09","guid":{"rendered":"https:\/\/us.edu.pl\/absolwent\/?page_id=686"},"modified":"2019-12-17T11:08:57","modified_gmt":"2019-12-17T10:08:57","slug":"andrzej-grajewski-nasi-absolwenci","status":"publish","type":"page","link":"https:\/\/us.edu.pl\/absolwent\/andrzej-grajewski-nasi-absolwenci\/","title":{"rendered":"Andrzej Grajewski &#8211; Nasi Absolwenci"},"content":{"rendered":"<p>[vc_row][vc_column]\r\n                <div class=\"text-modules\">\r\n                    <div class=\"container\">\r\n                        <h3 class=\"page-title text__title\">Andrzej Grajewski - Nasi Absolwenci<\/h3>\r\n                        <div class=\"text-modules__content\"><\/p>\n<div class=\"content\">\n<p class=\"rtejustify\">Urodzi\u0142 si\u0119 w 1953 roku. Uko\u0144czy\u0142 histori\u0119 na Wydziale Nauk Spo\u0142ecznych Uniwersytetu \u015al\u0105skiego w Katowicach. Jest doktorem nauk politycznych i historii, szefem dzia\u0142u \u201e\u015awiat\u201d tygodnika \u201eGo\u015b\u0107 Niedzielny\u201d, jak r\u00f3wnie\u017c cz\u0142onkiem polsko-rosyjskiej Grupy do Spraw Trudnych oraz Forum Polsko-Ukrai\u0144skiego. Zasiada w Mi\u0119dzynarodowej Radzie Centrum Polsko-Rosyjskiego Dialogu i Porozumienia. Specjalizuje si\u0119 w najnowszej historii Europy \u015arodkowej i Rosji. Jest autorem ksi\u0105\u017cek z najnowszej historii Polski, Rosji i Niemiec, mi\u0119dzy innymi: wraz z Micha\u0142em Skwar\u0105 <em>Papie\u017c musia\u0142 zgin\u0105\u0107. Wyja\u015bnienia Ali Agcy<\/em> (2011), <em>Kompleks Judasza. Ko\u015bci\u00f3\u0142 zraniony. Chrze\u015bcijanie w Europie \u015arodkowo-Wschodniej mi\u0119dzy oporem a kolaboracj\u0105<\/em> (1999), <em>Rosja i krzy\u017c. Z dziej\u00f3w Ko\u015bcio\u0142a Prawos\u0142awnego w ZSRR<\/em> (1989), <em>\u015awiadek i uczestnik. 70 lat \u201eGo\u015bcia Niedzielnego&#8221; (1923\u20131993)<\/em> (1993), <em>Wygnanie<\/em> (1990).<\/p>\n<p class=\"rtejustify\">W latach 1978-1981 by\u0142 asystentem naukowym w \u015al\u0105skim Instytucie Naukowym. Od 1981 roku pracuje w \u201eGo\u015bciu Niedzielnym\u201d (w latach 1998-2007 jako zast\u0119pca redaktora naczelnego). Doktorat z zakresu nauk politycznych obroni\u0142 w Instytucie Studi\u00f3w Politycznych Polskiej Akademii Nauk. W latach osiemdziesi\u0105tych dzia\u0142a\u0142 w strukturach podziemnej Solidarno\u015bci. W latach 1999\u20132006 by\u0142 cz\u0142onkiem kolegium Instytutu Pami\u0119ci Narodowej. W latach 2006-2015 by\u0142 wsp\u00f3\u0142przewodnicz\u0105cym Zarz\u0105du Fundacji Wsp\u00f3\u0142pracy Polsko-Niemieckiej. Zosta\u0142 odznaczony mi\u0119dzy innymi Krzy\u017cem Pro Ecclesia et Pontifice, Krzy\u017cem Wolno\u015bci i Solidarno\u015bci, medalem Bene Merito oraz Krzy\u017cem Oficerskim Orderu Zas\u0142ugi RFN.<\/p>\n<\/div>\n<p>\n<\/div>\r\n                    <\/div>\r\n                <\/div>[\/vc_column][\/vc_row]<\/p>","protected":false},"excerpt":{"rendered":"<p>[vc_row][vc_column][\/vc_column][\/vc_row] [&#8230;]<\/p>\n<p><a class=\"btn btn-secondary understrap-read-more-link\" href=\"https:\/\/us.edu.pl\/absolwent\/andrzej-grajewski-nasi-absolwenci\/\">Read More&#8230;<\/a><\/p>\n","protected":false},"author":1,"featured_media":0,"parent":0,"menu_order":0,"comment_status":"closed","ping_status":"closed","template":"","meta":{"_expiration-date-status":"saved","_expiration-date":0,"_expiration-date-type":"","_expiration-date-categories":[],"_expiration-date-options":[]},"acf":[],"_links":{"self":[{"href":"https:\/\/us.edu.pl\/absolwent\/wp-json\/wp\/v2\/pages\/686"}],"collection":[{"href":"https:\/\/us.edu.pl\/absolwent\/wp-json\/wp\/v2\/pages"}],"about":[{"href":"https:\/\/us.edu.pl\/absolwent\/wp-json\/wp\/v2\/types\/page"}],"author":[{"embeddable":true,"href":"https:\/\/us.edu.pl\/absolwent\/wp-json\/wp\/v2\/users\/1"}],"replies":[{"embeddable":true,"href":"https:\/\/us.edu.pl\/absolwent\/wp-json\/wp\/v2\/comments?post=686"}],"version-history":[{"count":2,"href":"https:\/\/us.edu.pl\/absolwent\/wp-json\/wp\/v2\/pages\/686\/revisions"}],"predecessor-version":[{"id":1258,"href":"https:\/\/us.edu.pl\/absolwent\/wp-json\/wp\/v2\/pages\/686\/revisions\/1258"}],"wp:attachment":[{"href":"https:\/\/us.edu.pl\/absolwent\/wp-json\/wp\/v2\/media?parent=686"}],"curies":[{"name":"wp","href":"https:\/\/api.w.org\/{rel}","templated":true}]}}