{"id":688,"date":"2019-10-15T15:59:19","date_gmt":"2019-10-15T13:59:19","guid":{"rendered":"https:\/\/us.edu.pl\/absolwent\/?page_id=688"},"modified":"2019-12-17T13:26:16","modified_gmt":"2019-12-17T12:26:16","slug":"barbara-gruszka-zych-nasi-absolwenci","status":"publish","type":"page","link":"https:\/\/us.edu.pl\/absolwent\/barbara-gruszka-zych-nasi-absolwenci\/","title":{"rendered":"Barbara Gruszka-Zych &#8211; Nasi Absolwenci"},"content":{"rendered":"<p>[vc_row][vc_column]\r\n                <div class=\"text-modules\">\r\n                    <div class=\"container\">\r\n                        <h3 class=\"page-title text__title\">Barbara Gruszka-Zych - Nasi Absolwenci<\/h3>\r\n                        <div class=\"text-modules__content\"><\/p>\n<div class=\"content\">\n<p><img class=\"imagefield imagefield-field_image alignleft\" src=\"http:\/\/absolwent.us.edu.pl\/sites\/absolwent.us.edu.pl\/files\/_mg_7732.1.jpg?1430217278\" alt=\"\" width=\"250\" height=\"375\" \/><\/p>\n<p>Poetka, dziennikarka, krytyk literacki. Sko\u0144czy\u0142a polonistyk\u0119 na Uniwersytecie \u015al\u0105skim w Katowicach oraz teologi\u0119 na Katolickim Uniwersytecie Lubelskim. By\u0142a stypendystk\u0105 wiede\u0144skiej fundacji Janineum (2002), Fundacji Jana Paw\u0142a II w Rzymie (2003), Fundacji \u201eHeinrich &amp; Jane Ledig-Rowohlt\u201d w Lavigny w Szwajcarii (2014).<br \/>\nOd roku 1989 pracuje w tygodniku \u201eGo\u015b\u0107 Niedzielny\u201d; wsp\u00f3\u0142pracuje te\u017c z innymi tytu\u0142ami prasowymi; w latach 2003\u20132006 kierowa\u0142a \u201eDzia\u0142em krytyki i eseju\u201d miesi\u0119cznika \u201e\u015alask\u201d. Od 1994 roku nale\u017cy do Stowarzyszenia Dziennikarzy Polskich, od 2001 do G\u00f3rno\u015bl\u0105skiego Towarzystwa Literackiego, od 2018 do Stowarzyszenia Pisarzy Polskich (cz\u0142onek zarz\u0105du oddzia\u0142u \u015bl\u0105skiego). Wchodzi w sk\u0142ad grupy literackiej Magnus Ducatus Poesis na Litwie.<br \/>\nWyda\u0142a zbiory reporta\u017cy Ma\u0142o obstawiony \u015awi\u0119ty. Cztery reporta\u017ce z Bratem Albertem w tle (ISBN 83-7030-400-1) i Zapisz jako\u2026 (ISBN 83-7030-411-7) ukaza\u0142y si\u0119 w latach (odpowiednio) 2002 i 2004 nak\u0142adem Ksi\u0119garni \u015bw. Jacka, portret Czes\u0142awa Mi\u0142osza M\u00f3j Poeta \u2013 osobiste wspomnienie o Czes\u0142awie Mi\u0142oszu (ISBN 9788371834998) \u2013 w roku 2007 (wyd. Videograf II), Takie pi\u0119kne \u017cycie. Portret Wojciecha Kilara \u2013 Bytom 2015, Wydawnictwo Nieca\u0142e. ISBN 978-83-64453-18-2, \u201e\u017bycie rodzinne Zanussich. Rozmowy z El\u017cbiet\u0105 i Krzysztofem\u201d Wyd. Dzia\u0142ania Wizualne, Czelad\u017a 2019. ISBN 978-83-953378-0-2<br \/>\nOpublikowa\u0142a nast\u0119puj\u0105ce tomiki: Napi\u0107 si\u0119 pierwszej wody \u2013 Warszawa 1989, M\u0142odzie\u017cowa Agencja Wydawnicza, ISBN 83-203-3073-4,Teren prywatny \u2013 Katowice 1994, \u201eVideograf\u201d, Nic si\u0119 nie sta\u0142o \u2013 Katowice 1995, \u201eTowarzystwo Zach\u0119ty Kultury\u201d, wyd. II 1997, Pali si\u0119 m\u00f3j pr\u00f3g \u2013 Katowice 1997, \u015al\u0105sk (ISBN 8371640498), Zapinaj\u0105c kolczyki \u2013 Katowice 2000, \u201eWydawnictwo Parol\u201d (ISBN 8390833042), Podr\u00f3\u017c drug\u0105 klas\u0105 \u2013 Katowice 2002, \u201eBractwo My\u015bli Bratniej Zwi\u0105zku G\u00f3rno\u015bl\u0105skiego\u201d, Sprawdzanie obecno\u015bci \u2013 2004, [Wydawnictwo KOS] (ISBN 83-89375-51-6), Miegu su tavim po oda (\u015api\u0119 z tob\u0105 pod sk\u00f3r\u0105) \u2013 2006, Kowno, polsko-litewski wyb\u00f3r wierszy, Nemunas (Podczas Litewskiej Wiosny Poezji Poezijos Pavasaris w 2006 zosta\u0142 uznany za najlepsz\u0105 ksi\u0105\u017ck\u0119 zagraniczn\u0105 roku, Ile kosztuje \u0142\u0105ka \u2013 Katowice 2007, \u201eBiblioteka \u015al\u0105ska\u201d (ISBN 9788360209110), Muchy i ludzie \u2013 2008, Ksi\u0119garnia \u015bw. Jacka (ISBN 978-83-7030-658-8), Dzban pe\u0142en ognia \u2013 2009, Sankt Petersburg, polsko-rosyjski wyb\u00f3r wierszy wydany nak\u0142adem Generalnego Konsulatu Republiki Polskiej w Petersburgu, seria redagowana przez Anatola Niechaja, Ostatnie \u015bniadanie \u2013 2009, \u201eTowarzystwo Przyjaci\u00f3\u0142 Sopotu\u201d, Biblioteka TOPOSU nr 45 (ISBN 978-83-61002-44-4, M\u0119\u017cczyzna i kobieta przed kremacj\u0105 2011 \u2013 wyb\u00f3r wierszy z lat 1989\u20132009, Klub Niezale\u017cnych Stowarzysze\u0144 Tw\u00f3rczych \u201eMarcho\u0142t\u201d, Szara jak wr\u00f3bel \u2013 2012, Towarzystwo Przyjaci\u00f3\u0142 Sopotu, Biblioteka TOPOSU nr 76 (ISBN 978-83-61002-85-7), Dwoje o mi\u0142o\u015bci (Dviese apie meil\u0119), Barbara Gruszka-Zych i Julius Keleras, fundacja Naujoji Romuva, Wilno 2012 (ISBN 978-609-8035-19-3) Nasz Poeta \u2013 Wspomnienie o Czes\u0142awie Mi\u0142oszu, razem z Birute Jonuskaite, fundacja Naujoji Romuva, Wilno 2012 (ISBN 978-609-8035-18-Koszula przed kolana &#8211; Katowice 2014, Wydawnictwo Biblioteka Go\u015bcia, (ISBN 978-83-938007-3-5)Nie ma nas w spisie &#8211; Katowice 2014, Wydawnictwo Naukowe &#8222;\u015al\u0105sk&#8221;, (ISBN 978-83-7164-818-2) Dowody na istnienie ciemni &#8211; Wroc\u0142aw 2014, Wydawnictwo Astrum, (ISBN 978-83-7277-647-1) Koszula przed kolana &#8211; Katowice 2014, Wydawnictwo Kurii Metropolitalnej \u201eGo\u015b\u0107 Niedzielny&#8221; (ISBN 978-83-938007-3-5). Przyrz\u0105d do uzdatniania wody 2015 \u2013 Wroc\u0142aw, Wydawnictwo Astrum (ISBN 978-83-7277-896-3), (ISBN 978-83-64453-18-2) \u201eTacy kruchutcy\u201d Sopot. 2017, Towarzystwo Przyjaci\u00f3\u0142 Sopotu (ISBN 978-83-65662-19-4) \u201eSamo \u015bwi\u0119to. Wiersze mi\u0142osne\u201d, Katowice 2017, Wyd. \u015al\u0105sk, Basiu wr\u00f3ci\u0142em \u2013 Katowice 2018, Wydawnictwo Naukowe \u201e\u015al\u0105sk\u201d.<\/p>\n<p>Specjalno\u015bci\u0105 Barbary Gruszki-Zych s\u0105 reporta\u017ce i wywiady, kt\u00f3re dotycz\u0105 zar\u00f3wno ludzi kultury, wsp\u00f3\u0142czesnego \u017cycia w kraju i zagranic\u0105, jak temat\u00f3w zwi\u0105zanych dramatami z II wojny \u015bwiatowej, np. Co widzia\u0142y moje oczy, reporta\u017c o Henryku Mandelbaumie, palaczu zw\u0142ok w obozie w Birkenau i Fotografie z piek\u0142a \u2013 Historia Wilhema Brasse, jak i ze sztuk\u0105, np. Chagall za rogiem. Przeprowadzi\u0142a wywiady m.in. z Czes\u0142awem Mi\u0142oszem, Janem Nowakiem-Jeziora\u0144skim, ks. Januszem St. Pasierbem, Adamem Zagajewskim, Ew\u0105 Lipsk\u0105, Wojciechem Kilarem, Krzysztofem Zanussim. Niekt\u00f3rzy rozm\u00f3wcy w\u0142\u0105czyli je do w\u0142asnych ksi\u0105\u017cek; znalaz\u0142y si\u0119 mi\u0119dzy innymi w ksi\u0105\u017ckach ksi\u0119dza Janusza Pasierba (Obr\u00f3t rzeczy, Pozna\u0144 1993; Pelplin 2002), Jana Nowaka-Jeziora\u0144skiego (Rozmowy o Polsce, Sp\u00f3\u0142dzielnia Wydawnicza \u201eCzytelnik&#8221; 1995, ISBN 83-07-02466-8), ksi\u0119dza Jana Sochonia (Zdania, przecinki, kropki, Pozna\u0144, 1998). Teksty jej autorstwa ukazywa\u0142y si\u0119 w czasopismach: \u201eAkcent\u201d, \u201eAkant\u201d, \u201eAlmanach Prowincjonalny\u201d, \u201e44 \/ Czterdzie\u015bci i Cztery\u201d, \u201eDziennik Zachodni\u201d, \u201eEcho Czeladzi Fraza\u201d, \u201eGazeta Wyborcza\u201d, \u201eGo\u015b\u0107 Niedzielny\u201d, \u201eIntegracje\u201d, List Oceaniczny \u2013 dodatek kulturalny do Gazeta (Kanada), \u201eLiteratura i Sztuka\u201d, \u201eMandragora\u201d, \u201eNa Prze\u0142aj\u201d, \u201eOpcje\u201d, \u201ePrzegl\u0105d Artystyczno-Literacki\u201d, \u201ePrzegl\u0105d Powszechny\u201d, \u201eKulturny \u010dasopis Ps\u00ed v\u00edno\u201d (Czechy), \u201eRzeczpospolita\u201d (dodatek Plus Minus), \u201eStudio\u201d, \u201e\u015al\u0105sk\u201d, \u201e\u015awiat M\u0142odych\u201d, \u201eTopos\u201d, \u201eTemat\u201d, \u201eTygodnik Powszechny\u201d, \u201eMoje Miasto\u201d (czasopismo polonijne, Niemcy), \u201eNowy Dziennik\u201d(USA), \u201eNemunas\u201d (Litwa), \u201eW drodze\u201d, \u201eZnad Wilii\u201d (Litwa), \u201eZarys\u201d(Niemcy), \u201eZeszyty Literackie\u201d.<br \/>\nOtrzyma\u0142a nast\u0119puj\u0105ce odznaczenia i nagrody:<\/p>\n<ul>\n<li>Br\u0105zowy Medal Zas\u0142u\u017cony Kulturze Gloria Artis (2011)<\/li>\n<li>I nagroda w Konkursie Poezji Religijnej \u201eWolno\u015b\u0107 \u2013 Wieczno\u015b\u0107 \u2013 Wielko\u015b\u0107\u201d (1997)<\/li>\n<li>I nagroda w Konkursie Poetyckim im. Haliny Po\u015bwiatowskiej (1999)<\/li>\n<li>II nagroda w Konkursie im. Zbigniewa Herberta O li\u015b\u0107 konwalii, w ramach Toru\u0144skiego festiwalu Ksi\u0105\u017cki (1999)<\/li>\n<li>Nagroda \u201ePolskie Pi\u00f3ro\u201d za reporta\u017ce o Polakach \u017cyj\u0105cych na Wschodzie, przyznawana przez Pomoc Polakom na Wschodzie (2005)<\/li>\n<li>Nagroda Miasta Czelad\u017a w dziedzinie kultury (2005)<\/li>\n<li>II nagroda w konkursie \u015bl\u0105skich medi\u00f3w \u201eSilesia Press\u201d za reporta\u017c o palaczu zw\u0142ok w Auschwitz-Birkenau \u201eCo widzia\u0142y moje oczy\u201d (2009)<\/li>\n<li>Nagroda \u201eUbi Caritas\u201d przyznawana przez Caritas Polska w kategorii \u201eWsp\u00f3\u0142praca z Caritas\u201d za reporta\u017ce propaguj\u0105ce dzie\u0142a mi\u0142o\u015bci bli\u017aniego (2010)<\/li>\n<li>III nagroda w konkursie \u015bl\u0105skich medi\u00f3w \u201eSilesia Press\u201d za wywiad z Wojciechem Kilarem Jestem jak koncert fortepianowy (2011)<\/li>\n<li>Nagroda Stowarzyszenia Dziennikarzy Polskich im. Macieja \u0141ukaszewicza za wywiad z Wojciechem Kilarem \u201eHarmonia ducha\u201d (2012)<\/li>\n<li>Tomik \u201eSzara jak wr\u00f3bel\u201d znalaz\u0142 si\u0119 w dwudziestce ksi\u0105\u017cek nominowanych do nagrody \u201eOrfeusz\u201d 2013<\/li>\n<li>Nagroda ks. Twardowskiego w 2015 za tomik \u201eKoszula przed kolana\u201d<\/li>\n<li>Nominacja do nagrody Poetycka im. K.I. Ga\u0142czy\u0144skiego \u2013 Orfeusz 2016 za tom &#8222;Przyrz\u0105d do uzdatniania wody&#8221;<\/li>\n<li>Nagroda Pier\u015bcienie Saturna 2018 za osi\u0105gni\u0119cia w dziedzinie kultury przyznawana przez burmistrza miasta Czelad\u017a<\/li>\n<li>nominacja do Nagrody Poetyckiej im. K.I. Ga\u0142czy\u0144skiego \u2013 Orfeusz 2019 za tom Basiu wr\u00f3ci\u0142em<\/li>\n<li>wyr\u00f3\u017cnienie Feniks w dziedzinie literatury na Targach Ksi\u0105zki Katolickiej 2016 za ksi\u0105\u017ck\u0119 \u201eTakie pi\u0119kne \u017cycie. Portret Wojciecha Kilara\u201d<\/li>\n<li>wyr\u00f3\u017cnienie w Konkursie Dziennikarskim Krystyny Bochenek 2016 za reporta\u017c \u201eMazd\u0105 do nieba\u201d.<\/li>\n<li>wyr\u00f3\u017cnienie w kategorii za publikacje o problemach i wydarzeniach na \u015bwiecie im. Kazimierza Dziewanowskiego Za reporta\u017c \u201eParagraf 1666\u201d w Konkursie Stowarzyszenia Dziennikarzy Polskich 2019<\/li>\n<\/ul>\n<\/div>\n<p>\n<\/div>\r\n                    <\/div>\r\n                <\/div>[\/vc_column][\/vc_row]<\/p>","protected":false},"excerpt":{"rendered":"<p>[vc_row][vc_column][\/vc_column][\/vc_row] [&#8230;]<\/p>\n<p><a class=\"btn btn-secondary understrap-read-more-link\" href=\"https:\/\/us.edu.pl\/absolwent\/barbara-gruszka-zych-nasi-absolwenci\/\">Read More&#8230;<\/a><\/p>\n","protected":false},"author":1,"featured_media":0,"parent":0,"menu_order":0,"comment_status":"closed","ping_status":"closed","template":"","meta":{"_expiration-date-status":"saved","_expiration-date":0,"_expiration-date-type":"","_expiration-date-categories":[],"_expiration-date-options":[]},"acf":[],"_links":{"self":[{"href":"https:\/\/us.edu.pl\/absolwent\/wp-json\/wp\/v2\/pages\/688"}],"collection":[{"href":"https:\/\/us.edu.pl\/absolwent\/wp-json\/wp\/v2\/pages"}],"about":[{"href":"https:\/\/us.edu.pl\/absolwent\/wp-json\/wp\/v2\/types\/page"}],"author":[{"embeddable":true,"href":"https:\/\/us.edu.pl\/absolwent\/wp-json\/wp\/v2\/users\/1"}],"replies":[{"embeddable":true,"href":"https:\/\/us.edu.pl\/absolwent\/wp-json\/wp\/v2\/comments?post=688"}],"version-history":[{"count":3,"href":"https:\/\/us.edu.pl\/absolwent\/wp-json\/wp\/v2\/pages\/688\/revisions"}],"predecessor-version":[{"id":1260,"href":"https:\/\/us.edu.pl\/absolwent\/wp-json\/wp\/v2\/pages\/688\/revisions\/1260"}],"wp:attachment":[{"href":"https:\/\/us.edu.pl\/absolwent\/wp-json\/wp\/v2\/media?parent=688"}],"curies":[{"name":"wp","href":"https:\/\/api.w.org\/{rel}","templated":true}]}}