{"id":690,"date":"2019-10-15T16:01:11","date_gmt":"2019-10-15T14:01:11","guid":{"rendered":"https:\/\/us.edu.pl\/absolwent\/?page_id=690"},"modified":"2019-12-17T13:48:37","modified_gmt":"2019-12-17T12:48:37","slug":"marcin-halas-nasi-absolwenci","status":"publish","type":"page","link":"https:\/\/us.edu.pl\/absolwent\/marcin-halas-nasi-absolwenci\/","title":{"rendered":"Marcin Ha\u0142a\u015b &#8211; Nasi Absolwenci"},"content":{"rendered":"<p>[vc_row][vc_column]\r\n                <div class=\"text-modules\">\r\n                    <div class=\"container\">\r\n                        <h3 class=\"page-title text__title\">Marcin Ha\u0142a\u015b - Nasi Absolwenci<\/h3>\r\n                        <div class=\"text-modules__content\"><\/p>\n<div class=\"content\">\n<p><img class=\"imagefield imagefield-field_image alignleft\" src=\"http:\/\/absolwent.us.edu.pl\/sites\/absolwent.us.edu.pl\/files\/halas_foto_nowe_kwadrat_male.jpg?1431685164\" alt=\"\" width=\"250\" height=\"250\" \/><\/p>\n<p class=\"rtejustify\" style=\"text-align: left\">Poeta, krytyk literacki i teatralny, eseista, publicysta, dziennikarz. Autor wielu tom\u00f3w wierszy oraz kilku ksi\u0105\u017cek eseistycznych.<\/p>\n<p class=\"rtejustify\">Urodzi\u0142 si\u0119 w 1968 roku w Bytomiu, gdzie mieszka do tej pory. Do Bytomia jego rodzice przybyli w roku 1945 jako wysiedle\u0144cy (ekspatrianci) z rodzinnego Lwowa. W swojej tw\u00f3rczo\u015bci literackiej i eseistycznej Ha\u0142a\u015b cz\u0119sto podejmuje w\u0105tki zwi\u0105zane z tymi dwoma rodzinnymi miastami.<\/p>\n<p class=\"rtejustify\">Aktywno\u015b\u0107 literack\u0105 rozpocz\u0105\u0142 jako ucze\u0144 Liceum Og\u00f3lnokszta\u0142c\u0105cego im. Jana Smolenia w Bytomiu, gdzie by\u0142 za\u0142o\u017cycielem M\u0142odej Grupy Literackiej \u201eReflektor\u201d, kt\u00f3ra powsta\u0142a w 1985 roku\u00a0 i dzia\u0142a\u0142a do roku 1990. By\u0142 w\u00f3wczas r\u00f3wnie\u017c redaktorem i wydawc\u0105 szeregu arkuszy poetyckich oraz zbior\u00f3w wierszy publikowanych przez grup\u0119 \u201eReflektor\u201d na tzw. prawach r\u0119kopisu (wydawnictwa takie wed\u0142ug \u00f3wczesnego prawa nie musia\u0142y by\u0107 poddawane akceptacji cenzury).<\/p>\n<p class=\"rtejustify\">Uko\u0144czy\u0142 kulturoznawstwo na Uniwersytecie \u015al\u0105skim, gdzie w 1991 roku uzyska\u0142 tytu\u0142 magistra, broni\u0105c pracy zatytu\u0142owanej <em>Teatr idei. Rzecz o dramatach Bohdana Urbankowskiego<\/em>.\u00a0 Napisa\u0142 j\u0105 jako uczestnik seminarium magisterskiego prowadzonego przez prof. dr hab. Eleonor\u0119 Udalsk\u0105.<\/p>\n<p class=\"rtejustify\">Poetycko debiutowa\u0142 na \u0142amach \u201eGo\u015bcia Niedzielnego\u201d w 1984. Od tego czasu wiersze publikowa\u0142 w kilkudziesi\u0119ciu tytu\u0142ach prasowych w kraju i za granic\u0105 (Lw\u00f3w, Pary\u017c, Czechy). Jego teksty poetyckie i krytyczno-literackie ukazywa\u0142y si\u0119 m.in. w: \u201ePoezji\u201d. \u201e\u017byciu Literackim\u201d, \u201eTak i Nie\u201d oraz kwartalniku \u201eTak i Nie \u2013 \u015al\u0105sk\u201d, tygodniku \u201eKatolik\u201d, miesi\u0119czniku \u201eWiara i odpowiedzialno\u015b\u0107\u201d, \u201eGazecie Wyborczej\u201d, \u201eDzienniku Zachodnim\u201d, \u201eRoczniku Lwowskim\u201d, miesi\u0119czniku \u201e\u015al\u0105sk\u201d, \u201eGazecie Polskiej\u201d, kt\u00f3rej by\u0142 sta\u0142ym wsp\u00f3\u0142pracownikiem. Obecnie jest publicyst\u0105 tygodnik\u00f3w \u201eWarszawska Gazeta\u201d oraz \u201ePolska Niepodleg\u0142a\u201d. Etatowo od 1991 roku pracuje w lokalnym tygodniku \u201e\u017bycie Bytomskie\u201d. W latach 1996-2006 by\u0142 jego redaktorem naczelnym.<\/p>\n<p class=\"rtejustify\">Cz\u0142onek Zwi\u0105zku Literat\u00f3w Polskich (od 1992 roku) i cz\u0142onek-za\u0142o\u017cyciel G\u00f3rno\u015bl\u0105skiego Towarzystwa Literackiego. Od lutego 2007 roku do maja 2010 roku by\u0142 prezesem Oddzia\u0142u ZLP w Katowicach.<\/p>\n<p class=\"rtejustify\">Otrzyma\u0142 wiele nagr\u00f3d, m.in. nagrod\u0119 m\u0142odych Warszawskiej Jesieni Poezji (1992), nagrod\u0119 wojewody katowickiego dla m\u0142odych tw\u00f3rc\u00f3w (1995), Nagrod\u0119 Bia\u0142ego Pi\u00f3ra im. Dariusza Stolarskiego \u2013 \u201eza wiersze umacniaj\u0105ce niepodleg\u0142o\u015b\u0107 Polski\u201d (1999), nagrod\u0119 prezydenta Bytomia w dziedzinie kultury \u201eMuza\u201d (1999). By\u0142 czterokrotnym laureatem polsko-czeskiego konkursu poetyckiego \u201eO Skrzyd\u0142o Ikara\u201d, gdzie otrzyma\u0142 kolejno: wyr\u00f3\u017cnienie, drug\u0105 nagrod\u0119, nagrod\u0119 g\u0142\u00f3wn\u0105 i pierwsz\u0105 nagrod\u0119. Dwukrotnie by\u0142 stypendyst\u0105 marsza\u0142ka wojew\u00f3dztwa \u015bl\u0105skiego (2005, 2009), raz stypendyst\u0105 ministra kultury i dziedzictwa narodowego (2008).<\/p>\n<p class=\"rtejustify\">O jego poezji pisali m.in. Bohdan Urbankowski, Tadeusz Kijonka, Marian Kisiel, Krzysztof Karwat, Marek So\u0142tysik, Zdzis\u0142aw \u0141\u0105czkowski. Na j\u0119zyk czeski jego wiersze t\u0142umaczyli Wilhelm Przeczek i Libor Martinek, na rosyjski \u2013 Andriej Bazyliewskij.<\/p>\n<p class=\"rtejustify\">Jest autorem lub wsp\u00f3\u0142autorem nast\u0119puj\u0105cych wydawnictw samodzielnych:<\/p>\n<ul>\n<li class=\"rtejustify\"><em>Kosz z chlebem<\/em> (arkusz poetycki, Rada Uczelniana Zrzeszenia Student\u00f3w Polskich, Katowice 1986)<\/li>\n<li class=\"rtejustify\"><em>Przed snem<\/em> (arkusz poetycki, Grupa Literacka \u201eReflektor\u201d, Bytom 1987)<\/li>\n<li class=\"rtejustify\"><em>Protoko\u0142y<\/em> (wiersze, Katowickie Towarzystwo Spo\u0142eczno-Kulturalne, Katowice 1989)<\/li>\n<li class=\"rtejustify\"><em>Niebo poet\u00f3w <\/em>(wiersze, \u015al\u0105ski Fundusz Literacki, Katowice 1990)<\/li>\n<li class=\"rtejustify\"><em>Okruszki z kalendarza <\/em>(dla dzieci, Ksi\u0119garnia \u015bw. Jacka, Katowice 1990)<\/li>\n<li class=\"rtejustify\"><em>Gorzka rzeka <\/em>(wiersze, Warszawski Oddzia\u0142 Zwi\u0105zku Literat\u00f3w Polskich, Warszawa 1992)<\/li>\n<li class=\"rtejustify\"><em>Erotyki wszystkie<\/em> (wiersze, Bytomskie Centrum Kultury &#8211; G\u00f3rno\u015bl\u0105skie Towarzystwo Literackie, Bytom\u00a0 1999)<\/li>\n<li class=\"rtejustify\"><em>Requiem dla pokolenia<\/em> (szkice krytyczno-literackie, G\u00f3rno\u015bl\u0105skie Towarzystwo Literackie, Katowice 2000)<\/li>\n<li class=\"rtejustify\"><em>Bursztyn i \u015bnieg<\/em> (wiersze, G\u00f3rno\u015bl\u0105skie Towarzystwo Literackie, Katowice 2002)<\/li>\n<li class=\"rtejustify\"><em>\u015alad przesz\u0142o\u015bci. Bytom wielokulturowy<\/em> (wsp\u00f3lnie z Przemys\u0142awem Nadolskim i Dariuszem Walerja\u0144skim, Wydawnictwo arf, Bytom 2004)<\/li>\n<li class=\"rtejustify\"><em>Bytom magiczny. Wypominki <\/em>(Urz\u0105d Miejski w Bytomiu, 2006)<\/li>\n<li class=\"rtejustify\"><em>Daleko od Lwowa<\/em> (wsp\u00f3lnie z Les\u0142awem Nowar\u0105 i Bogdanem Kasprowiczem, Instytut Lwowski, Warszawa 2006)<\/li>\n<li class=\"rtejustify\"><em>Bytom niezwyk\u0142y. Historia miasta dla dzieci<\/em> (Urz\u0105d Miejski w Bytomiu, 2007)<\/li>\n<li class=\"rtejustify\"><em>Niezwyk\u0142y Bytom. Historia miasta dla dzieci<\/em> (wydanie rozszerzone, wyd. Frodo, Bytom 2010)<\/li>\n<li class=\"rtejustify\"><em>Lwowskie adresy, lwowskie muzeum<\/em> (wiersze i eseje, wyd. Muzeum G\u00f3rno\u015bl\u0105skie, Bytom 2011).<\/li>\n<li class=\"rtejustify\"><em>Alfabet bytomski<\/em> (szkice biograficzne, wyd. Muzeum G\u00f3rno\u015bl\u0105skie, Bytom 2012).<\/li>\n<li class=\"rtejustify\"><em>Oddajcie nam Lw\u00f3w<\/em> (publicystyka, wydawnictwo Bollinari, Warszawa 2012)<\/li>\n<li class=\"rtejustify\"><em>Precz z komun\u0105<\/em> (eseje i felietony, wyd. Bollinari, Warszawa 2013)<\/li>\n<li class=\"rtejustify\"><em>Okruszki z kalendarza<\/em> (dla dzieci, ilustracje: Arkadiusz Gacparski, wyd. Bollinari, Warszawa 2013)<\/li>\n<li class=\"rtejustify\">Udzia\u0142 w antologiach polskich i zagranicznych (wa\u017cniejsze):<\/li>\n<li class=\"rtejustify\"><em>Od Staffa do Wojaczka \u2013 Poezja polska 1939-1988<\/em>, \u0141\u00f3d\u017a 1991<\/li>\n<li class=\"rtejustify\"><em>De Czes\u0142aw Mi\u0142osz a Marcin Ha\u0142a\u015b. Poes\u00eda polaca contempor\u00e1nea<\/em> (<em>Od Czes\u0142awa Mi\u0142osza do Marcina Ha\u0142asia. Polska poezja wsp\u00f3\u0142czesna<\/em>), Madryt 1994<\/li>\n<li class=\"rtejustify\"><em>Sdie\u0142ano w Polsze &#8211; wiek XX, pieriewody Andrieja Baziliewskogo<\/em> (Zrobione w Polsce \u2013 wiek XX, przek\u0142ady Andrzeja Bazylewskiego), Moskwa 2009.<\/li>\n<\/ul>\n<p class=\"rtejustify\">Wskutek publikacji ksi\u0105\u017cki <em>Oddajcie nam Lw\u00f3w<\/em>, kt\u00f3ra dotyczy\u0142a roli Lwowa w polskiej to\u017csamo\u015bci i kulturze \u2013 S\u0142u\u017cba Bezpiecze\u0144stwa Ukrainy wyda\u0142a w pa\u017adzierniku 2013 Marcinowi Ha\u0142asiowi zakaz wjazdu na Ukrain\u0119.<\/p>\n<\/div>\n<p>\n<\/div>\r\n                    <\/div>\r\n                <\/div>[\/vc_column][\/vc_row]<\/p>","protected":false},"excerpt":{"rendered":"<p>[vc_row][vc_column][\/vc_column][\/vc_row] [&#8230;]<\/p>\n<p><a class=\"btn btn-secondary understrap-read-more-link\" href=\"https:\/\/us.edu.pl\/absolwent\/marcin-halas-nasi-absolwenci\/\">Read More&#8230;<\/a><\/p>\n","protected":false},"author":1,"featured_media":0,"parent":0,"menu_order":0,"comment_status":"closed","ping_status":"closed","template":"","meta":{"_expiration-date-status":"saved","_expiration-date":0,"_expiration-date-type":"","_expiration-date-categories":[],"_expiration-date-options":[]},"acf":[],"_links":{"self":[{"href":"https:\/\/us.edu.pl\/absolwent\/wp-json\/wp\/v2\/pages\/690"}],"collection":[{"href":"https:\/\/us.edu.pl\/absolwent\/wp-json\/wp\/v2\/pages"}],"about":[{"href":"https:\/\/us.edu.pl\/absolwent\/wp-json\/wp\/v2\/types\/page"}],"author":[{"embeddable":true,"href":"https:\/\/us.edu.pl\/absolwent\/wp-json\/wp\/v2\/users\/1"}],"replies":[{"embeddable":true,"href":"https:\/\/us.edu.pl\/absolwent\/wp-json\/wp\/v2\/comments?post=690"}],"version-history":[{"count":2,"href":"https:\/\/us.edu.pl\/absolwent\/wp-json\/wp\/v2\/pages\/690\/revisions"}],"predecessor-version":[{"id":1262,"href":"https:\/\/us.edu.pl\/absolwent\/wp-json\/wp\/v2\/pages\/690\/revisions\/1262"}],"wp:attachment":[{"href":"https:\/\/us.edu.pl\/absolwent\/wp-json\/wp\/v2\/media?parent=690"}],"curies":[{"name":"wp","href":"https:\/\/api.w.org\/{rel}","templated":true}]}}