{"id":696,"date":"2019-10-15T16:07:54","date_gmt":"2019-10-15T14:07:54","guid":{"rendered":"https:\/\/us.edu.pl\/absolwent\/?page_id=696"},"modified":"2019-10-15T16:07:54","modified_gmt":"2019-10-15T14:07:54","slug":"wojciech-kuczok-nasi-absolwenci","status":"publish","type":"page","link":"https:\/\/us.edu.pl\/absolwent\/absolwencius\/nasi-absolwenci\/wojciech-kuczok-nasi-absolwenci\/","title":{"rendered":"Wojciech Kuczok &#8211; Nasi Absolwenci"},"content":{"rendered":"<p>[vc_row][vc_column]\r\n                <div class=\"text-modules\">\r\n                    <div class=\"container\">\r\n                        <h3 class=\"page-title text__title\">Wojciech Kuczok - Nasi Absolwenci<\/h3>\r\n                        <div class=\"text-modules__content\"><\/p>\n<div class=\"content\">\n<p><img class=\"imagefield imagefield-field_image alignleft\" src=\"http:\/\/absolwent.us.edu.pl\/sites\/absolwent.us.edu.pl\/files\/kuczok_wojciech.jpg?1418289187\" alt=\"\" width=\"250\" height=\"250\" \/><\/p>\n<p class=\"rtejustify\" style=\"text-align: left;\">Absolwent kulturoznawstwa na Uniwersytecie \u015al\u0105skim. Pisarz, scenarzysta, speleolog.<\/p>\n<p class=\"rtejustify\" style=\"text-align: left;\">Od 1992 roku publikowa\u0142 swoje wiersze i opowiadania w prasie kulturalnej i literackiej.\u00a0W latach 2009\u20132010 by\u0142 stypendyst\u0105 berli\u0144skiej fundacji Deutscher Akademischer Austauschdienst. W latach 2000\u20132004 publikowa\u0142 teksty o kinie w \u201eTygodniku Powszechnym\u201d i miesi\u0119czniku \u201eKino\u201d. W 2000 roku zosta\u0142 laureatem konkursu m\u0142odych krytyk\u00f3w filmowych im. Krzysztofa M\u0119traka. W latach 2004\u20132005 pisa\u0142 dla dziennika \u201eRzeczpospolita\u201d, tygodnika \u201eNewsweek\u201d i dziennika \u201eMetropol\u201d. W latach 2007\u20132008 pisa\u0142 felietony o kinie w miesi\u0119czniku \u201eZwierciad\u0142o\u201d. W latach 2012\u20132013 felietonista \u201ePrzegl\u0105du Sportowego\u201d, od 2014 sta\u0142y felietonista dzia\u0142u sportowego \u201eGazety Wyborczej\u201d.<\/p>\n<p class=\"rtejustify\">Laureat nagrody literackiej Nike i Paszportu Polityki w 2004 roku. Autor kilkunastu ksi\u0105\u017cek, w tym powie\u015bci \u201eGn\u00f3j\u201d, \u201eSenno\u015b\u0107\u201d i \u201eSpiski\u201d. Napisa\u0142 scenariusze do film\u00f3w Magdaleny Piekorz \u201ePr\u0119gi\u201d, \u201eSenno\u015b\u0107\u201d i \u201eZbli\u017cenia\u201d. Jego pasj\u0105 s\u0105 r\u00f3wnie\u017c jaskinie. Dokona\u0142 wielu znacz\u0105cych odkry\u0107 na terenie Polski, m. in. Jaskini Nied\u017awiedziej G\u00f3rnej (Jura) i Hardej (Tatry).<\/p>\n<\/div>\n<p>\n<\/div>\r\n                    <\/div>\r\n                <\/div>[\/vc_column][\/vc_row]<\/p>","protected":false},"excerpt":{"rendered":"<p>[vc_row][vc_column][\/vc_column][\/vc_row] [&#8230;]<\/p>\n<p><a class=\"btn btn-secondary understrap-read-more-link\" href=\"https:\/\/us.edu.pl\/absolwent\/absolwencius\/nasi-absolwenci\/wojciech-kuczok-nasi-absolwenci\/\">Read More&#8230;<\/a><\/p>\n","protected":false},"author":1,"featured_media":0,"parent":331,"menu_order":0,"comment_status":"closed","ping_status":"closed","template":"","meta":{"_expiration-date-status":"","_expiration-date":0,"_expiration-date-type":"","_expiration-date-categories":[],"_expiration-date-options":[]},"acf":[],"_links":{"self":[{"href":"https:\/\/us.edu.pl\/absolwent\/wp-json\/wp\/v2\/pages\/696"}],"collection":[{"href":"https:\/\/us.edu.pl\/absolwent\/wp-json\/wp\/v2\/pages"}],"about":[{"href":"https:\/\/us.edu.pl\/absolwent\/wp-json\/wp\/v2\/types\/page"}],"author":[{"embeddable":true,"href":"https:\/\/us.edu.pl\/absolwent\/wp-json\/wp\/v2\/users\/1"}],"replies":[{"embeddable":true,"href":"https:\/\/us.edu.pl\/absolwent\/wp-json\/wp\/v2\/comments?post=696"}],"version-history":[{"count":2,"href":"https:\/\/us.edu.pl\/absolwent\/wp-json\/wp\/v2\/pages\/696\/revisions"}],"predecessor-version":[{"id":1266,"href":"https:\/\/us.edu.pl\/absolwent\/wp-json\/wp\/v2\/pages\/696\/revisions\/1266"}],"up":[{"embeddable":true,"href":"https:\/\/us.edu.pl\/absolwent\/wp-json\/wp\/v2\/pages\/331"}],"wp:attachment":[{"href":"https:\/\/us.edu.pl\/absolwent\/wp-json\/wp\/v2\/media?parent=696"}],"curies":[{"name":"wp","href":"https:\/\/api.w.org\/{rel}","templated":true}]}}