{"id":700,"date":"2019-10-15T16:11:33","date_gmt":"2019-10-15T14:11:33","guid":{"rendered":"https:\/\/us.edu.pl\/absolwent\/?page_id=700"},"modified":"2019-12-18T12:24:49","modified_gmt":"2019-12-18T11:24:49","slug":"hanna-malacina-karpiel-nasi-absolwenci","status":"publish","type":"page","link":"https:\/\/us.edu.pl\/absolwent\/hanna-malacina-karpiel-nasi-absolwenci\/","title":{"rendered":"Hanna Malacina-Karpiel &#8211; Nasi Absolwenci"},"content":{"rendered":"<p>[vc_row][vc_column]\r\n                <div class=\"text-modules\">\r\n                    <div class=\"container\">\r\n                        <h3 class=\"page-title text__title\">Hanna Malacina-Karpiel - Nasi Absolwenci<\/h3>\r\n                        <div class=\"text-modules__content\"><\/p>\n<p class=\"rtejustify rteindent1\"><img class=\"alignleft\" src=\"http:\/\/absolwent.us.edu.pl\/sites\/absolwent.us.edu.pl\/files\/imce\/_dsc8726.1.jpg\" alt=\"\" width=\"573\" height=\"382\" \/>Absolwentka Wydzia\u0142u Etnologii i Nauk o Edukacji na Uniwersytecie \u015al\u0105skim. Urodzona w Zakopanem, wokalista, autorka tekst\u00f3w, widowisk artystycznych, w\u0142a\u015bcicielka agencji artystycznej LAURA artis, wsp\u00f3\u0142za\u0142o\u017cycielka zespo\u0142u swingowo-folkowego HOLEVIATERS, instruktorka zespo\u0142u regionalnego Regle im. Jana J\u0119drola w Poroninie. Dzia\u0142aczka spo\u0142eczna, radna Gminy Poronin w latach 2010-2014. Cz\u0142onek Zarz\u0105du Zwi\u0105zku Podhalan w Poroninie 2014-2017, cz\u0142onek Stowarzyszenia Przyjaci\u00f3\u0142 Kultury Podhala\u0144skiej \u201eRegle&#8221;. M\u0119\u017catka, mama trzyletniej Laury.<\/p>\n<p class=\"rtejustify\">Pocz\u0105tkowo wyst\u0119powa\u0142a w zespo\u0142ach regionalnych i folkowych dzia\u0142aj\u0105cych na Podhalu. Od zawsze zwi\u0105zana z \u017cyciem kulturowym Podhala. Laureatka wielu nagr\u00f3d (poezja i recytacja gwarowa, \u015bpiew i taniec podhala\u0144ski). Na scenie zadebiutowa\u0142a w 2006 roku jako wokalistka zespo\u0142u TURNIOKI, z kt\u00f3rym wyst\u0119powa\u0142a w latach 2006 &#8211; 2018. W 2011 roku wzi\u0119\u0142a udzia\u0142 w I edycji programu X Factor (TVN). Wykona\u0142a utw\u00f3r Kayah pt. \u201eBy\u0142am r\u00f3\u017c\u0105\u201d.Znalaz\u0142a si\u0119 w czterdziestce najlepszych wykonawc\u00f3w, za ka\u017cdym razem silnie akcentuj\u0105c swoj\u0105 wi\u0119\u017a z Podhalem. W 2012 roku wyda\u0142a swoj\u0105 autorsk\u0105 p\u0142yt\u0119 \u201ePos\u0142uchaj mnie&#8230; Tutaj&#8221;. W 2013 roku z koleg\u0105 za\u0142o\u017cy\u0142a zesp\u00f3\u0142 HOLEVIATERS, wykonuj\u0105cy utwory b\u0119d\u0105ce po\u0142\u0105czeniem muzyki folkowej z brzmieniem swingowych standard\u00f3w, ballad, przeboj\u00f3w \u015bwiatowej muzyki rozrywkowej.<\/p>\n<p class=\"rtejustify\">W 2017 roku odznaczona za zas\u0142ugi dla Zwi\u0105zku Podhalan Oddzia\u0142 Poronin, a w 2018 Okoliczno\u015bciow\u0105 Nagrod\u0105 Ministra Kultury i Dziedzictwa Narodowego za prac\u0119 na rzecz kultury podhala\u0144skiej. W tym samym roku ukaza\u0142 si\u0119 jej pierwszy tomik wierszy &#8222;Ku prowdziy&#8230;&#8221; w gwarze podhala\u0144skiej.<\/p>\n<p class=\"rtejustify\">Zainteresowania: muzyka, kultura Podhala, rysunek, poezja, wycieczki g\u00f3rskie.<\/p>\n<p class=\"rtejustify\"><strong>Dlaczego zdecydowa\u0142a si\u0119 Pani na podj\u0119cie studi\u00f3w na Uniwersytecie \u015al\u0105skim?<\/strong><\/p>\n<p class=\"rtejustify\">Pochodz\u0119 ze \u015brodowiska, w kt\u00f3rym \u201ekultura\u201d, \u201etradycja\u201d, \u201efolklor\u201d stoj\u0105 na piedestale warto\u015bci i maj\u0105 niew\u0105tpliwy wp\u0142yw na \u017cycie. Uniwersytet \u015al\u0105ski to uczelnia, kt\u00f3r\u0105 wybra\u0142o wiele os\u00f3b z mojego otoczenia. Ich opinie pomog\u0142y mi w podj\u0119ciu tej decyzji. Etnologia to kierunek moich marze\u0144. A marzenia trzeba spe\u0142nia\u0107.<\/p>\n<p class=\"rtejustify\">Cieszyn \u2013 urokliwe miejsce, niczym niezag\u0142uszone, spokojne, mo\u017cna tam naprawd\u0119 poczu\u0107 si\u0119 jak w domu. To tak\u017ce wp\u0142yn\u0119\u0142o na moj\u0105 decyzj\u0119. Wi\u0119kszo\u015b\u0107 w tym czasie wybiera\u0142a Krak\u00f3w, tam ka\u017cdy z ka\u017cdym si\u0119 zna\u0142, by\u0142o \u0142atwiej m\u0142odemu cz\u0142owiekowi odnale\u017a\u0107 si\u0119 w nowym otoczeniu, ja z kolei szuka\u0142am miejsca, w kt\u00f3rym poznam ca\u0142kiem nowych ludzi\u2026 to mnie fascynowa\u0142o. Nie \u017ca\u0142uj\u0119.<\/p>\n<p class=\"rtejustify\"><strong>Jak wspomina Pani studia na Uniwersytecie \u015al\u0105skim?<\/strong><\/p>\n<p class=\"rtejustify\">Moje wspomnienia wi\u0105\u017c\u0105 si\u0119 z niesamowitymi lud\u017ami, kt\u00f3rych pozna\u0142am. Ich podej\u015bcie do wielu spraw, kreatywno\u015b\u0107, ambicje, wi\u0119\u017a studencka dawa\u0142y poczucie tego, \u017ce wyb\u00f3r uczelni i miejsca by\u0142 jak najbardziej s\u0142uszny. Jak wsz\u0119dzie, tak i tu, klimat tworzyli ludzie \u2013 zar\u00f3wno szanowne kole\u017ce\u0144stwo, jak i kadra wyk\u0142adowc\u00f3w. Na wszystkich zawsze mo\u017cna by\u0142o liczy\u0107. Bez wyj\u0105tku.<\/p>\n<p class=\"rtejustify\"><strong>Dlaczego wybra\u0142a Pani dany kierunek studi\u00f3w?<\/strong><\/p>\n<p class=\"rtejustify\">Ze wzgl\u0119du na moje zainteresowania. To, czym od dziecka si\u0119 fascynowa\u0142am i co kreowa\u0142o m\u00f3j \u015bwiatopogl\u0105d. Mo\u017ce dlatego nie mia\u0142am takiego problemu z wyborem kierunku studi\u00f3w. Czu\u0142am, \u017ce musz\u0119 to wszystko dope\u0142ni\u0107 nauk\u0105.<\/p>\n<p class=\"rtejustify\"><strong>Jakie s\u0105 Pani g\u0142\u00f3wne zadania i obszary dzia\u0142alno\u015bci zawodowej?<\/strong><\/p>\n<p class=\"rtejustify\">Wyst\u0119py z zespo\u0142em HOLEVIATERS i TURNIOKI, kontakt z lud\u017ami, praca nad rozwojem obu zespo\u0142\u00f3w, anga\u017cowanie si\u0119 w \u017cycie kulturalne i spo\u0142eczne miejsca, z kt\u00f3rego pochodz\u0119 i w kt\u00f3rym mieszkam.<\/p>\n<p class=\"rtejustify\"><strong>Co sprawia Pani najwi\u0119ksz\u0105 satysfakcj\u0119 w pracy?<\/strong><\/p>\n<p class=\"rtejustify\">Mo\u017cliwo\u015b\u0107 wp\u0142ywania na to, co robi\u0119. W takim zawodzie nie ma monotonii, tak wiele potrafi cz\u0142owieka zaskoczy\u0107 i tak wiele zale\u017cy od niego i jego pracy, ale i wielu po\u015bwi\u0119ce\u0144. Satysfakcj\u0119 daj\u0105 najmniejsze rzeczy, najmniejsze osi\u0105gni\u0119cia, ale przede wszystkim dobre s\u0142owo innych ludzi i wiara w to, \u017ce nasza praca jest s\u0142uszna.<\/p>\n<p class=\"rtejustify\"><strong>Jakie umiej\u0119tno\u015bci i do\u015bwiadczenia zdobyte na Uczelni pomog\u0142y Pani w zdobyciu zatrudnienia?<\/strong><\/p>\n<p class=\"rtejustify\">Komunikatywno\u015b\u0107, kt\u00f3r\u0105 na studiach na pewno jeszcze bardziej wypracowa\u0142am u siebie. Kreatywno\u015b\u0107. Ch\u0119\u0107 pracy. Niebanalne zaj\u0119cia, kt\u00f3re wymusza\u0142y (pozytywnie) w\u0142\u0105czenie wszystkich lampek my\u015blenia do tw\u00f3rczej pracy.<\/p>\n<p class=\"rtejustify\"><strong>Jak edukacja na Uniwersytecie \u015al\u0105skim wp\u0142yn\u0119\u0142a na wyb\u00f3r Pani drogi zawodowej? Kt\u00f3re do\u015bwiadczenia z czasu studi\u00f3w okaza\u0142y si\u0119 kluczowe w poszukiwaniu pracy<\/strong>?<\/p>\n<p class=\"rtejustify\">Mia\u0142am to szcz\u0119\u015bcie, \u017ce praca sama mnie znalaz\u0142a. Ale! gdybym nie wybra\u0142a tej uczelni, nie pozna\u0142a tych ludzi, nie robi\u0142abym tego, co teraz jest dla mnie moj\u0105 prac\u0105 i spe\u0142nianiem marze\u0144.<\/p>\n<p class=\"rtejustify\"><strong>Co radzi Pani kandydatom na studia i studentom U\u015a, kt\u00f3rzy wkr\u00f3tce wejd\u0105 na rynek pracy?<\/strong><\/p>\n<p class=\"rtejustify\">Przysz\u0142o\u015b\u0107 ka\u017cdego z nas jest tak naprawd\u0119 w naszych r\u0119kach. Czasami cz\u0142owiek ma szcz\u0119\u015bcie, ale nawet potem bez wysi\u0142ku i wielu wyrzecze\u0144 to, co szcz\u0119\u015bcie przynios\u0142o, mo\u017cna szybko utraci\u0107. Nale\u017cy bra\u0107 \u017cycie w swoje r\u0119ce, ufa\u0107 w\u0142asnemu instynktowi i i\u015b\u0107 do przodu \u2013 co nie oznacza \u201enaprzeciw ludziom\u201d.<\/p>\n<p>\n<\/div>\r\n                    <\/div>\r\n                <\/div>[\/vc_column][\/vc_row]<\/p>","protected":false},"excerpt":{"rendered":"<p>[vc_row][vc_column][\/vc_column][\/vc_row] [&#8230;]<\/p>\n<p><a class=\"btn btn-secondary understrap-read-more-link\" href=\"https:\/\/us.edu.pl\/absolwent\/hanna-malacina-karpiel-nasi-absolwenci\/\">Read More&#8230;<\/a><\/p>\n","protected":false},"author":1,"featured_media":0,"parent":0,"menu_order":0,"comment_status":"closed","ping_status":"closed","template":"","meta":{"_expiration-date-status":"saved","_expiration-date":0,"_expiration-date-type":"","_expiration-date-categories":[],"_expiration-date-options":[]},"acf":[],"_links":{"self":[{"href":"https:\/\/us.edu.pl\/absolwent\/wp-json\/wp\/v2\/pages\/700"}],"collection":[{"href":"https:\/\/us.edu.pl\/absolwent\/wp-json\/wp\/v2\/pages"}],"about":[{"href":"https:\/\/us.edu.pl\/absolwent\/wp-json\/wp\/v2\/types\/page"}],"author":[{"embeddable":true,"href":"https:\/\/us.edu.pl\/absolwent\/wp-json\/wp\/v2\/users\/1"}],"replies":[{"embeddable":true,"href":"https:\/\/us.edu.pl\/absolwent\/wp-json\/wp\/v2\/comments?post=700"}],"version-history":[{"count":3,"href":"https:\/\/us.edu.pl\/absolwent\/wp-json\/wp\/v2\/pages\/700\/revisions"}],"predecessor-version":[{"id":1269,"href":"https:\/\/us.edu.pl\/absolwent\/wp-json\/wp\/v2\/pages\/700\/revisions\/1269"}],"wp:attachment":[{"href":"https:\/\/us.edu.pl\/absolwent\/wp-json\/wp\/v2\/media?parent=700"}],"curies":[{"name":"wp","href":"https:\/\/api.w.org\/{rel}","templated":true}]}}