{"id":704,"date":"2019-10-15T16:15:21","date_gmt":"2019-10-15T14:15:21","guid":{"rendered":"https:\/\/us.edu.pl\/absolwent\/?page_id=704"},"modified":"2019-12-18T12:31:54","modified_gmt":"2019-12-18T11:31:54","slug":"boguslaw-nowak-nasi-absolwenci","status":"publish","type":"page","link":"https:\/\/us.edu.pl\/absolwent\/boguslaw-nowak-nasi-absolwenci\/","title":{"rendered":"Bogus\u0142aw Nowak &#8211; Nasi Absolwenci"},"content":{"rendered":"<p>[vc_row][vc_column]\r\n                <div class=\"text-modules\">\r\n                    <div class=\"container\">\r\n                        <h3 class=\"page-title text__title\">Bogus\u0142aw Nowak - Nasi Absolwenci<\/h3>\r\n                        <div class=\"text-modules__content\"><\/p>\n<div class=\"content\">\n<figure style=\"width: 569px\" class=\"wp-caption alignleft\"><img class=\"\" src=\"http:\/\/absolwent.us.edu.pl\/sites\/absolwent.us.edu.pl\/files\/imce\/boguslaw_nowak_-_dyrektor_naczelny_opery_krakowskiej._fot._ryszard_kornecki.jpg\" alt=\"\" width=\"569\" height=\"376\" \/><figcaption class=\"wp-caption-text\">fot. Ryszard Kornecki<\/figcaption><\/figure><\/p>\n<p class=\"rtejustify\">Uko\u0144czy\u0142 Wydzia\u0142 Radia i Telewizji Uniwersytetu \u015al\u0105skiego w Katowicach. Zawodowo zwi\u0105zany by\u0142 m.in. ze Starym Teatrem w Krakowie, Radiem Krak\u00f3w (prezes Zarz\u0105du w latach 1995 \u2013 2000), Oper\u0105 Krakowsk\u0105 (dyrektor naczelny w latach 2001- 2004) i Oddzia\u0142em TVP w Krakowie (dyrektor w latach 2004-2007).<\/p>\n<p class=\"rtejustify\">Wsp\u00f3\u0142pracowa\u0142 m.in. z Andrzejem Wajd\u0105, Kazimierzem Kutzem, Krzysztofem Kie\u015blowskim, Zygmuntem H\u00fcbnerem, Feliksem Falkiem. Producent telewizyjny i\u00a0filmowy, samodzielny realizator program\u00f3w i telewizyjnych film\u00f3w dokumentalnych. Stworzy\u0142 filmy o Andrzeju Wajdzie, Jerzym Jarockim, Krystianie Lupie, Ewie Lassek oraz Lidii i Jerzym Skar\u017cy\u0144skich. Wsp\u00f3\u0142organizator i animator wielu projekt\u00f3w artystycznych i kulturalnych, takich jak: Festiwal Mro\u017cka (1990), Europejski Miesi\u0105c Kultury (1992), plenerowe spektakle i koncerty \u2013 <em>Straszny Dw\u00f3r <\/em>w Niepo\u0142omicach (2002), <em>Halka <\/em>na Ska\u0142kach Twardowskiego w Krakowie (2004), czy cyklu koncert\u00f3w w Kopalni Soli w Wieliczce. Pomys\u0142odawca i inscenizator spektaklu <em>Poezja witra\u017cy<\/em> w Bazylice oo. Franciszkan\u00f3w w\u00a0ramach Festiwalu Wyspia\u0144skiego (2007),\u00a0 plenerowego widowiska <em>Harnasie <\/em>w ramach obchod\u00f3w roku Karola\u00a0Szymanowskiego, a tak\u017ce widowiska <em>Amabilis <\/em>z okazji 650-lecia Niepo\u0142omic. Pe\u0142ni nadz\u00f3r artystyczny i organizacyjny nad cyklicznie odbywaj\u0105cym si\u0119 Letnim Festiwalem Opery, w ramach kt\u00f3rego zrealizowa\u0142 spektakle <em>Carmina burana<\/em>, <em>Skrzypek na dachu<\/em> i\u00a0koncerty <em>Arie Oper \u015awiata<\/em> oraz nad Krynickim Festiwalem im. Jana Kiepury. 25 wrze\u015bnia 2007 roku ponownie obj\u0105\u0142 stanowisko Dyrektora Naczelnego Opery Krakowskiej.<\/p>\n<\/div>\n<p>\n<\/div>\r\n                    <\/div>\r\n                <\/div>[\/vc_column][\/vc_row]<\/p>","protected":false},"excerpt":{"rendered":"<p>[vc_row][vc_column][\/vc_column][\/vc_row] [&#8230;]<\/p>\n<p><a class=\"btn btn-secondary understrap-read-more-link\" href=\"https:\/\/us.edu.pl\/absolwent\/boguslaw-nowak-nasi-absolwenci\/\">Read More&#8230;<\/a><\/p>\n","protected":false},"author":1,"featured_media":0,"parent":0,"menu_order":0,"comment_status":"closed","ping_status":"closed","template":"","meta":{"_expiration-date-status":"saved","_expiration-date":0,"_expiration-date-type":"","_expiration-date-categories":[],"_expiration-date-options":[]},"acf":[],"_links":{"self":[{"href":"https:\/\/us.edu.pl\/absolwent\/wp-json\/wp\/v2\/pages\/704"}],"collection":[{"href":"https:\/\/us.edu.pl\/absolwent\/wp-json\/wp\/v2\/pages"}],"about":[{"href":"https:\/\/us.edu.pl\/absolwent\/wp-json\/wp\/v2\/types\/page"}],"author":[{"embeddable":true,"href":"https:\/\/us.edu.pl\/absolwent\/wp-json\/wp\/v2\/users\/1"}],"replies":[{"embeddable":true,"href":"https:\/\/us.edu.pl\/absolwent\/wp-json\/wp\/v2\/comments?post=704"}],"version-history":[{"count":3,"href":"https:\/\/us.edu.pl\/absolwent\/wp-json\/wp\/v2\/pages\/704\/revisions"}],"predecessor-version":[{"id":1273,"href":"https:\/\/us.edu.pl\/absolwent\/wp-json\/wp\/v2\/pages\/704\/revisions\/1273"}],"wp:attachment":[{"href":"https:\/\/us.edu.pl\/absolwent\/wp-json\/wp\/v2\/media?parent=704"}],"curies":[{"name":"wp","href":"https:\/\/api.w.org\/{rel}","templated":true}]}}