{"id":706,"date":"2019-10-15T16:16:39","date_gmt":"2019-10-15T14:16:39","guid":{"rendered":"https:\/\/us.edu.pl\/absolwent\/?page_id=706"},"modified":"2019-10-15T16:16:39","modified_gmt":"2019-10-15T14:16:39","slug":"marta-obuch-nasi-absolwenci","status":"publish","type":"page","link":"https:\/\/us.edu.pl\/absolwent\/absolwencius\/nasi-absolwenci\/marta-obuch-nasi-absolwenci\/","title":{"rendered":"Marta Obuch &#8211; Nasi Absolwenci"},"content":{"rendered":"<p>[vc_row][vc_column]\r\n                <div class=\"text-modules\">\r\n                    <div class=\"container\">\r\n                        <h3 class=\"page-title text__title\">Marta Obuch - Nasi Absolwenci<\/h3>\r\n                        <div class=\"text-modules__content\"><\/p>\n<div class=\"content\">\n<p><img class=\"imagefield imagefield-field_image alignleft\" src=\"http:\/\/absolwent.us.edu.pl\/sites\/absolwent.us.edu.pl\/files\/obuch_absolwenci.12.jpg?1447321096\" alt=\"\" width=\"200\" height=\"200\" \/><\/p>\n<p class=\"rtejustify\" style=\"text-align: left;\">Marta Obuch to autorka komedii kryminalnych, poetka, fotograf, dziennikarka. Urodzona 5 stycznia 1975 roku w Cz\u0119stochowie, gdzie ucz\u0119szcza\u0142a do Og\u00f3lnokszta\u0142c\u0105cego Liceum Wojskowego. Po zdaniu matury zamieszka\u0142a w Katowicach. Tam uko\u0144czy\u0142a filologi\u0119 polsk\u0105 na Uniwersytecie \u015al\u0105skim oraz fotografi\u0119 cyfrow\u0105 w \u015al\u0105skiej Akademii Fotografii. Wysz\u0142a za m\u0105\u017c, ma dw\u00f3ch nastoletnich syn\u00f3w.<\/p>\n<p class=\"rtejustify\" style=\"text-align: left;\">Debiutowa\u0142a w 2007 roku powie\u015bci\u0105 <a href=\"http:\/\/www.martaobuch.pl\/ksiazki\/precz-z-brunetami\/\"><em>Precz z brunetami!<\/em><\/a>. Nast\u0119pnie wysz\u0142y <a href=\"http:\/\/www.martaobuch.pl\/ksiazki\/odrobina-falszerstwa\/\"><em>Odrobina fa\u0142szerstwa<\/em><\/a> (2008), <a href=\"http:\/\/www.martaobuch.pl\/ksiazki\/diabelska-ewolucja\/\"><em>Diabelska ewolucja<\/em><\/a> (2009), <a href=\"http:\/\/www.martaobuch.pl\/ksiazki\/milosc-szkielet-i-spaghetti\/\"><em>Mi\u0142o\u015b\u0107, szkielet i spaghetti<\/em><\/a> (2012), <a href=\"http:\/\/www.martaobuch.pl\/ksiazki\/lopata-do-serca\/\"><em>\u0141opat\u0105 do serca<\/em><\/a> (2013) oraz <a href=\"http:\/\/www.martaobuch.pl\/ksiazki\/szajba-na-peronie-5\/\"><em>Szajba na peronie 5.<\/em><\/a> (2014),\u00a0<i>Precz z brunetami<\/i> (wyd. II, 2015),\u00a0<i>Francuski piesek (<\/i>2016), <i>Ksi\u0119garenka przy ulicy Wi\u015bniowej (<\/i>2016), <i>Metoda na wnuczk\u0119<\/i> (2017), <i>Wied\u017ama duszona w winie<\/i> (2018). Autorka ceni sobie humor Joanny Chmielewskiej, dlatego posz\u0142a w jej \u015blady. Tw\u00f3rczo\u015b\u0107 Marty Obuch znalaz\u0142a wielu czytelnik\u00f3w ze wzgl\u0119du na lekk\u0105 fabu\u0142\u0119 i postacie, kt\u00f3re wpl\u0105tuj\u0105 si\u0119 w najrozmaitsze afery kryminalne.<\/p>\n<p class=\"rtejustify\" style=\"text-align: left;\">Marta Obuch jest laureatk\u0105 konkurs\u00f3w poetyckich, drukowa\u0142a swoje wiersze w wydawnictwach pokonkursowych oraz w Miesi\u0119czniku Spo\u0142eczno-Kulturalnym \u015aL\u0104SK. Dwukrotnie nominowana do nagrody Pazur na Festiwalu Literatury Kobiecej ,,Pi\u00f3ro i Pazur\u2019\u2019 w Siedlcach (2013 &#8211; <em>Mi\u0142o\u015b\u0107, szkielet i spaghetti<\/em>; 2014 \u2013 <em>\u0141opat\u0105 do serca<\/em>: nominacja czytelniczek).<\/p>\n<p class=\"rtejustify\" style=\"text-align: left;\">Obecnie pisarka mieszka w Katowicach, gdzie uczy fotografii, prowadzi firm\u0119 fotograficzn\u0105, a wolnym czasie pisze powie\u015bci. Uwielbia gotowa\u0107 i ogl\u0105da\u0107 dobre filmy.<\/p>\n<p style=\"text-align: left;\">Wi\u0119cej informacji na stronie: <a href=\"http:\/\/www.martaobuch.pl\">www.martaobuch.pl<\/a>.<\/p>\n<p style=\"text-align: left;\"><a href=\"http:\/\/gazeta.us.edu.pl\/node\/280693\"><em>Poci\u0105g do peronu 5.<\/em>, &#8222;Gazeta Uniwersytecka U\u015a&#8221; 2015, NR 1 (231)<\/a><\/p>\n<\/div>\n<p>\n<\/div>\r\n                    <\/div>\r\n                <\/div>[\/vc_column][\/vc_row]<\/p>","protected":false},"excerpt":{"rendered":"<p>[vc_row][vc_column][\/vc_column][\/vc_row] [&#8230;]<\/p>\n<p><a class=\"btn btn-secondary understrap-read-more-link\" href=\"https:\/\/us.edu.pl\/absolwent\/absolwencius\/nasi-absolwenci\/marta-obuch-nasi-absolwenci\/\">Read More&#8230;<\/a><\/p>\n","protected":false},"author":1,"featured_media":0,"parent":331,"menu_order":0,"comment_status":"closed","ping_status":"closed","template":"","meta":{"_expiration-date-status":"","_expiration-date":0,"_expiration-date-type":"","_expiration-date-categories":[],"_expiration-date-options":[]},"acf":[],"_links":{"self":[{"href":"https:\/\/us.edu.pl\/absolwent\/wp-json\/wp\/v2\/pages\/706"}],"collection":[{"href":"https:\/\/us.edu.pl\/absolwent\/wp-json\/wp\/v2\/pages"}],"about":[{"href":"https:\/\/us.edu.pl\/absolwent\/wp-json\/wp\/v2\/types\/page"}],"author":[{"embeddable":true,"href":"https:\/\/us.edu.pl\/absolwent\/wp-json\/wp\/v2\/users\/1"}],"replies":[{"embeddable":true,"href":"https:\/\/us.edu.pl\/absolwent\/wp-json\/wp\/v2\/comments?post=706"}],"version-history":[{"count":2,"href":"https:\/\/us.edu.pl\/absolwent\/wp-json\/wp\/v2\/pages\/706\/revisions"}],"predecessor-version":[{"id":1274,"href":"https:\/\/us.edu.pl\/absolwent\/wp-json\/wp\/v2\/pages\/706\/revisions\/1274"}],"up":[{"embeddable":true,"href":"https:\/\/us.edu.pl\/absolwent\/wp-json\/wp\/v2\/pages\/331"}],"wp:attachment":[{"href":"https:\/\/us.edu.pl\/absolwent\/wp-json\/wp\/v2\/media?parent=706"}],"curies":[{"name":"wp","href":"https:\/\/api.w.org\/{rel}","templated":true}]}}