{"id":708,"date":"2019-10-15T16:20:41","date_gmt":"2019-10-15T14:20:41","guid":{"rendered":"https:\/\/us.edu.pl\/absolwent\/?page_id=708"},"modified":"2019-12-18T13:27:14","modified_gmt":"2019-12-18T12:27:14","slug":"maria-plonka-nasi-absolwenci","status":"publish","type":"page","link":"https:\/\/us.edu.pl\/absolwent\/maria-plonka-nasi-absolwenci\/","title":{"rendered":"Maria P\u0142onka &#8211; Nasi Absolwenci"},"content":{"rendered":"<p>[vc_row][vc_column]\r\n                <div class=\"text-modules\">\r\n                    <div class=\"container\">\r\n                        <h3 class=\"page-title text__title\">Maria P\u0142onka - Nasi Absolwenci<\/h3>\r\n                        <div class=\"text-modules__content\"><\/p>\n<div class=\"content\">\n<p><img class=\"imagefield imagefield-field_image alignleft\" src=\"http:\/\/absolwent.us.edu.pl\/sites\/absolwent.us.edu.pl\/files\/maria_plonka.jpg?1421045175\" alt=\"\" width=\"200\" height=\"200\" \/><\/p>\n<p class=\"rtejustify\" style=\"text-align: left\">Maria P\u0142onka uko\u0144czy\u0142a studia psychologiczne na Uniwersytecie \u015al\u0105skim. Przez ca\u0142y okres \u017cycia zawodowego zmienia\u0142y si\u0119 warunki jej pracy i miejsca zatrudnienia, co pozwala\u0142o jej zmierza\u0107 si\u0119 z wyzwaniami, poznawa\u0107 nowe obszary wiedzy, zdobywa\u0107 nowe umiej\u0119tno\u015bci, kompetencje oraz certyfikaty.<\/p>\n<p class=\"rtejustify\">Zag\u0142\u0119bia\u0142a si\u0119 m. in. w zagadnienia zwi\u0105zane z tematyk\u0105 zarz\u0105dzania, doskonali\u0142a umiej\u0119tno\u015b\u0107 diagnozy predyspozycji os\u00f3b zatrudnionych na r\u00f3\u017cnych stanowiskach pracy, bra\u0142a aktywny udzia\u0142 w rozwoju dzia\u0142u HR. Poznawa\u0142a specyfik\u0119 pracy m.in. w handlu zagranicznym, przemy\u015ble w\u0119glowym oraz bankowo\u015bci. Aktualnie jest ju\u017c na emeryturze.<\/p>\n<p class=\"rtejustify\">Niezale\u017cnie od zaanga\u017cowania w prac\u0119 zawodow\u0105 zawsze wa\u017cne dla niej by\u0142y wakacje \u2013 czas na \u201ew\u0142\u00f3cz\u0119g\u0119\u201d po Polsce, Europie, Azji \u2013 odkrywanie nowych miejsc, spotkania z ciekawymi lud\u017ami. Z wypad\u00f3w opr\u00f3cz wielu wra\u017ce\u0144 przywozi\u0142a tak\u017ce zdj\u0119cia. Fotografowanie dla Marii P\u0142onki to pr\u00f3ba \u201ez\u0142apania chwili ulotnej\u201d, zatrzymanie w kadrze tego co j\u0105 zaciekawi\u0142o, po to, by m\u00f3c podzieli\u0107 si\u0119 tym z najbli\u017cszymi.<\/p>\n<p class=\"rtecenter rteindent1\"><a href=\"http:\/\/absolwent.us.edu.pl\/sites\/absolwent.us.edu.pl\/files\/imce\/katedra_noca.jpg\"><img class=\"alignleft\" src=\"http:\/\/absolwent.us.edu.pl\/sites\/absolwent.us.edu.pl\/files\/imce\/katedra_noca.jpg\" alt=\"\" width=\"900\" height=\"596\" \/><\/a><\/p>\n<p class=\"rtejustify\">Czasem bierze udzia\u0142 w konkursach fotograficznych. Jej slajdy z trekkingu w Himalajach by\u0142y prezentowane na wystawie pokonkursowej Memorial Maria Luisa 1993 w Asturii (Hiszpania). Zdj\u0119cia z tej wyprawy znalaz\u0142y si\u0119 r\u00f3wnie\u017c na wystawie zbiorowej \u201eKobieta\u201d w Burgas (Bu\u0142garia) w 1996 roku.<\/p>\n<p class=\"rtejustify\">W konkursie organizowanym przez Wydzia\u0142 Promocji Urz\u0119du Miasta Katowice i \u015al\u0105ski Oddzia\u0142 Zwi\u0105zku Polskich Artyst\u00f3w Fotografik\u00f3w \u201eKatowice w obiektywie 2013\u201d jej dwa zdj\u0119cia zdoby\u0142y g\u0142\u00f3wn\u0105 nagrod\u0119 i by\u0142y publikowane w kalendarzu w roku 2014. W edycji \u201eKatowice w obiektywie 2014\u201d \u2013 jej zdj\u0119cie zosta\u0142o wyr\u00f3\u017cnione i by\u0142o eksponowane na wystawie pokonkursowej.<\/p>\n<p class=\"rtejustify\"><a href=\"http:\/\/absolwent.us.edu.pl\/sites\/absolwent.us.edu.pl\/files\/imce\/lato_na_nikiszowcu.jpg\"><img class=\"\" src=\"http:\/\/absolwent.us.edu.pl\/sites\/absolwent.us.edu.pl\/files\/imce\/lato_na_nikiszowcu.jpg\" alt=\"\" width=\"650\" height=\"431\" \/> \u00a0 <\/a><a href=\"http:\/\/absolwent.us.edu.pl\/sites\/absolwent.us.edu.pl\/files\/imce\/wiosenny_trening.jpg\"><img class=\"\" src=\"http:\/\/absolwent.us.edu.pl\/sites\/absolwent.us.edu.pl\/files\/imce\/wiosenny_trening.jpg\" alt=\"\" width=\"650\" height=\"431\" \/><\/a><\/p>\n<p class=\"rtejustify\"><strong>Dlaczego zde<\/strong><strong>cydowa\u0142a si\u0119 Pani na podj\u0119cie studi\u00f3w na Uniwersytecie \u015al\u0105skim?<\/strong><\/p>\n<p class=\"rtejustify\">Chcia\u0142am studiowa\u0107 psychologi\u0119, ten kierunek by\u0142 na Uniwersytecie \u015al\u0105skim. Proponowany przez Uczelni\u0119 program studi\u00f3w wyda\u0142 mi si\u0119 ciekawy, a opinie o kadrze naukowej Uniwersytetu pochlebne \u2013 wp\u0142yn\u0119\u0142o to na moj\u0105 decyzj\u0119 o wyborze uczelni.<\/p>\n<p class=\"rtejustify\"><strong>Jak wspomina Pani studia na Uniwersytecie \u015al\u0105skim?<\/strong><\/p>\n<p class=\"rtejustify\">Okres intensywnej nauki, wiele przedmiot\u00f3w teoretycznych, mo\u017cliwo\u015b\u0107 zaznajomienia si\u0119 z r\u00f3\u017cnymi dzia\u0142ami psychologii, dyskusje w gronie student\u00f3w oraz inspiruj\u0105ce spotkania z ciekawymi lud\u017ami.<\/p>\n<p class=\"rtejustify\"><strong>Dlaczego wybra\u0142a Pani dany kierunek studi\u00f3w?<\/strong><\/p>\n<p class=\"rtejustify\">Zastanawiaj\u0105c si\u0119 nad przysz\u0142\u0105 karier\u0105 zawodow\u0105 wiedzia\u0142am, \u017ce najbardziej interesuj\u0105 mnie stanowiska zwi\u0105zane z prac\u0105 na rzecz innych ludzi. Praca psychologa wyda\u0142a mi si\u0119 najbli\u017csza moim zainteresowaniom.<\/p>\n<p class=\"rtejustify\"><strong>Jakie s\u0105 Pani g\u0142\u00f3wne zadania i obszary dzia\u0142alno\u015bci zawodowej?<\/strong><\/p>\n<p class=\"rtejustify\">Zadania i obszary mojej dzia\u0142alno\u015bci zawodowej na przestrzeni lat zmienia\u0142y si\u0119: od udzia\u0142u w projektach zwi\u0105zanych z zarz\u0105dzaniem poprzez diagnoz\u0119 predyspozycji os\u00f3b zatrudnionych na stanowiskach w przemy\u015ble. W ostatnim okresie pracy: uczestniczenie w rozwoju dzia\u0142u HR: prowadzenie rekrutacji na r\u00f3\u017cne stanowiska, opracowywanie zasad proces\u00f3w rekrutacji w firmie, wsparcie dla kadry mened\u017cerskiej w procesach zarz\u0105dzania zespo\u0142em pracowniczym, prowadzenie szkole\u0144 wewn\u0119trznych, udzia\u0142 w projektach HR<\/p>\n<p class=\"rtejustify\"><strong>Co sprawia Pani najwi\u0119ksz\u0105 satysfakcj\u0119 w pracy?<\/strong><\/p>\n<p class=\"rtejustify\">Dobrze przeprowadzona rekrutacja \u2013 mo\u017cliwo\u015b\u0107 zaobserwowania rozwoju kariery zawodowej zrekrutowanego pracownika, udzielenie wsparcia ludziom w r\u00f3\u017cnych sytuacjach zawodowych, zainspirowanie kogo\u015b w poszukiwaniu mo\u017cliwo\u015bci rozwoju zawodowego, udzia\u0142 w projekcie, kt\u00f3ry zosta\u0142 wdro\u017cony<\/p>\n<p class=\"rtejustify\"><strong>Co stanowi dla Pani najwi\u0119ksze wyzwanie zawodowe?<\/strong><\/p>\n<p class=\"rtejustify\">Dostosowywanie si\u0119 do szybkich zmian, monitorowanie trend\u00f3w zwi\u0105zanych z tematyk\u0105 zarz\u0105dzania personelem, poznawanie nowych obszar\u00f3w wiedzy, nowych technologii<\/p>\n<p class=\"rtejustify\"><strong>Jakie umiej\u0119tno\u015bci i do\u015bwiadczenia zdobyte na Uczelni pomog\u0142y Pani w zdobyciu zatrudnienia?<\/strong><\/p>\n<p class=\"rtejustify\">Udzia\u0142 w projektach przygotowywanych na zaliczenia, zdawanie egzamin\u00f3w z poszczeg\u00f3lnych przedmiot\u00f3w pozwoli\u0142y na rozwini\u0119cie kompetencji zwi\u0105zanych z umiej\u0119tno\u015bci\u0105 wsp\u00f3\u0142pracy z innymi lud\u017ami, rozwi\u0105zywaniem problem\u00f3w\/poszukiwaniem rozwi\u0105za\u0144, nie zra\u017caniem si\u0119 w trudnych sytuacjach, zarz\u0105dzaniem sob\u0105 w czasie, radzeniem sobie ze stresem. Wi\u0119kszo\u015b\u0107 zdawanych przeze mnie egzamin\u00f3w to by\u0142y egzaminy ustne, kt\u00f3rych rola wydaje mi si\u0119 nie do przecenienia. Jest to bezpo\u015bredni, indywidualny kontakt z autorytetem. Stwarza\u0142y mo\u017cliwo\u015b\u0107 obrony swojego punktu widzenia, pada\u0142y czasem s\u0142owa motywuj\u0105ce do podj\u0119cia dalszych wysi\u0142k\u00f3w, inspiruj\u0105ce do zainteresowania si\u0119 jak\u0105\u015b problematyk\u0105.<\/p>\n<p class=\"rtejustify\"><strong>Jak edukacja na Uniwersytecie \u015al\u0105skim wp\u0142yn\u0119\u0142a na wyb\u00f3r Pani drogi zawodowej? Kt\u00f3re do\u015bwiadczenia z czasu studi\u00f3w okaza\u0142y si\u0119 kluczowe w poszukiwaniu pracy?<\/strong><\/p>\n<p class=\"rtejustify\">Opr\u00f3cz wyniesionej wiedzy organizowane przez Uczelni\u0119 praktyki zawodowe, w kt\u00f3rych mia\u0142am przyjemno\u015b\u0107 uczestniczy\u0107, spotkania z psychologami praktykami \u2013 dawa\u0142y mo\u017cliwo\u015b\u0107 rozeznania si\u0119 w mo\u017cliwo\u015bciach rynku pracy.<\/p>\n<p class=\"rtejustify\"><strong>Co radzi Pani kandydatom na studia i studentom U\u015a, kt\u00f3rzy wkr\u00f3tce wejd\u0105 na rynek pracy?<\/strong><\/p>\n<p class=\"rtejustify\">Odkrywanie swoich mocnych stron, zainteresowa\u0144, pasji oraz aktywno\u015b\u0107 \u2013 udzia\u0142 w projektach, praktykach, sta\u017cach organizowanych zar\u00f3wno przez Uczelni\u0119, jak i pracodawc\u00f3w, podejmowanie dorywczych prac \u2013 to dobry spos\u00f3b na zdobywanie do\u015bwiadcze\u0144 zawodowych i rozw\u00f3j osobistych kompetencji a tak\u017ce poznanie w\u0142asnych preferencji.<\/p>\n<\/div>\n<p>\n<\/div>\r\n                    <\/div>\r\n                <\/div>[\/vc_column][\/vc_row]<\/p>","protected":false},"excerpt":{"rendered":"<p>[vc_row][vc_column][\/vc_column][\/vc_row] [&#8230;]<\/p>\n<p><a class=\"btn btn-secondary understrap-read-more-link\" href=\"https:\/\/us.edu.pl\/absolwent\/maria-plonka-nasi-absolwenci\/\">Read More&#8230;<\/a><\/p>\n","protected":false},"author":1,"featured_media":0,"parent":0,"menu_order":0,"comment_status":"closed","ping_status":"closed","template":"","meta":{"_expiration-date-status":"saved","_expiration-date":0,"_expiration-date-type":"","_expiration-date-categories":[],"_expiration-date-options":[]},"acf":[],"_links":{"self":[{"href":"https:\/\/us.edu.pl\/absolwent\/wp-json\/wp\/v2\/pages\/708"}],"collection":[{"href":"https:\/\/us.edu.pl\/absolwent\/wp-json\/wp\/v2\/pages"}],"about":[{"href":"https:\/\/us.edu.pl\/absolwent\/wp-json\/wp\/v2\/types\/page"}],"author":[{"embeddable":true,"href":"https:\/\/us.edu.pl\/absolwent\/wp-json\/wp\/v2\/users\/1"}],"replies":[{"embeddable":true,"href":"https:\/\/us.edu.pl\/absolwent\/wp-json\/wp\/v2\/comments?post=708"}],"version-history":[{"count":7,"href":"https:\/\/us.edu.pl\/absolwent\/wp-json\/wp\/v2\/pages\/708\/revisions"}],"predecessor-version":[{"id":1275,"href":"https:\/\/us.edu.pl\/absolwent\/wp-json\/wp\/v2\/pages\/708\/revisions\/1275"}],"wp:attachment":[{"href":"https:\/\/us.edu.pl\/absolwent\/wp-json\/wp\/v2\/media?parent=708"}],"curies":[{"name":"wp","href":"https:\/\/api.w.org\/{rel}","templated":true}]}}