{"id":716,"date":"2019-10-15T16:25:26","date_gmt":"2019-10-15T14:25:26","guid":{"rendered":"https:\/\/us.edu.pl\/absolwent\/?page_id=716"},"modified":"2019-10-15T16:25:26","modified_gmt":"2019-10-15T14:25:26","slug":"marek-traskowski-nasi-absolwenci","status":"publish","type":"page","link":"https:\/\/us.edu.pl\/absolwent\/absolwencius\/nasi-absolwenci\/marek-traskowski-nasi-absolwenci\/","title":{"rendered":"Marek Traskowski &#8211; Nasi Absolwenci"},"content":{"rendered":"<p>[vc_row][vc_column]\r\n                <div class=\"text-modules\">\r\n                    <div class=\"container\">\r\n                        <h3 class=\"page-title text__title\">Marek Traskowski - Nasi Absolwenci<\/h3>\r\n                        <div class=\"text-modules__content\"><\/p>\n<div class=\"content\">\n<p><img class=\"imagefield imagefield-field_image alignleft\" src=\"http:\/\/absolwent.us.edu.pl\/sites\/absolwent.us.edu.pl\/files\/mt2_0.jpeg?1429789351\" alt=\"\" width=\"200\" height=\"300\" \/><\/p>\n<p class=\"rtejustify\" style=\"text-align: left;\">W roku 1996 uko\u0144czy\u0142 Wydzia\u0142 Telewizyjno-Filmowy Uniwersytetu \u015al\u0105skiego w Katowicach na kierunku Realizacja Obrazu Telewizyjno-Filmowego. W czasie studi\u00f3w realizowa\u0142 jako operator obrazu filmy dokumentalne m.in. \u201eCicha przysta\u0144\u201d w re\u017cyserii Mariusza Malca, \u201ePrzez nokaut\u201d Macieja Pieprzycy, \u201eHotel Panoptikon\u201d Piotra Jaworskiego. Wsp\u00f3\u0142pracowa\u0142 z Polsk\u0105 Kronik\u0105 Filmow\u0105.<\/p>\n<p class=\"rtejustify\" style=\"text-align: left;\">Prac\u0119 zawodow\u0105 rozpocz\u0105\u0142 od realizacji teledysk\u00f3w i film\u00f3w reklamowych w studio filmowym O\u2019Key w Warszawie. Zar\u00f3wno jako operator, jak i re\u017cyser. Od <span title=\"\">2000 roku i do dzi\u015b pracuje jako freelancer. <\/span>Operatorskim debiutem fabularnym MarkaTraskowskiego jest film \u201eInferno\u201d w re\u017cyserii Macieja Pieprzycy z 2000 roku. Jest autorem zdj\u0119\u0107 do film\u00f3w \u201eBarb\u00f3rka\u201d (nagroda za zdj\u0119cia na festiwalu w Czarnog\u00f3rze w 2007roku) i \u201eDrzazgi\u201d tego samego re\u017cysera. Realizowa\u0142 tak\u017ce zdj\u0119cia do teatr\u00f3w telewizji \u201eZorka\u201d \u0141ukasza Wyl\u0119\u017ca\u0142ka, \u201eCh\u0142opiec i Anio\u0142\u201d Micha\u0142a Rosy, \u201eShow Coogan\u00f3w\u201d, \u201ePadnij\u201d, \u201eFryzjer\u201d Macieja Pieprzycy. Robi\u0142 zdj\u0119cia do seriali: \u201eNa dobre i na z\u0142e\u201d, \u201eKryminalni\u201d, \u201eLondy\u0144czycy\u201d, \u201e1920. Wojna i mi\u0142o\u015b\u0107\u201d, \u201eSi\u0142a wy\u017csza\u201d \u201eNa kraw\u0119dzi\u201d, \u201eSzpilki na Giewoncie\u201d, \u201eKomisarz Alex\u201d. Napisa\u0142 scenariusz do 99 odcinka serialu \u201eKryminalni\u201d pt. \u201eA\u017cuda\u201d, kt\u00f3ry wsp\u00f3\u0142re\u017cyserowa\u0142 z Ryszardem Zatorskim. By\u0142 te\u017c autorem zdj\u0119\u0107 do tego odcinka.<\/p>\n<p class=\"rtejustify\" style=\"text-align: left;\">W 2009 roku zosta\u0142 przyj\u0119ty do Stowarzyszenia Autor\u00f3w Zdj\u0119\u0107 Filmowych\/PSC. Od 2011 pe\u0142ni\u0142 funkcj\u0119 jednego z cz\u0142onk\u00f3w zarz\u0105du Stowarzyszenia Autor\u00f3w Zdj\u0119\u0107 Filmowych\/PSC, obecnie ju\u017c nie jest w zarz\u0105dzie. Do jego najnowszych osi\u0105gni\u0119\u0107 nale\u017c\u0105: praca nad zdj\u0119ciami &#8211; HEAD 2016 rok (film fabularny &#8211; kr\u00f3tkometra\u017cowy),\u00a0DROGI WOLNO\u015aCI 2018 rok; scenarysta oraz re\u017cyser &#8211;\u00a0SZKRAB NA KRA\u0143CACH PIA\u015aNICY (2015 rok),\u00a0 operator kamery &#8211;\u00a0KOMISARZ ALEX (2011 &#8211; 2019).<\/p>\n<p class=\"rtejustify\" style=\"text-align: left;\">Strona internetowa Marka Traskowskiego: <a href=\"http:\/\/www.traskowski.com\">www.traskowski.com<\/a><\/p>\n<\/div>\n<p>\n<\/div>\r\n                    <\/div>\r\n                <\/div>[\/vc_column][\/vc_row]<\/p>","protected":false},"excerpt":{"rendered":"<p>[vc_row][vc_column][\/vc_column][\/vc_row] [&#8230;]<\/p>\n<p><a class=\"btn btn-secondary understrap-read-more-link\" href=\"https:\/\/us.edu.pl\/absolwent\/absolwencius\/nasi-absolwenci\/marek-traskowski-nasi-absolwenci\/\">Read More&#8230;<\/a><\/p>\n","protected":false},"author":1,"featured_media":0,"parent":331,"menu_order":0,"comment_status":"closed","ping_status":"closed","template":"","meta":{"_expiration-date-status":"","_expiration-date":0,"_expiration-date-type":"","_expiration-date-categories":[],"_expiration-date-options":[]},"acf":[],"_links":{"self":[{"href":"https:\/\/us.edu.pl\/absolwent\/wp-json\/wp\/v2\/pages\/716"}],"collection":[{"href":"https:\/\/us.edu.pl\/absolwent\/wp-json\/wp\/v2\/pages"}],"about":[{"href":"https:\/\/us.edu.pl\/absolwent\/wp-json\/wp\/v2\/types\/page"}],"author":[{"embeddable":true,"href":"https:\/\/us.edu.pl\/absolwent\/wp-json\/wp\/v2\/users\/1"}],"replies":[{"embeddable":true,"href":"https:\/\/us.edu.pl\/absolwent\/wp-json\/wp\/v2\/comments?post=716"}],"version-history":[{"count":2,"href":"https:\/\/us.edu.pl\/absolwent\/wp-json\/wp\/v2\/pages\/716\/revisions"}],"predecessor-version":[{"id":1278,"href":"https:\/\/us.edu.pl\/absolwent\/wp-json\/wp\/v2\/pages\/716\/revisions\/1278"}],"up":[{"embeddable":true,"href":"https:\/\/us.edu.pl\/absolwent\/wp-json\/wp\/v2\/pages\/331"}],"wp:attachment":[{"href":"https:\/\/us.edu.pl\/absolwent\/wp-json\/wp\/v2\/media?parent=716"}],"curies":[{"name":"wp","href":"https:\/\/api.w.org\/{rel}","templated":true}]}}