{"id":775,"date":"2019-10-18T12:39:19","date_gmt":"2019-10-18T10:39:19","guid":{"rendered":"https:\/\/us.edu.pl\/absolwent\/?page_id=775"},"modified":"2020-04-08T14:54:09","modified_gmt":"2020-04-08T12:54:09","slug":"natalia-m-ruman-absolwentka-z-pasja-2018-roku","status":"publish","type":"page","link":"https:\/\/us.edu.pl\/absolwent\/natalia-m-ruman-absolwentka-z-pasja-2018-roku\/","title":{"rendered":"Natalia M. Ruman \u201eAbsolwentk\u0105 z Pasj\u0105\u201d 2018 roku"},"content":{"rendered":"<p>[vc_row][vc_column]\r\n                <div class=\"text-modules\">\r\n                    <div class=\"container\">\r\n                        <h3 class=\"page-title text__title\">Natalia M. Ruman \u201eAbsolwentk\u0105 z Pasj\u0105\u201d 2018 roku<\/h3>\r\n                        <div class=\"text-modules__content\"><p>Doktor nauk spo\u0142ecznych w zakresie pedagogiki na Wydziale Etnologii i Nauk o Edukacji w Cieszynie. Magister pedagogiki na specjalno\u015bci: zintegrowana edukacja wczesnoszkolna i wychowanie przedszkolne. Magister teologii na specjalno\u015bci nauczycielskiej. Uzyska\u0142a stopie\u0144 naukowego licentia in sacra theologia zgodnie z Konstytucj\u0105 Apostolsk\u0105 Sapientia Christiana.<\/p>\n<p>Docenienie dotychczasowej pracy stanowi coroczna nagroda Starosty Pszczy\u0144skiego Paw\u0142a Sadzy oraz nagroda z okazji Dnia Edukacji Narodowej przyznawana przez dyrektora szko\u0142y, w kt\u00f3rej pracuje. Jest r\u00f3wnie\u017c adiunktem w Zak\u0142adzie Edukacji Humanistycznej i Nauk Pomocniczych Pedagogiki na Wydziale Etnologii i Nauk o Edukacji w Cieszynie .<\/p>\n<p>Jest autork\u0105 wielu artyku\u0142\u00f3w publikowanych w czasopismach recenzowanych oraz w redagowanych publikacjach ksi\u0105\u017ckowych, a tak\u017ce prelegentk\u0105 w kilkudziesi\u0119ciu konferencjach oraz organizatork\u0105 licznych konferencji, warsztat\u00f3w i wystaw o tematyce teologicznej i pedagogicznej.<\/p>\n<p>Jej zainteresowania naukowe szczeg\u00f3lnie obejmuj\u0105 nast\u0119puj\u0105ce dziedziny i obszary nauki: edukacja regionalna, wielo- i mi\u0119dzykulturowa, edukacja religijna \u2013 rola religii w dynamice zjawiska, to\u017csamo\u015b\u0107, tradycja, dziedzictwo kulturowe, aksjologia, katecheza jako religijno-moralne wychowanie, pedeutologia \u2013 wsp\u00f3\u0142czesne dylematy katechizacji, rola nauczyciela \u2013 katechety w procesie dydaktyczno-wychowawczym, a tak\u017ce tanatologia. Bra\u0142a udzia\u0142 w projekcie naukowo-badawczym Zak\u0142adu Katechetyki, Pedagogiki Chrze\u015bcija\u0144skiej i Katolickiej Nauki Spo\u0142ecznej Wydzia\u0142u Teologicznego Uniwersytetu \u015al\u0105skiego w Katowicach pt. \u201eWychowanie i edukacja ku dojrza\u0142emu prze\u017cywaniu wiary we wsp\u00f3lnocie chrze\u015bcija\u0144skiej\u201d.<\/p>\n<p>Na Ziemi Pszczy\u0144skiej znana jest jako spo\u0142ecznik, gdy\u017c jeszcze jako studentka dw\u00f3ch Wydzia\u0142\u00f3w Uniwersytetu \u015al\u0105skiego (Teologicznego i Etnologii i Nauk o Edukacji) w latach 2005\u20132010 by\u0142a wolontariuszem na \u015awietlicy Socjoterapeutycznej \u201eZmaganie\u201d w Pszczynie, p\u00f3\u017aniej rozpocz\u0119\u0142a tak\u017ce wsp\u00f3\u0142prac\u0119 z Towarzystwem Mi\u0142o\u015bnik\u00f3w Ziemi Pszczy\u0144skiej. Dzi\u0119ki temu mog\u0142a zacz\u0105\u0107 publikowa\u0107 na \u0142amach czasopisma \u201ePszczy\u0144ski Niezale\u017cny Or\u0119downik Kulturalny\u201d. W latach 2010\u20132012 zorganizowa\u0142a warsztaty, wystawy autorskie, prelekcje w Muzeum Prasy \u015al\u0105skiej oraz Bibliotece Pedagogicznej w Pszczynie.<\/p>\n<p>Od 5 lat wsp\u00f3\u0142pracuje z O\u015brodkiem Matka Bo\u017ca R\u00f3\u017ca\u0144cowa w Starej Wsi, gdzie organizuje wolontariat dla niepe\u0142nosprawnych podopiecznych.<\/p>\n<p>Docenieniem jej wielkiego zaanga\u017cowania i wysi\u0142ku jest Wyr\u00f3\u017cnienie JM Rektora Uniwersytetu \u015al\u0105skiego prof. zw. dr hab. Wies\u0142awa Banysia oraz list gratulacyjny Burmistrza Pszczyny Dariusza Skrobola dla najlepszych ambasador\u00f3w miasta Pszczyny.<\/p>\n<\/div>\r\n                    <\/div>\r\n                <\/div>[\/vc_column][\/vc_row]<\/p>","protected":false},"excerpt":{"rendered":"<p>[vc_row][vc_column][\/vc_column][\/vc_row] [&#8230;]<\/p>\n<p><a class=\"btn btn-secondary understrap-read-more-link\" href=\"https:\/\/us.edu.pl\/absolwent\/natalia-m-ruman-absolwentka-z-pasja-2018-roku\/\">Read More&#8230;<\/a><\/p>\n","protected":false},"author":33,"featured_media":0,"parent":0,"menu_order":0,"comment_status":"closed","ping_status":"closed","template":"","meta":{"_expiration-date-status":"saved","_expiration-date":0,"_expiration-date-type":"","_expiration-date-categories":[],"_expiration-date-options":[]},"acf":[],"_links":{"self":[{"href":"https:\/\/us.edu.pl\/absolwent\/wp-json\/wp\/v2\/pages\/775"}],"collection":[{"href":"https:\/\/us.edu.pl\/absolwent\/wp-json\/wp\/v2\/pages"}],"about":[{"href":"https:\/\/us.edu.pl\/absolwent\/wp-json\/wp\/v2\/types\/page"}],"author":[{"embeddable":true,"href":"https:\/\/us.edu.pl\/absolwent\/wp-json\/wp\/v2\/users\/33"}],"replies":[{"embeddable":true,"href":"https:\/\/us.edu.pl\/absolwent\/wp-json\/wp\/v2\/comments?post=775"}],"version-history":[{"count":3,"href":"https:\/\/us.edu.pl\/absolwent\/wp-json\/wp\/v2\/pages\/775\/revisions"}],"predecessor-version":[{"id":1464,"href":"https:\/\/us.edu.pl\/absolwent\/wp-json\/wp\/v2\/pages\/775\/revisions\/1464"}],"wp:attachment":[{"href":"https:\/\/us.edu.pl\/absolwent\/wp-json\/wp\/v2\/media?parent=775"}],"curies":[{"name":"wp","href":"https:\/\/api.w.org\/{rel}","templated":true}]}}