{"id":935,"date":"2019-11-28T13:32:10","date_gmt":"2019-11-28T12:32:10","guid":{"rendered":"https:\/\/us.edu.pl\/absolwent\/?page_id=935"},"modified":"2021-03-01T10:41:53","modified_gmt":"2021-03-01T09:41:53","slug":"katarzyna-borkowska","status":"publish","type":"page","link":"https:\/\/us.edu.pl\/absolwent\/en\/absolwencius\/najlepsi-absolwenci-poprzednie-edycje\/najlepsi-absolwenci-roku-akademickiego-2017-2018\/katarzyna-borkowska\/","title":{"rendered":"(Polski) Katarzyna Borkowska"},"content":{"rendered":"<p>[vc_row][vc_column]\r\n                <div class=\"text-modules\">\r\n                    <div class=\"container\">\r\n                        <h3 class=\"page-title text__title\">Katarzyna Borkowska<\/h3>\r\n                        <div class=\"text-modules__content\"><p>She is a graduate of Master\u2019s degree studies in Graphic Arts at the Faculty of Arts in Cieszyn. She obtained an A in the specialty of Publishing and Artistic Graphic Arts. Co-author of publication (comic book) \u201cIstota\u201d publ. Kultura Gniewu, Warsaw 2018. She participated in numerous exhibitions incl.: <em>To my. Polska, <\/em>Centro Cultural Arquitectura of the Universidad Autonoma de Nuevo Leon, Monterrey, Mexico, 2015; <em>Matryce poezji<\/em>, Galeria Szyb Wilson, Katowice, 2015; Przegl\u0105d Tw\u00f3rczo\u015bci Student\u00f3w A Rt+, Cieszyn, 2016; IKE Ilustracja \/ Komiks \/ Ekslibris, Miejska Galeria Sztuki \u201cOBOK\u201d, 2018.<\/p>\n<\/div>\r\n                    <\/div>\r\n                <\/div>[\/vc_column][\/vc_row]<\/p>","protected":false},"excerpt":{"rendered":"<p>[vc_row][vc_column][\/vc_column][\/vc_row] [&#8230;]<\/p>\n<p><a class=\"btn btn-secondary understrap-read-more-link\" href=\"https:\/\/us.edu.pl\/absolwent\/en\/absolwencius\/najlepsi-absolwenci-poprzednie-edycje\/najlepsi-absolwenci-roku-akademickiego-2017-2018\/katarzyna-borkowska\/\">Read More&#8230;<\/a><\/p>\n","protected":false},"author":33,"featured_media":0,"parent":821,"menu_order":0,"comment_status":"closed","ping_status":"closed","template":"","meta":{"_expiration-date-status":"saved","_expiration-date":0,"_expiration-date-type":"","_expiration-date-categories":[],"_expiration-date-options":[]},"acf":[],"_links":{"self":[{"href":"https:\/\/us.edu.pl\/absolwent\/en\/wp-json\/wp\/v2\/pages\/935"}],"collection":[{"href":"https:\/\/us.edu.pl\/absolwent\/en\/wp-json\/wp\/v2\/pages"}],"about":[{"href":"https:\/\/us.edu.pl\/absolwent\/en\/wp-json\/wp\/v2\/types\/page"}],"author":[{"embeddable":true,"href":"https:\/\/us.edu.pl\/absolwent\/en\/wp-json\/wp\/v2\/users\/33"}],"replies":[{"embeddable":true,"href":"https:\/\/us.edu.pl\/absolwent\/en\/wp-json\/wp\/v2\/comments?post=935"}],"version-history":[{"count":0,"href":"https:\/\/us.edu.pl\/absolwent\/en\/wp-json\/wp\/v2\/pages\/935\/revisions"}],"up":[{"embeddable":true,"href":"https:\/\/us.edu.pl\/absolwent\/en\/wp-json\/wp\/v2\/pages\/821"}],"wp:attachment":[{"href":"https:\/\/us.edu.pl\/absolwent\/en\/wp-json\/wp\/v2\/media?parent=935"}],"curies":[{"name":"wp","href":"https:\/\/api.w.org\/{rel}","templated":true}]}}