{"id":942,"date":"2019-11-28T13:41:02","date_gmt":"2019-11-28T12:41:02","guid":{"rendered":"https:\/\/us.edu.pl\/absolwent\/?page_id=942"},"modified":"2021-03-01T10:50:40","modified_gmt":"2021-03-01T09:50:40","slug":"daria-chlebek","status":"publish","type":"page","link":"https:\/\/us.edu.pl\/absolwent\/absolwencius\/najlepsi-absolwenci-poprzednie-edycje\/najlepsi-absolwenci-roku-akademickiego-2017-2018\/daria-chlebek\/","title":{"rendered":"Daria Chlebek"},"content":{"rendered":"<p>[vc_row][vc_column]\r\n                <div class=\"text-modules\">\r\n                    <div class=\"container\">\r\n                        <h3 class=\"page-title text__title\">Daria Chlebek<\/h3>\r\n                        <div class=\"text-modules__content\"><p>Absolwentka Wydzia\u0142u Biologii i Ochrony \u015arodowiska na kierunku Biotechnologia. Uzyska\u0142a ocen\u0105 celuj\u0105c\u0105. Realizowa\u0142a Granty Rektora Uniwersytetu \u015al\u0105skiego w Katowicach dla najlepszych student\u00f3w pt. \u201eOcena potencja\u0142u wybranych bakterii endofitycznych do ochrony ro\u015blin przed fitopatogenami\u201d. Uczestniczka licznych konferencji naukowych m.in. 52 Og\u00f3lnopolskiej Konferencji Mikrobiologicznej pt. \u201eMikrobiologia \u015brodowiskowa szans\u0105 dla biotechnologii i zr\u00f3wnowa\u017conego rozwoju\u201d oraz IV Og\u00f3lnopolskiej Konferencji Doktorant\u00f3w Nauk o \u017byciu \u201eBioOpen 2018\u201d \u2013 \u0141\u00f3d\u017a (05\/2018). Wsp\u00f3\u0142autorka publikacji \u201eBakterie endofityczne w fitodegradacji toksycznych zanieczyszcze\u0144 organicznych. Post\u0119py mikrobiologii\u201d. Stypendystka Rektora U\u015a w 2017\/2018 roku. Interesuje si\u0119 muzyk\u0105, ksi\u0105\u017ckami popularnonaukowymi oraz g\u00f3rami.<\/p>\n<\/div>\r\n                    <\/div>\r\n                <\/div>[\/vc_column][\/vc_row]<\/p>","protected":false},"excerpt":{"rendered":"<p>[vc_row][vc_column][\/vc_column][\/vc_row] [&#8230;]<\/p>\n<p><a class=\"btn btn-secondary understrap-read-more-link\" href=\"https:\/\/us.edu.pl\/absolwent\/absolwencius\/najlepsi-absolwenci-poprzednie-edycje\/najlepsi-absolwenci-roku-akademickiego-2017-2018\/daria-chlebek\/\">Read More&#8230;<\/a><\/p>\n","protected":false},"author":33,"featured_media":0,"parent":821,"menu_order":0,"comment_status":"closed","ping_status":"closed","template":"","meta":{"_expiration-date-status":"saved","_expiration-date":0,"_expiration-date-type":"","_expiration-date-categories":[],"_expiration-date-options":[]},"acf":[],"_links":{"self":[{"href":"https:\/\/us.edu.pl\/absolwent\/wp-json\/wp\/v2\/pages\/942"}],"collection":[{"href":"https:\/\/us.edu.pl\/absolwent\/wp-json\/wp\/v2\/pages"}],"about":[{"href":"https:\/\/us.edu.pl\/absolwent\/wp-json\/wp\/v2\/types\/page"}],"author":[{"embeddable":true,"href":"https:\/\/us.edu.pl\/absolwent\/wp-json\/wp\/v2\/users\/33"}],"replies":[{"embeddable":true,"href":"https:\/\/us.edu.pl\/absolwent\/wp-json\/wp\/v2\/comments?post=942"}],"version-history":[{"count":2,"href":"https:\/\/us.edu.pl\/absolwent\/wp-json\/wp\/v2\/pages\/942\/revisions"}],"predecessor-version":[{"id":1738,"href":"https:\/\/us.edu.pl\/absolwent\/wp-json\/wp\/v2\/pages\/942\/revisions\/1738"}],"up":[{"embeddable":true,"href":"https:\/\/us.edu.pl\/absolwent\/wp-json\/wp\/v2\/pages\/821"}],"wp:attachment":[{"href":"https:\/\/us.edu.pl\/absolwent\/wp-json\/wp\/v2\/media?parent=942"}],"curies":[{"name":"wp","href":"https:\/\/api.w.org\/{rel}","templated":true}]}}