{"id":944,"date":"2019-11-28T13:42:33","date_gmt":"2019-11-28T12:42:33","guid":{"rendered":"https:\/\/us.edu.pl\/absolwent\/?page_id=944"},"modified":"2021-03-01T10:54:54","modified_gmt":"2021-03-01T09:54:54","slug":"anton-dragomiletskii","status":"publish","type":"page","link":"https:\/\/us.edu.pl\/absolwent\/absolwencius\/najlepsi-absolwenci-poprzednie-edycje\/najlepsi-absolwenci-roku-akademickiego-2017-2018\/anton-dragomiletskii\/","title":{"rendered":"Anton Dragomiletskii"},"content":{"rendered":"<p>[vc_row][vc_column]\r\n                <div class=\"text-modules\">\r\n                    <div class=\"container\">\r\n                        <h3 class=\"page-title text__title\">Anton Dragomiletskii<\/h3>\r\n                        <div class=\"text-modules__content\"><p>Absolwent studi\u00f3w magisterskich na kierunku Pedagogika, specjalno\u015b\u0107 Opieku\u0144czo-Wychowawcza z terapi\u0105 pedagogiczn\u0105, gdzie uzyska\u0142 ocen\u0119 celuj\u0105c\u0105 oraz specjalno\u015b\u0107 Terapia Pedagogiczna, na Wydziale Etnologii i Nauk o Edukacji. By\u0142y przewodnicz\u0105cy Ko\u0142a Naukowego Edukacji Mi\u0119dzykulturowej, organizator wielu konferencji o zasi\u0119gu og\u00f3lnopolskim i mi\u0119dzynarodowym m.in. IV Mi\u0119dzynarodowej Konferencji Naukowej Pytania o Inno\u015b\u0107 &#8211; Inny w moich oczach, Ja w oczach innego, Wydzia\u0142 Etnologii i Nauk o Edukacji U\u015a, Edukacja mi\u0119dzykulturowa w systemie o\u015bwiatowym Federacji Rosyjskiej. Autor publikacji\u00a0<em>Edukacja wielokulturowa w systemie o\u015bwiatowym\u2028 Federacji Rosyjskiej \u2013 od teorii do praktyki edukacyjnej, \u201eEdukacja Mi\u0119dzykulturowa\u201d, 2017, nr 1 (16)<\/em>. Stypendysta w ramach programu Erasmus+ na Uniwersytet Pa\u0142ackiego w O\u0142omu\u0144cu.<\/p>\n<\/div>\r\n                    <\/div>\r\n                <\/div>[\/vc_column][\/vc_row]<\/p>","protected":false},"excerpt":{"rendered":"<p>[vc_row][vc_column][\/vc_column][\/vc_row] [&#8230;]<\/p>\n<p><a class=\"btn btn-secondary understrap-read-more-link\" href=\"https:\/\/us.edu.pl\/absolwent\/absolwencius\/najlepsi-absolwenci-poprzednie-edycje\/najlepsi-absolwenci-roku-akademickiego-2017-2018\/anton-dragomiletskii\/\">Read More&#8230;<\/a><\/p>\n","protected":false},"author":33,"featured_media":0,"parent":821,"menu_order":0,"comment_status":"closed","ping_status":"closed","template":"","meta":{"_expiration-date-status":"saved","_expiration-date":0,"_expiration-date-type":"","_expiration-date-categories":[],"_expiration-date-options":[]},"acf":[],"_links":{"self":[{"href":"https:\/\/us.edu.pl\/absolwent\/wp-json\/wp\/v2\/pages\/944"}],"collection":[{"href":"https:\/\/us.edu.pl\/absolwent\/wp-json\/wp\/v2\/pages"}],"about":[{"href":"https:\/\/us.edu.pl\/absolwent\/wp-json\/wp\/v2\/types\/page"}],"author":[{"embeddable":true,"href":"https:\/\/us.edu.pl\/absolwent\/wp-json\/wp\/v2\/users\/33"}],"replies":[{"embeddable":true,"href":"https:\/\/us.edu.pl\/absolwent\/wp-json\/wp\/v2\/comments?post=944"}],"version-history":[{"count":3,"href":"https:\/\/us.edu.pl\/absolwent\/wp-json\/wp\/v2\/pages\/944\/revisions"}],"predecessor-version":[{"id":1740,"href":"https:\/\/us.edu.pl\/absolwent\/wp-json\/wp\/v2\/pages\/944\/revisions\/1740"}],"up":[{"embeddable":true,"href":"https:\/\/us.edu.pl\/absolwent\/wp-json\/wp\/v2\/pages\/821"}],"wp:attachment":[{"href":"https:\/\/us.edu.pl\/absolwent\/wp-json\/wp\/v2\/media?parent=944"}],"curies":[{"name":"wp","href":"https:\/\/api.w.org\/{rel}","templated":true}]}}