{"id":946,"date":"2019-11-28T13:43:24","date_gmt":"2019-11-28T12:43:24","guid":{"rendered":"https:\/\/us.edu.pl\/absolwent\/?page_id=946"},"modified":"2021-03-01T10:56:51","modified_gmt":"2021-03-01T09:56:51","slug":"lukasz-matusiak","status":"publish","type":"page","link":"https:\/\/us.edu.pl\/absolwent\/absolwencius\/najlepsi-absolwenci-poprzednie-edycje\/najlepsi-absolwenci-roku-akademickiego-2017-2018\/lukasz-matusiak\/","title":{"rendered":"\u0141ukasz Matusiak"},"content":{"rendered":"<p>[vc_row][vc_column]\r\n                <div class=\"text-modules\">\r\n                    <div class=\"container\">\r\n                        <h3 class=\"page-title text__title\">\u0141ukasz Matusiak<\/h3>\r\n                        <div class=\"text-modules__content\"><p>Absolwent studi\u00f3w magisterskich na kierunku Pedagogika specjalno\u015b\u0107 Opieku\u0144czo-Wychowawcza z terapi\u0105 pedagogiczn\u0105, gdzie uzyska\u0142 ocen\u0105 celuj\u0105c\u0105,\u00a0 specjalno\u015b\u0107 Terapia Pedagogiczna, na Wydziale Etnologii i Nauk o Edukacji oraz Podyplomowe Studia Kwalifikacyjne Nauczania Kultury Polskiej i J\u0119zyka Polskiego jako Obcego. By\u0142y przewodnicz\u0105cy Ko\u0142a Naukowego Edukacji Mi\u0119dzykulturowej. Organizator licznych konferencji naukowych w tym m.in.: II Og\u00f3lnopolskiej Interdyscyplinarnej Konferencji Naukowej pt. Wsp\u00f3\u0142czesny cz\u0142owiek w obliczu (nie)przychylnej rzeczywisto\u015bci, S\u0105siedzi czy (wci\u0105\u017c) obcy? O Polakach i Romach w Polsce Katowice. Autor wielu publikacji min.: Organizacja wczesnego wspomagania rozwoju dziecka w Polsce \u2013 na przyk\u0142adzie Cieszyna i O\u015bwi\u0119cimia, \u201ePsychiatria i Psychologia Kliniczna\u201d, 2016, vol.16 (4). Stypendysta Ministra Nauki i Szkolnictwa Wy\u017cszego w roku akademickim 2017\/2018 oraz JM Rektora U\u015a dla najlepszych student\u00f3w.<\/p>\n<\/div>\r\n                    <\/div>\r\n                <\/div>[\/vc_column][\/vc_row]<\/p>","protected":false},"excerpt":{"rendered":"<p>[vc_row][vc_column][\/vc_column][\/vc_row] [&#8230;]<\/p>\n<p><a class=\"btn btn-secondary understrap-read-more-link\" href=\"https:\/\/us.edu.pl\/absolwent\/absolwencius\/najlepsi-absolwenci-poprzednie-edycje\/najlepsi-absolwenci-roku-akademickiego-2017-2018\/lukasz-matusiak\/\">Read More&#8230;<\/a><\/p>\n","protected":false},"author":33,"featured_media":0,"parent":821,"menu_order":0,"comment_status":"closed","ping_status":"closed","template":"","meta":{"_expiration-date-status":"saved","_expiration-date":0,"_expiration-date-type":"","_expiration-date-categories":[],"_expiration-date-options":[]},"acf":[],"_links":{"self":[{"href":"https:\/\/us.edu.pl\/absolwent\/wp-json\/wp\/v2\/pages\/946"}],"collection":[{"href":"https:\/\/us.edu.pl\/absolwent\/wp-json\/wp\/v2\/pages"}],"about":[{"href":"https:\/\/us.edu.pl\/absolwent\/wp-json\/wp\/v2\/types\/page"}],"author":[{"embeddable":true,"href":"https:\/\/us.edu.pl\/absolwent\/wp-json\/wp\/v2\/users\/33"}],"replies":[{"embeddable":true,"href":"https:\/\/us.edu.pl\/absolwent\/wp-json\/wp\/v2\/comments?post=946"}],"version-history":[{"count":2,"href":"https:\/\/us.edu.pl\/absolwent\/wp-json\/wp\/v2\/pages\/946\/revisions"}],"predecessor-version":[{"id":1741,"href":"https:\/\/us.edu.pl\/absolwent\/wp-json\/wp\/v2\/pages\/946\/revisions\/1741"}],"up":[{"embeddable":true,"href":"https:\/\/us.edu.pl\/absolwent\/wp-json\/wp\/v2\/pages\/821"}],"wp:attachment":[{"href":"https:\/\/us.edu.pl\/absolwent\/wp-json\/wp\/v2\/media?parent=946"}],"curies":[{"name":"wp","href":"https:\/\/api.w.org\/{rel}","templated":true}]}}