{"id":948,"date":"2019-11-28T13:44:19","date_gmt":"2019-11-28T12:44:19","guid":{"rendered":"https:\/\/us.edu.pl\/absolwent\/?page_id=948"},"modified":"2021-03-01T10:59:32","modified_gmt":"2021-03-01T09:59:32","slug":"dawid-bronowski","status":"publish","type":"page","link":"https:\/\/us.edu.pl\/absolwent\/absolwencius\/najlepsi-absolwenci-poprzednie-edycje\/najlepsi-absolwenci-roku-akademickiego-2017-2018\/dawid-bronowski\/","title":{"rendered":"Dawid Bronowski"},"content":{"rendered":"<p>[vc_row][vc_column]\r\n                <div class=\"text-modules\">\r\n                    <div class=\"container\">\r\n                        <h3 class=\"page-title text__title\">Dawid Bronowski<\/h3>\r\n                        <div class=\"text-modules__content\"><p>Absolwent Wydzia\u0142u Filologicznego. Uko\u0144czy\u0142 studia filologiczne z ocen\u0105 celuj\u0105c\u0105 na specjalno\u015bci z j\u0119zykiem rosyjskim. Uczestnik licznych konferencji naukowych m.in.: Sosnowiec Przestrzenie Przek\u0142adu 2 zorganizowana przez Instytut\u00a0 Filologii Wschodnioeuropejskiej Uniwersytetu \u015al\u0105skiego. Referat pt.\u00a0<em>Katechizm Ko\u015bcio\u0142a Katolickiego w j\u0119zyku polskim i rosyjskim \u2013 analiza wybranych jednostek leksykalnych oraz ich t\u0142umaczenia.<\/em>, Ostrawa, mi\u0119dzynarodowa konferencja naukowa\u00a0<em>Slavica Luvenum<\/em>, zorganizowana przez Wydzia\u0142 Filologiczny Uniwersytetu Ostrawskiego.<br \/>\nAutor publikacji po\u015bwi\u0119conych j\u0119zykowi rosyjskiemu min.: \u201e<em>Katechizm Ko\u015bcio\u0142a Katolickiego w j\u0119zyku polskim i rosyjskim \u2013 analiza wybranych jednostek leksykalnych oraz ich t\u0142umaczenia\u201d.\u00a0<\/em>Stypendysta stypendium rektora U\u015a w latach 2016-2018.<\/p>\n<\/div>\r\n                    <\/div>\r\n                <\/div>[\/vc_column][\/vc_row]<\/p>","protected":false},"excerpt":{"rendered":"<p>[vc_row][vc_column][\/vc_column][\/vc_row] [&#8230;]<\/p>\n<p><a class=\"btn btn-secondary understrap-read-more-link\" href=\"https:\/\/us.edu.pl\/absolwent\/absolwencius\/najlepsi-absolwenci-poprzednie-edycje\/najlepsi-absolwenci-roku-akademickiego-2017-2018\/dawid-bronowski\/\">Read More&#8230;<\/a><\/p>\n","protected":false},"author":33,"featured_media":0,"parent":821,"menu_order":0,"comment_status":"closed","ping_status":"closed","template":"","meta":{"_expiration-date-status":"saved","_expiration-date":0,"_expiration-date-type":"","_expiration-date-categories":[],"_expiration-date-options":[]},"acf":[],"_links":{"self":[{"href":"https:\/\/us.edu.pl\/absolwent\/wp-json\/wp\/v2\/pages\/948"}],"collection":[{"href":"https:\/\/us.edu.pl\/absolwent\/wp-json\/wp\/v2\/pages"}],"about":[{"href":"https:\/\/us.edu.pl\/absolwent\/wp-json\/wp\/v2\/types\/page"}],"author":[{"embeddable":true,"href":"https:\/\/us.edu.pl\/absolwent\/wp-json\/wp\/v2\/users\/33"}],"replies":[{"embeddable":true,"href":"https:\/\/us.edu.pl\/absolwent\/wp-json\/wp\/v2\/comments?post=948"}],"version-history":[{"count":2,"href":"https:\/\/us.edu.pl\/absolwent\/wp-json\/wp\/v2\/pages\/948\/revisions"}],"predecessor-version":[{"id":1742,"href":"https:\/\/us.edu.pl\/absolwent\/wp-json\/wp\/v2\/pages\/948\/revisions\/1742"}],"up":[{"embeddable":true,"href":"https:\/\/us.edu.pl\/absolwent\/wp-json\/wp\/v2\/pages\/821"}],"wp:attachment":[{"href":"https:\/\/us.edu.pl\/absolwent\/wp-json\/wp\/v2\/media?parent=948"}],"curies":[{"name":"wp","href":"https:\/\/api.w.org\/{rel}","templated":true}]}}