{"id":950,"date":"2019-11-28T13:45:32","date_gmt":"2019-11-28T12:45:32","guid":{"rendered":"https:\/\/us.edu.pl\/absolwent\/?page_id=950"},"modified":"2021-03-01T11:01:28","modified_gmt":"2021-03-01T10:01:28","slug":"ilona-chylinska","status":"publish","type":"page","link":"https:\/\/us.edu.pl\/absolwent\/absolwencius\/najlepsi-absolwenci-poprzednie-edycje\/najlepsi-absolwenci-roku-akademickiego-2017-2018\/ilona-chylinska\/","title":{"rendered":"Ilona Chyli\u0144ska"},"content":{"rendered":"<p>[vc_row][vc_column]\r\n                <div class=\"text-modules\">\r\n                    <div class=\"container\">\r\n                        <h3 class=\"page-title text__title\">Ilona Chyli\u0144ska<\/h3>\r\n                        <div class=\"text-modules__content\"><p>Absolwentka Filologii Polskiej, specjalno\u015b\u0107: Dziennikarstwo i komunikacja kulturowa, gdzie uzyska\u0142a ocen\u0105 celuj\u0105c\u0105 oraz specjalno\u015b\u0107: Sztuka pisania I st. Studentka studi\u00f3w doktoranckich:\u00a0 Literaturoznawstwo. Uczestniczka licznych konferencji naukowych w tym m.in. Pracownia Krajoznawstwa i Turystyki Historycznej, Uniwersytet Gda\u0144ski; Zak\u0142ad Historii Polski i Powszechnej XIX w., Uniwersytet Gda\u0144ski; og\u00f3lnopolska konferencja \u201ePodr\u00f3\u017c z ksi\u0105\u017ck\u0105 w r\u0119ku\u201d (2017), referat: Palcem po mapie \u2013 mi\u0119dzy znakiem a rzeczywisto\u015bci\u0105, Instytut Filologii Polskiej Akademii Jana D\u0142ugosza, I Og\u00f3lnopolska Konferencja Naukowa: szanse, mo\u017cliwo\u015bci, zagro\u017cenia wsp\u00f3\u0142czesnej literatury. Anomalie, parodie, znaki. In memoriam Lucinae Ro\u017cek, og\u00f3lnopolska, dn. 26.05.2017 r., tytu\u0142 referatu: \u201eAutor raczej Nobla nie we\u017amie\u201d. Intertekstualno\u015b\u0107 w tekstach polskich piosenek rapowych. Autorka publikacji min. \u201eMiasto \u017cywe\u201d i \u201emiasto z przewodnik\u00f3w\u201d. W: Przestrze\u0144 \u2013 literatura \u2013 do\u015bwiadczenie. Z inspiracji geopoetyki. Pod red. T. G\u0119siny, Z. Kad\u0142ubka. Katowice 2016. Czynnie zaanga\u017cowana w dzia\u0142alno\u015b\u0107 popularnonaukow\u0105\u00a0 min. w prowadzenie paneli dyskusyjnych w ramach \u015al\u0105skich Targ\u00f3w Ksi\u0105\u017cki Mi\u0119dzynarodowych Targ\u00f3w Ksi\u0105\u017cki w Krakowie oraz Warszawskich Targ\u00f3w Ksi\u0105\u017cki. Stypendystka Rektora dla najlepszych student\u00f3w Uniwersytetu \u015al\u0105skiego w Katowicach oraz Ministra Nauki i Szkolnictwa Wy\u017cszego.<\/p>\n<\/div>\r\n                    <\/div>\r\n                <\/div>[\/vc_column][\/vc_row]<\/p>","protected":false},"excerpt":{"rendered":"<p>[vc_row][vc_column][\/vc_column][\/vc_row] [&#8230;]<\/p>\n<p><a class=\"btn btn-secondary understrap-read-more-link\" href=\"https:\/\/us.edu.pl\/absolwent\/absolwencius\/najlepsi-absolwenci-poprzednie-edycje\/najlepsi-absolwenci-roku-akademickiego-2017-2018\/ilona-chylinska\/\">Read More&#8230;<\/a><\/p>\n","protected":false},"author":33,"featured_media":0,"parent":821,"menu_order":0,"comment_status":"closed","ping_status":"closed","template":"","meta":{"_expiration-date-status":"saved","_expiration-date":0,"_expiration-date-type":"","_expiration-date-categories":[],"_expiration-date-options":[]},"acf":[],"_links":{"self":[{"href":"https:\/\/us.edu.pl\/absolwent\/wp-json\/wp\/v2\/pages\/950"}],"collection":[{"href":"https:\/\/us.edu.pl\/absolwent\/wp-json\/wp\/v2\/pages"}],"about":[{"href":"https:\/\/us.edu.pl\/absolwent\/wp-json\/wp\/v2\/types\/page"}],"author":[{"embeddable":true,"href":"https:\/\/us.edu.pl\/absolwent\/wp-json\/wp\/v2\/users\/33"}],"replies":[{"embeddable":true,"href":"https:\/\/us.edu.pl\/absolwent\/wp-json\/wp\/v2\/comments?post=950"}],"version-history":[{"count":2,"href":"https:\/\/us.edu.pl\/absolwent\/wp-json\/wp\/v2\/pages\/950\/revisions"}],"predecessor-version":[{"id":1743,"href":"https:\/\/us.edu.pl\/absolwent\/wp-json\/wp\/v2\/pages\/950\/revisions\/1743"}],"up":[{"embeddable":true,"href":"https:\/\/us.edu.pl\/absolwent\/wp-json\/wp\/v2\/pages\/821"}],"wp:attachment":[{"href":"https:\/\/us.edu.pl\/absolwent\/wp-json\/wp\/v2\/media?parent=950"}],"curies":[{"name":"wp","href":"https:\/\/api.w.org\/{rel}","templated":true}]}}