{"id":954,"date":"2019-11-28T13:47:42","date_gmt":"2019-11-28T12:47:42","guid":{"rendered":"https:\/\/us.edu.pl\/absolwent\/?page_id=954"},"modified":"2021-03-01T11:39:54","modified_gmt":"2021-03-01T10:39:54","slug":"dorota-smyla","status":"publish","type":"page","link":"https:\/\/us.edu.pl\/absolwent\/absolwencius\/najlepsi-absolwenci-poprzednie-edycje\/najlepsi-absolwenci-roku-akademickiego-2017-2018\/dorota-smyla\/","title":{"rendered":"Dorota Smy\u0142a"},"content":{"rendered":"<p>[vc_row][vc_column]\r\n                <div class=\"text-modules\">\r\n                    <div class=\"container\">\r\n                        <h3 class=\"page-title text__title\">Dorota Smy\u0142a<\/h3>\r\n                        <div class=\"text-modules__content\"><p>Absolwentka Filologii klasycznej na specjalno\u015bci Filologia grecka i \u0142aci\u0144ska. Uzyska\u0142a ocen\u0119 celuj\u0105c\u0105. Obecnie rozpocz\u0119\u0142a studia licencjackie z historii sztuki. Wsp\u00f3\u0142organizatorka projektu Vestigia Vitruvii, kt\u00f3rego efektem by\u0142o ukazanie si\u0119 artyku\u0142\u00f3w po\u015bwi\u0119conych architekturze staro\u017cytnej w roczniku filologicznym Classica Catoviciensia. Scripta Minora (Tarn\u00f3w 2018). Organizatorka warsztat\u00f3w dla uczni\u00f3w szk\u00f3\u0142 \u015brednich Roma magica, skoncentrowanych na wierzeniach, religii i tradycjach antycznych. Autorka licznych publikacji naukowych min.:\u00a0 Dorota Smy\u0142a, Rzymskie posadzki, ,,Classica Catoviciensia. Scripta Minora\u201d, fasc. 21, Tarn\u00f3w 2018, Atramentum- sekret Apellesa, ,,Szkice o antyku\u201d, t. IV, Tarn\u00f3w 2018. By\u0142a przewodnicz\u0105ca\u00a0 Ko\u0142a Naukowego M\u0142odych Klasyk\u00f3w U\u015a. By\u0142a cz\u0142onkini redakcji\u00a0 rocznika filologicznego \u201eClassica Catoviciensia\u201d. Stypendystka Stypendium Rektora dla Najlepszych Student\u00f3w w latach 2014-2018.<br \/>\nOd listopada 2014 r. jestem wolontariuszk\u0105 w Azylu ,,Cichy K\u0105t\u201d, gdzie zajmuj\u0119 si\u0119 opiek\u0105 nad bezpa\u0144skimi kotami. Wolontariusza w Od Stowarzyszeniu Przyjaci\u00f3\u0142 Bezpa\u0144skich Zwierz\u0105t ,,Cichy K\u0105t\u201d, wsp\u00f3\u0142organizatorka licznych inicjatyw charytatywnych. Mi\u0142o\u015bniczka historii sztuki oraz kot\u00f3w.<\/p>\n<\/div>\r\n                    <\/div>\r\n                <\/div>[\/vc_column][\/vc_row]<\/p>","protected":false},"excerpt":{"rendered":"<p>[vc_row][vc_column][\/vc_column][\/vc_row] [&#8230;]<\/p>\n<p><a class=\"btn btn-secondary understrap-read-more-link\" href=\"https:\/\/us.edu.pl\/absolwent\/absolwencius\/najlepsi-absolwenci-poprzednie-edycje\/najlepsi-absolwenci-roku-akademickiego-2017-2018\/dorota-smyla\/\">Read More&#8230;<\/a><\/p>\n","protected":false},"author":33,"featured_media":0,"parent":821,"menu_order":0,"comment_status":"closed","ping_status":"closed","template":"","meta":{"_expiration-date-status":"saved","_expiration-date":0,"_expiration-date-type":"","_expiration-date-categories":[],"_expiration-date-options":[]},"acf":[],"_links":{"self":[{"href":"https:\/\/us.edu.pl\/absolwent\/wp-json\/wp\/v2\/pages\/954"}],"collection":[{"href":"https:\/\/us.edu.pl\/absolwent\/wp-json\/wp\/v2\/pages"}],"about":[{"href":"https:\/\/us.edu.pl\/absolwent\/wp-json\/wp\/v2\/types\/page"}],"author":[{"embeddable":true,"href":"https:\/\/us.edu.pl\/absolwent\/wp-json\/wp\/v2\/users\/33"}],"replies":[{"embeddable":true,"href":"https:\/\/us.edu.pl\/absolwent\/wp-json\/wp\/v2\/comments?post=954"}],"version-history":[{"count":3,"href":"https:\/\/us.edu.pl\/absolwent\/wp-json\/wp\/v2\/pages\/954\/revisions"}],"predecessor-version":[{"id":1745,"href":"https:\/\/us.edu.pl\/absolwent\/wp-json\/wp\/v2\/pages\/954\/revisions\/1745"}],"up":[{"embeddable":true,"href":"https:\/\/us.edu.pl\/absolwent\/wp-json\/wp\/v2\/pages\/821"}],"wp:attachment":[{"href":"https:\/\/us.edu.pl\/absolwent\/wp-json\/wp\/v2\/media?parent=954"}],"curies":[{"name":"wp","href":"https:\/\/api.w.org\/{rel}","templated":true}]}}