{"id":956,"date":"2019-11-28T13:48:43","date_gmt":"2019-11-28T12:48:43","guid":{"rendered":"https:\/\/us.edu.pl\/absolwent\/?page_id=956"},"modified":"2021-03-01T11:51:33","modified_gmt":"2021-03-01T10:51:33","slug":"jagoda-bortel","status":"publish","type":"page","link":"https:\/\/us.edu.pl\/absolwent\/absolwencius\/najlepsi-absolwenci-poprzednie-edycje\/najlepsi-absolwenci-roku-akademickiego-2017-2018\/jagoda-bortel\/","title":{"rendered":"Jagoda Bortel"},"content":{"rendered":"<p>[vc_row][vc_column]\r\n                <div class=\"text-modules\">\r\n                    <div class=\"container\">\r\n                        <h3 class=\"page-title text__title\">Jagoda Bortel<\/h3>\r\n                        <div class=\"text-modules__content\"><p>Absolwentka In\u017cynierii biomedycznej z ocen\u0105 celuj\u0105c\u0105, na specjalno\u015bci Informatyka medyczna, na Wydziale Informatyki i Nauk o Materia\u0142ach. Jej praca dyplomowa po studiach pierwszego stopnia by\u0142a po\u015bwi\u0119cona Balansuj\u0105cemu pojazdowi dwuko\u0142owego, po drugim stopniu Analizie charakterystyk tribologicznych tworzyw w kontakcie ze sk\u00f3r\u0105. Interesuje si\u0119 kontrol\u0105 jako\u015bci oprogramowania oraz cukiernictwem.<\/p>\n<\/div>\r\n                    <\/div>\r\n                <\/div>[\/vc_column][\/vc_row]<\/p>","protected":false},"excerpt":{"rendered":"<p>[vc_row][vc_column][\/vc_column][\/vc_row] [&#8230;]<\/p>\n<p><a class=\"btn btn-secondary understrap-read-more-link\" href=\"https:\/\/us.edu.pl\/absolwent\/absolwencius\/najlepsi-absolwenci-poprzednie-edycje\/najlepsi-absolwenci-roku-akademickiego-2017-2018\/jagoda-bortel\/\">Read More&#8230;<\/a><\/p>\n","protected":false},"author":33,"featured_media":0,"parent":821,"menu_order":0,"comment_status":"closed","ping_status":"closed","template":"","meta":{"_expiration-date-status":"saved","_expiration-date":0,"_expiration-date-type":"","_expiration-date-categories":[],"_expiration-date-options":[]},"acf":[],"_links":{"self":[{"href":"https:\/\/us.edu.pl\/absolwent\/wp-json\/wp\/v2\/pages\/956"}],"collection":[{"href":"https:\/\/us.edu.pl\/absolwent\/wp-json\/wp\/v2\/pages"}],"about":[{"href":"https:\/\/us.edu.pl\/absolwent\/wp-json\/wp\/v2\/types\/page"}],"author":[{"embeddable":true,"href":"https:\/\/us.edu.pl\/absolwent\/wp-json\/wp\/v2\/users\/33"}],"replies":[{"embeddable":true,"href":"https:\/\/us.edu.pl\/absolwent\/wp-json\/wp\/v2\/comments?post=956"}],"version-history":[{"count":2,"href":"https:\/\/us.edu.pl\/absolwent\/wp-json\/wp\/v2\/pages\/956\/revisions"}],"predecessor-version":[{"id":1746,"href":"https:\/\/us.edu.pl\/absolwent\/wp-json\/wp\/v2\/pages\/956\/revisions\/1746"}],"up":[{"embeddable":true,"href":"https:\/\/us.edu.pl\/absolwent\/wp-json\/wp\/v2\/pages\/821"}],"wp:attachment":[{"href":"https:\/\/us.edu.pl\/absolwent\/wp-json\/wp\/v2\/media?parent=956"}],"curies":[{"name":"wp","href":"https:\/\/api.w.org\/{rel}","templated":true}]}}