{"id":958,"date":"2019-11-28T13:49:41","date_gmt":"2019-11-28T12:49:41","guid":{"rendered":"https:\/\/us.edu.pl\/absolwent\/?page_id=958"},"modified":"2021-03-01T11:53:37","modified_gmt":"2021-03-01T10:53:37","slug":"artur-ostafin","status":"publish","type":"page","link":"https:\/\/us.edu.pl\/absolwent\/absolwencius\/najlepsi-absolwenci-poprzednie-edycje\/najlepsi-absolwenci-roku-akademickiego-2017-2018\/artur-ostafin\/","title":{"rendered":"Artur Ostafin"},"content":{"rendered":"<p>[vc_row][vc_column]\r\n                <div class=\"text-modules\">\r\n                    <div class=\"container\">\r\n                        <h3 class=\"page-title text__title\">Artur Ostafin<\/h3>\r\n                        <div class=\"text-modules__content\"><p>Absolwent Wydzia\u0142u Informatyki i Nauki o Materia\u0142ach na kierunku Mechatronika na specjalno\u015bci Projektowanie mechatroniczne, z ocen\u0105 bardzo dobr\u0105 oraz Mechatroniki in\u017cynierskiej. Interesuje si\u0119 automatyk\u0105 i robotyk\u0105, motoryzacj\u0105 oraz sportami ekstremalnymi.<\/p>\n<\/div>\r\n                    <\/div>\r\n                <\/div>[\/vc_column][\/vc_row]<\/p>","protected":false},"excerpt":{"rendered":"<p>[vc_row][vc_column][\/vc_column][\/vc_row] [&#8230;]<\/p>\n<p><a class=\"btn btn-secondary understrap-read-more-link\" href=\"https:\/\/us.edu.pl\/absolwent\/absolwencius\/najlepsi-absolwenci-poprzednie-edycje\/najlepsi-absolwenci-roku-akademickiego-2017-2018\/artur-ostafin\/\">Read More&#8230;<\/a><\/p>\n","protected":false},"author":33,"featured_media":0,"parent":821,"menu_order":0,"comment_status":"closed","ping_status":"closed","template":"","meta":{"_expiration-date-status":"saved","_expiration-date":0,"_expiration-date-type":"","_expiration-date-categories":[],"_expiration-date-options":[]},"acf":[],"_links":{"self":[{"href":"https:\/\/us.edu.pl\/absolwent\/wp-json\/wp\/v2\/pages\/958"}],"collection":[{"href":"https:\/\/us.edu.pl\/absolwent\/wp-json\/wp\/v2\/pages"}],"about":[{"href":"https:\/\/us.edu.pl\/absolwent\/wp-json\/wp\/v2\/types\/page"}],"author":[{"embeddable":true,"href":"https:\/\/us.edu.pl\/absolwent\/wp-json\/wp\/v2\/users\/33"}],"replies":[{"embeddable":true,"href":"https:\/\/us.edu.pl\/absolwent\/wp-json\/wp\/v2\/comments?post=958"}],"version-history":[{"count":2,"href":"https:\/\/us.edu.pl\/absolwent\/wp-json\/wp\/v2\/pages\/958\/revisions"}],"predecessor-version":[{"id":1747,"href":"https:\/\/us.edu.pl\/absolwent\/wp-json\/wp\/v2\/pages\/958\/revisions\/1747"}],"up":[{"embeddable":true,"href":"https:\/\/us.edu.pl\/absolwent\/wp-json\/wp\/v2\/pages\/821"}],"wp:attachment":[{"href":"https:\/\/us.edu.pl\/absolwent\/wp-json\/wp\/v2\/media?parent=958"}],"curies":[{"name":"wp","href":"https:\/\/api.w.org\/{rel}","templated":true}]}}