{"id":962,"date":"2019-11-28T13:51:33","date_gmt":"2019-11-28T12:51:33","guid":{"rendered":"https:\/\/us.edu.pl\/absolwent\/?page_id=962"},"modified":"2021-03-01T11:58:23","modified_gmt":"2021-03-01T10:58:23","slug":"adrian-zielinski","status":"publish","type":"page","link":"https:\/\/us.edu.pl\/absolwent\/absolwencius\/najlepsi-absolwenci-poprzednie-edycje\/najlepsi-absolwenci-roku-akademickiego-2017-2018\/adrian-zielinski\/","title":{"rendered":"Adrian Zieli\u0144ski"},"content":{"rendered":"<p>[vc_row][vc_column]\r\n                <div class=\"text-modules\">\r\n                    <div class=\"container\">\r\n                        <h3 class=\"page-title text__title\">Adrian Zieli\u0144ski<\/h3>\r\n                        <div class=\"text-modules__content\"><p>Absolwent Wydzia\u0142u Informatyki i Nauki o Materia\u0142ach na kierunku Informatyka, specjalno\u015b\u0107 Inteligentne Systemy Informatyczne, z ocen\u0105 celuj\u0105c\u0105. Autor publikacji naukowej: \u201e<em>Analysis of selected factor intruleence on the specitre range of modern jet transport aircraft as a complex mechatronic system\u201d\u00a0<\/em>Mechatronics 2017. Stypendtysta stypendium rektora w latach 2015-2017. Interesuje si\u0119 tworzeniem rekwizyt\u00f3w I fotografi\u0105.<\/p>\n<\/div>\r\n                    <\/div>\r\n                <\/div>[\/vc_column][\/vc_row]<\/p>","protected":false},"excerpt":{"rendered":"<p>[vc_row][vc_column][\/vc_column][\/vc_row] [&#8230;]<\/p>\n<p><a class=\"btn btn-secondary understrap-read-more-link\" href=\"https:\/\/us.edu.pl\/absolwent\/absolwencius\/najlepsi-absolwenci-poprzednie-edycje\/najlepsi-absolwenci-roku-akademickiego-2017-2018\/adrian-zielinski\/\">Read More&#8230;<\/a><\/p>\n","protected":false},"author":33,"featured_media":0,"parent":821,"menu_order":0,"comment_status":"closed","ping_status":"closed","template":"","meta":{"_expiration-date-status":"saved","_expiration-date":0,"_expiration-date-type":"","_expiration-date-categories":[],"_expiration-date-options":[]},"acf":[],"_links":{"self":[{"href":"https:\/\/us.edu.pl\/absolwent\/wp-json\/wp\/v2\/pages\/962"}],"collection":[{"href":"https:\/\/us.edu.pl\/absolwent\/wp-json\/wp\/v2\/pages"}],"about":[{"href":"https:\/\/us.edu.pl\/absolwent\/wp-json\/wp\/v2\/types\/page"}],"author":[{"embeddable":true,"href":"https:\/\/us.edu.pl\/absolwent\/wp-json\/wp\/v2\/users\/33"}],"replies":[{"embeddable":true,"href":"https:\/\/us.edu.pl\/absolwent\/wp-json\/wp\/v2\/comments?post=962"}],"version-history":[{"count":2,"href":"https:\/\/us.edu.pl\/absolwent\/wp-json\/wp\/v2\/pages\/962\/revisions"}],"predecessor-version":[{"id":1749,"href":"https:\/\/us.edu.pl\/absolwent\/wp-json\/wp\/v2\/pages\/962\/revisions\/1749"}],"up":[{"embeddable":true,"href":"https:\/\/us.edu.pl\/absolwent\/wp-json\/wp\/v2\/pages\/821"}],"wp:attachment":[{"href":"https:\/\/us.edu.pl\/absolwent\/wp-json\/wp\/v2\/media?parent=962"}],"curies":[{"name":"wp","href":"https:\/\/api.w.org\/{rel}","templated":true}]}}