{"id":964,"date":"2019-11-28T13:52:49","date_gmt":"2019-11-28T12:52:49","guid":{"rendered":"https:\/\/us.edu.pl\/absolwent\/?page_id=964"},"modified":"2021-03-01T12:03:54","modified_gmt":"2021-03-01T11:03:54","slug":"sandra-herber","status":"publish","type":"page","link":"https:\/\/us.edu.pl\/absolwent\/absolwencius\/najlepsi-absolwenci-poprzednie-edycje\/najlepsi-absolwenci-roku-akademickiego-2017-2018\/sandra-herber\/","title":{"rendered":"Sandra Herber"},"content":{"rendered":"<p>[vc_row][vc_column]\r\n                <div class=\"text-modules\">\r\n                    <div class=\"container\">\r\n                        <h3 class=\"page-title text__title\">Sandra Herber<\/h3>\r\n                        <div class=\"text-modules__content\"><p>Absolwentka kierunku Geofizyka. Uzyska\u0142a ocen\u0105 celuj\u0105c\u0105. Uczestniczka Mi\u0119dzynarodowej Konferencji OVA\u201918, Ostrava oraz konferencji \u201cNauka Okiem M\u0142odego Naukowca\u201d w \u0141odzi. Autorka publikacji \u201cThe study of elastic properties and chemical composition of selected rocks\u201d w czasopi\u015bmie: \u201eContemporary Trends in Geoscience\u201d. Stypendystka rektora w roku 2017\/2018. Uzyskanie certyfikatu j\u0119zykowego w obszarze nauk o Ziemi na poziomie C1 (program GeoHazardSilesia). Bra\u0142a udzia\u0142 w szkoleniu \u201eAnaliza i wizualizacja graficzna w Naukach o Ziemi\u201d,\u00a0 zaanga\u017cowana w prowadzenie w\u0142asnych bada\u0144 geofizycznych w ramach przyznanego Grantu Rektora dla najlepszego studenta. W wolnych chwilach interesuje si\u0119 ksi\u0105\u017ckami, podr\u00f3\u017cami oraz nauk\u0105 j\u0119zyk\u00f3w s\u0142owia\u0144skich.<\/p>\n<\/div>\r\n                    <\/div>\r\n                <\/div>[\/vc_column][\/vc_row]<\/p>","protected":false},"excerpt":{"rendered":"<p>[vc_row][vc_column][\/vc_column][\/vc_row] [&#8230;]<\/p>\n<p><a class=\"btn btn-secondary understrap-read-more-link\" href=\"https:\/\/us.edu.pl\/absolwent\/absolwencius\/najlepsi-absolwenci-poprzednie-edycje\/najlepsi-absolwenci-roku-akademickiego-2017-2018\/sandra-herber\/\">Read More&#8230;<\/a><\/p>\n","protected":false},"author":33,"featured_media":0,"parent":821,"menu_order":0,"comment_status":"closed","ping_status":"closed","template":"","meta":{"_expiration-date-status":"saved","_expiration-date":0,"_expiration-date-type":"","_expiration-date-categories":[],"_expiration-date-options":[]},"acf":[],"_links":{"self":[{"href":"https:\/\/us.edu.pl\/absolwent\/wp-json\/wp\/v2\/pages\/964"}],"collection":[{"href":"https:\/\/us.edu.pl\/absolwent\/wp-json\/wp\/v2\/pages"}],"about":[{"href":"https:\/\/us.edu.pl\/absolwent\/wp-json\/wp\/v2\/types\/page"}],"author":[{"embeddable":true,"href":"https:\/\/us.edu.pl\/absolwent\/wp-json\/wp\/v2\/users\/33"}],"replies":[{"embeddable":true,"href":"https:\/\/us.edu.pl\/absolwent\/wp-json\/wp\/v2\/comments?post=964"}],"version-history":[{"count":2,"href":"https:\/\/us.edu.pl\/absolwent\/wp-json\/wp\/v2\/pages\/964\/revisions"}],"predecessor-version":[{"id":1750,"href":"https:\/\/us.edu.pl\/absolwent\/wp-json\/wp\/v2\/pages\/964\/revisions\/1750"}],"up":[{"embeddable":true,"href":"https:\/\/us.edu.pl\/absolwent\/wp-json\/wp\/v2\/pages\/821"}],"wp:attachment":[{"href":"https:\/\/us.edu.pl\/absolwent\/wp-json\/wp\/v2\/media?parent=964"}],"curies":[{"name":"wp","href":"https:\/\/api.w.org\/{rel}","templated":true}]}}