{"id":968,"date":"2019-11-28T13:55:12","date_gmt":"2019-11-28T12:55:12","guid":{"rendered":"https:\/\/us.edu.pl\/absolwent\/?page_id=968"},"modified":"2021-03-01T12:10:59","modified_gmt":"2021-03-01T11:10:59","slug":"aleksandra-liszka","status":"publish","type":"page","link":"https:\/\/us.edu.pl\/absolwent\/absolwencius\/najlepsi-absolwenci-poprzednie-edycje\/najlepsi-absolwenci-roku-akademickiego-2017-2018\/aleksandra-liszka\/","title":{"rendered":"Aleksandra Liszka"},"content":{"rendered":"<p>[vc_row][vc_column]\r\n                <div class=\"text-modules\">\r\n                    <div class=\"container\">\r\n                        <h3 class=\"page-title text__title\">Aleksandra Liszka<\/h3>\r\n                        <div class=\"text-modules__content\"><p>Absolwentka kierunku Geografia, specjalno\u015b\u0107\u00a0 Rekonstrukcja \u015arodowiska Geograficznego. Bra\u0142a udzia\u0142 w projekcie \u201eNowe narz\u0119dzie do wykrywania aktywnych stok\u00f3w osuwiskowych podstaw\u0105 do racjonalnego planowania przestrzennego w obszarach g\u00f3rskich\u201d oraz w Interdyscyplinarnym Seminarium Naukowe \u201eM\u0142yny wodne w dorzeczu dolnej Wis\u0142y od pocz\u0105tku XVIII do pocz\u0105tku XXI wieku\u201d \u2013\u00a0 poster \u201ePrzyczyny wyst\u0119powania du\u017cej liczby m\u0142yn\u00f3w i hut w g\u00f3rnym biegu rzeki Sto\u0142y (Wy\u017cyna \u015al\u0105ska)\u201d. Stypendystka Rektora U\u015a w latach akademickich 2015\u20132018. Interesuje si\u0119 oddzia\u0142ywaniem antropogenicznym na \u015brodowisko, spacerami \u015bladami historii, muzyk\u0105 oraz gotowaniem.<\/p>\n<\/div>\r\n                    <\/div>\r\n                <\/div>[\/vc_column][\/vc_row]<\/p>","protected":false},"excerpt":{"rendered":"<p>[vc_row][vc_column][\/vc_column][\/vc_row] [&#8230;]<\/p>\n<p><a class=\"btn btn-secondary understrap-read-more-link\" href=\"https:\/\/us.edu.pl\/absolwent\/absolwencius\/najlepsi-absolwenci-poprzednie-edycje\/najlepsi-absolwenci-roku-akademickiego-2017-2018\/aleksandra-liszka\/\">Read More&#8230;<\/a><\/p>\n","protected":false},"author":33,"featured_media":0,"parent":821,"menu_order":0,"comment_status":"closed","ping_status":"closed","template":"","meta":{"_expiration-date-status":"saved","_expiration-date":0,"_expiration-date-type":"","_expiration-date-categories":[],"_expiration-date-options":[]},"acf":[],"_links":{"self":[{"href":"https:\/\/us.edu.pl\/absolwent\/wp-json\/wp\/v2\/pages\/968"}],"collection":[{"href":"https:\/\/us.edu.pl\/absolwent\/wp-json\/wp\/v2\/pages"}],"about":[{"href":"https:\/\/us.edu.pl\/absolwent\/wp-json\/wp\/v2\/types\/page"}],"author":[{"embeddable":true,"href":"https:\/\/us.edu.pl\/absolwent\/wp-json\/wp\/v2\/users\/33"}],"replies":[{"embeddable":true,"href":"https:\/\/us.edu.pl\/absolwent\/wp-json\/wp\/v2\/comments?post=968"}],"version-history":[{"count":2,"href":"https:\/\/us.edu.pl\/absolwent\/wp-json\/wp\/v2\/pages\/968\/revisions"}],"predecessor-version":[{"id":1752,"href":"https:\/\/us.edu.pl\/absolwent\/wp-json\/wp\/v2\/pages\/968\/revisions\/1752"}],"up":[{"embeddable":true,"href":"https:\/\/us.edu.pl\/absolwent\/wp-json\/wp\/v2\/pages\/821"}],"wp:attachment":[{"href":"https:\/\/us.edu.pl\/absolwent\/wp-json\/wp\/v2\/media?parent=968"}],"curies":[{"name":"wp","href":"https:\/\/api.w.org\/{rel}","templated":true}]}}