{"id":970,"date":"2019-11-28T13:56:23","date_gmt":"2019-11-28T12:56:23","guid":{"rendered":"https:\/\/us.edu.pl\/absolwent\/?page_id=970"},"modified":"2021-03-01T12:14:39","modified_gmt":"2021-03-01T11:14:39","slug":"adrian-drynda","status":"publish","type":"page","link":"https:\/\/us.edu.pl\/absolwent\/absolwencius\/najlepsi-absolwenci-poprzednie-edycje\/najlepsi-absolwenci-roku-akademickiego-2017-2018\/adrian-drynda\/","title":{"rendered":"Adrian Drynda"},"content":{"rendered":"<p>[vc_row][vc_column]\r\n                <div class=\"text-modules\">\r\n                    <div class=\"container\">\r\n                        <h3 class=\"page-title text__title\">Adrian Drynda<\/h3>\r\n                        <div class=\"text-modules__content\"><p>Absolwent Politologii na Wydziale Nauk Spo\u0142ecznych, specjalno\u015b\u0107 Komunikacja Spo\u0142eczna i Dziennikarstwo. Uzyska\u0142 ocen\u0119 celuj\u0105c\u0105. Bra\u0142 udzia\u0142 w projekcie \u201eSejmowa komisja \u015bledcza jako instrument kontroli parlamentarnej w III RP\u201d, realizowanym ze \u015brodk\u00f3w przyznanych w ramach grantu Rektora Uniwersytetu. Autor publikacji \u201eSejmowe komisje \u015bledcze w praktyce politycznej III RP\u201d.\u00a0 Stypendysta Rektora w larach 2016\/2017 oraz 2017\/2018. Interesuje si\u0119 polskim systemem politycznym, marketingiem politycznym, religioznawstwem, literatur\u0105 oraz filmem.<\/p>\n<\/div>\r\n                    <\/div>\r\n                <\/div>[\/vc_column][\/vc_row]<\/p>","protected":false},"excerpt":{"rendered":"<p>[vc_row][vc_column][\/vc_column][\/vc_row] [&#8230;]<\/p>\n<p><a class=\"btn btn-secondary understrap-read-more-link\" href=\"https:\/\/us.edu.pl\/absolwent\/absolwencius\/najlepsi-absolwenci-poprzednie-edycje\/najlepsi-absolwenci-roku-akademickiego-2017-2018\/adrian-drynda\/\">Read More&#8230;<\/a><\/p>\n","protected":false},"author":33,"featured_media":0,"parent":821,"menu_order":0,"comment_status":"closed","ping_status":"closed","template":"","meta":{"_expiration-date-status":"saved","_expiration-date":0,"_expiration-date-type":"","_expiration-date-categories":[],"_expiration-date-options":[]},"acf":[],"_links":{"self":[{"href":"https:\/\/us.edu.pl\/absolwent\/wp-json\/wp\/v2\/pages\/970"}],"collection":[{"href":"https:\/\/us.edu.pl\/absolwent\/wp-json\/wp\/v2\/pages"}],"about":[{"href":"https:\/\/us.edu.pl\/absolwent\/wp-json\/wp\/v2\/types\/page"}],"author":[{"embeddable":true,"href":"https:\/\/us.edu.pl\/absolwent\/wp-json\/wp\/v2\/users\/33"}],"replies":[{"embeddable":true,"href":"https:\/\/us.edu.pl\/absolwent\/wp-json\/wp\/v2\/comments?post=970"}],"version-history":[{"count":2,"href":"https:\/\/us.edu.pl\/absolwent\/wp-json\/wp\/v2\/pages\/970\/revisions"}],"predecessor-version":[{"id":1753,"href":"https:\/\/us.edu.pl\/absolwent\/wp-json\/wp\/v2\/pages\/970\/revisions\/1753"}],"up":[{"embeddable":true,"href":"https:\/\/us.edu.pl\/absolwent\/wp-json\/wp\/v2\/pages\/821"}],"wp:attachment":[{"href":"https:\/\/us.edu.pl\/absolwent\/wp-json\/wp\/v2\/media?parent=970"}],"curies":[{"name":"wp","href":"https:\/\/api.w.org\/{rel}","templated":true}]}}