{"id":972,"date":"2019-11-28T13:57:13","date_gmt":"2019-11-28T12:57:13","guid":{"rendered":"https:\/\/us.edu.pl\/absolwent\/?page_id=972"},"modified":"2021-03-01T12:19:10","modified_gmt":"2021-03-01T11:19:10","slug":"olga-malysa","status":"publish","type":"page","link":"https:\/\/us.edu.pl\/absolwent\/absolwencius\/najlepsi-absolwenci-poprzednie-edycje\/najlepsi-absolwenci-roku-akademickiego-2017-2018\/olga-malysa\/","title":{"rendered":"Olga Ma\u0142ysa"},"content":{"rendered":"<p>[vc_row][vc_column]\r\n                <div class=\"text-modules\">\r\n                    <div class=\"container\">\r\n                        <h3 class=\"page-title text__title\">Olga Ma\u0142ysa<\/h3>\r\n                        <div class=\"text-modules__content\"><p>Absolwentka Historii na Wydziale Nauk spo\u0142ecznych, specjalno\u015b\u0107 Archiwalia i Zarz\u0105dzanie Dokumentacj\u0105 , z ocen\u0105 bardzo dobr\u0105. Uczestniczka licznych konferencji naukowych w tym min.: \u201eMi\u0119dzy Czechami, Niemcami, a Polsk\u0105. Kszta\u0142towanie si\u0119 to\u017csamo\u015bci \u015al\u0105ska na przestrzeni dziej\u00f3w. (referat: \u201e\u015al\u0105sk w polityce Zbigniewa Ole\u015bnickego\u201d) oraz \u201eGda\u0144skie spotkania z Histori\u0105\u201d (referat: \u201eWp\u0142yw duchownych na panowanie W\u0142adys\u0142awa III Jagiello\u0144czyka\u201d). Stypendystka rektora w latach 2016\/2017 oraz 2017\/2018.<\/p>\n<\/div>\r\n                    <\/div>\r\n                <\/div>[\/vc_column][\/vc_row]<\/p>","protected":false},"excerpt":{"rendered":"<p>[vc_row][vc_column][\/vc_column][\/vc_row] [&#8230;]<\/p>\n<p><a class=\"btn btn-secondary understrap-read-more-link\" href=\"https:\/\/us.edu.pl\/absolwent\/absolwencius\/najlepsi-absolwenci-poprzednie-edycje\/najlepsi-absolwenci-roku-akademickiego-2017-2018\/olga-malysa\/\">Read More&#8230;<\/a><\/p>\n","protected":false},"author":33,"featured_media":0,"parent":821,"menu_order":0,"comment_status":"closed","ping_status":"closed","template":"","meta":{"_expiration-date-status":"saved","_expiration-date":0,"_expiration-date-type":"","_expiration-date-categories":[],"_expiration-date-options":[]},"acf":[],"_links":{"self":[{"href":"https:\/\/us.edu.pl\/absolwent\/wp-json\/wp\/v2\/pages\/972"}],"collection":[{"href":"https:\/\/us.edu.pl\/absolwent\/wp-json\/wp\/v2\/pages"}],"about":[{"href":"https:\/\/us.edu.pl\/absolwent\/wp-json\/wp\/v2\/types\/page"}],"author":[{"embeddable":true,"href":"https:\/\/us.edu.pl\/absolwent\/wp-json\/wp\/v2\/users\/33"}],"replies":[{"embeddable":true,"href":"https:\/\/us.edu.pl\/absolwent\/wp-json\/wp\/v2\/comments?post=972"}],"version-history":[{"count":2,"href":"https:\/\/us.edu.pl\/absolwent\/wp-json\/wp\/v2\/pages\/972\/revisions"}],"predecessor-version":[{"id":1754,"href":"https:\/\/us.edu.pl\/absolwent\/wp-json\/wp\/v2\/pages\/972\/revisions\/1754"}],"up":[{"embeddable":true,"href":"https:\/\/us.edu.pl\/absolwent\/wp-json\/wp\/v2\/pages\/821"}],"wp:attachment":[{"href":"https:\/\/us.edu.pl\/absolwent\/wp-json\/wp\/v2\/media?parent=972"}],"curies":[{"name":"wp","href":"https:\/\/api.w.org\/{rel}","templated":true}]}}