{"id":981,"date":"2019-11-28T14:01:46","date_gmt":"2019-11-28T13:01:46","guid":{"rendered":"https:\/\/us.edu.pl\/absolwent\/?page_id=981"},"modified":"2021-03-01T12:31:22","modified_gmt":"2021-03-01T11:31:22","slug":"aleksandra-wierzchon","status":"publish","type":"page","link":"https:\/\/us.edu.pl\/absolwent\/absolwencius\/najlepsi-absolwenci-poprzednie-edycje\/najlepsi-absolwenci-roku-akademickiego-2017-2018\/aleksandra-wierzchon\/","title":{"rendered":"Aleksandra Wierzcho\u0144"},"content":{"rendered":"<p>[vc_row][vc_column]\r\n                <div class=\"text-modules\">\r\n                    <div class=\"container\">\r\n                        <h3 class=\"page-title text__title\">Aleksandra Wierzcho\u0144<\/h3>\r\n                        <div class=\"text-modules__content\"><p>Absolwentka Psychologii przy zrealizowanych \u015bcie\u017ckach specjalizacyjnych: Psychologia kliniczna cz\u0142owieka doros\u0142ego oraz Psychologia rozwoju cz\u0142owieka i rodziny w cyklu \u017cycia. Uzyska\u0142a ocen\u0119 celuj\u0105c\u0105. Uczestniczka licznych projekt\u00f3w naukowych min.: Translacja tekst\u00f3w \u017ar\u00f3d\u0142owych z j\u0119zyka angielskiego w ramach projektu naukowego pt. \u201eTeoria i praktyka w terapii Gestalt&#8221; (2017); Ankietowanie z wykorzystaniem procedury IRAP w projekcie badawczym pt. \u201eTemperamentalne i osobowo\u015bciowe pod\u0142o\u017ce heroizmu codziennego&#8221; (2016-2017); Ankietowanie w projekcie badawczym pt. \u201eOsobowo\u015bciowe uwarunkowania zachowa\u0144 ekonomicznych\u201d (2014). Trzykrotna stypendystka Rektora dla najlepszych student\u00f3w przyznane w latach 2015-2018. Poza psychologi\u0105 interesuje si\u0119 fotografi\u0105 i edycj\u0105 zdj\u0119\u0107.<\/p>\n<\/div>\r\n                    <\/div>\r\n                <\/div>[\/vc_column][\/vc_row]<\/p>","protected":false},"excerpt":{"rendered":"<p>[vc_row][vc_column][\/vc_column][\/vc_row] [&#8230;]<\/p>\n<p><a class=\"btn btn-secondary understrap-read-more-link\" href=\"https:\/\/us.edu.pl\/absolwent\/absolwencius\/najlepsi-absolwenci-poprzednie-edycje\/najlepsi-absolwenci-roku-akademickiego-2017-2018\/aleksandra-wierzchon\/\">Read More&#8230;<\/a><\/p>\n","protected":false},"author":33,"featured_media":0,"parent":821,"menu_order":0,"comment_status":"closed","ping_status":"closed","template":"","meta":{"_expiration-date-status":"saved","_expiration-date":0,"_expiration-date-type":"","_expiration-date-categories":[],"_expiration-date-options":[]},"acf":[],"_links":{"self":[{"href":"https:\/\/us.edu.pl\/absolwent\/wp-json\/wp\/v2\/pages\/981"}],"collection":[{"href":"https:\/\/us.edu.pl\/absolwent\/wp-json\/wp\/v2\/pages"}],"about":[{"href":"https:\/\/us.edu.pl\/absolwent\/wp-json\/wp\/v2\/types\/page"}],"author":[{"embeddable":true,"href":"https:\/\/us.edu.pl\/absolwent\/wp-json\/wp\/v2\/users\/33"}],"replies":[{"embeddable":true,"href":"https:\/\/us.edu.pl\/absolwent\/wp-json\/wp\/v2\/comments?post=981"}],"version-history":[{"count":2,"href":"https:\/\/us.edu.pl\/absolwent\/wp-json\/wp\/v2\/pages\/981\/revisions"}],"predecessor-version":[{"id":1758,"href":"https:\/\/us.edu.pl\/absolwent\/wp-json\/wp\/v2\/pages\/981\/revisions\/1758"}],"up":[{"embeddable":true,"href":"https:\/\/us.edu.pl\/absolwent\/wp-json\/wp\/v2\/pages\/821"}],"wp:attachment":[{"href":"https:\/\/us.edu.pl\/absolwent\/wp-json\/wp\/v2\/media?parent=981"}],"curies":[{"name":"wp","href":"https:\/\/api.w.org\/{rel}","templated":true}]}}