{"id":983,"date":"2019-11-28T14:02:47","date_gmt":"2019-11-28T13:02:47","guid":{"rendered":"https:\/\/us.edu.pl\/absolwent\/?page_id=983"},"modified":"2021-03-01T12:33:08","modified_gmt":"2021-03-01T11:33:08","slug":"agnieszka-jedrulok","status":"publish","type":"page","link":"https:\/\/us.edu.pl\/absolwent\/absolwencius\/najlepsi-absolwenci-poprzednie-edycje\/najlepsi-absolwenci-roku-akademickiego-2017-2018\/agnieszka-jedrulok\/","title":{"rendered":"Agnieszka J\u0119drulok"},"content":{"rendered":"<p>[vc_row][vc_column]\r\n                <div class=\"text-modules\">\r\n                    <div class=\"container\">\r\n                        <h3 class=\"page-title text__title\">Agnieszka J\u0119drulok<\/h3>\r\n                        <div class=\"text-modules__content\"><p>Absolwentka Prawa na Wydziale Prawa i Administracji, z ocen\u0105 celuj\u0105c\u0105. Stypendystka rektora dla najlepszych student\u00f3w w latach 2014-2018. W przesz\u0142o\u015bci cz\u0142onek oraz by\u0142a wiceprzewodnicz\u0105ca Ko\u0142a Naukowego Studencka Poradnia Prawna przy WPiA U\u015a, gdzie \u015bwiadczy\u0142a nieodp\u0142atn\u0105 pomoc prawn\u0105 w ramach cz\u0142onkostwa w sekcji prawa cywilnego, by\u0142a koordynatorka sekcji prawa administracyjnego. Interesuje si\u0119 histori\u0105, histori\u0105 sztuki, literatur\u0105 oraz zoopsychologi\u0105.<\/p>\n<\/div>\r\n                    <\/div>\r\n                <\/div>[\/vc_column][\/vc_row]<\/p>","protected":false},"excerpt":{"rendered":"<p>[vc_row][vc_column][\/vc_column][\/vc_row] [&#8230;]<\/p>\n<p><a class=\"btn btn-secondary understrap-read-more-link\" href=\"https:\/\/us.edu.pl\/absolwent\/absolwencius\/najlepsi-absolwenci-poprzednie-edycje\/najlepsi-absolwenci-roku-akademickiego-2017-2018\/agnieszka-jedrulok\/\">Read More&#8230;<\/a><\/p>\n","protected":false},"author":33,"featured_media":0,"parent":821,"menu_order":0,"comment_status":"closed","ping_status":"closed","template":"","meta":{"_expiration-date-status":"saved","_expiration-date":0,"_expiration-date-type":"","_expiration-date-categories":[],"_expiration-date-options":[]},"acf":[],"_links":{"self":[{"href":"https:\/\/us.edu.pl\/absolwent\/wp-json\/wp\/v2\/pages\/983"}],"collection":[{"href":"https:\/\/us.edu.pl\/absolwent\/wp-json\/wp\/v2\/pages"}],"about":[{"href":"https:\/\/us.edu.pl\/absolwent\/wp-json\/wp\/v2\/types\/page"}],"author":[{"embeddable":true,"href":"https:\/\/us.edu.pl\/absolwent\/wp-json\/wp\/v2\/users\/33"}],"replies":[{"embeddable":true,"href":"https:\/\/us.edu.pl\/absolwent\/wp-json\/wp\/v2\/comments?post=983"}],"version-history":[{"count":2,"href":"https:\/\/us.edu.pl\/absolwent\/wp-json\/wp\/v2\/pages\/983\/revisions"}],"predecessor-version":[{"id":1759,"href":"https:\/\/us.edu.pl\/absolwent\/wp-json\/wp\/v2\/pages\/983\/revisions\/1759"}],"up":[{"embeddable":true,"href":"https:\/\/us.edu.pl\/absolwent\/wp-json\/wp\/v2\/pages\/821"}],"wp:attachment":[{"href":"https:\/\/us.edu.pl\/absolwent\/wp-json\/wp\/v2\/media?parent=983"}],"curies":[{"name":"wp","href":"https:\/\/api.w.org\/{rel}","templated":true}]}}