{"id":985,"date":"2019-11-28T14:03:30","date_gmt":"2019-11-28T13:03:30","guid":{"rendered":"https:\/\/us.edu.pl\/absolwent\/?page_id=985"},"modified":"2021-03-01T13:08:57","modified_gmt":"2021-03-01T12:08:57","slug":"aleksandra-kopec","status":"publish","type":"page","link":"https:\/\/us.edu.pl\/absolwent\/absolwencius\/najlepsi-absolwenci-poprzednie-edycje\/najlepsi-absolwenci-roku-akademickiego-2017-2018\/aleksandra-kopec\/","title":{"rendered":"Aleksandra Kope\u0107"},"content":{"rendered":"<p>[vc_row][vc_column]\r\n                <div class=\"text-modules\">\r\n                    <div class=\"container\">\r\n                        <h3 class=\"page-title text__title\">Aleksandra Kope\u0107<\/h3>\r\n                        <div class=\"text-modules__content\"><p>Absolwentka Prawa na Wydziale Prawa i Administracji, z ocen\u0105 celuj\u0105c\u0105. Uczestniczka licznych konferencji naukowych min.: Szczyrk 2016, Og\u00f3lnopolska Konferencja Naukowa Modele prezydentury a pozycja ustrojowa Prezydenta w Polsce, gdzie wyg\u0142osi\u0142a referat: Aktywno\u015b\u0107 Prezydenta RP w kwestii spraw zagranicznych., UMK Toru\u0144 2015: Kontrola konstytucyjno\u015bci prawa pochodnego UE. Rozwa\u017cania na kanwie wyroku Trybuna\u0142u Konstytucyjnego o sygn. SK 45\/09. Autorka publikacji naukowych min.: Dwudziestolecie Konstytucji RP. Potrzebna rewizja czy stagnacja? Ksi\u0119ga rocznicowa, roz. W monografii: Oddzia\u0142ywanie Konstytucji RP na inne ga\u0142\u0119zie prawa, Think &amp; Make, Warszawa 2017, Aktualne problemy prawa wyborczego, roz. w monografii: Ratio legis ciszy wyborczej, Wydawnictwo Akademii Jana D\u0142ugosza, Cz\u0119stochowa 2015. Stypendystka Rektora U\u015a w latach 2014-2018. Laureatka IV Og\u00f3lnopolskiego Konkursu Wiedzy o Prawie Konstytucyjnym, Uniwersytet w Bia\u0142ymstoku. Interesuje si\u0119 podr\u00f3\u017cami, rynkiem kapita\u0142owym i finansami oraz prawem konstytucyjnym.<\/p>\n<\/div>\r\n                    <\/div>\r\n                <\/div>[\/vc_column][\/vc_row]<\/p>","protected":false},"excerpt":{"rendered":"<p>[vc_row][vc_column][\/vc_column][\/vc_row] [&#8230;]<\/p>\n<p><a class=\"btn btn-secondary understrap-read-more-link\" href=\"https:\/\/us.edu.pl\/absolwent\/absolwencius\/najlepsi-absolwenci-poprzednie-edycje\/najlepsi-absolwenci-roku-akademickiego-2017-2018\/aleksandra-kopec\/\">Read More&#8230;<\/a><\/p>\n","protected":false},"author":33,"featured_media":0,"parent":821,"menu_order":0,"comment_status":"closed","ping_status":"closed","template":"","meta":{"_expiration-date-status":"saved","_expiration-date":0,"_expiration-date-type":"","_expiration-date-categories":[],"_expiration-date-options":[]},"acf":[],"_links":{"self":[{"href":"https:\/\/us.edu.pl\/absolwent\/wp-json\/wp\/v2\/pages\/985"}],"collection":[{"href":"https:\/\/us.edu.pl\/absolwent\/wp-json\/wp\/v2\/pages"}],"about":[{"href":"https:\/\/us.edu.pl\/absolwent\/wp-json\/wp\/v2\/types\/page"}],"author":[{"embeddable":true,"href":"https:\/\/us.edu.pl\/absolwent\/wp-json\/wp\/v2\/users\/33"}],"replies":[{"embeddable":true,"href":"https:\/\/us.edu.pl\/absolwent\/wp-json\/wp\/v2\/comments?post=985"}],"version-history":[{"count":2,"href":"https:\/\/us.edu.pl\/absolwent\/wp-json\/wp\/v2\/pages\/985\/revisions"}],"predecessor-version":[{"id":1760,"href":"https:\/\/us.edu.pl\/absolwent\/wp-json\/wp\/v2\/pages\/985\/revisions\/1760"}],"up":[{"embeddable":true,"href":"https:\/\/us.edu.pl\/absolwent\/wp-json\/wp\/v2\/pages\/821"}],"wp:attachment":[{"href":"https:\/\/us.edu.pl\/absolwent\/wp-json\/wp\/v2\/media?parent=985"}],"curies":[{"name":"wp","href":"https:\/\/api.w.org\/{rel}","templated":true}]}}