{"id":990,"date":"2019-11-28T14:09:18","date_gmt":"2019-11-28T13:09:18","guid":{"rendered":"https:\/\/us.edu.pl\/absolwent\/?page_id=990"},"modified":"2021-03-01T13:15:58","modified_gmt":"2021-03-01T12:15:58","slug":"aneta-paleczna","status":"publish","type":"page","link":"https:\/\/us.edu.pl\/absolwent\/absolwencius\/najlepsi-absolwenci-poprzednie-edycje\/najlepsi-absolwenci-roku-akademickiego-2017-2018\/aneta-paleczna\/","title":{"rendered":"Aneta Paleczna"},"content":{"rendered":"<p>[vc_row][vc_column]\r\n                <div class=\"text-modules\">\r\n                    <div class=\"container\">\r\n                        <h3 class=\"page-title text__title\">Aneta Paleczna<\/h3>\r\n                        <div class=\"text-modules__content\"><p>Absolwentka Prawa na Wydziale Prawa i Administracji, z ocen\u0105 celuj\u0105c\u0105. Laureatka grantu Rektora U\u015a na realizacj\u0119 projektu naukowego pt. \u201eWp\u0142yw orzecznictwa na kszta\u0142towanie katalogu d\u00f3br osobistych w wybranych krajach europejskich\u201d. Uczestniczka licznych konferencji naukowych min.; Mi\u0119dzynarodowej Studenckiej Konferencji Psychiatrycznej pt. \u201eCia\u0142o i umys\u0142\u201d, \u201ePersonality Rights in Poland, Germany and the EU\u201d \u2013\u00a0w dniach 21-22 kwietnia 2017. Autorka publikacji naukowych min.: A. Paleczna,\u00a0Muthi-authored work\u201d.\u00a0Nowa posta\u0107 wsp\u00f3\u0142autorstwa na przyk\u0142adzie Wikipedii [w:] Zeszyty Naukowe Prawa W\u0142asno\u015bci Intelktualnej Uniwersytetu \u015al\u0105skiego, red. K. Grzybczyk, A. Paleczna, M. Imio\u0142, Odwr\u00f3cony kredyt hipoteczny \u2013 postulaty de lege ferenda w oparciu o do\u015bwiadczenia innych pa\u0144stw [w:] \u201eOdwr\u00f3cona hipoteka\u201d jako nowa us\u0142uga na rynku finansowym, red. E. Rutkowska \u2013 Tomaszewska, Warszawa 2017. Stypendyska rektora U\u015a w latach 2014-2018 roku. Zdobywczyni IV miejsca w Og\u00f3lnopolskiej Olimpiadzie Historyczno-Prawnej im. Prof. Micha\u0142a Sczanieckiego organizowanej przez Instytut Historii Prawa Uniwersytetu Warszawskiego 2014 roku. Interesuje si\u0119 podr\u00f3\u017cami oraz bieganiem.<\/p>\n<\/div>\r\n                    <\/div>\r\n                <\/div>[\/vc_column][\/vc_row]<\/p>","protected":false},"excerpt":{"rendered":"<p>[vc_row][vc_column][\/vc_column][\/vc_row] [&#8230;]<\/p>\n<p><a class=\"btn btn-secondary understrap-read-more-link\" href=\"https:\/\/us.edu.pl\/absolwent\/absolwencius\/najlepsi-absolwenci-poprzednie-edycje\/najlepsi-absolwenci-roku-akademickiego-2017-2018\/aneta-paleczna\/\">Read More&#8230;<\/a><\/p>\n","protected":false},"author":33,"featured_media":0,"parent":821,"menu_order":0,"comment_status":"closed","ping_status":"closed","template":"","meta":{"_expiration-date-status":"saved","_expiration-date":0,"_expiration-date-type":"","_expiration-date-categories":[],"_expiration-date-options":[]},"acf":[],"_links":{"self":[{"href":"https:\/\/us.edu.pl\/absolwent\/wp-json\/wp\/v2\/pages\/990"}],"collection":[{"href":"https:\/\/us.edu.pl\/absolwent\/wp-json\/wp\/v2\/pages"}],"about":[{"href":"https:\/\/us.edu.pl\/absolwent\/wp-json\/wp\/v2\/types\/page"}],"author":[{"embeddable":true,"href":"https:\/\/us.edu.pl\/absolwent\/wp-json\/wp\/v2\/users\/33"}],"replies":[{"embeddable":true,"href":"https:\/\/us.edu.pl\/absolwent\/wp-json\/wp\/v2\/comments?post=990"}],"version-history":[{"count":2,"href":"https:\/\/us.edu.pl\/absolwent\/wp-json\/wp\/v2\/pages\/990\/revisions"}],"predecessor-version":[{"id":1762,"href":"https:\/\/us.edu.pl\/absolwent\/wp-json\/wp\/v2\/pages\/990\/revisions\/1762"}],"up":[{"embeddable":true,"href":"https:\/\/us.edu.pl\/absolwent\/wp-json\/wp\/v2\/pages\/821"}],"wp:attachment":[{"href":"https:\/\/us.edu.pl\/absolwent\/wp-json\/wp\/v2\/media?parent=990"}],"curies":[{"name":"wp","href":"https:\/\/api.w.org\/{rel}","templated":true}]}}