{"id":994,"date":"2019-11-28T14:12:36","date_gmt":"2019-11-28T13:12:36","guid":{"rendered":"https:\/\/us.edu.pl\/absolwent\/?page_id=994"},"modified":"2021-03-01T14:11:15","modified_gmt":"2021-03-01T13:11:15","slug":"marcin-sebastian-szewczyk","status":"publish","type":"page","link":"https:\/\/us.edu.pl\/absolwent\/absolwencius\/najlepsi-absolwenci-poprzednie-edycje\/najlepsi-absolwenci-roku-akademickiego-2017-2018\/marcin-sebastian-szewczyk\/","title":{"rendered":"Marcin Sebastian Szewczyk"},"content":{"rendered":"<p>[vc_row][vc_column]\r\n                <div class=\"text-modules\">\r\n                    <div class=\"container\">\r\n                        <h3 class=\"page-title text__title\">Marcin Sebastian Szewczyk<\/h3>\r\n                        <div class=\"text-modules__content\"><p>Absolwent Wydzia\u0142u Teologicznego. Bra\u0142 udzia\u0142 w: Seminarium Naukowym Zespo\u0142u Pedagogiki Chrze\u015bcija\u0144skiej dzia\u0142aj\u0105cym pod patronatem Komitetu Bada\u0144 Pedagogicznych Polskiej Akademii Nauk nt. \u201eMy\u015bl pedagogiczna Romano Guardiniego oraz koncepcja wychowawcza ks. Franciszka Blachnickiego\u201d, Mi\u0119dzynarodowej konferencji naukowej \u201eFides et ratio w s\u0142u\u017cbie cz\u0142owiekowi choremu, czyli o spotkaniu teologii i medycyny\u201d, Konferencji \u201eEwolucja systemu wspierania rodziny \u2013 priorytety i wyzwania\u201d.\u00a0 Interesuje si\u0119 \u0142ucznictwem oraz poznawaniem nowych metod fizjoterapii i masa\u017cu.<\/p>\n<\/div>\r\n                    <\/div>\r\n                <\/div>[\/vc_column][\/vc_row]<\/p>","protected":false},"excerpt":{"rendered":"<p>[vc_row][vc_column][\/vc_column][\/vc_row] [&#8230;]<\/p>\n<p><a class=\"btn btn-secondary understrap-read-more-link\" href=\"https:\/\/us.edu.pl\/absolwent\/absolwencius\/najlepsi-absolwenci-poprzednie-edycje\/najlepsi-absolwenci-roku-akademickiego-2017-2018\/marcin-sebastian-szewczyk\/\">Read More&#8230;<\/a><\/p>\n","protected":false},"author":33,"featured_media":0,"parent":821,"menu_order":0,"comment_status":"closed","ping_status":"closed","template":"","meta":{"_expiration-date-status":"saved","_expiration-date":0,"_expiration-date-type":"","_expiration-date-categories":[],"_expiration-date-options":[]},"acf":[],"_links":{"self":[{"href":"https:\/\/us.edu.pl\/absolwent\/wp-json\/wp\/v2\/pages\/994"}],"collection":[{"href":"https:\/\/us.edu.pl\/absolwent\/wp-json\/wp\/v2\/pages"}],"about":[{"href":"https:\/\/us.edu.pl\/absolwent\/wp-json\/wp\/v2\/types\/page"}],"author":[{"embeddable":true,"href":"https:\/\/us.edu.pl\/absolwent\/wp-json\/wp\/v2\/users\/33"}],"replies":[{"embeddable":true,"href":"https:\/\/us.edu.pl\/absolwent\/wp-json\/wp\/v2\/comments?post=994"}],"version-history":[{"count":2,"href":"https:\/\/us.edu.pl\/absolwent\/wp-json\/wp\/v2\/pages\/994\/revisions"}],"predecessor-version":[{"id":1763,"href":"https:\/\/us.edu.pl\/absolwent\/wp-json\/wp\/v2\/pages\/994\/revisions\/1763"}],"up":[{"embeddable":true,"href":"https:\/\/us.edu.pl\/absolwent\/wp-json\/wp\/v2\/pages\/821"}],"wp:attachment":[{"href":"https:\/\/us.edu.pl\/absolwent\/wp-json\/wp\/v2\/media?parent=994"}],"curies":[{"name":"wp","href":"https:\/\/api.w.org\/{rel}","templated":true}]}}