{"id":996,"date":"2019-11-28T14:13:32","date_gmt":"2019-11-28T13:13:32","guid":{"rendered":"https:\/\/us.edu.pl\/absolwent\/?page_id=996"},"modified":"2021-03-01T14:13:47","modified_gmt":"2021-03-01T13:13:47","slug":"anna-depta","status":"publish","type":"page","link":"https:\/\/us.edu.pl\/absolwent\/absolwencius\/najlepsi-absolwenci-poprzednie-edycje\/najlepsi-absolwenci-roku-akademickiego-2017-2018\/anna-depta\/","title":{"rendered":"Anna Depta"},"content":{"rendered":"<p>[vc_row][vc_column]\r\n                <div class=\"text-modules\">\r\n                    <div class=\"container\">\r\n                        <h3 class=\"page-title text__title\">Anna Depta<\/h3>\r\n                        <div class=\"text-modules__content\"><p>Absolwentka Indywidualnych Studi\u00f3w Mi\u0119dzyobszarowych, specjalno\u015b\u0107 filologia polska: nauczycielska oraz socjologia: komunikacja spo\u0142eczna. Uzyska\u0142a ocen\u0119 celuj\u0105c\u0105. Aktualnie uczestniczy w studiach doktoranckich na literaturoznawstwie. Uczestniczka projekt\u00f3w badawczych takich jak min.: &#8222;Napraw sobie uniwersytet&#8221; przedsi\u0119wzi\u0119cie student\u00f3w Uniwersytetu \u015al\u0105skiego, kt\u00f3re mia\u0142o na celu wyznaczenie obszar\u00f3w wymagaj\u0105cych poprawy i zaproponowanie rozwi\u0105za\u0144, w celu sta\u0142ego ulepszania funkcjonowania uczelni. Uczestniczy\u0142a w licznych konferencjach naukowych m.in. w: \u201ePowie\u015b\u0107 kryminalna na szklanym ekranie. Wsp\u00f3\u0142czesne adaptacje przyg\u00f3d Sherlocka Holmesa a przemiany wewn\u0105trzgatunkowe\u201d, gdzie wyg\u0142osi\u0142a referat wyg\u0142oszony na konferencji \u201eLiteratura popularna 3: Krymina\u0142\u201d, Uniwersytet \u015al\u0105ski (Wydzia\u0142 Filologiczny), 12\u201314.10.2016, Zak\u0142ad Literatury Wsp\u00f3\u0142czesnej INoLP WF U\u015a. Autorka kilku publikacji min.\u00a0W\u0142adza w komiksach na przyk\u0142adzie narracji o Batmanie, [w:] Wybory popkultury. Relacje kultury popularnej z polityk\u0105, ideologi\u0105 i spo\u0142ecze\u0144stwem, red. K. Kowalczyk, J. P\u0142oszaj, Wroc\u0142aw 2014, s. 53-68;.\u00a0Trzykrotna stypendystka Ministra Nauki i Szkolnictwa Wy\u017cszego. Kilkakrotnie otrzyma\u0142a stypendium rektora.<\/p>\n<\/div>\r\n                    <\/div>\r\n                <\/div>[\/vc_column][\/vc_row]<\/p>","protected":false},"excerpt":{"rendered":"<p>[vc_row][vc_column][\/vc_column][\/vc_row] [&#8230;]<\/p>\n<p><a class=\"btn btn-secondary understrap-read-more-link\" href=\"https:\/\/us.edu.pl\/absolwent\/absolwencius\/najlepsi-absolwenci-poprzednie-edycje\/najlepsi-absolwenci-roku-akademickiego-2017-2018\/anna-depta\/\">Read More&#8230;<\/a><\/p>\n","protected":false},"author":33,"featured_media":0,"parent":821,"menu_order":0,"comment_status":"closed","ping_status":"closed","template":"","meta":{"_expiration-date-status":"saved","_expiration-date":0,"_expiration-date-type":"","_expiration-date-categories":[],"_expiration-date-options":[]},"acf":[],"_links":{"self":[{"href":"https:\/\/us.edu.pl\/absolwent\/wp-json\/wp\/v2\/pages\/996"}],"collection":[{"href":"https:\/\/us.edu.pl\/absolwent\/wp-json\/wp\/v2\/pages"}],"about":[{"href":"https:\/\/us.edu.pl\/absolwent\/wp-json\/wp\/v2\/types\/page"}],"author":[{"embeddable":true,"href":"https:\/\/us.edu.pl\/absolwent\/wp-json\/wp\/v2\/users\/33"}],"replies":[{"embeddable":true,"href":"https:\/\/us.edu.pl\/absolwent\/wp-json\/wp\/v2\/comments?post=996"}],"version-history":[{"count":2,"href":"https:\/\/us.edu.pl\/absolwent\/wp-json\/wp\/v2\/pages\/996\/revisions"}],"predecessor-version":[{"id":1764,"href":"https:\/\/us.edu.pl\/absolwent\/wp-json\/wp\/v2\/pages\/996\/revisions\/1764"}],"up":[{"embeddable":true,"href":"https:\/\/us.edu.pl\/absolwent\/wp-json\/wp\/v2\/pages\/821"}],"wp:attachment":[{"href":"https:\/\/us.edu.pl\/absolwent\/wp-json\/wp\/v2\/media?parent=996"}],"curies":[{"name":"wp","href":"https:\/\/api.w.org\/{rel}","templated":true}]}}