{"id":999,"date":"2019-11-28T14:17:20","date_gmt":"2019-11-28T13:17:20","guid":{"rendered":"https:\/\/us.edu.pl\/absolwent\/?page_id=999"},"modified":"2021-03-01T14:22:04","modified_gmt":"2021-03-01T13:22:04","slug":"kamila-figura","status":"publish","type":"page","link":"https:\/\/us.edu.pl\/absolwent\/absolwencius\/najlepsi-absolwenci-poprzednie-edycje\/najlepsi-absolwenci-roku-akademickiego-2016-2017\/kamila-figura\/","title":{"rendered":"Kamila Figura"},"content":{"rendered":"<p>[vc_row][vc_column]\r\n                <div class=\"text-modules\">\r\n                    <div class=\"container\">\r\n                        <h3 class=\"page-title text__title\">Kamila Figura<\/h3>\r\n                        <div class=\"text-modules__content\"><p>absolwentka kierunku GRAFIKA\u00a0na Wydziale Artystycznym U\u015a<\/p>\n<p>najlepsza absolwentka roku akademickiego 2016\/2017<\/p>\n<p>Studia uko\u0144czy\u0142a ze \u015bredni\u0105 ocen 4.97, a prac\u0119 magistersk\u0105 obroni\u0142a na ocen\u0119 celuj\u0105c\u0105. Autorka licznych publikacji naukowych. Uczestniczka konferencji naukowych w kraju i zagranic\u0105. Jej talent artystyczny zosta\u0142 nagrodzony wielokrotnie, m. in. podczas konkursu na nowy projekt strony ASP w Katowicach. Laureatka dziewi\u0119ciu wyr\u00f3\u017cnie\u0144 mi\u0119dzynarodowego portalu graficznego Behance kategoria: Interaction, Graphic Design, Student Show, Illustrator. Tw\u00f3rca zwyci\u0119skiego projektu logo i identyfikacji wizualnej w konkursie Akademickiego Klubu Je\u017adzieckiego Uniwersytetu \u015al\u0105skiego. Jej hobby to podr\u00f3\u017ce i nauka j\u0119zyk\u00f3w obcych.<\/p>\n<\/div>\r\n                    <\/div>\r\n                <\/div>[\/vc_column][\/vc_row]<\/p>","protected":false},"excerpt":{"rendered":"<p>[vc_row][vc_column][\/vc_column][\/vc_row] [&#8230;]<\/p>\n<p><a class=\"btn btn-secondary understrap-read-more-link\" href=\"https:\/\/us.edu.pl\/absolwent\/absolwencius\/najlepsi-absolwenci-poprzednie-edycje\/najlepsi-absolwenci-roku-akademickiego-2016-2017\/kamila-figura\/\">Read More&#8230;<\/a><\/p>\n","protected":false},"author":33,"featured_media":0,"parent":290,"menu_order":0,"comment_status":"closed","ping_status":"closed","template":"","meta":{"_expiration-date-status":"saved","_expiration-date":0,"_expiration-date-type":"","_expiration-date-categories":[],"_expiration-date-options":[]},"acf":[],"_links":{"self":[{"href":"https:\/\/us.edu.pl\/absolwent\/wp-json\/wp\/v2\/pages\/999"}],"collection":[{"href":"https:\/\/us.edu.pl\/absolwent\/wp-json\/wp\/v2\/pages"}],"about":[{"href":"https:\/\/us.edu.pl\/absolwent\/wp-json\/wp\/v2\/types\/page"}],"author":[{"embeddable":true,"href":"https:\/\/us.edu.pl\/absolwent\/wp-json\/wp\/v2\/users\/33"}],"replies":[{"embeddable":true,"href":"https:\/\/us.edu.pl\/absolwent\/wp-json\/wp\/v2\/comments?post=999"}],"version-history":[{"count":3,"href":"https:\/\/us.edu.pl\/absolwent\/wp-json\/wp\/v2\/pages\/999\/revisions"}],"predecessor-version":[{"id":1767,"href":"https:\/\/us.edu.pl\/absolwent\/wp-json\/wp\/v2\/pages\/999\/revisions\/1767"}],"up":[{"embeddable":true,"href":"https:\/\/us.edu.pl\/absolwent\/wp-json\/wp\/v2\/pages\/290"}],"wp:attachment":[{"href":"https:\/\/us.edu.pl\/absolwent\/wp-json\/wp\/v2\/media?parent=999"}],"curies":[{"name":"wp","href":"https:\/\/api.w.org\/{rel}","templated":true}]}}