{"id":85,"date":"2022-02-15T14:41:46","date_gmt":"2022-02-15T13:41:46","guid":{"rendered":"http:\/\/us.edu.pl\/centra-badawcze\/cbpr\/?page_id=85"},"modified":"2022-03-07T15:00:40","modified_gmt":"2022-03-07T14:00:40","slug":"zespol","status":"publish","type":"page","link":"https:\/\/us.edu.pl\/centra-badawcze\/cbpr\/en\/zespol\/","title":{"rendered":"team"},"content":{"rendered":"<p>[vc_row el_class=&#8221;container&#8221;][vc_column width=&#8221;1\/6&#8243;][\/vc_column][vc_column width=&#8221;2\/3&#8243;]\r\n                <div class=\"text-modules\">\r\n                    <div class=\"container\">\r\n                        <h3 class=\"page-title text__title\">Team<\/h3>\r\n                        <div class=\"text-modules__content\"><\/div>\r\n                    <\/div>\r\n                <\/div>[\/vc_column][vc_column width=&#8221;1\/6&#8243;][\/vc_column][\/vc_row][vc_row el_class=&#8221;container&#8221;][vc_column width=&#8221;1\/6&#8243;][\/vc_column][vc_column width=&#8221;2\/3&#8243;]\r\n                <div class=\"text-modules\">\r\n                    <div class=\"container\">\r\n                        \r\n                        <div class=\"text-modules__content\"><\/p>\n<h3><strong>Director<\/strong><\/h3>\n<p>\n<\/div>\r\n                    <\/div>\r\n                <\/div>[\/vc_column][vc_column width=&#8221;1\/6&#8243;][\/vc_column][\/vc_row][vc_row el_class=&#8221;container foto&#8221;][vc_column width=&#8221;1\/6&#8243;][\/vc_column][vc_column width=&#8221;2\/3&#8243;][vc_row_inner][vc_column_inner width=&#8221;1\/2&#8243;]\r\n                <div class=\"text-modules\">\r\n                    <div class=\"container\">\r\n                        \r\n                        <div class=\"text-modules__content\"><p><img loading=\"lazy\" class=\"alignnone wp-image-129\" src=\"http:\/\/us.edu.pl\/centra-badawcze\/cbpr\/wp-content\/uploads\/sites\/71\/image\/prof_Tomasz_Pietrzykowski.jpg\" alt=\"prof. dr hab. Tomasz Pietrzykowski\" width=\"450\" height=\"450\" srcset=\"https:\/\/us.edu.pl\/centra-badawcze\/cbpr\/wp-content\/uploads\/sites\/71\/image\/prof_Tomasz_Pietrzykowski.jpg 520w, https:\/\/us.edu.pl\/centra-badawcze\/cbpr\/wp-content\/uploads\/sites\/71\/image\/prof_Tomasz_Pietrzykowski-150x150.jpg 150w, https:\/\/us.edu.pl\/centra-badawcze\/cbpr\/wp-content\/uploads\/sites\/71\/image\/prof_Tomasz_Pietrzykowski-300x300.jpg 300w\" sizes=\"(max-width: 450px) 100vw, 450px\" \/><\/p>\n<\/div>\r\n                    <\/div>\r\n                <\/div>[\/vc_column_inner][vc_column_inner width=&#8221;1\/2&#8243;]\r\n                <div class=\"text-modules\">\r\n                    <div class=\"container\">\r\n                        \r\n                        <div class=\"text-modules__content\"><p>Prof. <span style=\"font-size: 20px;\">TOMASZ PIETRZYKOWSKI<\/span><\/p>\n<p style=\"letter-spacing: 1mm; color: #333333; font-size: 10pt;\"><small>DIRECTOR<\/small><\/p>\n<p><small>RESEARCH CENTRE FOR PUBLIC POLICY AND REGULATORY GOVERNANCE<\/small><\/p>\n<p><span style=\"font-size: small;\">e-mail: <a href=\"mailto:tomasz.pietrzykowski@us.edu.pl\">tomasz.pietrzykowski@us.edu.pl<\/a><\/span><\/p>\n<\/div>\r\n                    <\/div>\r\n                <\/div>[\/vc_column_inner][\/vc_row_inner][vc_tta_accordion style=&#8221;flat&#8221; shape=&#8221;square&#8221; color=&#8221;white&#8221; c_icon=&#8221;triangle&#8221; active_section=&#8221;0&#8243; no_fill=&#8221;true&#8221; collapsible_all=&#8221;true&#8221;][vc_tta_section title=&#8221;bio&#8221; tab_id=&#8221;1645544104193-b5d7a8cd-8af6&#8243;]\r\n                <div class=\"text-modules\">\r\n                    <div class=\"container\">\r\n                        \r\n                        <div class=\"text-modules__content\"><p><span style=\"font-size: small;\">Professor at the Chair of Legal Theory and Philosophy of Law of the University of Silesia in Katowice, graduate of law studies at the University of Silesia (1993\u20131998) and programme in European and English Law co-organized by the University of Silesia and Cambridge University (1996\u20131998). He received his cum laude doctoral degree for the thesis on the retroactive operation of law (2003). He received a habilitation in 2012 on the basis of the monograph \u201eLegal intuition. Towards an external integration of legal theory\u201d (Intuicja prawniczna. W stron\u0119 zewn\u0119trznej integracji teorii prawa), for which he received the annual Award for the best habilitation thesis in the XLIX Contest of the leading Polish legal journal \u201cPa\u0144stwo i Prawo\u201d (State and Law). Since 2005, he was admitted to the Regional Chamber of Legal Advisors in Katowice (exam with the 2nd position) and for the next over 20 years has been associated with one of the largest and most renowned Polish legal firms. In the years 2005\u20132007 he occupied the position of a Silesian Voivode (head of governmental administration in the region). He was a scholarship fellow of US State Department and the Foundation for Polish-German Cooperation; vice chairman of the National Ethics Committee for Animal Testing of the Ministry of Science and Higher Education within 2009\u20132016 (currently a member of this commission), since 2016 \u2013 vice chairman of the Bioethics Committees of the Silesian Medical Chamber as well as the Silesian Medical University. Tomasz Pietrzykowski is a member of a number of expert teams and advisory bodies, including the Advisory Board of the Regional Chamber of Commerce in Katowice, the chairman of the Social and Economic Council of the Silesian Metropolitan Union as well as a member of the Team of Legal Experts of the Stefan Batory Foundation in Warsaw. Participant of legislative and expert works on many laws and normative acts. Advisor to the president of Katowice a\/o for restitution claims of the Giesche SA company (2008\u20132014) and for preparation and implementation of metropolitan legal instruments. Since 2016 vice-rector for the domestic and international cooperation of the University of Silesia in Katowice.<\/span><\/p>\n<p><span style=\"font-size: small;\"><strong>Chosen book publications:<\/strong><\/span><\/p>\n<ul style=\"list-style-type: square;\">\n<li><span style=\"font-size: small;\">\u201ePersonhood Beyond Humanism. Animals, Chimeras, Autonomous Agents and the Law\u201d, Springer International Publishers 2018<\/span><\/li>\n<li><span style=\"font-size: small;\">\u201eNaturalizm i granice nauk prawnych\u201d (<i>Naturalism and legal science limits<\/i>) Wolters Kluwer, Warsaw 2017<\/span><\/li>\n<li><span style=\"font-size: 10pt;\">\u201eLegal Personhood: Animals, Artificial Intelligence and the Unborn\u201d (co-ed. V. Kurki), Springer International Publishers, 2017<\/span><\/li>\n<li><span style=\"font-size: small;\">\u201eLudzkie, niezbyt ludzkie. Esej o podmiotowo\u015bci prawnej I wyzwaniach XXI-wieku\u201d (<i>Humane, not too humane. Essay on legal personality and challenges of the XXI century<\/i>), The Publishing House of University of Silesia, Katowice 2016<\/span><\/li>\n<li><span style=\"font-size: small;\">\u201eNew Approaches to the Personhood in Law\u201d (co-ed. B. Stancioli), Peter Lang, Frankfurt a.M. 2016<\/span><\/li>\n<li><span style=\"font-size: small;\">\u201eUjarzmianie Lewiatana. Szkice o idei rz\u0105d\u00f3w prawa\u201d (<i>Subjugation of Lewiatan. Drafts on the idea of the rule of law<\/i>), The Publishing House of University of Silesia, Katowice 2014<\/span><\/li>\n<li><span style=\"font-size: small;\">\u201eIntuicja prawnicza. W stron\u0119 zewn\u0119trznej integracji teorii prawa\u201d (<i>Legal intuition. Towards an external integration of the theory of law<\/i>), Difin Publishing House, Warsaw 2012<\/span><\/li>\n<li><span style=\"font-size: small;\">\u201eEtyka w administracji publicznej\u201d (<i>Ethics in public administration<\/i>) (co-ed. I. Bogucka), Lexis Nexis, Warsaw 2012<\/span><\/li>\n<li><span style=\"font-size: small;\">\u201ePodstawy prawa intertemporalnego. Zmiany przepis\u00f3w a problemy stosowania prawa\u201d (<i>Basics of interim law. Amendment of provisions and problems with law application<\/i>), Lexis Nexis, Warsaw 2011<\/span><\/li>\n<li><span style=\"font-size: small;\">\u201eEtyczne problemy prawa\u201d, Lexis Nexis, Warsaw 2011<\/span><\/li>\n<\/ul>\n<p>\n<\/div>\r\n                    <\/div>\r\n                <\/div>[\/vc_tta_section][\/vc_tta_accordion][\/vc_column][vc_column width=&#8221;1\/6&#8243;][\/vc_column][\/vc_row][vc_row][vc_column][vc_empty_space][\/vc_column][\/vc_row][vc_row el_class=&#8221;container&#8221;][vc_column width=&#8221;1\/6&#8243;][\/vc_column][vc_column width=&#8221;2\/3&#8243;]\r\n                <div class=\"text-modules\">\r\n                    <div class=\"container\">\r\n                        \r\n                        <div class=\"text-modules__content\"><\/p>\n<h3><strong>Deputy director<\/strong><\/h3>\n<p>\n<\/div>\r\n                    <\/div>\r\n                <\/div>[\/vc_column][vc_column width=&#8221;1\/6&#8243;][\/vc_column][\/vc_row][vc_row el_class=&#8221;container foto&#8221;][vc_column width=&#8221;1\/6&#8243;][\/vc_column][vc_column width=&#8221;2\/3&#8243;][vc_row_inner][vc_column_inner width=&#8221;1\/2&#8243;]\r\n                <div class=\"text-modules\">\r\n                    <div class=\"container\">\r\n                        \r\n                        <div class=\"text-modules__content\"><p><img loading=\"lazy\" class=\"alignnone wp-image-128\" src=\"http:\/\/us.edu.pl\/centra-badawcze\/cbpr\/wp-content\/uploads\/sites\/71\/image\/prof_Agnieszka_Turska-Kawa.jpg\" alt=\"dr hab. Agnieszka Turska-Kawa, prof. U\u015a\" width=\"450\" height=\"450\" srcset=\"https:\/\/us.edu.pl\/centra-badawcze\/cbpr\/wp-content\/uploads\/sites\/71\/image\/prof_Agnieszka_Turska-Kawa.jpg 520w, https:\/\/us.edu.pl\/centra-badawcze\/cbpr\/wp-content\/uploads\/sites\/71\/image\/prof_Agnieszka_Turska-Kawa-150x150.jpg 150w, https:\/\/us.edu.pl\/centra-badawcze\/cbpr\/wp-content\/uploads\/sites\/71\/image\/prof_Agnieszka_Turska-Kawa-300x300.jpg 300w\" sizes=\"(max-width: 450px) 100vw, 450px\" \/><\/p>\n<\/div>\r\n                    <\/div>\r\n                <\/div>[\/vc_column_inner][vc_column_inner width=&#8221;1\/2&#8243;]\r\n                <div class=\"text-modules\">\r\n                    <div class=\"container\">\r\n                        \r\n                        <div class=\"text-modules__content\"><p><span style=\"font-size: 20px;\">AGNIESZKA TURSKA-KAWA<\/span>, PhD, Associate Professor<\/p>\n<p style=\"letter-spacing: 1mm; color: #333333; font-size: 10pt;\"><small>DEPUTY DIRECTOR<\/small><\/p>\n<p><small>RESEARCH CENTRE FOR PUBLIC POLICY AND REGULATORY GOVERNANCE<\/small><\/p>\n<p><span style=\"font-size: small;\">e-mail: <a href=\"mailto:agnieszka.turska-kawa@us.edu.pl\">agnieszka.turska-kawa@us.edu.pl<\/a><\/span><\/p>\n<\/div>\r\n                    <\/div>\r\n                <\/div>[\/vc_column_inner][\/vc_row_inner][vc_tta_accordion style=&#8221;flat&#8221; shape=&#8221;square&#8221; color=&#8221;white&#8221; c_icon=&#8221;triangle&#8221; active_section=&#8221;0&#8243; no_fill=&#8221;true&#8221; collapsible_all=&#8221;true&#8221;][vc_tta_section title=&#8221;bio&#8221; tab_id=&#8221;1645544341083-2c4a31bb-a263&#8243;]\r\n                <div class=\"text-modules\">\r\n                    <div class=\"container\">\r\n                        \r\n                        <div class=\"text-modules__content\"><p><span style=\"font-size: small;\">head of the Institute of Political Science of the University of Silesia in Katowice. She graduated in two faculties \u2013 political science and psychology, which are consistently joined within her scientific and research works.<\/span><\/p>\n<p><span style=\"font-size: small;\">an author of dozens of articles covering the issues of electoral behaviours, especially their psychological determinants, political leadership and civic competence. She is a coordinator and executor of numerous scientific and research grants (a\/o Foundation for Polish-German Cooperation, National Centre of Science and the Ministry of Regional Development). She also pursues her scientific passions in an organisational way as the president of dynamically operating Electoral Research Section at the Polish Political Science Association, president of the IPSO ORDO Academic Foundation which establishes vast cooperation with local governments and editor in chief of the \u201dPolitical Preferences\u201d magazine. Member of the European Consortium for Political Research and American Political Science Association. She is also a scholarship holder of the Minister of Science and Higher Education for exceptional young scientists (2018\u20131019).<\/span><\/p>\n<p><span style=\"font-size: small;\"><strong>Current scientific and research works:<\/strong><\/span><\/p>\n<ul style=\"list-style-type: square;\">\n<li><span style=\"font-size: small;\">Polish delegate in Management Committee COST Action CA15207 \u201cProfessionalisation and Social Impact of European Political Science\u201d. Scientific and research works are conducted within the \u201cSocial impact, media visibility and participation of Political Science in public sphere\u201d group (2016\u20132020)<\/span><\/li>\n<li><span style=\"font-size: small;\">\u201cPsychological determinants of civic competences\u201d \u2013 international project within the cooperation with Babes-Bolyai University (since 2016)<\/span><\/li>\n<li><span style=\"font-size: small;\">Intergovernmental Media Relations and Agenda Building During the Smolensk Airline Crash, University of Florida, College of Journalism and Communications (since 2016)<\/span><\/li>\n<\/ul>\n<p><span style=\"font-size: small;\"><strong>Chosen publications:<\/strong><\/span><\/p>\n<ul style=\"list-style-type: square;\">\n<li><span style=\"font-size: small;\">\u201eKorupcja polityczna\u201d (<i>Political corruption<\/i>) (2017), Katowice: IPSO ORDO Academic Foundation (co-author: Waldemar Wojtasik)<\/span><\/li>\n<li><span style=\"font-size: small;\">\u201eCentrality of Religiosity versus Civic Involvement. The Case of Poland\u201d (2018), \u201eCommunist and Post-Communist Studies\u201d vol. 51 (1)<\/span><\/li>\n<li><span style=\"font-size: small;\">\u201eDeterminanty chwiejno\u015bci wyborczej\u201d (<i>Determinants of electoral volatility<\/i>) (2015), Katowice: Publishing House of University of Silesia<\/span><\/li>\n<li><span style=\"font-size: small;\">\u201eOsobowo\u015bciowe uwarunkowania zachowa\u0144 wyborczych. Studium wojew\u00f3dztwa \u015bl\u0105skiego\u201d (<i>Personal determinants of electoral behaviours<\/i>) (2013), Toru\u0144: Adam Marsza\u0142ek Publishing House<\/span><\/li>\n<li><span style=\"font-size: small;\">\u201eVoters\u2019 Personalities and Ideal Party\u2019s Personality. Evidence from Poland\u201d (2015), \u201eRomanian Journal of Political Science\u201d, vol. 15, no 1 (co-author: Irena Pilch)<\/span><\/li>\n<li><span style=\"font-size: small;\">\u201eThe Specificity Of Electoral Volatility In European Parliamentary Elections\u201d (2014), \u201ePolitical Preferences\u201d nr 9\/2014, s. 181\u2013192<\/span><\/li>\n<li><span style=\"font-size: small;\">\u201eBig Five Personality Traits Model in Electoral Behaviour Studies\u201d (2013) \u201eRomanian Journal of Political Science\u201d, vol. 13, no. 2, s. 69\u2013107<\/span><\/li>\n<\/ul>\n<p>\n<\/div>\r\n                    <\/div>\r\n                <\/div>[\/vc_tta_section][\/vc_tta_accordion][\/vc_column][vc_column width=&#8221;1\/6&#8243;][\/vc_column][\/vc_row][vc_row][vc_column][vc_empty_space][\/vc_column][\/vc_row][vc_row el_class=&#8221;container&#8221;][vc_column width=&#8221;1\/6&#8243;][\/vc_column][vc_column width=&#8221;2\/3&#8243;]\r\n                <div class=\"text-modules\">\r\n                    <div class=\"container\">\r\n                        \r\n                        <div class=\"text-modules__content\"><\/p>\n<h3><strong>Senior Researchers<\/strong><\/h3>\n<p>\n<\/div>\r\n                    <\/div>\r\n                <\/div>[\/vc_column][vc_column width=&#8221;1\/6&#8243;][\/vc_column][\/vc_row][vc_row el_class=&#8221;container&#8221;][vc_column width=&#8221;1\/6&#8243;][\/vc_column][vc_column width=&#8221;2\/6&#8243;]\r\n                <div class=\"text-modules\">\r\n                    <div class=\"container\">\r\n                        \r\n                        <div class=\"text-modules__content\"><p><span style=\"font-size: 20px;\">ANNA MU\u015a<\/span>, PhD<\/p>\n<p style=\"letter-spacing: 1mm; color: #333333; font-size: 10pt;\"><small>Institute of Political Science<\/small><\/p>\n<p><span style=\"font-size: small;\">e-mail: <a href=\"mailto:anna.mus@us.edu.pl\">anna.mus@us.edu.pl<\/a><\/span><\/p>\n<\/div>\r\n                    <\/div>\r\n                <\/div>[vc_tta_accordion style=&#8221;flat&#8221; shape=&#8221;square&#8221; color=&#8221;white&#8221; c_icon=&#8221;triangle&#8221; active_section=&#8221;0&#8243; no_fill=&#8221;true&#8221; collapsible_all=&#8221;true&#8221;][vc_tta_section title=&#8221;bio&#8221; tab_id=&#8221;1645187876807-63fe933e-1c4c&#8221;]\r\n                <div class=\"text-modules\">\r\n                    <div class=\"container\">\r\n                        \r\n                        <div class=\"text-modules__content\"><p><span style=\"font-size: small;\">Assistant professor at the Institute of Political Science of the University of Silesia in Katowice. Formerly a student of Collegium of Individual Interdisciplinary Studies. She graduated in two faculties: law and political science. She received her cum laude doctoral degree for the thesis on ethnic identity and political behaviours of Upper Silesians (2019). As a student, she took part in 2016 Philip C. Jessup International Law Moot Court Competition. Later, she has been developing her research interests abroad during her mobility financed by Erasmus + staying at NISE (National Movements and Intermediary Structures in Europe in Antwerp) and ECMI (European Centre for Minority Issues in Flensburg). She also stayed at Slezsk\u00e1 univerzita v Opav\u011b to study ethnoregionalist movement in Moravia and Opava Silesia.<\/span><\/p>\n<p><span style=\"font-size: small;\"><a href=\"https:\/\/us.edu.pl\/instytut\/inp\/mus-anna\/%20\">Publications<\/a><\/span><\/p>\n<p><span style=\"font-size: small;\"><a href=\"https:\/\/orcid.org\/0000-0002-9010-3139\">ORCID<\/a><\/span><\/p>\n<\/div>\r\n                    <\/div>\r\n                <\/div>[\/vc_tta_section][\/vc_tta_accordion][\/vc_column][vc_column width=&#8221;2\/6&#8243;]\r\n                <div class=\"text-modules\">\r\n                    <div class=\"container\">\r\n                        \r\n                        <div class=\"text-modules__content\"><p><span style=\"font-size: 20px;\">\u0141UKASZ TREMBACZOWSKI<\/span>, PhD<\/p>\n<p style=\"letter-spacing: 1mm; color: #333333; font-size: 10pt;\"><small>Institute of Sociology<\/small><\/p>\n<p><span style=\"font-size: small;\">e-mail: <a href=\"mailto:lukasz.trembaczowski@us.edu.pl\">lukasz.trembaczowski@us.edu.pl<\/a><\/span><\/p>\n<\/div>\r\n                    <\/div>\r\n                <\/div>[vc_tta_accordion style=&#8221;flat&#8221; shape=&#8221;square&#8221; color=&#8221;white&#8221; c_icon=&#8221;triangle&#8221; active_section=&#8221;0&#8243; no_fill=&#8221;true&#8221; collapsible_all=&#8221;true&#8221;][vc_tta_section title=&#8221;bio&#8221; tab_id=&#8221;1645187868628-e0511d00-77a2&#8243;]\r\n                <div class=\"text-modules\">\r\n                    <div class=\"container\">\r\n                        \r\n                        <div class=\"text-modules__content\"><p><span style=\"font-size: small;\">Assistant professor at the Institute of Sociology of the University of Silesia in Katowice. His research interests cover sociology of work, economic sociology and just transition. For many years, he was studying in the field of trust and risk. Author of numerous articles, author and co-author of five books and editor of edited volumes. He is also a scientific coordinator of the Just Transition Research Group at the University of Silesia in Katowice and a member of Just Transition Research Collaborative at UNSDP. Co-author of the report Propozycje rekomendacji dla obszaru sprawiedliwa transformacja prepared for the Ministry of Climate (2020). Research cooridinator and research team member in numerous research projects for Marshal Office of Silesia, Office of the Voivode of Silesia, Town Hall of Katowice and others.<\/span><\/p>\n<p><span style=\"font-size: small;\"><a href=\"https:\/\/orcid.org\/0000-0002-8914-3811\">ORCID<\/a><\/span><\/p>\n<\/div>\r\n                    <\/div>\r\n                <\/div>[\/vc_tta_section][\/vc_tta_accordion][\/vc_column][vc_column width=&#8221;1\/6&#8243;][\/vc_column][\/vc_row]<\/p>","protected":false},"excerpt":{"rendered":"<p>[vc_row el_class=&#8221;container&#8221;][vc_column width=&#8221;1\/6&#8243;][\/vc_column][vc_column width=&#8221;2\/3&#8243;][\/vc_column][vc_column width=&#8221;1\/6&#8243;][\/vc_column][\/vc_row][vc_row el_class=&#8221;container&#8221;][vc_column width=&#8221;1\/6&#8243;][\/vc_column][vc_column width=&#8221;2\/3&#8243;][\/vc_column][vc_column width=&#8221;1\/6&#8243;][\/vc_column][\/vc_row][vc_row el_class=&#8221;container foto&#8221;][vc_column width=&#8221;1\/6&#8243;][\/vc_column][vc_column width=&#8221;2\/3&#8243;][vc_row_inner][vc_column_inner width=&#8221;1\/2&#8243;][\/vc_column_inner][vc_column_inner width=&#8221;1\/2&#8243;][\/vc_column_inner][\/vc_row_inner][vc_tta_accordion style=&#8221;flat&#8221; shape=&#8221;square&#8221; color=&#8221;white&#8221; c_icon=&#8221;triangle&#8221; active_section=&#8221;0&#8243; no_fill=&#8221;true&#8221; collapsible_all=&#8221;true&#8221;][vc_tta_section title=&#8221;bio&#8221; tab_id=&#8221;1645544104193-b5d7a8cd-8af6&#8243;][\/vc_tta_section][\/vc_tta_accordion][\/vc_column][vc_column width=&#8221;1\/6&#8243;][\/vc_column][\/vc_row][vc_row][vc_column][vc_empty_space][\/vc_column][\/vc_row][vc_row el_class=&#8221;container&#8221;][vc_column width=&#8221;1\/6&#8243;][\/vc_column][vc_column width=&#8221;2\/3&#8243;][\/vc_column][vc_column width=&#8221;1\/6&#8243;][\/vc_column][\/vc_row][vc_row el_class=&#8221;container foto&#8221;][vc_column width=&#8221;1\/6&#8243;][\/vc_column][vc_column width=&#8221;2\/3&#8243;][vc_row_inner][vc_column_inner width=&#8221;1\/2&#8243;][\/vc_column_inner][vc_column_inner width=&#8221;1\/2&#8243;][\/vc_column_inner][\/vc_row_inner][vc_tta_accordion style=&#8221;flat&#8221; shape=&#8221;square&#8221; color=&#8221;white&#8221; c_icon=&#8221;triangle&#8221; active_section=&#8221;0&#8243; no_fill=&#8221;true&#8221; collapsible_all=&#8221;true&#8221;][vc_tta_section title=&#8221;bio&#8221; tab_id=&#8221;1645544341083-2c4a31bb-a263&#8243;][\/vc_tta_section][\/vc_tta_accordion][\/vc_column][vc_column width=&#8221;1\/6&#8243;][\/vc_column][\/vc_row][vc_row][vc_column][vc_empty_space][\/vc_column][\/vc_row][vc_row el_class=&#8221;container&#8221;][vc_column width=&#8221;1\/6&#8243;][\/vc_column][vc_column width=&#8221;2\/3&#8243;][\/vc_column][vc_column width=&#8221;1\/6&#8243;][\/vc_column][\/vc_row][vc_row el_class=&#8221;container&#8221;][vc_column width=&#8221;1\/6&#8243;][\/vc_column][vc_column width=&#8221;2\/6&#8243;][vc_tta_accordion style=&#8221;flat&#8221; shape=&#8221;square&#8221; color=&#8221;white&#8221; [&#8230;]<\/p>\n<p><a class=\"btn btn-secondary understrap-read-more-link\" href=\"https:\/\/us.edu.pl\/centra-badawcze\/cbpr\/en\/zespol\/\">Read More&#8230;<\/a><\/p>\n","protected":false},"author":33,"featured_media":0,"parent":0,"menu_order":0,"comment_status":"closed","ping_status":"closed","template":"","meta":{"_expiration-date-status":"saved","_expiration-date":0,"_expiration-date-type":"","_expiration-date-categories":[],"_expiration-date-options":[]},"acf":[],"_links":{"self":[{"href":"https:\/\/us.edu.pl\/centra-badawcze\/cbpr\/en\/wp-json\/wp\/v2\/pages\/85"}],"collection":[{"href":"https:\/\/us.edu.pl\/centra-badawcze\/cbpr\/en\/wp-json\/wp\/v2\/pages"}],"about":[{"href":"https:\/\/us.edu.pl\/centra-badawcze\/cbpr\/en\/wp-json\/wp\/v2\/types\/page"}],"author":[{"embeddable":true,"href":"https:\/\/us.edu.pl\/centra-badawcze\/cbpr\/en\/wp-json\/wp\/v2\/users\/33"}],"replies":[{"embeddable":true,"href":"https:\/\/us.edu.pl\/centra-badawcze\/cbpr\/en\/wp-json\/wp\/v2\/comments?post=85"}],"version-history":[{"count":10,"href":"https:\/\/us.edu.pl\/centra-badawcze\/cbpr\/en\/wp-json\/wp\/v2\/pages\/85\/revisions"}],"predecessor-version":[{"id":252,"href":"https:\/\/us.edu.pl\/centra-badawcze\/cbpr\/en\/wp-json\/wp\/v2\/pages\/85\/revisions\/252"}],"wp:attachment":[{"href":"https:\/\/us.edu.pl\/centra-badawcze\/cbpr\/en\/wp-json\/wp\/v2\/media?parent=85"}],"curies":[{"name":"wp","href":"https:\/\/api.w.org\/{rel}","templated":true}]}}