{"id":3,"date":"2022-02-11T14:24:52","date_gmt":"2022-02-11T13:24:52","guid":{"rendered":"http:\/\/us.edu.pl\/centra-badawcze\/cbpr\/?page_id=3"},"modified":"2022-03-15T15:07:22","modified_gmt":"2022-03-15T14:07:22","slug":"strona-glowna","status":"publish","type":"page","link":"https:\/\/us.edu.pl\/centra-badawcze\/cbpr\/","title":{"rendered":"Centrum Badawcze Polityki Publicznej i Problem\u00f3w Regulacyjnych"},"content":{"rendered":"<p>[vc_row equal_height=&#8221;yes&#8221; el_class=&#8221;container&#8221; css=&#8221;.vc_custom_1645622124345{background-color: #f2f2f2 !important;}&#8221;][vc_column width=&#8221;1\/2&#8243;][vc_empty_space]\r\n                <div class=\"text-modules\">\r\n                    <div class=\"container\">\r\n                        \r\n                        <div class=\"text-modules__content\"><\/p>\n<h3><span style=\"color: #002e5a;\"><strong>O CENTRUM<\/strong><\/span><\/h3>\n<p>\n<\/div>\r\n                    <\/div>\r\n                <\/div>\r\n                <div class=\"text-modules\">\r\n                    <div class=\"container\">\r\n                        \r\n                        <div class=\"text-modules__content\"><\/p>\n<hr \/>\n<p>Centrum Badawcze Polityk Publicznych i Problem\u00f3w Regulacyjnych stanowi og\u00f3lnouczelnian\u0105 interdyscyplinarn\u0105 jednostk\u0119 organizacyjn\u0105 Uniwersytetu \u015al\u0105skiego w Katowicach, kt\u00f3ra prowadzi dzia\u0142alno\u015b\u0107 naukow\u0105 i badawcz\u0105 w zakresie najistotniejszych problem\u00f3w i wyzwa\u0144 regulacyjnych, nale\u017c\u0105cych do sfery polityk publicznych. W Centrum s\u0105 inicjowane, koordynowane i wspierane przedsi\u0119wzi\u0119cia badawcze wspomagaj\u0105ce podnoszenie jako\u015bci rozwi\u0105za\u0144 i decyzji sk\u0142adaj\u0105cych si\u0119 na regulacyjno-prawne aspekty polityk publicznych, w szczeg\u00f3lno\u015bci w zakresie polityki regionalnej, miejskiej i metropolitalnej, regulacyjnych wyzna\u0144 bioetyki, rozwi\u0105za\u0144 i polityk antykorupcyjnych w administracji, a tak\u017ce organizacji i funkcjonowania systemu nauki i szkolnictwa wy\u017cszego.<\/p>\n<p><a href=\"https:\/\/us.edu.pl\/centra-badawcze\/cbpr\/centrum\/o-nas\/\"><span style=\"font-family: 'PT Sans Narrow', sans-serif; color: #000000;\">czytaj wi\u0119cej<\/span><\/a><\/p>\n<\/div>\r\n                    <\/div>\r\n                <\/div>[\/vc_column][vc_column width=&#8221;1\/2&#8243;][vc_empty_space][vc_empty_space]\r\n                <div class=\"text-modules\">\r\n                    <div class=\"container\">\r\n                        \r\n                        <div class=\"text-modules__content\"><p><img loading=\"lazy\" class=\"wp-image-228 size-full\" src=\"http:\/\/us.edu.pl\/centra-badawcze\/cbpr\/wp-content\/uploads\/sites\/71\/obrazy\/W_AJS6895.jpg\" alt=\"grupa os\u00f3b zebranych w sali podczas konferencji\" width=\"100%\" height=\"auto\" srcset=\"https:\/\/us.edu.pl\/centra-badawcze\/cbpr\/wp-content\/uploads\/sites\/71\/obrazy\/W_AJS6895.jpg 690w, https:\/\/us.edu.pl\/centra-badawcze\/cbpr\/wp-content\/uploads\/sites\/71\/obrazy\/W_AJS6895-300x174.jpg 300w, https:\/\/us.edu.pl\/centra-badawcze\/cbpr\/wp-content\/uploads\/sites\/71\/obrazy\/W_AJS6895-575x333.jpg 575w\" sizes=\"(max-width: 690px) 100vw, 690px\" \/><\/p>\n<p style=\"text-align: right;\"><em><span style=\"font-size: 8pt;\">fot. Julia Agnieszka Szymala<\/span><\/em><\/p>\n<p>\n<\/div>\r\n                    <\/div>\r\n                <\/div>[\/vc_column][\/vc_row][vc_row][vc_column][vc_empty_space][\/vc_column][\/vc_row][vc_row equal_height=&#8221;yes&#8221; el_class=&#8221;container&#8221;][vc_column width=&#8221;1\/5&#8243;][\/vc_column][vc_column width=&#8221;1\/5&#8243; el_class=&#8221;shadow margines karty&#8221;][vc_empty_space height=&#8221;30px&#8221;]\r\n                <div class=\"text-modules\">\r\n                    <div class=\"container\">\r\n                        \r\n                        <div class=\"text-modules__content\"><\/p>\n<p style=\"text-align: center;\"><span style=\"color: #ffffff;\"><a class=\"duzy-link\" style=\"color: #ffffff;\" href=\"https:\/\/us.edu.pl\/centra-badawcze\/cbpr\/inicjatywy\/polityka-antykorupcyjna\/\"><span style=\"font-size: 18pt;\"><strong><span style=\"font-family: 'PT Sans Narrow', sans-serif;\">POLITYKA ANTYKORUPCYJNA<\/span><\/strong><\/span><\/a><\/span><\/p>\n<p>\n<\/div>\r\n                    <\/div>\r\n                <\/div>[\/vc_column][vc_column width=&#8221;1\/5&#8243; el_class=&#8221;shadow margines karty&#8221;][vc_empty_space height=&#8221;30px&#8221;]\r\n                <div class=\"text-modules\">\r\n                    <div class=\"container\">\r\n                        \r\n                        <div class=\"text-modules__content\"><\/p>\n<p style=\"text-align: center;\"><span style=\"color: #ffffff;\"><a class=\"duzy-link\" style=\"color: #ffffff;\" href=\"https:\/\/us.edu.pl\/centra-badawcze\/cbpr\/inicjatywy\/prawna-ochrona-zwierzat\/\"><span style=\"font-size: 18pt;\"><strong><span style=\"font-family: 'PT Sans Narrow', sans-serif;\">PRAWNA OCHRONA ZWIERZ\u0104T<\/span><\/strong><\/span><\/a><\/span><\/p>\n<p>\n<\/div>\r\n                    <\/div>\r\n                <\/div>[\/vc_column][vc_column width=&#8221;1\/5&#8243; el_class=&#8221;shadow margines karty&#8221;][vc_empty_space height=&#8221;30px&#8221;]\r\n                <div class=\"text-modules\">\r\n                    <div class=\"container\">\r\n                        \r\n                        <div class=\"text-modules__content\"><\/p>\n<p style=\"text-align: center;\"><span style=\"color: #ffffff;\"><a class=\"duzy-link\" style=\"color: #ffffff;\" href=\"https:\/\/us.edu.pl\/centra-badawcze\/cbpr\/inicjatywy\/just-transition-for-silesia\/\"><span style=\"font-size: 18pt;\"><strong><span style=\"font-family: 'PT Sans Narrow', sans-serif;\">JUST TRANSITION FOR SILESIA<\/span><\/strong><\/span><\/a><\/span><\/p>\n<p>\n<\/div>\r\n                    <\/div>\r\n                <\/div>[\/vc_column][vc_column width=&#8221;1\/5&#8243;][\/vc_column][\/vc_row][vc_row][vc_column][vc_empty_space height=&#8221;64px&#8221;][\/vc_column][\/vc_row][vc_row][vc_column][vc_single_image image=&#8221;229&#8243; img_size=&#8221;full&#8221; alignment=&#8221;center&#8221;][\/vc_column][\/vc_row][vc_row el_class=&#8221;container&#8221;][vc_column][vc_empty_space]\r\n                <div class=\"text-modules\">\r\n                    <div class=\"container\">\r\n                        \r\n                        <div class=\"text-modules__content\"><\/p>\n<h3><span style=\"color: #002e5a;\"><strong>OFERTA<\/strong><\/span><\/h3>\n<p>\n<\/div>\r\n                    <\/div>\r\n                <\/div>\r\n                <div class=\"text-modules\">\r\n                    <div class=\"container\">\r\n                        \r\n                        <div class=\"text-modules__content\"><\/p>\n<hr \/>\n<p>Centrum oferuje dost\u0119p do najwy\u017cszej klasy specjalist\u00f3w o r\u00f3\u017cnorodnym dorobku naukowym i do\u015bwiadczeniu praktycznym, w szczeg\u00f3lno\u015bci w dziedzinie prawa, nauk spo\u0142ecznych, nauki administracji, psychologii i etyki.<\/p>\n<p>Oferta wsp\u00f3\u0142pracy z Centrum skierowana jest do podmiot\u00f3w otoczenia instytucjonalnego Uniwersytetu \u015al\u0105skiego w Katowicach, w tym organ\u00f3w administracji publicznej, gospodarczej, samorz\u0105dowej, odpowiadaj\u0105cych za praktyczne rozwi\u0105zywanie problem\u00f3w sk\u0142adaj\u0105cych si\u0119 na prowadzon\u0105 przez nie polityk\u0119 publiczn\u0105 i rozwi\u0105zywane problemy decyzyjne i regulacyjne.<\/p>\n<p><a href=\"https:\/\/us.edu.pl\/centra-badawcze\/cbpr\/centrum\/oferta\/\"><span style=\"font-family: 'PT Sans Narrow', sans-serif; color: #000000;\">czytaj wi\u0119cej<\/span><\/a><\/p>\n<\/div>\r\n                    <\/div>\r\n                <\/div>[\/vc_column][\/vc_row][vc_row][vc_column][vc_empty_space][\/vc_column][\/vc_row][vc_row equal_height=&#8221;yes&#8221; el_class=&#8221;container&#8221; css=&#8221;.vc_custom_1645620423819{background-color: #f2f2f2 !important;}&#8221;][vc_column width=&#8221;1\/3&#8243;][vc_empty_space height=&#8221;64px&#8221;]\r\n                <div class=\"text-modules\">\r\n                    <div class=\"container\">\r\n                        \r\n                        <div class=\"text-modules__content\"><p><img loading=\"lazy\" class=\"wp-image-225 size-full\" src=\"http:\/\/us.edu.pl\/centra-badawcze\/cbpr\/wp-content\/uploads\/sites\/71\/obrazy\/IMG_5166__fot-Julia-Agnieszka-Szymala.jpg\" alt=\"budynek przy ulicy Bankowej 5\" width=\"100%\" height=\"auto\" srcset=\"https:\/\/us.edu.pl\/centra-badawcze\/cbpr\/wp-content\/uploads\/sites\/71\/obrazy\/IMG_5166__fot-Julia-Agnieszka-Szymala.jpg 600w, https:\/\/us.edu.pl\/centra-badawcze\/cbpr\/wp-content\/uploads\/sites\/71\/obrazy\/IMG_5166__fot-Julia-Agnieszka-Szymala-150x150.jpg 150w, https:\/\/us.edu.pl\/centra-badawcze\/cbpr\/wp-content\/uploads\/sites\/71\/obrazy\/IMG_5166__fot-Julia-Agnieszka-Szymala-300x300.jpg 300w, https:\/\/us.edu.pl\/centra-badawcze\/cbpr\/wp-content\/uploads\/sites\/71\/obrazy\/IMG_5166__fot-Julia-Agnieszka-Szymala-575x575.jpg 575w\" sizes=\"(max-width: 600px) 100vw, 600px\" \/><\/p>\n<p><em><span style=\"font-size: 8pt;\">fot. Julia Agnieszka Szymala<\/span><\/em><\/p>\n<\/div>\r\n                    <\/div>\r\n                <\/div>[vc_empty_space][\/vc_column][vc_column width=&#8221;1\/3&#8243;][vc_empty_space height=&#8221;64px&#8221;]\r\n                <div class=\"text-modules\">\r\n                    <div class=\"container\">\r\n                        \r\n                        <div class=\"text-modules__content\"><\/p>\n<h3><span style=\"color: #002e5a;\"><strong><a name=\"kontakt\"><\/a>KONTAKT<\/strong><\/span><\/h3>\n<hr \/>\n<p style=\"letter-spacing: 1mm; color: #333333; font-size: 14pt;\"><small>CENTRUM BADAWCZE POLITYKI PUBLICZNEJ<br \/>\nI PROBLEM\u00d3W REGULACYJNYCH<\/small><\/p>\n<p><span style=\"font-size: 14pt;\"><small>ul. Bankowa 5<\/small><\/span><br \/>\n<span style=\"font-size: 14pt;\"><small>40-007 Katowice<\/small><\/span><br \/>\n<span style=\"font-size: 14pt;\"><small><a href=\"mailto:cbpr@us.edu.pl\">cbpr@us.edu.pl<\/a><\/small><\/span><br \/>\n<span style=\"font-size: 14pt;\"><small>tel. 693 440 530<br \/>\n<\/small><\/span><span style=\"font-size: 14pt;\"><small>strona archiwalna: <a href=\"https:\/\/www.cbpr.us.edu.pl\/\">www.cbpr.us.edu.pl<\/a><\/small><\/span><\/p>\n<\/div>\r\n                    <\/div>\r\n                <\/div>[vc_empty_space][\/vc_column][vc_column width=&#8221;1\/3&#8243;][\/vc_column][\/vc_row]<\/p>","protected":false},"excerpt":{"rendered":"<p>[vc_row equal_height=&#8221;yes&#8221; el_class=&#8221;container&#8221; css=&#8221;.vc_custom_1645622124345{background-color: #f2f2f2 !important;}&#8221;][vc_column width=&#8221;1\/2&#8243;][vc_empty_space][\/vc_column][vc_column width=&#8221;1\/2&#8243;][vc_empty_space][vc_empty_space][\/vc_column][\/vc_row][vc_row][vc_column][vc_empty_space][\/vc_column][\/vc_row][vc_row equal_height=&#8221;yes&#8221; el_class=&#8221;container&#8221;][vc_column width=&#8221;1\/5&#8243;][\/vc_column][vc_column width=&#8221;1\/5&#8243; el_class=&#8221;shadow margines karty&#8221;][vc_empty_space height=&#8221;30px&#8221;][\/vc_column][vc_column width=&#8221;1\/5&#8243; el_class=&#8221;shadow margines karty&#8221;][vc_empty_space height=&#8221;30px&#8221;][\/vc_column][vc_column width=&#8221;1\/5&#8243; el_class=&#8221;shadow margines karty&#8221;][vc_empty_space height=&#8221;30px&#8221;][\/vc_column][vc_column width=&#8221;1\/5&#8243;][\/vc_column][\/vc_row][vc_row][vc_column][vc_empty_space height=&#8221;64px&#8221;][\/vc_column][\/vc_row][vc_row][vc_column][vc_single_image image=&#8221;229&#8243; img_size=&#8221;full&#8221; alignment=&#8221;center&#8221;][\/vc_column][\/vc_row][vc_row el_class=&#8221;container&#8221;][vc_column][vc_empty_space][\/vc_column][\/vc_row][vc_row][vc_column][vc_empty_space][\/vc_column][\/vc_row][vc_row equal_height=&#8221;yes&#8221; el_class=&#8221;container&#8221; css=&#8221;.vc_custom_1645620423819{background-color: #f2f2f2 !important;}&#8221;][vc_column width=&#8221;1\/3&#8243;][vc_empty_space height=&#8221;64px&#8221;][vc_empty_space][\/vc_column][vc_column width=&#8221;1\/3&#8243;][vc_empty_space height=&#8221;64px&#8221;][vc_empty_space][\/vc_column][vc_column width=&#8221;1\/3&#8243;][\/vc_column][\/vc_row] [&#8230;]<\/p>\n<p><a class=\"btn btn-secondary understrap-read-more-link\" href=\"https:\/\/us.edu.pl\/centra-badawcze\/cbpr\/\">Read More&#8230;<\/a><\/p>\n","protected":false},"author":25,"featured_media":0,"parent":0,"menu_order":0,"comment_status":"closed","ping_status":"closed","template":"page-templates\/index-template.php","meta":{"_expiration-date-status":"saved","_expiration-date":0,"_expiration-date-type":"","_expiration-date-categories":[],"_expiration-date-options":[]},"acf":[],"_links":{"self":[{"href":"https:\/\/us.edu.pl\/centra-badawcze\/cbpr\/wp-json\/wp\/v2\/pages\/3"}],"collection":[{"href":"https:\/\/us.edu.pl\/centra-badawcze\/cbpr\/wp-json\/wp\/v2\/pages"}],"about":[{"href":"https:\/\/us.edu.pl\/centra-badawcze\/cbpr\/wp-json\/wp\/v2\/types\/page"}],"author":[{"embeddable":true,"href":"https:\/\/us.edu.pl\/centra-badawcze\/cbpr\/wp-json\/wp\/v2\/users\/25"}],"replies":[{"embeddable":true,"href":"https:\/\/us.edu.pl\/centra-badawcze\/cbpr\/wp-json\/wp\/v2\/comments?post=3"}],"version-history":[{"count":10,"href":"https:\/\/us.edu.pl\/centra-badawcze\/cbpr\/wp-json\/wp\/v2\/pages\/3\/revisions"}],"predecessor-version":[{"id":260,"href":"https:\/\/us.edu.pl\/centra-badawcze\/cbpr\/wp-json\/wp\/v2\/pages\/3\/revisions\/260"}],"wp:attachment":[{"href":"https:\/\/us.edu.pl\/centra-badawcze\/cbpr\/wp-json\/wp\/v2\/media?parent=3"}],"curies":[{"name":"wp","href":"https:\/\/api.w.org\/{rel}","templated":true}]}}