{"id":77,"date":"2022-02-15T14:33:31","date_gmt":"2022-02-15T13:33:31","guid":{"rendered":"http:\/\/us.edu.pl\/centra-badawcze\/cbpr\/?page_id=77"},"modified":"2022-03-15T14:45:44","modified_gmt":"2022-03-15T13:45:44","slug":"o-nas","status":"publish","type":"page","link":"https:\/\/us.edu.pl\/centra-badawcze\/cbpr\/centrum\/o-nas\/","title":{"rendered":"o nas"},"content":{"rendered":"<p>[vc_row el_class=&#8221;container&#8221;][vc_column width=&#8221;1\/6&#8243;][\/vc_column][vc_column width=&#8221;2\/3&#8243;]\r\n                <div class=\"text-modules\">\r\n                    <div class=\"container\">\r\n                        <h3 class=\"page-title text__title\">O nas<\/h3>\r\n                        <div class=\"text-modules__content\"><p>Centrum Badawcze Polityki Publicznej i Problem\u00f3w Regulacyjnych stanowi og\u00f3lnouczelnian\u0105, interdyscyplinarn\u0105 jednostk\u0119 organizacyjn\u0105 Uniwersytetu \u015al\u0105skiego w Katowicach, kt\u00f3ra prowadzi dzia\u0142alno\u015b\u0107 naukow\u0105 i badawcz\u0105 w zakresie najistotniejszych problem\u00f3w i wyzwa\u0144 regulacyjnych, nale\u017c\u0105cych do sfery polityk publicznych. W Centrum s\u0105 inicjowane, koordynowane i wspierane przedsi\u0119wzi\u0119cia badawcze wspomagaj\u0105ce podnoszenie jako\u015bci rozwi\u0105za\u0144 i decyzji sk\u0142adaj\u0105cych si\u0119 na regulacyjno-prawne aspekty polityk publicznych, w szczeg\u00f3lno\u015bci w zakresie polityki regionalnej, miejskiej i metropolitalnej, regulacyjnych wyzna\u0144 bioetyki, rozwi\u0105za\u0144 i polityk antykorupcyjnych w administracji, a tak\u017ce organizacji i funkcjonowania systemu nauki i szkolnictwa wy\u017cszego.<\/p>\n<p>Do misji Centrum nale\u017cy nawi\u0105zywanie szerokiej i \u015bcis\u0142ej wsp\u00f3\u0142pracy z otoczeniem instytucjonalnym Uniwersytetu \u015al\u0105skiego w Katowicach, w tym z organami administracji publicznej, gospodarczej i samorz\u0105dowej odpowiadaj\u0105cymi za praktyczne rozwi\u0105zanie problem\u00f3w, sk\u0142adaj\u0105cych si\u0119 na prowadzone przez nie segmenty polityki publicznej. Podejmowane i prowadzone przez Centrum badania naukowe s\u0105 ukierunkowane na kluczowe potrzeby i problemy pojawiaj\u0105ce si\u0119 w dzia\u0142alno\u015bci podmiot\u00f3w prowadz\u0105cych polityk\u0119 publiczn\u0105, co ma przyczynia\u0107 si\u0119 do intensyfikacji wykorzystania wynik\u00f3w bada\u0144 naukowych w praktyce publicznej oraz podnoszenia jako\u015bci polityki publicznej zgodnie ze standardami nowoczesnej\u00a0<em>evidence-based<\/em>,<em> science-informed policy-making<\/em>.<\/p>\n<p>W ramach realizowanych dzia\u0142a\u0144 Centrum wsp\u00f3\u0142pracuje z pracownikami naukowymi Uniwersytetu \u015al\u0105skiego w Katowicach oraz uczonymi z innych jednostek naukowych zajmuj\u0105cych si\u0119 problematyk\u0105 polityk publicznych. D\u0105\u017cy do integracji badaczy o r\u00f3\u017cnorodnych kompetencjach, a tak\u017ce w\u0142\u0105czania doktorant\u00f3w i m\u0142odszych pracownik\u00f3w nauki do projekt\u00f3w kierowanych i prowadzonych przez do\u015bwiadczonych badaczy.<\/p>\n<p>Centrum dzia\u0142a od 2018 roku na mocy zarz\u0105dzenia rektora Uniwersytetu \u015al\u0105skiego w Katowicach prof. dr. hab. Andrzeja Kowalczyka. Powsta\u0142o z inicjatywy prof. dr. hab. Tomasza Pietrzykowskiego, prorektora ds. wsp\u00f3\u0142pracy mi\u0119dzynarodowej i krajowej, kt\u00f3ry pe\u0142ni funkcj\u0119 kierownika Centrum.<\/p>\n<p>Strona archiwalna: <a href=\"https:\/\/www.cbpr.us.edu.pl\/\">www.cbpr.us.edu.pl<\/a><\/p>\n<\/div>\r\n                    <\/div>\r\n                <\/div>[\/vc_column][vc_column width=&#8221;1\/6&#8243;][\/vc_column][\/vc_row]<\/p>","protected":false},"excerpt":{"rendered":"<p>[vc_row el_class=&#8221;container&#8221;][vc_column width=&#8221;1\/6&#8243;][\/vc_column][vc_column width=&#8221;2\/3&#8243;][\/vc_column][vc_column width=&#8221;1\/6&#8243;][\/vc_column][\/vc_row] [&#8230;]<\/p>\n<p><a class=\"btn btn-secondary understrap-read-more-link\" href=\"https:\/\/us.edu.pl\/centra-badawcze\/cbpr\/centrum\/o-nas\/\">Read More&#8230;<\/a><\/p>\n","protected":false},"author":33,"featured_media":0,"parent":71,"menu_order":0,"comment_status":"closed","ping_status":"closed","template":"","meta":{"_expiration-date-status":"saved","_expiration-date":0,"_expiration-date-type":"","_expiration-date-categories":[],"_expiration-date-options":[]},"acf":[],"_links":{"self":[{"href":"https:\/\/us.edu.pl\/centra-badawcze\/cbpr\/wp-json\/wp\/v2\/pages\/77"}],"collection":[{"href":"https:\/\/us.edu.pl\/centra-badawcze\/cbpr\/wp-json\/wp\/v2\/pages"}],"about":[{"href":"https:\/\/us.edu.pl\/centra-badawcze\/cbpr\/wp-json\/wp\/v2\/types\/page"}],"author":[{"embeddable":true,"href":"https:\/\/us.edu.pl\/centra-badawcze\/cbpr\/wp-json\/wp\/v2\/users\/33"}],"replies":[{"embeddable":true,"href":"https:\/\/us.edu.pl\/centra-badawcze\/cbpr\/wp-json\/wp\/v2\/comments?post=77"}],"version-history":[{"count":9,"href":"https:\/\/us.edu.pl\/centra-badawcze\/cbpr\/wp-json\/wp\/v2\/pages\/77\/revisions"}],"predecessor-version":[{"id":254,"href":"https:\/\/us.edu.pl\/centra-badawcze\/cbpr\/wp-json\/wp\/v2\/pages\/77\/revisions\/254"}],"up":[{"embeddable":true,"href":"https:\/\/us.edu.pl\/centra-badawcze\/cbpr\/wp-json\/wp\/v2\/pages\/71"}],"wp:attachment":[{"href":"https:\/\/us.edu.pl\/centra-badawcze\/cbpr\/wp-json\/wp\/v2\/media?parent=77"}],"curies":[{"name":"wp","href":"https:\/\/api.w.org\/{rel}","templated":true}]}}