{"id":79,"date":"2022-02-15T14:37:42","date_gmt":"2022-02-15T13:37:42","guid":{"rendered":"http:\/\/us.edu.pl\/centra-badawcze\/cbpr\/?page_id=79"},"modified":"2022-03-15T14:47:16","modified_gmt":"2022-03-15T13:47:16","slug":"oferta","status":"publish","type":"page","link":"https:\/\/us.edu.pl\/centra-badawcze\/cbpr\/centrum\/oferta\/","title":{"rendered":"oferta"},"content":{"rendered":"<p><\/p>\n<p>[vc_row el_class=&#8221;container&#8221;][vc_column width=&#8221;1\/6&#8243;][\/vc_column][vc_column width=&#8221;2\/3&#8243;]\r\n                <div class=\"text-modules\">\r\n                    <div class=\"container\">\r\n                        <h3 class=\"page-title text__title\">Oferta<\/h3>\r\n                        <div class=\"text-modules__content\"><p>Centrum Badawcze Polityki Publicznej i Problem\u00f3w Regulacyjnych jest jednostk\u0105 badawcz\u0105 s\u0142u\u017c\u0105c\u0105 wsp\u00f3\u0142pracy pomi\u0119dzy najwy\u017cszej klasy specjalistami z podmiotami realizuj\u0105cymi zadania publiczne wymagaj\u0105ce odpowiednio przygotowanych diagnoz i bada\u0144 oraz opartych na nich rekomendacji i wskaza\u0144 opartych na rzetelnie zgromadzonych i zbadanych danych (<em>evidence-based policy<\/em>). Centrum jest gotowe do podj\u0119cia wsp\u00f3\u0142pracy i realizacji wsp\u00f3lnie z zainteresowanymi podmiotami zewn\u0119trznymi przedsi\u0119wzi\u0119\u0107 wymagaj\u0105cych bada\u0144 empirycznych, sporz\u0105dzanie ekspertyz i analiz, a tak\u017ce opracowa\u0144 problem\u00f3w regulacyjnych, s\u0142u\u017c\u0105cych wspieraniu i podnoszeniu jako\u015bci proces\u00f3w decyzyjnych w administracji, gospodarce, samorz\u0105dzie oraz innych sferach prowadzenia polityk publicznych.<\/p>\n<p>Centrum oferuje dost\u0119p do najwy\u017cszej klasy specjalist\u00f3w o r\u00f3\u017cnorodnym dorobku naukowym i do\u015bwiadczeniu praktycznym, w szczeg\u00f3lno\u015bci w dziedzinie prawa, nauk spo\u0142ecznych, nauki administracji, psychologii i etyki. Wsp\u00f3\u0142praca Centrum z podmiotami zewn\u0119trznymi jest zorientowana na po\u0142\u0105czenie warto\u015bciowych poznawczo bada\u0144 naukowych z praktyczn\u0105 u\u017cyteczno\u015bci\u0105 i realnym wsparciem w rozwi\u0105zywaniu istotnych problem\u00f3w pojawiaj\u0105cych si\u0119 w funkcjonowaniu podmiot\u00f3w administracji, samorz\u0105du terytorialnego, zawodowego i gospodarczego, instytucji regulacyjnych oraz podmiot\u00f3w gospodarczych, w tym zw\u0142aszcza \u015bwiadcz\u0105cych us\u0142ugi o charakterze u\u017cyteczno\u015bci publicznej.<\/p>\n<p>Centrum specjalizuje si\u0119 w projektowaniu i realizacji bada\u0144 empirycznych problem\u00f3w polityki publicznej, \u0142\u0105cz\u0105cych ilo\u015bciowe i jako\u015bciowe metody badawcze, a tym samym zapewniaj\u0105cych mo\u017cliwo\u015b\u0107 sformu\u0142owania pog\u0142\u0119bionych wniosk\u00f3w i rekomendacji. Przedmiotem bada\u0144 b\u0119d\u0105cych podstaw\u0105 do zdefiniowania optymalnych rozstrzygni\u0119\u0107 decyzyjnych s\u0105 w szczeg\u00f3lno\u015bci badania opinii i postaw wybranych grup spo\u0142ecznych lub populacji terytorialnych, a tak\u017ce badania komparatystyczne wskazuj\u0105ce do mo\u017cliwe spektrum rozwi\u0105za\u0144 danego problemu wraz z analiz\u0105 wad, zalet i ryzyk zwi\u0105zanych z poszczeg\u00f3lnymi wariantami rozstrzygni\u0119cia danego problemu decyzyjnego, w tym mo\u017cliwych sposob\u00f3w regulacji maj\u0105cej s\u0142u\u017cy\u0107 osi\u0105ganiu okre\u015blonych efekt\u00f3w w \u017cyciu publicznym, spo\u0142ecznym lub gospodarczym.<\/p>\n<p>Oferta wsp\u00f3\u0142pracy z Centrum skierowana jest do podmiot\u00f3w otoczenia instytucjonalnego Uniwersytetu \u015al\u0105skiego w Katowicach, w tym organ\u00f3w administracji publicznej, gospodarczej, samorz\u0105dowej, odpowiadaj\u0105cych za praktyczne rozwi\u0105zywanie problem\u00f3w sk\u0142adaj\u0105cych si\u0119 na prowadzon\u0105 przez nie polityk\u0119 publiczn\u0105 i rozwi\u0105zywane problemy decyzyjne i regulacyjne.<\/p>\n<p>Ostateczny kszta\u0142t, zakres i warunki wsp\u00f3\u0142pracy ustalane s\u0105 ka\u017cdorazowo w trakcie rozm\u00f3w z udzia\u0142em w\u0142a\u015bciwych ekspert\u00f3w Centrum.<\/p>\n<p>Serdecznie zapraszamy do kontaktu.<\/p>\n<\/div>\r\n                    <\/div>\r\n                <\/div>[\/vc_column][vc_column width=&#8221;1\/6&#8243;][\/vc_column][\/vc_row]<\/p>\n<p><\/p>","protected":false},"excerpt":{"rendered":"<p>[vc_row el_class=&#8221;container&#8221;][vc_column width=&#8221;1\/6&#8243;][\/vc_column][vc_column width=&#8221;2\/3&#8243;][\/vc_column][vc_column width=&#8221;1\/6&#8243;][\/vc_column][\/vc_row] [&#8230;]<\/p>\n<p><a class=\"btn btn-secondary understrap-read-more-link\" href=\"https:\/\/us.edu.pl\/centra-badawcze\/cbpr\/centrum\/oferta\/\">Read More&#8230;<\/a><\/p>\n","protected":false},"author":33,"featured_media":0,"parent":71,"menu_order":0,"comment_status":"closed","ping_status":"closed","template":"","meta":{"_expiration-date-status":"saved","_expiration-date":0,"_expiration-date-type":"","_expiration-date-categories":[],"_expiration-date-options":[]},"acf":[],"_links":{"self":[{"href":"https:\/\/us.edu.pl\/centra-badawcze\/cbpr\/wp-json\/wp\/v2\/pages\/79"}],"collection":[{"href":"https:\/\/us.edu.pl\/centra-badawcze\/cbpr\/wp-json\/wp\/v2\/pages"}],"about":[{"href":"https:\/\/us.edu.pl\/centra-badawcze\/cbpr\/wp-json\/wp\/v2\/types\/page"}],"author":[{"embeddable":true,"href":"https:\/\/us.edu.pl\/centra-badawcze\/cbpr\/wp-json\/wp\/v2\/users\/33"}],"replies":[{"embeddable":true,"href":"https:\/\/us.edu.pl\/centra-badawcze\/cbpr\/wp-json\/wp\/v2\/comments?post=79"}],"version-history":[{"count":9,"href":"https:\/\/us.edu.pl\/centra-badawcze\/cbpr\/wp-json\/wp\/v2\/pages\/79\/revisions"}],"predecessor-version":[{"id":255,"href":"https:\/\/us.edu.pl\/centra-badawcze\/cbpr\/wp-json\/wp\/v2\/pages\/79\/revisions\/255"}],"up":[{"embeddable":true,"href":"https:\/\/us.edu.pl\/centra-badawcze\/cbpr\/wp-json\/wp\/v2\/pages\/71"}],"wp:attachment":[{"href":"https:\/\/us.edu.pl\/centra-badawcze\/cbpr\/wp-json\/wp\/v2\/media?parent=79"}],"curies":[{"name":"wp","href":"https:\/\/api.w.org\/{rel}","templated":true}]}}