{"id":83,"date":"2022-02-15T14:40:50","date_gmt":"2022-02-15T13:40:50","guid":{"rendered":"http:\/\/us.edu.pl\/centra-badawcze\/cbpr\/?page_id=83"},"modified":"2022-03-07T13:33:25","modified_gmt":"2022-03-07T12:33:25","slug":"partnerzy","status":"publish","type":"page","link":"https:\/\/us.edu.pl\/centra-badawcze\/cbpr\/centrum\/partnerzy\/","title":{"rendered":"partnerzy"},"content":{"rendered":"<p><\/p>\n<p>[vc_row el_class=&#8221;container&#8221;][vc_column width=&#8221;1\/6&#8243;][\/vc_column][vc_column width=&#8221;2\/3&#8243;]\r\n                <div class=\"text-modules\">\r\n                    <div class=\"container\">\r\n                        <h3 class=\"page-title text__title\">Partnerzy<\/h3>\r\n                        <div class=\"text-modules__content\"><\/div>\r\n                    <\/div>\r\n                <\/div>[\/vc_column][vc_column width=&#8221;1\/6&#8243;][\/vc_column][\/vc_row][vc_row el_class=&#8221;container&#8221;][vc_column width=&#8221;1\/6&#8243;][\/vc_column][vc_column width=&#8221;2\/3&#8243;]\r\n                <div class=\"text-modules\">\r\n                    <div class=\"container\">\r\n                        \r\n                        <div class=\"text-modules__content\"><p><span style=\"font-family: 'PT Sans Narrow', sans-serif; font-size: 14pt;\">Ministerstwo Edukacji i Nauki<\/span><\/p>\n<\/div>\r\n                    <\/div>\r\n                <\/div>[vc_separator]\r\n                <div class=\"text-modules\">\r\n                    <div class=\"container\">\r\n                        \r\n                        <div class=\"text-modules__content\"><p><span style=\"font-family: 'PT Sans Narrow', sans-serif; font-size: 14pt;\">Regionalna Izba Gospodarcza w Katowicach<\/span><\/p>\n<\/div>\r\n                    <\/div>\r\n                <\/div>[vc_separator]\r\n                <div class=\"text-modules\">\r\n                    <div class=\"container\">\r\n                        \r\n                        <div class=\"text-modules__content\"><p><span style=\"font-family: 'PT Sans Narrow', sans-serif; font-size: 14pt;\">Urz\u0105d Marsza\u0142kowski Wojew\u00f3dztwa \u015al\u0105skiego<\/span><\/p>\n<\/div>\r\n                    <\/div>\r\n                <\/div>[vc_separator]\r\n                <div class=\"text-modules\">\r\n                    <div class=\"container\">\r\n                        \r\n                        <div class=\"text-modules__content\"><p><span style=\"font-family: 'PT Sans Narrow', sans-serif; font-size: 14pt;\">Park \u015al\u0105ski S.A.<\/span><\/p>\n<\/div>\r\n                    <\/div>\r\n                <\/div>[vc_separator]\r\n                <div class=\"text-modules\">\r\n                    <div class=\"container\">\r\n                        \r\n                        <div class=\"text-modules__content\"><p><span style=\"font-family: 'PT Sans Narrow', sans-serif; font-size: 14pt;\">Uniwersytet Ekonomiczny w Krakowie<\/span><\/p>\n<\/div>\r\n                    <\/div>\r\n                <\/div>[vc_separator]\r\n                <div class=\"text-modules\">\r\n                    <div class=\"container\">\r\n                        \r\n                        <div class=\"text-modules__content\"><p><span style=\"font-family: 'PT Sans Narrow', sans-serif; font-size: 14pt;\">Zak\u0142ad Polityki Publicznej Uniwersytetu Zielonog\u00f3rskiego<\/span><\/p>\n<\/div>\r\n                    <\/div>\r\n                <\/div>[vc_separator]\r\n                <div class=\"text-modules\">\r\n                    <div class=\"container\">\r\n                        \r\n                        <div class=\"text-modules__content\"><p><span style=\"font-family: 'PT Sans Narrow', sans-serif; font-size: 14pt;\">G\u00f3rno\u015bl\u0105sko-Zag\u0142\u0119biowska Metropolia<\/span><\/p>\n<\/div>\r\n                    <\/div>\r\n                <\/div>[vc_separator]\r\n                <div class=\"text-modules\">\r\n                    <div class=\"container\">\r\n                        \r\n                        <div class=\"text-modules__content\"><p><span style=\"font-family: 'PT Sans Narrow', sans-serif; font-size: 14pt;\">\u015al\u0105ski Zwi\u0105zek Gmin i Powiat\u00f3w<\/span><\/p>\n<\/div>\r\n                    <\/div>\r\n                <\/div>[vc_separator]\r\n                <div class=\"text-modules\">\r\n                    <div class=\"container\">\r\n                        \r\n                        <div class=\"text-modules__content\"><p><span style=\"font-family: 'PT Sans Narrow', sans-serif; font-size: 14pt;\">Faculty of Public Policy Silesian University in Opava<\/span><\/p>\n<\/div>\r\n                    <\/div>\r\n                <\/div>[\/vc_column][vc_column width=&#8221;1\/6&#8243;][\/vc_column][\/vc_row][vc_row][vc_column][vc_empty_space][\/vc_column][\/vc_row]<\/p>\n<p><\/p>","protected":false},"excerpt":{"rendered":"<p>[vc_row el_class=&#8221;container&#8221;][vc_column width=&#8221;1\/6&#8243;][\/vc_column][vc_column width=&#8221;2\/3&#8243;][\/vc_column][vc_column width=&#8221;1\/6&#8243;][\/vc_column][\/vc_row][vc_row el_class=&#8221;container&#8221;][vc_column width=&#8221;1\/6&#8243;][\/vc_column][vc_column width=&#8221;2\/3&#8243;][vc_separator][vc_separator][vc_separator][vc_separator][vc_separator][vc_separator][vc_separator][vc_separator][\/vc_column][vc_column width=&#8221;1\/6&#8243;][\/vc_column][\/vc_row][vc_row][vc_column][vc_empty_space][\/vc_column][\/vc_row] [&#8230;]<\/p>\n<p><a class=\"btn btn-secondary understrap-read-more-link\" href=\"https:\/\/us.edu.pl\/centra-badawcze\/cbpr\/centrum\/partnerzy\/\">Read More&#8230;<\/a><\/p>\n","protected":false},"author":33,"featured_media":0,"parent":71,"menu_order":0,"comment_status":"closed","ping_status":"closed","template":"","meta":{"_expiration-date-status":"saved","_expiration-date":0,"_expiration-date-type":"","_expiration-date-categories":[],"_expiration-date-options":[]},"acf":[],"_links":{"self":[{"href":"https:\/\/us.edu.pl\/centra-badawcze\/cbpr\/wp-json\/wp\/v2\/pages\/83"}],"collection":[{"href":"https:\/\/us.edu.pl\/centra-badawcze\/cbpr\/wp-json\/wp\/v2\/pages"}],"about":[{"href":"https:\/\/us.edu.pl\/centra-badawcze\/cbpr\/wp-json\/wp\/v2\/types\/page"}],"author":[{"embeddable":true,"href":"https:\/\/us.edu.pl\/centra-badawcze\/cbpr\/wp-json\/wp\/v2\/users\/33"}],"replies":[{"embeddable":true,"href":"https:\/\/us.edu.pl\/centra-badawcze\/cbpr\/wp-json\/wp\/v2\/comments?post=83"}],"version-history":[{"count":8,"href":"https:\/\/us.edu.pl\/centra-badawcze\/cbpr\/wp-json\/wp\/v2\/pages\/83\/revisions"}],"predecessor-version":[{"id":242,"href":"https:\/\/us.edu.pl\/centra-badawcze\/cbpr\/wp-json\/wp\/v2\/pages\/83\/revisions\/242"}],"up":[{"embeddable":true,"href":"https:\/\/us.edu.pl\/centra-badawcze\/cbpr\/wp-json\/wp\/v2\/pages\/71"}],"wp:attachment":[{"href":"https:\/\/us.edu.pl\/centra-badawcze\/cbpr\/wp-json\/wp\/v2\/media?parent=83"}],"curies":[{"name":"wp","href":"https:\/\/api.w.org\/{rel}","templated":true}]}}