{"id":85,"date":"2022-02-15T14:41:46","date_gmt":"2022-02-15T13:41:46","guid":{"rendered":"http:\/\/us.edu.pl\/centra-badawcze\/cbpr\/?page_id=85"},"modified":"2022-03-07T15:00:40","modified_gmt":"2022-03-07T14:00:40","slug":"zespol","status":"publish","type":"page","link":"https:\/\/us.edu.pl\/centra-badawcze\/cbpr\/zespol\/","title":{"rendered":"zesp\u00f3\u0142"},"content":{"rendered":"<p>[vc_row el_class=&#8221;container&#8221;][vc_column width=&#8221;1\/6&#8243;][\/vc_column][vc_column width=&#8221;2\/3&#8243;]\r\n                <div class=\"text-modules\">\r\n                    <div class=\"container\">\r\n                        <h3 class=\"page-title text__title\">Zesp\u00f3\u0142<\/h3>\r\n                        <div class=\"text-modules__content\"><\/div>\r\n                    <\/div>\r\n                <\/div>[\/vc_column][vc_column width=&#8221;1\/6&#8243;][\/vc_column][\/vc_row][vc_row el_class=&#8221;container&#8221;][vc_column width=&#8221;1\/6&#8243;][\/vc_column][vc_column width=&#8221;2\/3&#8243;]\r\n                <div class=\"text-modules\">\r\n                    <div class=\"container\">\r\n                        \r\n                        <div class=\"text-modules__content\"><\/p>\n<h3><strong>Dyrektor<\/strong><\/h3>\n<p>\n<\/div>\r\n                    <\/div>\r\n                <\/div>[\/vc_column][vc_column width=&#8221;1\/6&#8243;][\/vc_column][\/vc_row][vc_row el_class=&#8221;container foto&#8221;][vc_column width=&#8221;1\/6&#8243;][\/vc_column][vc_column width=&#8221;2\/3&#8243;][vc_row_inner][vc_column_inner width=&#8221;1\/2&#8243;]\r\n                <div class=\"text-modules\">\r\n                    <div class=\"container\">\r\n                        \r\n                        <div class=\"text-modules__content\"><p><img loading=\"lazy\" class=\"alignnone wp-image-129\" src=\"http:\/\/us.edu.pl\/centra-badawcze\/cbpr\/wp-content\/uploads\/sites\/71\/image\/prof_Tomasz_Pietrzykowski.jpg\" alt=\"prof. dr hab. Tomasz Pietrzykowski\" width=\"450\" height=\"450\" srcset=\"https:\/\/us.edu.pl\/centra-badawcze\/cbpr\/wp-content\/uploads\/sites\/71\/image\/prof_Tomasz_Pietrzykowski.jpg 520w, https:\/\/us.edu.pl\/centra-badawcze\/cbpr\/wp-content\/uploads\/sites\/71\/image\/prof_Tomasz_Pietrzykowski-150x150.jpg 150w, https:\/\/us.edu.pl\/centra-badawcze\/cbpr\/wp-content\/uploads\/sites\/71\/image\/prof_Tomasz_Pietrzykowski-300x300.jpg 300w\" sizes=\"(max-width: 450px) 100vw, 450px\" \/><\/p>\n<\/div>\r\n                    <\/div>\r\n                <\/div>[\/vc_column_inner][vc_column_inner width=&#8221;1\/2&#8243;]\r\n                <div class=\"text-modules\">\r\n                    <div class=\"container\">\r\n                        \r\n                        <div class=\"text-modules__content\"><p>prof. dr hab. <span style=\"font-size: 20px;\">TOMASZ PIETRZYKOWSKI<\/span><\/p>\n<p style=\"letter-spacing: 1mm; color: #333333; font-size: 10pt;\"><small>DYREKTOR<\/small><\/p>\n<p><small>CENTRUM BADAWCZEGO POLITYKI PUBLICZNEJ I PROBLEM\u00d3W REGULACYJNYCH<\/small><\/p>\n<p><span style=\"font-size: small;\">e-mail: <a href=\"mailto:tomasz.pietrzykowski@us.edu.pl\">tomasz.pietrzykowski@us.edu.pl<\/a><\/span><\/p>\n<\/div>\r\n                    <\/div>\r\n                <\/div>[\/vc_column_inner][\/vc_row_inner][vc_tta_accordion style=&#8221;flat&#8221; shape=&#8221;square&#8221; color=&#8221;white&#8221; c_icon=&#8221;triangle&#8221; active_section=&#8221;0&#8243; no_fill=&#8221;true&#8221; collapsible_all=&#8221;true&#8221;][vc_tta_section title=&#8221;biogram&#8221; tab_id=&#8221;1645544104193-b5d7a8cd-8af6&#8243;]\r\n                <div class=\"text-modules\">\r\n                    <div class=\"container\">\r\n                        \r\n                        <div class=\"text-modules__content\"><p><span style=\"font-size: small;\">Profesor Wydzia\u0142u Prawa i Administracji Uniwersytetu \u015al\u0105skiego w Katowicach. Absolwent studi\u00f3w prawniczych Uniwersytetu \u015al\u0105skiego (1993\u20131998) oraz studium European and English Law Cambridge University (1996\u20131998). Stopie\u0144 doktora otrzyma\u0142 za wyr\u00f3\u017cniaj\u0105c\u0105 si\u0119 obron\u0119 rozprawy doktorskiej po\u015bwi\u0119conej zakazowi wstecznego dzia\u0142ania prawa (2003). Stopie\u0144 doktora habilitowanego uzyska\u0142 w roku 2012 w oparciu o rozpraw\u0119 \u201eIntuicja prawnicza. W stron\u0119 zewn\u0119trznej integracji teorii prawa\u201d, za kt\u00f3r\u0105 otrzyma\u0142 I nagrod\u0119 w XLIX Konkursie miesi\u0119cznika \u201ePa\u0144stwo i Prawo\u201d na najlepsze rozprawy habilitacyjne i doktorskie w dziedzinie nauk prawnych. Od 2005 roku radca prawny (egzamin z 2. lokat\u0105) w Okr\u0119gowej Izbie Radc\u00f3w Prawnych w Katowicach, przez ponad 20 lat zwi\u0105zany z jedn\u0105 z najwi\u0119kszych i najbardziej renomowanych kancelarii prawnych w Polsce. W latach 2005\u20132007 wojewoda \u015bl\u0105ski, stypendysta US State Department oraz Fundacji Wsp\u00f3\u0142pracy Polsko-Niemieckiej. W latach 2009\u20132016 wiceprzewodnicz\u0105cy Krajowej Komisji Etycznej do Spraw Do\u015bwiadcze\u0144 na Zwierz\u0119tach w Ministerstwie Nauki i Szkolnictwa Wy\u017cszego (obecnie cz\u0142onek tej komisji), od 2010 roku wiceprzewodnicz\u0105cy Komisji Bioetycznej \u015al\u0105skiego Uniwersytetu Medycznego, a od 2016 roku \u2013 wiceprzewodnicz\u0105cy Komisji Bioetycznej w \u015al\u0105skiej Izbie Lekarskiej. Cz\u0142onek wielu zespo\u0142\u00f3w eksperckich i cia\u0142 doradczych, w tym Rady Konsultacyjnej Regionalnej Izby Gospodarczej w Katowicach, Rady Spo\u0142eczno-Gospodarczej G\u00f3rno\u015bl\u0105sko-Zag\u0142\u0119biowskiej Metropolii, Zespo\u0142u Ekspert\u00f3w Prawnych Fundacji im. Stefana Batorego w Warszawie. Uczestnik prac legislacyjnych i eksperckich nad wieloma projektami ustaw i akt\u00f3w normatywnych. Doradca prezydenta Katowic m.in. w sprawach roszcze\u0144 reprywatyzacyjnych sp\u00f3\u0142ki Giesche SA (2008\u20132014) oraz przygotowania i wdro\u017cenia metropolitalnych rozwi\u0105za\u0144 prawnych. W roku 2016 wybrany na funkcj\u0119 prorektora do spraw wsp\u00f3\u0142pracy mi\u0119dzynarodowej i krajowej Uniwersytetu \u015al\u0105skiego w Katowicach.<\/span><\/p>\n<p><span style=\"font-size: small;\"><strong>Wybrane publikacje ksi\u0105\u017ckowe:<\/strong><\/span><\/p>\n<ul style=\"list-style-type: square;\">\n<li><span style=\"font-size: small;\">\u201ePersonhood Beyond Humanism. Animals, Chimeras, Autonomous Agents and the Law\u201d, Springer International Publishers 2018<\/span><\/li>\n<li><span style=\"font-size: small;\">\u201eNaturalizm i granice nauk prawnych\u201d, Wolters Kluwer, Warszawa 2017<\/span><\/li>\n<li><span style=\"font-size: 10pt;\">\u201eLegal Personhood: Animals, Artificial Intelligence and the Unborn\u201d (co-ed. V. Kurki), Springer International Publishers, 2017<\/span><\/li>\n<li><span style=\"font-size: small;\">\u201eLudzkie, niezbyt ludzkie. Esej o podmiotowo\u015bci prawnej I wyzwaniach XXI-wieku\u201d, Wydawnictwo U\u015a, Katowice 2016<\/span><\/li>\n<li><span style=\"font-size: small;\">\u201eNew Approaches to the Personhood in Law\u201d (co-ed. B. Stancioli), Peter Lang, Frankfurt a.M. 2016<\/span><\/li>\n<li><span style=\"font-size: small;\">\u201eUjarzmianie Lewiatana. Szkice o idei rz\u0105d\u00f3w prawa\u201d, Wydawnictwo U\u015a, Katowice 2014<\/span><\/li>\n<li><span style=\"font-size: small;\">\u201eIntuicja prawnicza. W stron\u0119 zewn\u0119trznej integracji teorii prawa\u201d, Wydawnictwo Difin, Warszawa 2012<\/span><\/li>\n<li><span style=\"font-size: small;\">\u201eEtyka w administracji publicznej\u201d (wsp\u00f3\u0142autor \u2013 I. Bogucka), Lexis Nexis, Warszawa 2012<\/span><\/li>\n<li><span style=\"font-size: small;\">\u201ePodstawy prawa intertemporalnego. Zmiany przepis\u00f3w a problemy stosowania prawa\u201d, Lexis Nexis, Warszawa 2011<\/span><\/li>\n<li><span style=\"font-size: small;\">\u201eEtyczne problemy prawa\u201d, Lexis Nexis, Warszawa 2011<\/span><\/li>\n<\/ul>\n<p>\n<\/div>\r\n                    <\/div>\r\n                <\/div>[\/vc_tta_section][\/vc_tta_accordion][\/vc_column][vc_column width=&#8221;1\/6&#8243;][\/vc_column][\/vc_row][vc_row][vc_column][vc_empty_space][\/vc_column][\/vc_row][vc_row el_class=&#8221;container&#8221;][vc_column width=&#8221;1\/6&#8243;][\/vc_column][vc_column width=&#8221;2\/3&#8243;]\r\n                <div class=\"text-modules\">\r\n                    <div class=\"container\">\r\n                        \r\n                        <div class=\"text-modules__content\"><\/p>\n<h3><strong>Zast\u0119pca dyrektora<\/strong><\/h3>\n<p>\n<\/div>\r\n                    <\/div>\r\n                <\/div>[\/vc_column][vc_column width=&#8221;1\/6&#8243;][\/vc_column][\/vc_row][vc_row el_class=&#8221;container foto&#8221;][vc_column width=&#8221;1\/6&#8243;][\/vc_column][vc_column width=&#8221;2\/3&#8243;][vc_row_inner][vc_column_inner width=&#8221;1\/2&#8243;]\r\n                <div class=\"text-modules\">\r\n                    <div class=\"container\">\r\n                        \r\n                        <div class=\"text-modules__content\"><p><img loading=\"lazy\" class=\"alignnone wp-image-128\" src=\"http:\/\/us.edu.pl\/centra-badawcze\/cbpr\/wp-content\/uploads\/sites\/71\/image\/prof_Agnieszka_Turska-Kawa.jpg\" alt=\"dr hab. Agnieszka Turska-Kawa, prof. U\u015a\" width=\"450\" height=\"450\" srcset=\"https:\/\/us.edu.pl\/centra-badawcze\/cbpr\/wp-content\/uploads\/sites\/71\/image\/prof_Agnieszka_Turska-Kawa.jpg 520w, https:\/\/us.edu.pl\/centra-badawcze\/cbpr\/wp-content\/uploads\/sites\/71\/image\/prof_Agnieszka_Turska-Kawa-150x150.jpg 150w, https:\/\/us.edu.pl\/centra-badawcze\/cbpr\/wp-content\/uploads\/sites\/71\/image\/prof_Agnieszka_Turska-Kawa-300x300.jpg 300w\" sizes=\"(max-width: 450px) 100vw, 450px\" \/><\/p>\n<\/div>\r\n                    <\/div>\r\n                <\/div>[\/vc_column_inner][vc_column_inner width=&#8221;1\/2&#8243;]\r\n                <div class=\"text-modules\">\r\n                    <div class=\"container\">\r\n                        \r\n                        <div class=\"text-modules__content\"><p>dr hab. <span style=\"font-size: 20px;\">AGNIESZKA TURSKA-KAWA<\/span>, prof. U\u015a<\/p>\n<p style=\"letter-spacing: 1mm; color: #333333; font-size: 10pt;\"><small>ZAST\u0118PCA DYREKTORA<\/small><\/p>\n<p><small>CENTRUM BADAWCZEGO POLITYKI PUBLICZNEJ I PROBLEM\u00d3W REGULACYJNYCH<\/small><\/p>\n<p><span style=\"font-size: small;\">e-mail: <a href=\"mailto:agnieszka.turska-kawa@us.edu.pl\">agnieszka.turska-kawa@us.edu.pl<\/a><\/span><\/p>\n<\/div>\r\n                    <\/div>\r\n                <\/div>[\/vc_column_inner][\/vc_row_inner][vc_tta_accordion style=&#8221;flat&#8221; shape=&#8221;square&#8221; color=&#8221;white&#8221; c_icon=&#8221;triangle&#8221; active_section=&#8221;0&#8243; no_fill=&#8221;true&#8221; collapsible_all=&#8221;true&#8221;][vc_tta_section title=&#8221;biogram&#8221; tab_id=&#8221;1645544341083-2c4a31bb-a263&#8243;]\r\n                <div class=\"text-modules\">\r\n                    <div class=\"container\">\r\n                        \r\n                        <div class=\"text-modules__content\"><p><span style=\"font-size: small;\">Dyrektor Instytutu Nauk Politycznych Uniwersytetu \u015al\u0105skiego w Katowicach. Absolwentka dw\u00f3ch kierunk\u00f3w \u2013 politologii oraz psychologii \u2013 kt\u00f3re konsekwentnie \u0142\u0105czy w ramach prac naukowo-badawczych.<\/span><\/p>\n<p><span style=\"font-size: small;\">Autorka kilkudziesi\u0119ciu artyku\u0142\u00f3w podejmuj\u0105cych problematyk\u0119 zachowa\u0144 wyborczych, w szczeg\u00f3lno\u015bci ich psychologicznych determinant oraz przyw\u00f3dztwa politycznego i kompetencji obywatelskich. Kierownik i wykonawczyni licznych grant\u00f3w naukowo-badawczych (m.in. Fundacji Wsp\u00f3\u0142pracy Polsko-Niemieckiej, Narodowego Centrum Nauki czy Ministerstwa Rozwoju Regionalnego). Swoje pasje naukowe realizuje r\u00f3wnie\u017c organizacyjnie jako prezes pr\u0119\u017cnie dzia\u0142aj\u0105cej Sekcji Bada\u0144 Wyborczych przy PTNP, prezes Fundacji Akademickiej IPSO ORDO podejmuj\u0105cej szerok\u0105 wsp\u00f3\u0142prac\u0119 z samorz\u0105dami czy redaktor naczelna czasopisma \u201ePolitical Preferences\u201d. Czlonkini European Consortium for Political Research i American Political Science Association. Laureatka stypendium Ministra Nauki i Szkolnictwa Wy\u017cszego dla wybitnych m\u0142odych naukowc\u00f3w (2018\u20132019).<\/span><\/p>\n<p><span style=\"font-size: small;\"><strong>Bie\u017c\u0105ce prace naukowo-badawcze:<\/strong><\/span><\/p>\n<ul style=\"list-style-type: square;\">\n<li><span style=\"font-size: small;\">delegatka Polski w Management Committee COST Akcji CA15207 \u201eProfessionalisation and Social Impact of European Political Science\u201d. Prace naukowo-badawcze prowadzone s\u0105 w ramach grupy \u201eSocial impact, media visibility and participation of Political Science in public sphere\u201d (2016\u20132020)<\/span><\/li>\n<li><span style=\"font-size: small;\">\u201ePsychological determinants of civic competences\u201d \u2013 mi\u0119dzynarodowy projekt w ramach wsp\u00f3\u0142pracy z Babes-Bolyai University (od 2016)<\/span><\/li>\n<li><span style=\"font-size: small;\">Intergovernmental Media Relations and Agenda Building During the Smolensk Airline Crash, University of Florida, College of Journalism and Communications (od 2016)<\/span><\/li>\n<\/ul>\n<p><span style=\"font-size: small;\"><strong>Wybrane publikacje:<\/strong><\/span><\/p>\n<ul style=\"list-style-type: square;\">\n<li><span style=\"font-size: small;\">\u201eKorupcja polityczna\u201d, wsp\u00f3\u0142autor: Waldemar Wojtasik, Fundacja Akademicka IPSO ORDO, Katowice 2017<\/span><\/li>\n<li><span style=\"font-size: small;\">\u201eCentrality of Religiosity versus Civic Involvement. The Case of Poland\u201d (2018), \u201eCommunist and Post-Communist Studies\u201d vol. 51 (1)<\/span><\/li>\n<li><span style=\"font-size: small;\">\u201eDeterminanty chwiejno\u015bci wyborczej\u201d (2015), Katowice: Wydawnictwo Uniwersytetu \u015al\u0105skiego<\/span><\/li>\n<li><span style=\"font-size: small;\">\u201eOsobowo\u015bciowe uwarunkowania zachowa\u0144 wyborczych. Studium wojew\u00f3dztwa \u015bl\u0105skiego\u201d (2013), Toru\u0144: Wydawnictwo Adam Marsza\u0142ek<\/span><\/li>\n<li><span style=\"font-size: small;\">\u201eVoters\u2019 Personalities and Ideal Party\u2019s Personality. Evidence from Poland\u201d (2015), \u201eRomanian Journal of Political Science\u201d, vol. 15, no 1 (wsp\u00f3\u0142autor: Irena Pilch)<\/span><\/li>\n<li><span style=\"font-size: small;\">\u201eThe Specificity Of Electoral Volatility In European Parliamentary Elections\u201d (2014), \u201ePolitical Preferences\u201d nr 9\/2014, s. 181\u2013192<\/span><\/li>\n<li><span style=\"font-size: small;\">\u201eBig Five Personality Traits Model in Electoral Behaviour Studies\u201d (2013) \u201eRomanian Journal of Political Science\u201d, vol. 13, no. 2, s. 69\u2013107<\/span><\/li>\n<\/ul>\n<p>\n<\/div>\r\n                    <\/div>\r\n                <\/div>[\/vc_tta_section][\/vc_tta_accordion][\/vc_column][vc_column width=&#8221;1\/6&#8243;][\/vc_column][\/vc_row][vc_row][vc_column][vc_empty_space][\/vc_column][\/vc_row][vc_row el_class=&#8221;container&#8221;][vc_column width=&#8221;1\/6&#8243;][\/vc_column][vc_column width=&#8221;2\/3&#8243;]\r\n                <div class=\"text-modules\">\r\n                    <div class=\"container\">\r\n                        \r\n                        <div class=\"text-modules__content\"><\/p>\n<h3><strong>Senior Researchers<\/strong><\/h3>\n<p>\n<\/div>\r\n                    <\/div>\r\n                <\/div>[\/vc_column][vc_column width=&#8221;1\/6&#8243;][\/vc_column][\/vc_row][vc_row el_class=&#8221;container&#8221;][vc_column width=&#8221;1\/6&#8243;][\/vc_column][vc_column width=&#8221;2\/6&#8243;]\r\n                <div class=\"text-modules\">\r\n                    <div class=\"container\">\r\n                        \r\n                        <div class=\"text-modules__content\"><p>dr <span style=\"font-size: 20px;\">ANNA MU\u015a<\/span><\/p>\n<p style=\"letter-spacing: 1mm; color: #333333; font-size: 10pt;\"><small>Instytut Nauk Politycznych<\/small><\/p>\n<p><span style=\"font-size: small;\">e-mail: <a href=\"mailto:anna.mus@us.edu.pl\">anna.mus@us.edu.pl<\/a><\/span><\/p>\n<\/div>\r\n                    <\/div>\r\n                <\/div>[vc_tta_accordion style=&#8221;flat&#8221; shape=&#8221;square&#8221; color=&#8221;white&#8221; c_icon=&#8221;triangle&#8221; active_section=&#8221;0&#8243; no_fill=&#8221;true&#8221; collapsible_all=&#8221;true&#8221;][vc_tta_section title=&#8221;biogram&#8221; tab_id=&#8221;1645187876807-63fe933e-1c4c&#8221;]\r\n                <div class=\"text-modules\">\r\n                    <div class=\"container\">\r\n                        \r\n                        <div class=\"text-modules__content\"><p><span style=\"font-size: small;\">Adiunkt w Instytucie Nauk Politycznych Uniwersytetu \u015al\u0105skiego w Katowicach. Absolwentka Kolegium Indywidualnych Studi\u00f3w Mi\u0119dzyobszarowych, w ramach kt\u00f3rych obroni\u0142a tytu\u0142y w dyscyplinach prawo i nauki o polityce. Doktorat dotycz\u0105cy to\u017csamo\u015bci etnicznej oraz zachowa\u0144 politycznych G\u00f3rno\u015bl\u0105zak\u00f3w obroni\u0142a z wyr\u00f3\u017cnieniem w 2019 roku. Jeszcze jako studentka bra\u0142a udzia\u0142 w konkursie 2016 Philip C. Jessup International Law Moot Court Competition. Swoje zainteresowania naukowe rozwija\u0142a tak\u017ce za granic\u0105 w ramach mobilno\u015bci finansowanej przez program Erasmus+, wsp\u00f3\u0142pracuj\u0105c z NISE (National Movements and Intermediary Structures in Europe w Antwerpii) oraz ECMI (European Centre for Minority Issues we Flensburgu). Jako stypendystka przebywa\u0142a na Slezsk\u00e1 univerzita v Opav\u011b, prowadz\u0105c badania naukowe dotycz\u0105ce ruchu etnoregionalistycznego na Morawach i \u015al\u0105sku Opawskim.<\/span><\/p>\n<p><span style=\"font-size: small;\"><a href=\"https:\/\/us.edu.pl\/instytut\/inp\/mus-anna\/%20\">Publikacje<\/a><\/span><\/p>\n<p><span style=\"font-size: small;\"><a href=\"https:\/\/orcid.org\/0000-0002-9010-3139\">ORCID<\/a><\/span><\/p>\n<\/div>\r\n                    <\/div>\r\n                <\/div>[\/vc_tta_section][\/vc_tta_accordion][\/vc_column][vc_column width=&#8221;2\/6&#8243;]\r\n                <div class=\"text-modules\">\r\n                    <div class=\"container\">\r\n                        \r\n                        <div class=\"text-modules__content\"><p>dr <span style=\"font-size: 20px;\">\u0141UKASZ TREMBACZOWSKI<\/span><\/p>\n<p style=\"letter-spacing: 1mm; color: #333333; font-size: 10pt;\"><small>Instytut Socjologii<\/small><\/p>\n<p><span style=\"font-size: small;\">e-mail: <a href=\"mailto:lukasz.trembaczowski@us.edu.pl\">lukasz.trembaczowski@us.edu.pl<\/a><\/span><\/p>\n<\/div>\r\n                    <\/div>\r\n                <\/div>[vc_tta_accordion style=&#8221;flat&#8221; shape=&#8221;square&#8221; color=&#8221;white&#8221; c_icon=&#8221;triangle&#8221; active_section=&#8221;0&#8243; no_fill=&#8221;true&#8221; collapsible_all=&#8221;true&#8221;][vc_tta_section title=&#8221;biogram&#8221; tab_id=&#8221;1645187868628-e0511d00-77a2&#8243;]\r\n                <div class=\"text-modules\">\r\n                    <div class=\"container\">\r\n                        \r\n                        <div class=\"text-modules__content\"><p><span style=\"font-size: small;\">Adiunkt w Instytucie Socjologii Uniwersytetu \u015al\u0105skiego w Katowicach. Jego zainteresowania badawcze obejmuj\u0105 socjologi\u0119 ekonomiczn\u0105, socjologi\u0119 pracy i sprawiedliw\u0105 transformacj\u0119. Przez wiele lat zajmowa\u0142 si\u0119 problematyk\u0105 zaufania i ryzyka. Autor kilkudziesi\u0119ciu artyku\u0142\u00f3w, autor i wsp\u00f3\u0142autor pi\u0119ciu ksi\u0105\u017cek i redaktor monografii zbiorowych. Koordynator naukowy Grupy Badawczej Sprawiedliwej Transformacji na Uniwersytecie \u015al\u0105skim w Katowicach. Cz\u0142onek Just Transition Research Collaborative przy UNSDP. Wsp\u00f3\u0142autor raportu \u201ePropozycje rekomendacji dla obszaru sprawiedliwa transformacja\u201d (2020), przygotowanego dla Ministerstwa Klimatu. Koordynator bada\u0144 i cz\u0142onek zespo\u0142\u00f3w badawczych w licznych projektach na zlecenie \u015al\u0105skiego Urz\u0119du Wojew\u00f3dzkiego, \u015al\u0105skiego Urz\u0119du Marsza\u0142kowskiego, Urz\u0119du Miasta Katowice i innych jednostek samorz\u0105dowych i terytorialnych.<\/span><\/p>\n<p><span style=\"font-size: small;\"><a href=\"https:\/\/orcid.org\/0000-0002-8914-3811\">ORCID<\/a><\/span><\/p>\n<\/div>\r\n                    <\/div>\r\n                <\/div>[\/vc_tta_section][\/vc_tta_accordion][\/vc_column][vc_column width=&#8221;1\/6&#8243;][\/vc_column][\/vc_row]<\/p>","protected":false},"excerpt":{"rendered":"<p>[vc_row el_class=&#8221;container&#8221;][vc_column width=&#8221;1\/6&#8243;][\/vc_column][vc_column width=&#8221;2\/3&#8243;][\/vc_column][vc_column width=&#8221;1\/6&#8243;][\/vc_column][\/vc_row][vc_row el_class=&#8221;container&#8221;][vc_column width=&#8221;1\/6&#8243;][\/vc_column][vc_column width=&#8221;2\/3&#8243;][\/vc_column][vc_column width=&#8221;1\/6&#8243;][\/vc_column][\/vc_row][vc_row el_class=&#8221;container foto&#8221;][vc_column width=&#8221;1\/6&#8243;][\/vc_column][vc_column width=&#8221;2\/3&#8243;][vc_row_inner][vc_column_inner width=&#8221;1\/2&#8243;][\/vc_column_inner][vc_column_inner width=&#8221;1\/2&#8243;][\/vc_column_inner][\/vc_row_inner][vc_tta_accordion style=&#8221;flat&#8221; shape=&#8221;square&#8221; color=&#8221;white&#8221; c_icon=&#8221;triangle&#8221; active_section=&#8221;0&#8243; no_fill=&#8221;true&#8221; collapsible_all=&#8221;true&#8221;][vc_tta_section title=&#8221;biogram&#8221; tab_id=&#8221;1645544104193-b5d7a8cd-8af6&#8243;][\/vc_tta_section][\/vc_tta_accordion][\/vc_column][vc_column width=&#8221;1\/6&#8243;][\/vc_column][\/vc_row][vc_row][vc_column][vc_empty_space][\/vc_column][\/vc_row][vc_row el_class=&#8221;container&#8221;][vc_column width=&#8221;1\/6&#8243;][\/vc_column][vc_column width=&#8221;2\/3&#8243;][\/vc_column][vc_column width=&#8221;1\/6&#8243;][\/vc_column][\/vc_row][vc_row el_class=&#8221;container foto&#8221;][vc_column width=&#8221;1\/6&#8243;][\/vc_column][vc_column width=&#8221;2\/3&#8243;][vc_row_inner][vc_column_inner width=&#8221;1\/2&#8243;][\/vc_column_inner][vc_column_inner width=&#8221;1\/2&#8243;][\/vc_column_inner][\/vc_row_inner][vc_tta_accordion style=&#8221;flat&#8221; shape=&#8221;square&#8221; color=&#8221;white&#8221; c_icon=&#8221;triangle&#8221; active_section=&#8221;0&#8243; no_fill=&#8221;true&#8221; collapsible_all=&#8221;true&#8221;][vc_tta_section title=&#8221;biogram&#8221; tab_id=&#8221;1645544341083-2c4a31bb-a263&#8243;][\/vc_tta_section][\/vc_tta_accordion][\/vc_column][vc_column width=&#8221;1\/6&#8243;][\/vc_column][\/vc_row][vc_row][vc_column][vc_empty_space][\/vc_column][\/vc_row][vc_row el_class=&#8221;container&#8221;][vc_column width=&#8221;1\/6&#8243;][\/vc_column][vc_column width=&#8221;2\/3&#8243;][\/vc_column][vc_column width=&#8221;1\/6&#8243;][\/vc_column][\/vc_row][vc_row el_class=&#8221;container&#8221;][vc_column width=&#8221;1\/6&#8243;][\/vc_column][vc_column width=&#8221;2\/6&#8243;][vc_tta_accordion style=&#8221;flat&#8221; shape=&#8221;square&#8221; color=&#8221;white&#8221; [&#8230;]<\/p>\n<p><a class=\"btn btn-secondary understrap-read-more-link\" href=\"https:\/\/us.edu.pl\/centra-badawcze\/cbpr\/zespol\/\">Read More&#8230;<\/a><\/p>\n","protected":false},"author":33,"featured_media":0,"parent":0,"menu_order":0,"comment_status":"closed","ping_status":"closed","template":"","meta":{"_expiration-date-status":"saved","_expiration-date":0,"_expiration-date-type":"","_expiration-date-categories":[],"_expiration-date-options":[]},"acf":[],"_links":{"self":[{"href":"https:\/\/us.edu.pl\/centra-badawcze\/cbpr\/wp-json\/wp\/v2\/pages\/85"}],"collection":[{"href":"https:\/\/us.edu.pl\/centra-badawcze\/cbpr\/wp-json\/wp\/v2\/pages"}],"about":[{"href":"https:\/\/us.edu.pl\/centra-badawcze\/cbpr\/wp-json\/wp\/v2\/types\/page"}],"author":[{"embeddable":true,"href":"https:\/\/us.edu.pl\/centra-badawcze\/cbpr\/wp-json\/wp\/v2\/users\/33"}],"replies":[{"embeddable":true,"href":"https:\/\/us.edu.pl\/centra-badawcze\/cbpr\/wp-json\/wp\/v2\/comments?post=85"}],"version-history":[{"count":10,"href":"https:\/\/us.edu.pl\/centra-badawcze\/cbpr\/wp-json\/wp\/v2\/pages\/85\/revisions"}],"predecessor-version":[{"id":252,"href":"https:\/\/us.edu.pl\/centra-badawcze\/cbpr\/wp-json\/wp\/v2\/pages\/85\/revisions\/252"}],"wp:attachment":[{"href":"https:\/\/us.edu.pl\/centra-badawcze\/cbpr\/wp-json\/wp\/v2\/media?parent=85"}],"curies":[{"name":"wp","href":"https:\/\/api.w.org\/{rel}","templated":true}]}}