{"id":95,"date":"2022-02-15T14:48:44","date_gmt":"2022-02-15T13:48:44","guid":{"rendered":"http:\/\/us.edu.pl\/centra-badawcze\/cbpr\/?page_id=95"},"modified":"2022-03-15T14:58:26","modified_gmt":"2022-03-15T13:58:26","slug":"just-transition-for-silesia","status":"publish","type":"page","link":"https:\/\/us.edu.pl\/centra-badawcze\/cbpr\/en\/inicjatywy\/just-transition-for-silesia\/","title":{"rendered":"just transition for Silesia"},"content":{"rendered":"<p>[vc_row el_class=&#8221;container&#8221;][vc_column width=&#8221;1\/6&#8243;][\/vc_column][vc_column width=&#8221;2\/3&#8243;]\r\n                <div class=\"text-modules\">\r\n                    <div class=\"container\">\r\n                        <h3 class=\"page-title text__title\">Just transition for Silesia<\/h3>\r\n                        <div class=\"text-modules__content\"><p>The coordinator of the activity: \u0141ukasz Trembaczowski, PhD.<\/p>\n<p>Just transition for Silesia is a call for proposals dedicated to doctoral students.<\/p>\n<\/div>\r\n                    <\/div>\r\n                <\/div>\r\n                <div class=\"text-modules\">\r\n                    <div class=\"container\">\r\n                        \r\n                        <div class=\"text-modules__content\"><\/p>\n<h3><strong><span style=\"font-family: PT Sans Narrow, sans-serif;\">Results<\/span><\/strong><\/h3>\n<ul style=\"list-style-type: square;\">\n<li>1st place: Aleksandra Klefas \u201eRola spo\u0142ecznych zam\u00f3wie\u0144 publicznych w przeprowadzeniu Sprawiedliwej Transformacji\u201d (The social role of public procurement in implementing Just Transition)<\/li>\n<li>2nd place: Marcin Burdzik \u201ePolityka zdrowotna w dobie sprawiedliwej transformacji\u201d (Health policy during Just Transition\u201d and Jakub Bry\u0142a \u201eSmart City sposobem na spo\u0142eczno-gospodarcz\u0105 transformacj\u0119 konurbacji g\u00f3rno\u015bl\u0105skiej\u201d (Smart City as a way for socio-economic transformation of Katowice Conurbation)<\/li>\n<\/ul>\n<p>\n<\/div>\r\n                    <\/div>\r\n                <\/div>[\/vc_column][vc_column width=&#8221;1\/6&#8243;][\/vc_column][\/vc_row]<\/p>","protected":false},"excerpt":{"rendered":"<p>[vc_row el_class=&#8221;container&#8221;][vc_column width=&#8221;1\/6&#8243;][\/vc_column][vc_column width=&#8221;2\/3&#8243;][\/vc_column][vc_column width=&#8221;1\/6&#8243;][\/vc_column][\/vc_row] [&#8230;]<\/p>\n<p><a class=\"btn btn-secondary understrap-read-more-link\" href=\"https:\/\/us.edu.pl\/centra-badawcze\/cbpr\/en\/inicjatywy\/just-transition-for-silesia\/\">Read More&#8230;<\/a><\/p>\n","protected":false},"author":33,"featured_media":0,"parent":87,"menu_order":0,"comment_status":"closed","ping_status":"closed","template":"","meta":{"_expiration-date-status":"saved","_expiration-date":0,"_expiration-date-type":"","_expiration-date-categories":[],"_expiration-date-options":[]},"acf":[],"_links":{"self":[{"href":"https:\/\/us.edu.pl\/centra-badawcze\/cbpr\/en\/wp-json\/wp\/v2\/pages\/95"}],"collection":[{"href":"https:\/\/us.edu.pl\/centra-badawcze\/cbpr\/en\/wp-json\/wp\/v2\/pages"}],"about":[{"href":"https:\/\/us.edu.pl\/centra-badawcze\/cbpr\/en\/wp-json\/wp\/v2\/types\/page"}],"author":[{"embeddable":true,"href":"https:\/\/us.edu.pl\/centra-badawcze\/cbpr\/en\/wp-json\/wp\/v2\/users\/33"}],"replies":[{"embeddable":true,"href":"https:\/\/us.edu.pl\/centra-badawcze\/cbpr\/en\/wp-json\/wp\/v2\/comments?post=95"}],"version-history":[{"count":8,"href":"https:\/\/us.edu.pl\/centra-badawcze\/cbpr\/en\/wp-json\/wp\/v2\/pages\/95\/revisions"}],"predecessor-version":[{"id":258,"href":"https:\/\/us.edu.pl\/centra-badawcze\/cbpr\/en\/wp-json\/wp\/v2\/pages\/95\/revisions\/258"}],"up":[{"embeddable":true,"href":"https:\/\/us.edu.pl\/centra-badawcze\/cbpr\/en\/wp-json\/wp\/v2\/pages\/87"}],"wp:attachment":[{"href":"https:\/\/us.edu.pl\/centra-badawcze\/cbpr\/en\/wp-json\/wp\/v2\/media?parent=95"}],"curies":[{"name":"wp","href":"https:\/\/api.w.org\/{rel}","templated":true}]}}