{"id":108,"date":"2021-02-17T14:30:36","date_gmt":"2021-02-17T13:30:36","guid":{"rendered":"http:\/\/us.edu.pl\/centra-badawcze\/cmbm-spin-lab\/?page_id=108"},"modified":"2024-09-04T11:34:52","modified_gmt":"2024-09-04T09:34:52","slug":"historia-powstania-centrum-spin-lab","status":"publish","type":"page","link":"https:\/\/us.edu.pl\/centra-badawcze\/cmbm-spin-lab\/centrum-badawcze\/historia-powstania-centrum-spin-lab\/","title":{"rendered":"historia powstania centrum SPIN-Lab"},"content":{"rendered":"<p>[vc_row][vc_column][vc_raw_html]JTNDaDIlMjBjbGFzcyUzRCUyMnBhZ2UtdGl0bGUlMjBjb250YWluZXIlMjIlM0VIaXN0b3JpYSUyMHBvd3N0YW5pYSUyMFNQSU4tTGFiJTNDJTJGaDIlM0U=[\/vc_raw_html][\/vc_column][\/vc_row][vc_row el_class=&#8221;container&#8221;][vc_column width=&#8221;1\/6&#8243;][\/vc_column][vc_column width=&#8221;2\/3&#8243;]\r\n                <div class=\"text-modules\">\r\n                    <div class=\"container\">\r\n                        \r\n                        <div class=\"text-modules__content\"><\/p>\n<h3>Poznaj nasz\u0105 histori\u0119<\/h3>\n<p>\n<\/div>\r\n                    <\/div>\r\n                <\/div>\r\n                <div class=\"text-modules\">\r\n                    <div class=\"container\">\r\n                        \r\n                        <div class=\"text-modules__content\"><p>Centrum Mikroskopowego Badania Materii SPIN-Lab jest centrum badawczym dzia\u0142aj\u0105cym w ramach Uniwersytetu \u015al\u0105skiego w Katowicach. Jednostka zosta\u0142a powo\u0142ana 16 pa\u017adziernika 2017 roku pod pierwotn\u0105 nazw\u0105 Wirtualne Centrum Nano- i Mikroskopii.<\/p>\n<p>Od pocz\u0105tku dzia\u0142alno\u015bci naszym zadaniem by\u0142a konsolidacja kompetencji i mo\u017cliwo\u015bci zwi\u0105zanych z edukacj\u0105, badaniami i rozwojem, a tak\u017ce komercjalizacj\u0105 w obszarze nanoskopii i mikroskopii. Obecnie \u0142\u0105czymy kompetencje mikroskopowe dw\u00f3ch wydzia\u0142\u00f3w Uniwersytetu \u015al\u0105skiego: Wydzia\u0142u Nauk \u015acis\u0142ych i Technicznych oraz Wydzia\u0142u Nauk Przyrodniczych, oferuj\u0105c mo\u017cliwo\u015b\u0107 realizacji bada\u0144 z wykorzystaniem ponad 45 mikroskop\u00f3w.<\/p>\n<p>W 2020 roku centrum pozyska\u0142o fundusze na now\u0105 infrastruktur\u0119 badawcz\u0105<a href=\"#_ftn1\" name=\"_ftnref1\">[1]<\/a>. Dofinansowanie pozwoli\u0142o na wybudowanie nowego obiektu i wyposa\u017cenie go w nowoczesn\u0105 aparatur\u0119 laboratoryjn\u0105:<\/p>\n<ul>\n<li>transmisyjny mikroskop elektronowy przystosowany do bada\u0144 w warunkach kriogenicznych,<\/li>\n<li>skaningowy mikroskop elektronowy sprz\u0119\u017cony z ksenonowym dzia\u0142em jonowym,<\/li>\n<li>skaningowy mikroskop elektronowy z detektorami EDX, WDX, a tak\u017ce spektrometrem Ramana,<\/li>\n<li>mikroskop konfokalny z bia\u0142ym laserem,<\/li>\n<li>a tak\u017ce mikrotomograf rentgenowski.<\/li>\n<\/ul>\n<p>Dzia\u0142ania inwestycyjne zako\u0144czyli\u015bmy w 2022 roku, uruchamiaj\u0105c najnowocze\u015bniejsze na \u015al\u0105sku centrum mikroskopii, kt\u00f3re specjalizuje si\u0119 w korelacyjnych badaniach materii, szczeg\u00f3lnie materii \u201emi\u0119kkiej\u201d. Wsp\u00f3\u0142praca ponad 100 specjalist\u00f3w z r\u00f3\u017cnych obszar\u00f3w mikroskopii pozwala realizowa\u0107 us\u0142ugi badawcze, rozwojowe i edukacyjne, doradztwo naukowo-techniczne, szkolenia, warsztaty i seminaria oraz us\u0142ugi eksperckie.<\/p>\n<p>&nbsp;<\/p>\n<hr \/>\n<p><a href=\"#_ftnref1\" name=\"_ftn1\">[1]<\/a> Fundusze na now\u0105 infrastruktur\u0119 badawcz\u0105 pochodz\u0105 ze \u015brodk\u00f3w Regionalnego Programu Operacyjnego Wojew\u00f3dztwa \u015al\u0105skiego na lata 2014\u20132020 przeznaczonych na Dzia\u0142anie 1.1. \u201eKluczowa dla regionu infrastruktura badawcza\u201d w osi priorytetowej I \u201eNowoczesna gospodarka\u201d.<\/p>\n<\/div>\r\n                    <\/div>\r\n                <\/div>[vc_empty_space]\r\n                <div class=\"text-modules\">\r\n                    <div class=\"container\">\r\n                        \r\n                        <div class=\"text-modules__content\"><\/p>\n<h3>Realizacja projektu budowy centrum<\/h3>\n<p>\n<\/div>\r\n                    <\/div>\r\n                <\/div>\r\n                <div class=\"text-modules\">\r\n                    <div class=\"container\">\r\n                        \r\n                        <div class=\"text-modules__content\"><\/p>\n<h4>Etap budowy centrum SPIN-Lab<\/h4>\n<p>\n<\/div>\r\n                    <\/div>\r\n                <\/div>            \r\n                    <div class=\"container\">\r\n                        <div class=\"gallery gallery_3\" data-images-in-row=\"3\">\r\n                            \r\n                            <div class=\"row m-0\">\r\n                                <a data-fancybox-group=\"button\" title=\"Budowa centrum \u2013 widok na rusztowanie z boku\" data-fancybox=\"5176\" href=\"https:\/\/us.edu.pl\/centra-badawcze\/cmbm-spin-lab\/wp-content\/uploads\/sites\/60\/foto\/Etap-budowy-Centrum-Mikroskopowego-SPINLab_5.jpg\" class=\"gallery__item thumbnail\"\r\n                                    style=\"background-image: url(https:\/\/us.edu.pl\/centra-badawcze\/cmbm-spin-lab\/wp-content\/uploads\/sites\/60\/foto\/Etap-budowy-Centrum-Mikroskopowego-SPINLab_5.jpg)\"> <span class=\"d-none\">https:\/\/us.edu.pl\/centra-badawcze\/cmbm-spin-lab\/wp-content\/uploads\/sites\/60\/foto\/Etap-budowy-Centrum-Mikroskopowego-SPINLab_5.jpg<\/span> <\/a><a data-fancybox-group=\"button\" title=\"Budowa centrum \u2013 widok na rusztowanie\" data-fancybox=\"5176\" href=\"https:\/\/us.edu.pl\/centra-badawcze\/cmbm-spin-lab\/wp-content\/uploads\/sites\/60\/foto\/Etap-budowy-Centrum-Mikroskopowego-SPINLab_4.jpg\" class=\"gallery__item thumbnail\"\r\n                                    style=\"background-image: url(https:\/\/us.edu.pl\/centra-badawcze\/cmbm-spin-lab\/wp-content\/uploads\/sites\/60\/foto\/Etap-budowy-Centrum-Mikroskopowego-SPINLab_4.jpg)\"> <span class=\"d-none\">https:\/\/us.edu.pl\/centra-badawcze\/cmbm-spin-lab\/wp-content\/uploads\/sites\/60\/foto\/Etap-budowy-Centrum-Mikroskopowego-SPINLab_4.jpg<\/span> <\/a><a data-fancybox-group=\"button\" title=\"Widok na budynek z g\u00f3ry\" data-fancybox=\"5176\" href=\"https:\/\/us.edu.pl\/centra-badawcze\/cmbm-spin-lab\/wp-content\/uploads\/sites\/60\/foto\/Etap-budowy-Centrum-Mikroskopowego-SPINLab_6.jpg\" class=\"gallery__item thumbnail\"\r\n                                    style=\"background-image: url(https:\/\/us.edu.pl\/centra-badawcze\/cmbm-spin-lab\/wp-content\/uploads\/sites\/60\/foto\/Etap-budowy-Centrum-Mikroskopowego-SPINLab_6.jpg)\"> <span class=\"d-none\">https:\/\/us.edu.pl\/centra-badawcze\/cmbm-spin-lab\/wp-content\/uploads\/sites\/60\/foto\/Etap-budowy-Centrum-Mikroskopowego-SPINLab_6.jpg<\/span> <\/a><a data-fancybox-group=\"button\" title=\"Widok na wej\u015bcie do budunku\" data-fancybox=\"5176\" href=\"https:\/\/us.edu.pl\/centra-badawcze\/cmbm-spin-lab\/wp-content\/uploads\/sites\/60\/Bez-kategorii\/Fot.-Matylda-Klos-003-scaled.jpg\" class=\"gallery__item thumbnail\"\r\n                                    style=\"background-image: url(https:\/\/us.edu.pl\/centra-badawcze\/cmbm-spin-lab\/wp-content\/uploads\/sites\/60\/Bez-kategorii\/Fot.-Matylda-Klos-003-1024x683.jpg)\"> <span class=\"d-none\">https:\/\/us.edu.pl\/centra-badawcze\/cmbm-spin-lab\/wp-content\/uploads\/sites\/60\/Bez-kategorii\/Fot.-Matylda-Klos-003-scaled.jpg<\/span> <\/a><a data-fancybox-group=\"button\" title=\"Widok na budynek z boku\" data-fancybox=\"5176\" href=\"https:\/\/us.edu.pl\/centra-badawcze\/cmbm-spin-lab\/wp-content\/uploads\/sites\/60\/Bez-kategorii\/Fot.-Matylda-Klos-005-scaled.jpg\" class=\"gallery__item thumbnail\"\r\n                                    style=\"background-image: url(https:\/\/us.edu.pl\/centra-badawcze\/cmbm-spin-lab\/wp-content\/uploads\/sites\/60\/Bez-kategorii\/Fot.-Matylda-Klos-005-1024x683.jpg)\"> <span class=\"d-none\">https:\/\/us.edu.pl\/centra-badawcze\/cmbm-spin-lab\/wp-content\/uploads\/sites\/60\/Bez-kategorii\/Fot.-Matylda-Klos-005-scaled.jpg<\/span> <\/a>\r\n                            <\/div>\r\n                    <\/div>\r\n                <\/div>\r\n                <div class=\"text-modules\">\r\n                    <div class=\"container\">\r\n                        \r\n                        <div class=\"text-modules__content\"><\/p>\n<h4>Etap ko\u0144czenia prac nad elewacj\u0105<\/h4>\n<p>\n<\/div>\r\n                    <\/div>\r\n                <\/div>            \r\n                    <div class=\"container\">\r\n                        <div class=\"gallery gallery_3\" data-images-in-row=\"3\">\r\n                            \r\n                            <div class=\"row m-0\">\r\n                                <a data-fancybox-group=\"button\" title=\"Widok na budynek\" data-fancybox=\"9970\" href=\"https:\/\/us.edu.pl\/centra-badawcze\/cmbm-spin-lab\/wp-content\/uploads\/sites\/60\/foto\/Etap-konczenia-prac-nad-elewacja-Centrum-Mikroskopowego-SPINLab_3-scaled-e1677079509910.jpg\" class=\"gallery__item thumbnail\"\r\n                                    style=\"background-image: url(https:\/\/us.edu.pl\/centra-badawcze\/cmbm-spin-lab\/wp-content\/uploads\/sites\/60\/foto\/Etap-konczenia-prac-nad-elewacja-Centrum-Mikroskopowego-SPINLab_3-1024x683.jpg)\"> <span class=\"d-none\">https:\/\/us.edu.pl\/centra-badawcze\/cmbm-spin-lab\/wp-content\/uploads\/sites\/60\/foto\/Etap-konczenia-prac-nad-elewacja-Centrum-Mikroskopowego-SPINLab_3-scaled-e1677079509910.jpg<\/span> <\/a><a data-fancybox-group=\"button\" title=\"Widok na budynek z boku\" data-fancybox=\"9970\" href=\"https:\/\/us.edu.pl\/centra-badawcze\/cmbm-spin-lab\/wp-content\/uploads\/sites\/60\/foto\/Etap-konczenia-prac-nad-elewacja-Centrum-Mikroskopowego-SPINLab_4-scaled-e1677079447461.jpg\" class=\"gallery__item thumbnail\"\r\n                                    style=\"background-image: url(https:\/\/us.edu.pl\/centra-badawcze\/cmbm-spin-lab\/wp-content\/uploads\/sites\/60\/foto\/Etap-konczenia-prac-nad-elewacja-Centrum-Mikroskopowego-SPINLab_4-1024x680.jpg)\"> <span class=\"d-none\">https:\/\/us.edu.pl\/centra-badawcze\/cmbm-spin-lab\/wp-content\/uploads\/sites\/60\/foto\/Etap-konczenia-prac-nad-elewacja-Centrum-Mikroskopowego-SPINLab_4-scaled-e1677079447461.jpg<\/span> <\/a><a data-fancybox-group=\"button\" title=\"Widok na elewacj\u0119\" data-fancybox=\"9970\" href=\"https:\/\/us.edu.pl\/centra-badawcze\/cmbm-spin-lab\/wp-content\/uploads\/sites\/60\/foto\/Etap-konczenia-prac-nad-elewacja-Centrum-Mikroskopowego-SPINLab_5-scaled-e1677079410234.jpg\" class=\"gallery__item thumbnail\"\r\n                                    style=\"background-image: url(https:\/\/us.edu.pl\/centra-badawcze\/cmbm-spin-lab\/wp-content\/uploads\/sites\/60\/foto\/Etap-konczenia-prac-nad-elewacja-Centrum-Mikroskopowego-SPINLab_5-1024x680.jpg)\"> <span class=\"d-none\">https:\/\/us.edu.pl\/centra-badawcze\/cmbm-spin-lab\/wp-content\/uploads\/sites\/60\/foto\/Etap-konczenia-prac-nad-elewacja-Centrum-Mikroskopowego-SPINLab_5-scaled-e1677079410234.jpg<\/span> <\/a>\r\n                            <\/div>\r\n                    <\/div>\r\n                <\/div>\r\n                <div class=\"text-modules\">\r\n                    <div class=\"container\">\r\n                        \r\n                        <div class=\"text-modules__content\"><\/p>\n<h4>Etap prowadzenia instalacji elektrycznej oraz monta\u017cu CO i klimatyzacji<\/h4>\n<p>\n<\/div>\r\n                    <\/div>\r\n                <\/div>            \r\n                    <div class=\"container\">\r\n                        <div class=\"gallery gallery_3\" data-images-in-row=\"3\">\r\n                            \r\n                            <div class=\"row m-0\">\r\n                                <a data-fancybox-group=\"button\" title=\"Korytarz\" data-fancybox=\"7750\" href=\"https:\/\/us.edu.pl\/centra-badawcze\/cmbm-spin-lab\/wp-content\/uploads\/sites\/60\/Bez-kategorii\/Etap-prowadzenia-instalacji-elektrycznej-w-Centrum-MikroskopowymSPINLab_1.jpg\" class=\"gallery__item thumbnail\"\r\n                                    style=\"background-image: url(https:\/\/us.edu.pl\/centra-badawcze\/cmbm-spin-lab\/wp-content\/uploads\/sites\/60\/Bez-kategorii\/Etap-prowadzenia-instalacji-elektrycznej-w-Centrum-MikroskopowymSPINLab_1.jpg)\"> <span class=\"d-none\">https:\/\/us.edu.pl\/centra-badawcze\/cmbm-spin-lab\/wp-content\/uploads\/sites\/60\/Bez-kategorii\/Etap-prowadzenia-instalacji-elektrycznej-w-Centrum-MikroskopowymSPINLab_1.jpg<\/span> <\/a><a data-fancybox-group=\"button\" title=\"Instalacja CO\" data-fancybox=\"7750\" href=\"https:\/\/us.edu.pl\/centra-badawcze\/cmbm-spin-lab\/wp-content\/uploads\/sites\/60\/foto\/Etap-instalacji-CO-w-Centrum-Mikroskopowym-SPINLab_1.jpg\" class=\"gallery__item thumbnail\"\r\n                                    style=\"background-image: url(https:\/\/us.edu.pl\/centra-badawcze\/cmbm-spin-lab\/wp-content\/uploads\/sites\/60\/foto\/Etap-instalacji-CO-w-Centrum-Mikroskopowym-SPINLab_1.jpg)\"> <span class=\"d-none\">https:\/\/us.edu.pl\/centra-badawcze\/cmbm-spin-lab\/wp-content\/uploads\/sites\/60\/foto\/Etap-instalacji-CO-w-Centrum-Mikroskopowym-SPINLab_1.jpg<\/span> <\/a><a data-fancybox-group=\"button\" title=\"Wn\u0119trze jednego z pomieszcze\u0144 w budynku\" data-fancybox=\"7750\" href=\"https:\/\/us.edu.pl\/centra-badawcze\/cmbm-spin-lab\/wp-content\/uploads\/sites\/60\/foto\/Etap-instalacji-klimatyzacji-w-Centrum-Mikroskopowym-SPINLab_2.jpg\" class=\"gallery__item thumbnail\"\r\n                                    style=\"background-image: url(https:\/\/us.edu.pl\/centra-badawcze\/cmbm-spin-lab\/wp-content\/uploads\/sites\/60\/foto\/Etap-instalacji-klimatyzacji-w-Centrum-Mikroskopowym-SPINLab_2.jpg)\"> <span class=\"d-none\">https:\/\/us.edu.pl\/centra-badawcze\/cmbm-spin-lab\/wp-content\/uploads\/sites\/60\/foto\/Etap-instalacji-klimatyzacji-w-Centrum-Mikroskopowym-SPINLab_2.jpg<\/span> <\/a>\r\n                            <\/div>\r\n                    <\/div>\r\n                <\/div>\r\n                <div class=\"text-modules\">\r\n                    <div class=\"container\">\r\n                        \r\n                        <div class=\"text-modules__content\"><\/p>\n<h4>Etap wyka\u0144czania wn\u0119trza<\/h4>\n<p>\n<\/div>\r\n                    <\/div>\r\n                <\/div>            \r\n                    <div class=\"container\">\r\n                        <div class=\"gallery gallery_3\" data-images-in-row=\"3\">\r\n                            \r\n                            <div class=\"row m-0\">\r\n                                <a data-fancybox-group=\"button\" title=\"Widok na okna od \u015brodka\" data-fancybox=\"7905\" href=\"https:\/\/us.edu.pl\/centra-badawcze\/cmbm-spin-lab\/wp-content\/uploads\/sites\/60\/foto\/Etap-wykanczania-wnetrza-Centrum-Mikroskopowego-SPINLab_1.jpg\" class=\"gallery__item thumbnail\"\r\n                                    style=\"background-image: url(https:\/\/us.edu.pl\/centra-badawcze\/cmbm-spin-lab\/wp-content\/uploads\/sites\/60\/foto\/Etap-wykanczania-wnetrza-Centrum-Mikroskopowego-SPINLab_1.jpg)\"> <span class=\"d-none\">https:\/\/us.edu.pl\/centra-badawcze\/cmbm-spin-lab\/wp-content\/uploads\/sites\/60\/foto\/Etap-wykanczania-wnetrza-Centrum-Mikroskopowego-SPINLab_1.jpg<\/span> <\/a><a data-fancybox-group=\"button\" title=\"Widok na umywalk\u0119\" data-fancybox=\"7905\" href=\"https:\/\/us.edu.pl\/centra-badawcze\/cmbm-spin-lab\/wp-content\/uploads\/sites\/60\/foto\/Etap-wykanczania-wnetrza-Centrum-Mikroskopowego-SPINLab_3.jpg\" class=\"gallery__item thumbnail\"\r\n                                    style=\"background-image: url(https:\/\/us.edu.pl\/centra-badawcze\/cmbm-spin-lab\/wp-content\/uploads\/sites\/60\/foto\/Etap-wykanczania-wnetrza-Centrum-Mikroskopowego-SPINLab_3.jpg)\"> <span class=\"d-none\">https:\/\/us.edu.pl\/centra-badawcze\/cmbm-spin-lab\/wp-content\/uploads\/sites\/60\/foto\/Etap-wykanczania-wnetrza-Centrum-Mikroskopowego-SPINLab_3.jpg<\/span> <\/a><a data-fancybox-group=\"button\" title=\"Wn\u0119trze pomieszczenia\" data-fancybox=\"7905\" href=\"https:\/\/us.edu.pl\/centra-badawcze\/cmbm-spin-lab\/wp-content\/uploads\/sites\/60\/foto\/Etap-wykanczania-wnetrza-Centrum-Mikroskopowego-SPINLab_4.jpg\" class=\"gallery__item thumbnail\"\r\n                                    style=\"background-image: url(https:\/\/us.edu.pl\/centra-badawcze\/cmbm-spin-lab\/wp-content\/uploads\/sites\/60\/foto\/Etap-wykanczania-wnetrza-Centrum-Mikroskopowego-SPINLab_4.jpg)\"> <span class=\"d-none\">https:\/\/us.edu.pl\/centra-badawcze\/cmbm-spin-lab\/wp-content\/uploads\/sites\/60\/foto\/Etap-wykanczania-wnetrza-Centrum-Mikroskopowego-SPINLab_4.jpg<\/span> <\/a><a data-fancybox-group=\"button\" title=\"Posadzka w jednym z pomieszcze\u0144\" data-fancybox=\"7905\" href=\"https:\/\/us.edu.pl\/centra-badawcze\/cmbm-spin-lab\/wp-content\/uploads\/sites\/60\/foto\/Etap-zakonczenia-prac-nad-posadzka-w-Centrum-Mikroskopowym-SPIN_Lab_2.jpg\" class=\"gallery__item thumbnail\"\r\n                                    style=\"background-image: url(https:\/\/us.edu.pl\/centra-badawcze\/cmbm-spin-lab\/wp-content\/uploads\/sites\/60\/foto\/Etap-zakonczenia-prac-nad-posadzka-w-Centrum-Mikroskopowym-SPIN_Lab_2.jpg)\"> <span class=\"d-none\">https:\/\/us.edu.pl\/centra-badawcze\/cmbm-spin-lab\/wp-content\/uploads\/sites\/60\/foto\/Etap-zakonczenia-prac-nad-posadzka-w-Centrum-Mikroskopowym-SPIN_Lab_2.jpg<\/span> <\/a><a data-fancybox-group=\"button\" title=\"Drzwi\" data-fancybox=\"7905\" href=\"https:\/\/us.edu.pl\/centra-badawcze\/cmbm-spin-lab\/wp-content\/uploads\/sites\/60\/foto\/Etap-zakonczenia-wstawiania-drzwi-w-Centrum-Mikroskopowym-SPIN_Lab_3.jpg\" class=\"gallery__item thumbnail\"\r\n                                    style=\"background-image: url(https:\/\/us.edu.pl\/centra-badawcze\/cmbm-spin-lab\/wp-content\/uploads\/sites\/60\/foto\/Etap-zakonczenia-wstawiania-drzwi-w-Centrum-Mikroskopowym-SPIN_Lab_3.jpg)\"> <span class=\"d-none\">https:\/\/us.edu.pl\/centra-badawcze\/cmbm-spin-lab\/wp-content\/uploads\/sites\/60\/foto\/Etap-zakonczenia-wstawiania-drzwi-w-Centrum-Mikroskopowym-SPIN_Lab_3.jpg<\/span> <\/a>\r\n                            <\/div>\r\n                    <\/div>\r\n                <\/div>\r\n                <div class=\"text-modules\">\r\n                    <div class=\"container\">\r\n                        \r\n                        <div class=\"text-modules__content\"><\/p>\n<h4>Etap dostawy wyposa\u017cenia<\/h4>\n<p>\n<\/div>\r\n                    <\/div>\r\n                <\/div>            \r\n                    <div class=\"container\">\r\n                        <div class=\"gallery gallery_3\" data-images-in-row=\"3\">\r\n                            \r\n                            <div class=\"row m-0\">\r\n                                <a data-fancybox-group=\"button\" title=\"Aparatura w laboratorium\" data-fancybox=\"9494\" href=\"https:\/\/us.edu.pl\/centra-badawcze\/cmbm-spin-lab\/wp-content\/uploads\/sites\/60\/foto\/Etap-dostawy-wyposazenia-do-Centrum-Mikroskopowego-SPINLab_2.jpg\" class=\"gallery__item thumbnail\"\r\n                                    style=\"background-image: url(https:\/\/us.edu.pl\/centra-badawcze\/cmbm-spin-lab\/wp-content\/uploads\/sites\/60\/foto\/Etap-dostawy-wyposazenia-do-Centrum-Mikroskopowego-SPINLab_2.jpg)\"> <span class=\"d-none\">https:\/\/us.edu.pl\/centra-badawcze\/cmbm-spin-lab\/wp-content\/uploads\/sites\/60\/foto\/Etap-dostawy-wyposazenia-do-Centrum-Mikroskopowego-SPINLab_2.jpg<\/span> <\/a><a data-fancybox-group=\"button\" title=\"Cz\u0119\u015bci aparatury\" data-fancybox=\"9494\" href=\"https:\/\/us.edu.pl\/centra-badawcze\/cmbm-spin-lab\/wp-content\/uploads\/sites\/60\/foto\/Etap-dostawy-wyposazenia-do-Centrum-Mikroskopowego-SPINLab_8.jpg\" class=\"gallery__item thumbnail\"\r\n                                    style=\"background-image: url(https:\/\/us.edu.pl\/centra-badawcze\/cmbm-spin-lab\/wp-content\/uploads\/sites\/60\/foto\/Etap-dostawy-wyposazenia-do-Centrum-Mikroskopowego-SPINLab_8.jpg)\"> <span class=\"d-none\">https:\/\/us.edu.pl\/centra-badawcze\/cmbm-spin-lab\/wp-content\/uploads\/sites\/60\/foto\/Etap-dostawy-wyposazenia-do-Centrum-Mikroskopowego-SPINLab_8.jpg<\/span> <\/a><a data-fancybox-group=\"button\" title=\"Mikroskop\" data-fancybox=\"9494\" href=\"https:\/\/us.edu.pl\/centra-badawcze\/cmbm-spin-lab\/wp-content\/uploads\/sites\/60\/foto\/Etap-dostawy-wyposazenia-do-Centrum-Mikroskopowego-SPINLab_10.jpg\" class=\"gallery__item thumbnail\"\r\n                                    style=\"background-image: url(https:\/\/us.edu.pl\/centra-badawcze\/cmbm-spin-lab\/wp-content\/uploads\/sites\/60\/foto\/Etap-dostawy-wyposazenia-do-Centrum-Mikroskopowego-SPINLab_10.jpg)\"> <span class=\"d-none\">https:\/\/us.edu.pl\/centra-badawcze\/cmbm-spin-lab\/wp-content\/uploads\/sites\/60\/foto\/Etap-dostawy-wyposazenia-do-Centrum-Mikroskopowego-SPINLab_10.jpg<\/span> <\/a>\r\n                            <\/div>\r\n                    <\/div>\r\n                <\/div>\r\n                <div class=\"text-modules\">\r\n                    <div class=\"container\">\r\n                        \r\n                        <div class=\"text-modules__content\"><\/p>\n<h4>Etap dostawy i instalacji kluczowej aparatury<\/h4>\n<p>\n<\/div>\r\n                    <\/div>\r\n                <\/div>            \r\n                    <div class=\"container\">\r\n                        <div class=\"gallery gallery_3\" data-images-in-row=\"3\">\r\n                            \r\n                            <div class=\"row m-0\">\r\n                                <a data-fancybox-group=\"button\" title=\"Fragment aparatury\" data-fancybox=\"3202\" href=\"https:\/\/us.edu.pl\/centra-badawcze\/cmbm-spin-lab\/wp-content\/uploads\/sites\/60\/foto\/Etap-dostawy-i-instalacji-kluczowej-aparatury-do-Centrum-Mikroskopowego-SPINLab_32.jpg\" class=\"gallery__item thumbnail\"\r\n                                    style=\"background-image: url(https:\/\/us.edu.pl\/centra-badawcze\/cmbm-spin-lab\/wp-content\/uploads\/sites\/60\/foto\/Etap-dostawy-i-instalacji-kluczowej-aparatury-do-Centrum-Mikroskopowego-SPINLab_32.jpg)\"> <span class=\"d-none\">https:\/\/us.edu.pl\/centra-badawcze\/cmbm-spin-lab\/wp-content\/uploads\/sites\/60\/foto\/Etap-dostawy-i-instalacji-kluczowej-aparatury-do-Centrum-Mikroskopowego-SPINLab_32.jpg<\/span> <\/a><a data-fancybox-group=\"button\" title=\"Aparatura w laboratorium\" data-fancybox=\"3202\" href=\"https:\/\/us.edu.pl\/centra-badawcze\/cmbm-spin-lab\/wp-content\/uploads\/sites\/60\/foto\/Etap-dostawy-i-instalacji-kluczowej-aparatury-do-Centrum-Mikroskopowego-SPINLab_7.jpg\" class=\"gallery__item thumbnail\"\r\n                                    style=\"background-image: url(https:\/\/us.edu.pl\/centra-badawcze\/cmbm-spin-lab\/wp-content\/uploads\/sites\/60\/foto\/Etap-dostawy-i-instalacji-kluczowej-aparatury-do-Centrum-Mikroskopowego-SPINLab_7.jpg)\"> <span class=\"d-none\">https:\/\/us.edu.pl\/centra-badawcze\/cmbm-spin-lab\/wp-content\/uploads\/sites\/60\/foto\/Etap-dostawy-i-instalacji-kluczowej-aparatury-do-Centrum-Mikroskopowego-SPINLab_7.jpg<\/span> <\/a><a data-fancybox-group=\"button\" title=\"Aparatura badawcza i monitory\" data-fancybox=\"3202\" href=\"https:\/\/us.edu.pl\/centra-badawcze\/cmbm-spin-lab\/wp-content\/uploads\/sites\/60\/foto\/Etap-dostawy-i-instalacji-kluczowej-aparatury-do-Centrum-Mikroskopowego-SPINLab_11.jpg\" class=\"gallery__item thumbnail\"\r\n                                    style=\"background-image: url(https:\/\/us.edu.pl\/centra-badawcze\/cmbm-spin-lab\/wp-content\/uploads\/sites\/60\/foto\/Etap-dostawy-i-instalacji-kluczowej-aparatury-do-Centrum-Mikroskopowego-SPINLab_11.jpg)\"> <span class=\"d-none\">https:\/\/us.edu.pl\/centra-badawcze\/cmbm-spin-lab\/wp-content\/uploads\/sites\/60\/foto\/Etap-dostawy-i-instalacji-kluczowej-aparatury-do-Centrum-Mikroskopowego-SPINLab_11.jpg<\/span> <\/a>\r\n                            <\/div>\r\n                    <\/div>\r\n                <\/div>[\/vc_column][vc_column width=&#8221;1\/6&#8243;][\/vc_column][\/vc_row]<\/p>","protected":false},"excerpt":{"rendered":"<p>[vc_row][vc_column][vc_raw_html]JTNDaDIlMjBjbGFzcyUzRCUyMnBhZ2UtdGl0bGUlMjBjb250YWluZXIlMjIlM0VIaXN0b3JpYSUyMHBvd3N0YW5pYSUyMFNQSU4tTGFiJTNDJTJGaDIlM0U=[\/vc_raw_html][\/vc_column][\/vc_row][vc_row el_class=&#8221;container&#8221;][vc_column width=&#8221;1\/6&#8243;][\/vc_column][vc_column width=&#8221;2\/3&#8243;][vc_empty_space][\/vc_column][vc_column width=&#8221;1\/6&#8243;][\/vc_column][\/vc_row] [&#8230;]<\/p>\n<p><a class=\"btn btn-secondary understrap-read-more-link\" href=\"https:\/\/us.edu.pl\/centra-badawcze\/cmbm-spin-lab\/centrum-badawcze\/historia-powstania-centrum-spin-lab\/\">Read More&#8230;<\/a><\/p>\n","protected":false},"author":25,"featured_media":0,"parent":75,"menu_order":8,"comment_status":"closed","ping_status":"closed","template":"","meta":{"_expiration-date-status":"","_expiration-date":0,"_expiration-date-type":"","_expiration-date-categories":[],"_expiration-date-options":[]},"acf":[],"_links":{"self":[{"href":"https:\/\/us.edu.pl\/centra-badawcze\/cmbm-spin-lab\/wp-json\/wp\/v2\/pages\/108"}],"collection":[{"href":"https:\/\/us.edu.pl\/centra-badawcze\/cmbm-spin-lab\/wp-json\/wp\/v2\/pages"}],"about":[{"href":"https:\/\/us.edu.pl\/centra-badawcze\/cmbm-spin-lab\/wp-json\/wp\/v2\/types\/page"}],"author":[{"embeddable":true,"href":"https:\/\/us.edu.pl\/centra-badawcze\/cmbm-spin-lab\/wp-json\/wp\/v2\/users\/25"}],"replies":[{"embeddable":true,"href":"https:\/\/us.edu.pl\/centra-badawcze\/cmbm-spin-lab\/wp-json\/wp\/v2\/comments?post=108"}],"version-history":[{"count":11,"href":"https:\/\/us.edu.pl\/centra-badawcze\/cmbm-spin-lab\/wp-json\/wp\/v2\/pages\/108\/revisions"}],"predecessor-version":[{"id":910,"href":"https:\/\/us.edu.pl\/centra-badawcze\/cmbm-spin-lab\/wp-json\/wp\/v2\/pages\/108\/revisions\/910"}],"up":[{"embeddable":true,"href":"https:\/\/us.edu.pl\/centra-badawcze\/cmbm-spin-lab\/wp-json\/wp\/v2\/pages\/75"}],"wp:attachment":[{"href":"https:\/\/us.edu.pl\/centra-badawcze\/cmbm-spin-lab\/wp-json\/wp\/v2\/media?parent=108"}],"curies":[{"name":"wp","href":"https:\/\/api.w.org\/{rel}","templated":true}]}}