{"id":388,"date":"2023-02-17T14:23:54","date_gmt":"2023-02-17T13:23:54","guid":{"rendered":"https:\/\/us.edu.pl\/centra-badawcze\/cmbm-spin-lab\/?page_id=388"},"modified":"2025-04-16T07:43:49","modified_gmt":"2025-04-16T05:43:49","slug":"o-nas","status":"publish","type":"page","link":"https:\/\/us.edu.pl\/centra-badawcze\/cmbm-spin-lab\/centrum-badawcze\/o-nas\/","title":{"rendered":"o nas"},"content":{"rendered":"<p>[vc_row][vc_column][vc_raw_html]JTNDaDIlMjBjbGFzcyUzRCUyMmNvbnRhaW5lciUyMHBhZ2UtdGl0bGUlMjIlMjAlM0VPJTIwbmFzJTNDJTJGaDIlM0U=[\/vc_raw_html][\/vc_column][\/vc_row][vc_row el_class=&#8221;container&#8221;][vc_column width=&#8221;1\/6&#8243;][\/vc_column][vc_column width=&#8221;2\/3&#8243;]\r\n                <div class=\"text-modules\">\r\n                    <div class=\"container\">\r\n                        \r\n                        <div class=\"text-modules__content\"><p>Centrum Mikroskopowego Badania Materii SPIN-Lab (CMBM SPIN-Lab) to nowe laboratoria dostosowane do wymaga\u0144 najnowszych mikroskop\u00f3w elektronowych i si\u0142 atomowych. To r\u00f3wnie\u017c pomieszczenia do prowadzenia prac naukowych i badawczo-rozwojowych oraz realizacji us\u0142ug i projekt\u00f3w.<\/p>\n<\/div>\r\n                    <\/div>\r\n                <\/div>\r\n                <div class=\"text-modules\">\r\n                    <div class=\"container\">\r\n                        \r\n                        <div class=\"text-modules__content\"><p>Zapraszamy do obejrzenia kr\u00f3tkiego filmu prezentuj\u0105cego centrum SPIN-Lab.<\/p>\n<p><iframe loading=\"lazy\" title=\"Otwarcie Centrum Mikroskopowego Badania Materii SPIN-Lab w Chorzowie\" width=\"640\" height=\"360\" src=\"https:\/\/www.youtube.com\/embed\/-e7alMooH70?feature=oembed\" frameborder=\"0\" allow=\"accelerometer; autoplay; clipboard-write; encrypted-media; gyroscope; picture-in-picture; web-share\" referrerpolicy=\"strict-origin-when-cross-origin\" allowfullscreen><\/iframe><\/p>\n<p>\n<\/div>\r\n                    <\/div>\r\n                <\/div>[\/vc_column][vc_column width=&#8221;1\/6&#8243;][\/vc_column][\/vc_row][vc_row el_class=&#8221;container&#8221;][vc_column][vc_row_inner][vc_column_inner width=&#8221;1\/6&#8243;][\/vc_column_inner][vc_column_inner width=&#8221;2\/3&#8243;]\r\n                <div class=\"text-modules\">\r\n                    <div class=\"container\">\r\n                        \r\n                        <div class=\"text-modules__content\"><\/p>\n<h3>Za\u0142o\u017cenia projektu<\/h3>\n<p>\n<\/div>\r\n                    <\/div>\r\n                <\/div>[\/vc_column_inner][vc_column_inner width=&#8221;1\/6&#8243;][\/vc_column_inner][\/vc_row_inner][vc_row_inner][vc_column_inner width=&#8221;1\/6&#8243;][\/vc_column_inner][vc_column_inner width=&#8221;2\/3&#8243;]\r\n                <div class=\"text-modules\">\r\n                    <div class=\"container\">\r\n                        \r\n                        <div class=\"text-modules__content\"><p>Za\u0142o\u017cenia projektu SPIN-Lab obejmuj\u0105 kompleksow\u0105 konsolidacj\u0119 i zintegrowanie potencja\u0142u i kompetencji badawczo-rozwojowych w obszarze bada\u0144 mikroskopowych w ramach nowego centrum Uniwersytetu \u015al\u0105skiego w Katowicach. Innowacyjny charakter przejawia si\u0119 zar\u00f3wno w wyj\u0105tkowej infrastrukturze badawczej, jak i nowoczesnej strukturze organizacyjnej, a tak\u017ce zintegrowanych programach badawczych i edukacyjnych anga\u017cuj\u0105cych biznesowych partner\u00f3w projektu oraz kooperuj\u0105ce jednostki badawcze, takich jak Politechnika \u015al\u0105ska i \u015al\u0105ski Uniwersytet Medyczny.<\/p>\n<\/div>\r\n                    <\/div>\r\n                <\/div>            \r\n                    <div class=\"container\">\r\n                        <div class=\"gallery gallery_3\" data-images-in-row=\"3\">\r\n                            \r\n                            <div class=\"row m-0\">\r\n                                <a data-fancybox-group=\"button\" title=\"\" data-fancybox=\"1600\" href=\"https:\/\/us.edu.pl\/centra-badawcze\/cmbm-spin-lab\/wp-content\/uploads\/sites\/60\/image\/Fot._Matylda_Klos-69-1-1238x1024-1.jpg\" class=\"gallery__item thumbnail\"\r\n                                    style=\"background-image: url(https:\/\/us.edu.pl\/centra-badawcze\/cmbm-spin-lab\/wp-content\/uploads\/sites\/60\/image\/Fot._Matylda_Klos-69-1-1238x1024-1-1024x847.jpg)\"> <span class=\"d-none\">https:\/\/us.edu.pl\/centra-badawcze\/cmbm-spin-lab\/wp-content\/uploads\/sites\/60\/image\/Fot._Matylda_Klos-69-1-1238x1024-1.jpg<\/span> <\/a><a data-fancybox-group=\"button\" title=\"\" data-fancybox=\"1600\" href=\"https:\/\/us.edu.pl\/centra-badawcze\/cmbm-spin-lab\/wp-content\/uploads\/sites\/60\/image\/SPIN-Fot.-Matylda-Klos-50-kw.webp\" class=\"gallery__item thumbnail\"\r\n                                    style=\"background-image: url(https:\/\/us.edu.pl\/centra-badawcze\/cmbm-spin-lab\/wp-content\/uploads\/sites\/60\/image\/SPIN-Fot.-Matylda-Klos-50-kw-1024x1024.webp)\"> <span class=\"d-none\">https:\/\/us.edu.pl\/centra-badawcze\/cmbm-spin-lab\/wp-content\/uploads\/sites\/60\/image\/SPIN-Fot.-Matylda-Klos-50-kw.webp<\/span> <\/a><a data-fancybox-group=\"button\" title=\"\" data-fancybox=\"1600\" href=\"https:\/\/us.edu.pl\/centra-badawcze\/cmbm-spin-lab\/wp-content\/uploads\/sites\/60\/image\/Fot.-Matylda-Klos-17_www.jpg\" class=\"gallery__item thumbnail\"\r\n                                    style=\"background-image: url(https:\/\/us.edu.pl\/centra-badawcze\/cmbm-spin-lab\/wp-content\/uploads\/sites\/60\/image\/Fot.-Matylda-Klos-17_www.jpg)\"> <span class=\"d-none\">https:\/\/us.edu.pl\/centra-badawcze\/cmbm-spin-lab\/wp-content\/uploads\/sites\/60\/image\/Fot.-Matylda-Klos-17_www.jpg<\/span> <\/a>\r\n                            <\/div>\r\n                    <\/div>\r\n                <\/div>[\/vc_column_inner][vc_column_inner width=&#8221;1\/6&#8243;][\/vc_column_inner][\/vc_row_inner][vc_row_inner][vc_column_inner width=&#8221;1\/6&#8243;][\/vc_column_inner][vc_column_inner width=&#8221;2\/3&#8243;]\r\n                <div class=\"text-modules\">\r\n                    <div class=\"container\">\r\n                        \r\n                        <div class=\"text-modules__content\"><\/p>\n<h3>Realizacja projektu<\/h3>\n<p>\n<\/div>\r\n                    <\/div>\r\n                <\/div>\r\n                <div class=\"text-modules\">\r\n                    <div class=\"container\">\r\n                        \r\n                        <div class=\"text-modules__content\"><p>Realizacja projektu CMBM SPIN-Lab, m.in. poprzez partycypowanie w globalnym trendzie rozwoju bada\u0144 mikroskopowych dotycz\u0105cym materia\u0142\u00f3w biologicznych, biochemicznych, in\u017cynierskich, medycznych i farmaceutycznych, umo\u017cliwi stworzenie centrum doskona\u0142o\u015bci w obszarze badania \u201ematerii mi\u0119kkiej\u201d.<\/p>\n<p>Centrum implementuje dobre praktyki organizowania i zarz\u0105dzania infrastruktur\u0105 naukowo-badawcz\u0105 w jednostkach naukowo-dydaktycznych.<\/p>\n<\/div>\r\n                    <\/div>\r\n                <\/div>[\/vc_column_inner][vc_column_inner width=&#8221;1\/6&#8243;][\/vc_column_inner][\/vc_row_inner][\/vc_column][\/vc_row][vc_row][vc_column]            \r\n                    <div class=\"container\">\r\n                        <div class=\"gallery gallery_3\" data-images-in-row=\"3\">\r\n                            \r\n                            <div class=\"row m-0\">\r\n                                <a data-fancybox-group=\"button\" title=\"\" data-fancybox=\"9309\" href=\"https:\/\/us.edu.pl\/centra-badawcze\/cmbm-spin-lab\/wp-content\/uploads\/sites\/60\/zdjecia_z_mikroskopow\/3.png\" class=\"gallery__item thumbnail\"\r\n                                    style=\"background-image: url(https:\/\/us.edu.pl\/centra-badawcze\/cmbm-spin-lab\/wp-content\/uploads\/sites\/60\/zdjecia_z_mikroskopow\/3-1024x1024.png)\"> <span class=\"d-none\">https:\/\/us.edu.pl\/centra-badawcze\/cmbm-spin-lab\/wp-content\/uploads\/sites\/60\/zdjecia_z_mikroskopow\/3.png<\/span> <\/a><a data-fancybox-group=\"button\" title=\"\" data-fancybox=\"9309\" href=\"https:\/\/us.edu.pl\/centra-badawcze\/cmbm-spin-lab\/wp-content\/uploads\/sites\/60\/zdjecia_z_mikroskopow\/5.png\" class=\"gallery__item thumbnail\"\r\n                                    style=\"background-image: url(https:\/\/us.edu.pl\/centra-badawcze\/cmbm-spin-lab\/wp-content\/uploads\/sites\/60\/zdjecia_z_mikroskopow\/5.png)\"> <span class=\"d-none\">https:\/\/us.edu.pl\/centra-badawcze\/cmbm-spin-lab\/wp-content\/uploads\/sites\/60\/zdjecia_z_mikroskopow\/5.png<\/span> <\/a><a data-fancybox-group=\"button\" title=\"\" data-fancybox=\"9309\" href=\"https:\/\/us.edu.pl\/centra-badawcze\/cmbm-spin-lab\/wp-content\/uploads\/sites\/60\/zdjecia_z_mikroskopow\/2.png\" class=\"gallery__item thumbnail\"\r\n                                    style=\"background-image: url(https:\/\/us.edu.pl\/centra-badawcze\/cmbm-spin-lab\/wp-content\/uploads\/sites\/60\/zdjecia_z_mikroskopow\/2-1024x1024.png)\"> <span class=\"d-none\">https:\/\/us.edu.pl\/centra-badawcze\/cmbm-spin-lab\/wp-content\/uploads\/sites\/60\/zdjecia_z_mikroskopow\/2.png<\/span> <\/a>\r\n                            <\/div>\r\n                    <\/div>\r\n                <\/div>[\/vc_column][\/vc_row]<\/p>","protected":false},"excerpt":{"rendered":"<p>[vc_row][vc_column][vc_raw_html]JTNDaDIlMjBjbGFzcyUzRCUyMmNvbnRhaW5lciUyMHBhZ2UtdGl0bGUlMjIlMjAlM0VPJTIwbmFzJTNDJTJGaDIlM0U=[\/vc_raw_html][\/vc_column][\/vc_row][vc_row el_class=&#8221;container&#8221;][vc_column width=&#8221;1\/6&#8243;][\/vc_column][vc_column width=&#8221;2\/3&#8243;][\/vc_column][vc_column width=&#8221;1\/6&#8243;][\/vc_column][\/vc_row][vc_row el_class=&#8221;container&#8221;][vc_column][vc_row_inner][vc_column_inner width=&#8221;1\/6&#8243;][\/vc_column_inner][vc_column_inner width=&#8221;2\/3&#8243;][\/vc_column_inner][vc_column_inner width=&#8221;1\/6&#8243;][\/vc_column_inner][\/vc_row_inner][vc_row_inner][vc_column_inner width=&#8221;1\/6&#8243;][\/vc_column_inner][vc_column_inner width=&#8221;2\/3&#8243;][\/vc_column_inner][vc_column_inner width=&#8221;1\/6&#8243;][\/vc_column_inner][\/vc_row_inner][vc_row_inner][vc_column_inner width=&#8221;1\/6&#8243;][\/vc_column_inner][vc_column_inner width=&#8221;2\/3&#8243;][\/vc_column_inner][vc_column_inner width=&#8221;1\/6&#8243;][\/vc_column_inner][\/vc_row_inner][\/vc_column][\/vc_row][vc_row][vc_column][\/vc_column][\/vc_row] [&#8230;]<\/p>\n<p><a class=\"btn btn-secondary understrap-read-more-link\" href=\"https:\/\/us.edu.pl\/centra-badawcze\/cmbm-spin-lab\/centrum-badawcze\/o-nas\/\">Read More&#8230;<\/a><\/p>\n","protected":false},"author":26,"featured_media":347,"parent":75,"menu_order":0,"comment_status":"closed","ping_status":"closed","template":"","meta":{"_expiration-date-status":"","_expiration-date":0,"_expiration-date-type":"","_expiration-date-categories":[],"_expiration-date-options":[]},"acf":[],"_links":{"self":[{"href":"https:\/\/us.edu.pl\/centra-badawcze\/cmbm-spin-lab\/wp-json\/wp\/v2\/pages\/388"}],"collection":[{"href":"https:\/\/us.edu.pl\/centra-badawcze\/cmbm-spin-lab\/wp-json\/wp\/v2\/pages"}],"about":[{"href":"https:\/\/us.edu.pl\/centra-badawcze\/cmbm-spin-lab\/wp-json\/wp\/v2\/types\/page"}],"author":[{"embeddable":true,"href":"https:\/\/us.edu.pl\/centra-badawcze\/cmbm-spin-lab\/wp-json\/wp\/v2\/users\/26"}],"replies":[{"embeddable":true,"href":"https:\/\/us.edu.pl\/centra-badawcze\/cmbm-spin-lab\/wp-json\/wp\/v2\/comments?post=388"}],"version-history":[{"count":10,"href":"https:\/\/us.edu.pl\/centra-badawcze\/cmbm-spin-lab\/wp-json\/wp\/v2\/pages\/388\/revisions"}],"predecessor-version":[{"id":834,"href":"https:\/\/us.edu.pl\/centra-badawcze\/cmbm-spin-lab\/wp-json\/wp\/v2\/pages\/388\/revisions\/834"}],"up":[{"embeddable":true,"href":"https:\/\/us.edu.pl\/centra-badawcze\/cmbm-spin-lab\/wp-json\/wp\/v2\/pages\/75"}],"wp:featuredmedia":[{"embeddable":true,"href":"https:\/\/us.edu.pl\/centra-badawcze\/cmbm-spin-lab\/wp-json\/wp\/v2\/media\/347"}],"wp:attachment":[{"href":"https:\/\/us.edu.pl\/centra-badawcze\/cmbm-spin-lab\/wp-json\/wp\/v2\/media?parent=388"}],"curies":[{"name":"wp","href":"https:\/\/api.w.org\/{rel}","templated":true}]}}