{"id":405,"date":"2023-02-20T12:18:02","date_gmt":"2023-02-20T11:18:02","guid":{"rendered":"https:\/\/us.edu.pl\/centra-badawcze\/cmbm-spin-lab\/?page_id=405"},"modified":"2025-04-17T06:51:44","modified_gmt":"2025-04-17T04:51:44","slug":"obszary-badawcze","status":"publish","type":"page","link":"https:\/\/us.edu.pl\/centra-badawcze\/cmbm-spin-lab\/obszary-badawcze\/","title":{"rendered":"Obszary badawcze"},"content":{"rendered":"<p>[vc_row][vc_column width=&#8221;1\/2&#8243;]\r\n\t\t\t\t\t<div class='container'>\r\n\t\t\t\t\t\t<div class='sidebar_moduls sidebar_dropdown zakladki' style='background-color: #FFFFFF'>\r\n\t\t\t\t\t\t\t<h3 class='page-title'><\/h3>\r\n\t\t\t\t\t\t\t<p class='zakladki__desc'><\/p>\r\n\r\n\t\t\t\t\t\t\t<div class='bookmarks'>\r\n\t\t\t\t\t<div class=\"bookmark\">\r\n\t\t\t\t\t\t<div class=\"bookmark__title\">\r\n                            <h4>\r\n                                <span class=\"short\">Biomateria\u0142y i in\u017cynieria medyczna<\/span>\r\n                                <span class=\"long\">Biomateria\u0142y i in\u017cynieria medyczna<\/span>\r\n                            <\/h4>\r\n\t\t\t\t\t\t<\/div>\r\n\t\t\t\t\t\t\r\n\t\t\t\t\t\t<div class=\"bookmark__content-wrap\">\r\n\t\t\t\t\t\t\t<div class=\"bookmark__content\">\r\n\r\n\t\t\t\t\t\t\t\t\r\n\r\n\t\t\t\t\t\t\t\t<div class=\"bookmark_text\" style=\"font-size:17px;\">\r\n\t\t\t\t\t\t\t\t<li> Analiza topograficzna powierzchni biomateria\u0142\u00f3w z mo\u017cliwo\u015bci\u0105 bada\u0144 mechanicznych w skali <\/li>\nnanometrycznej, \n<li> Charakterystyka struktur biologicznych oraz materia\u0142\u00f3w do tworzenia implant\u00f3w <\/li>\n<li> Obserwacja proces\u00f3w biologicznych w spos\u00f3b prze\u017cyciowy <\/li>\r\n\t\t\t\t\t\t\t\t<br>\r\n\t\t\t\t\t\t\t\t\r\n\t\t\t\t\t\t\t\t<\/div>\r\n\t\t\t\t\t\t\t<\/div>\r\n\t\t\t\t\t\t<\/div>\r\n\t\t\t\t\t<\/div>\r\n\t\t\t\t\t<div class=\"bookmark\">\r\n\t\t\t\t\t\t<div class=\"bookmark__title\">\r\n                            <h4>\r\n                                <span class=\"short\">Biotechnologia i farmacja<\/span>\r\n                                <span class=\"long\">Biotechnologia i farmacja<\/span>\r\n                            <\/h4>\r\n\t\t\t\t\t\t<\/div>\r\n\t\t\t\t\t\t\r\n\t\t\t\t\t\t<div class=\"bookmark__content-wrap\">\r\n\t\t\t\t\t\t\t<div class=\"bookmark__content\">\r\n\r\n\t\t\t\t\t\t\t\t\r\n\r\n\t\t\t\t\t\t\t\t<div class=\"bookmark_text\" style=\"font-size:17px;\">\r\n\t\t\t\t\t\t\t\t<li> Analiza ekspresji bia\u0142ek, gen\u00f3w w 4D <\/li>\n<li> Obrazowanie struktur na poziomie kom\u00f3rkowym, tkankowym i organizmalnym <\/li>\n<li> Pomiary spektralne materia\u0142\u00f3w fluorescencyjnych <\/li>\n<li> Jako\u015bciowa i ilo\u015bciowa analiza rozprzestrzeniania si\u0119 substancji aktywnych w organizmach \u017cywych <\/li>\n<li> Obrazowanie nanono\u015bnik\u00f3w dostarczaj\u0105cych substancje aktywne takie jak leki <\/li>\n<li> Obrazowanie i analiza proces\u00f3w metabolicznych <\/li>\n<li> Przestrzenna analiza sk\u0142adu, rozk\u0142adu por\u00f3w, substancji aktywnych w tabletkach <\/li>\n<li> Analiza strukturalna domieszkowanych i modyfikowanych lek\u00f3w <\/li>\n<li> Badanie dzia\u0142ania substancji terapeutycznych na hodowlach kom\u00f3rkowych in vitro <\/li>\r\n\t\t\t\t\t\t\t\t<br>\r\n\t\t\t\t\t\t\t\t\r\n\t\t\t\t\t\t\t\t<\/div>\r\n\t\t\t\t\t\t\t<\/div>\r\n\t\t\t\t\t\t<\/div>\r\n\t\t\t\t\t<\/div>\r\n\t\t\t\t\t<div class=\"bookmark\">\r\n\t\t\t\t\t\t<div class=\"bookmark__title\">\r\n                            <h4>\r\n                                <span class=\"short\">Przemys\u0142 medyczny<\/span>\r\n                                <span class=\"long\">Przemys\u0142 medyczny<\/span>\r\n                            <\/h4>\r\n\t\t\t\t\t\t<\/div>\r\n\t\t\t\t\t\t\r\n\t\t\t\t\t\t<div class=\"bookmark__content-wrap\">\r\n\t\t\t\t\t\t\t<div class=\"bookmark__content\">\r\n\r\n\t\t\t\t\t\t\t\t\r\n\r\n\t\t\t\t\t\t\t\t<div class=\"bookmark_text\" style=\"font-size:17px;\">\r\n\t\t\t\t\t\t\t\t<li> Jako\u015bciowa i ilo\u015bciowa analiza struktury badanych obiekt\u00f3w (implanty, substytuty, inne) <\/li>\n<li> Pomiar g\u0119sto\u015bci mineralnej struktur kostnych in vitro, analiza defekt\u00f3w <\/li>\n<li> Analiza obrazowa w badaniach przedklinicznych <\/li> \n<li> Wt\u00f3rne przetwarzanie obraz\u00f3w medycznych dla cel\u00f3w pogl\u0105dowych (rekonstrukcje obj\u0119to\u015bciowe, modelowanie anatomiczne, przygotowanie modeli do szybkiego prototypowania) <\/li>\r\n\t\t\t\t\t\t\t\t<br>\r\n\t\t\t\t\t\t\t\t\r\n\t\t\t\t\t\t\t\t<\/div>\r\n\t\t\t\t\t\t\t<\/div>\r\n\t\t\t\t\t\t<\/div>\r\n\t\t\t\t\t<\/div>\r\n\t\t\t\t\t<div class=\"bookmark\">\r\n\t\t\t\t\t\t<div class=\"bookmark__title\">\r\n                            <h4>\r\n                                <span class=\"short\">In\u017cynieria materia\u0142owa<\/span>\r\n                                <span class=\"long\">In\u017cynieria materia\u0142owa<\/span>\r\n                            <\/h4>\r\n\t\t\t\t\t\t<\/div>\r\n\t\t\t\t\t\t\r\n\t\t\t\t\t\t<div class=\"bookmark__content-wrap\">\r\n\t\t\t\t\t\t\t<div class=\"bookmark__content\">\r\n\r\n\t\t\t\t\t\t\t\t\r\n\r\n\t\t\t\t\t\t\t\t<div class=\"bookmark_text\" style=\"font-size:17px;\">\r\n\t\t\t\t\t\t\t\t<li> Badanie topologii oraz morfologii materia\u0142\u00f3w <\/li>\n<li> Analiza sk\u0142adu pierwiastkowego z wykorzystaniem technik spektralnych <\/li> \n<li> Tr\u00f3jwymiarowe obrazowanie wewn\u0119trznej struktury materia\u0142\u00f3w <\/li>\n<li> Przygotowanie lameli do transmisyjnej mikroskopii elektronowej <\/li> \n<li> Okre\u015blanie porowato\u015bci, chropowato\u015bci, grubo\u015bci warstw, w\u0142a\u015bciwo\u015bci mechanicznych materia\u0142\u00f3w <\/li>\n<li> Analiza uk\u0142ad\u00f3w wielofazowych <\/li> \n<li> Niedestrukcyjna, przestrzenna charakterystyka materia\u0142\u00f3w <\/li>\r\n\t\t\t\t\t\t\t\t<br>\r\n\t\t\t\t\t\t\t\t\r\n\t\t\t\t\t\t\t\t<\/div>\r\n\t\t\t\t\t\t\t<\/div>\r\n\t\t\t\t\t\t<\/div>\r\n\t\t\t\t\t<\/div>\r\n\t\t\t\t\t<div class=\"bookmark\">\r\n\t\t\t\t\t\t<div class=\"bookmark__title\">\r\n                            <h4>\r\n                                <span class=\"short\">Przemys\u0142 zbrojeniowy, lotniczy i kosmiczny <\/span>\r\n                                <span class=\"long\">Przemys\u0142 zbrojeniowy, lotniczy i kosmiczny <\/span>\r\n                            <\/h4>\r\n\t\t\t\t\t\t<\/div>\r\n\t\t\t\t\t\t\r\n\t\t\t\t\t\t<div class=\"bookmark__content-wrap\">\r\n\t\t\t\t\t\t\t<div class=\"bookmark__content\">\r\n\r\n\t\t\t\t\t\t\t\t\r\n\r\n\t\t\t\t\t\t\t\t<div class=\"bookmark_text\" style=\"font-size:17px;\">\r\n\t\t\t\t\t\t\t\t<li> Analiza morfologiczna nanomateria\u0142\u00f3w wykorzystywanych np. w technologiach Stealth <\/li>\n<li> Analiza kompozyt\u00f3w i laminat\u00f3w wykorzystywanych np. przy produkcji samolot\u00f3w pasa\u017cerskich lub dron\u00f3w pod k\u0105tem identyfikacji defekt\u00f3w i uszkodze\u0144 materia\u0142\u00f3w i spaw\u00f3w <\/li>\n<li> Analiza materia\u0142\u00f3w pirotechnicznych oraz pozosta\u0142o\u015bci po ich detonacji <\/li>\r\n\t\t\t\t\t\t\t\t<br>\r\n\t\t\t\t\t\t\t\t\r\n\t\t\t\t\t\t\t\t<\/div>\r\n\t\t\t\t\t\t\t<\/div>\r\n\t\t\t\t\t\t<\/div>\r\n\t\t\t\t\t<\/div>\r\n\t\t\t\t\t<div class=\"bookmark\">\r\n\t\t\t\t\t\t<div class=\"bookmark__title\">\r\n                            <h4>\r\n                                <span class=\"short\">Przemys\u0142 motoryzacyjny<\/span>\r\n                                <span class=\"long\">Przemys\u0142 motoryzacyjny<\/span>\r\n                            <\/h4>\r\n\t\t\t\t\t\t<\/div>\r\n\t\t\t\t\t\t\r\n\t\t\t\t\t\t<div class=\"bookmark__content-wrap\">\r\n\t\t\t\t\t\t\t<div class=\"bookmark__content\">\r\n\r\n\t\t\t\t\t\t\t\t\r\n\r\n\t\t\t\t\t\t\t\t<div class=\"bookmark_text\" style=\"font-size:17px;\">\r\n\t\t\t\t\t\t\t\t<li> Ocena struktury i morfologii tworzyw sztucznych, kompozyt\u00f3w i metali <\/li> \n<li>  Identyfikacja mikrop\u0119kni\u0119\u0107, porowato\u015bci, defekt\u00f3w strukturalnych <\/li>  \n<li>  Ocena spaw\u00f3w i defekt\u00f3w w materia\u0142ach kompozytowych i laminatach <\/li> \n<li>  Analiza sk\u0142adu materia\u0142owego, w szczeg\u00f3lno\u015bci rozk\u0142adu i jako\u015bci wzmocnie\u0144 (np. w\u0142\u00f3kien w\u0119glowych) oraz identyfikacja domieszek i zanieczyszcze\u0144 <\/li> \r\n\t\t\t\t\t\t\t\t<br>\r\n\t\t\t\t\t\t\t\t\r\n\t\t\t\t\t\t\t\t<\/div>\r\n\t\t\t\t\t\t\t<\/div>\r\n\t\t\t\t\t\t<\/div>\r\n\t\t\t\t\t<\/div>\r\n\t\t\t\t\t<div class=\"bookmark\">\r\n\t\t\t\t\t\t<div class=\"bookmark__title\">\r\n                            <h4>\r\n                                <span class=\"short\">Energetyka i przemys\u0142 wydobywczy<\/span>\r\n                                <span class=\"long\">Energetyka i przemys\u0142 wydobywczy<\/span>\r\n                            <\/h4>\r\n\t\t\t\t\t\t<\/div>\r\n\t\t\t\t\t\t\r\n\t\t\t\t\t\t<div class=\"bookmark__content-wrap\">\r\n\t\t\t\t\t\t\t<div class=\"bookmark__content\">\r\n\r\n\t\t\t\t\t\t\t\t\r\n\r\n\t\t\t\t\t\t\t\t<div class=\"bookmark_text\" style=\"font-size:17px;\">\r\n\t\t\t\t\t\t\t\t<li> Analiza w\u0119gla, koksu i rud, w szczeg\u00f3lno\u015bci: badanie morfologii i struktur krystalicznych, porowato\u015bci identyfikacja zanieczyszcze\u0144 i pierwiastk\u00f3w \u015bladowych, analiza sp\u00f3jno\u015bci strukturalnej <\/li>\n<li> Analiza proces\u00f3w chemicznych, w tym efekt\u00f3w obr\u00f3bki termicznej pr\u00f3bek urobku <\/li>\n<li> Analiza sk\u0142adu i morfologii produkt\u00f3w ubocznych spalania takich jak popio\u0142y lotne, \u017cu\u017cle i gips <\/li>\n<li> Analiza strukturalna i sk\u0142adnikowa materia\u0142\u00f3w do zastosowa\u0144 filtracyjnych <\/li> \n<li> Analiza morfologii i struktury nowych materia\u0142\u00f3w fotoaktywnych do zastosowa\u0144 w organicznych diodach elektroluminescencyjnych <\/li> \n<li> Analiza morfologii i struktury materia\u0142\u00f3w do wytwarzania i przechowywania wodoru <\/li> \n<li> Analiza morfologii i struktury materia\u0142\u00f3w wykorzystywanych do konstruowania ogniw fotowoltaicznych <\/li> \r\n\t\t\t\t\t\t\t\t<br>\r\n\t\t\t\t\t\t\t\t\r\n\t\t\t\t\t\t\t\t<\/div>\r\n\t\t\t\t\t\t\t<\/div>\r\n\t\t\t\t\t\t<\/div>\r\n\t\t\t\t\t<\/div>\r\n\t\t\t\t\t<div class=\"bookmark\">\r\n\t\t\t\t\t\t<div class=\"bookmark__title\">\r\n                            <h4>\r\n                                <span class=\"short\">Mineralogia i geochemia<\/span>\r\n                                <span class=\"long\">Mineralogia i geochemia<\/span>\r\n                            <\/h4>\r\n\t\t\t\t\t\t<\/div>\r\n\t\t\t\t\t\t\r\n\t\t\t\t\t\t<div class=\"bookmark__content-wrap\">\r\n\t\t\t\t\t\t\t<div class=\"bookmark__content\">\r\n\r\n\t\t\t\t\t\t\t\t\r\n\r\n\t\t\t\t\t\t\t\t<div class=\"bookmark_text\" style=\"font-size:17px;\">\r\n\t\t\t\t\t\t\t\t<li> Charakterystyka sk\u0142adu pierwiastkowego i fazowego minera\u0142\u00f3w oraz rud <\/li> \n<li>  Analiza struktury przestrzennej i tekstury materia\u0142\u00f3w nieorganicznych, w tym rekonstrukcja 3D z uwzgl\u0119dnieniem rozk\u0142adu por\u00f3w, sp\u0119ka\u0144, granic ziaren i defekt\u00f3w strukturalnych w minera\u0142ach i rudach <\/li>  \n<li>  Obserwacja i analiza zmian w strukturze i sk\u0142adzie pierwiastkowym po r\u00f3\u017cnych etapach przetwarzania pr\u00f3bki (np. pod wp\u0142ywem ci\u015bnienia, temperatury lub reakcji chemicznych) <\/li> \r\n\t\t\t\t\t\t\t\t<br>\r\n\t\t\t\t\t\t\t\t\r\n\t\t\t\t\t\t\t\t<\/div>\r\n\t\t\t\t\t\t\t<\/div>\r\n\t\t\t\t\t\t<\/div>\r\n\t\t\t\t\t<\/div>\r\n\t\t\t\t\t<div class=\"bookmark\">\r\n\t\t\t\t\t\t<div class=\"bookmark__title\">\r\n                            <h4>\r\n                                <span class=\"short\">Przemys\u0142 chemiczny<\/span>\r\n                                <span class=\"long\">Przemys\u0142 chemiczny<\/span>\r\n                            <\/h4>\r\n\t\t\t\t\t\t<\/div>\r\n\t\t\t\t\t\t\r\n\t\t\t\t\t\t<div class=\"bookmark__content-wrap\">\r\n\t\t\t\t\t\t\t<div class=\"bookmark__content\">\r\n\r\n\t\t\t\t\t\t\t\t\r\n\r\n\t\t\t\t\t\t\t\t<div class=\"bookmark_text\" style=\"font-size:17px;\">\r\n\t\t\t\t\t\t\t\t<li> Badanie nowoczesnych katalizator\u00f3w i ich szczeg\u00f3\u0142owa analiza morfologiczna z ocen\u0105 sk\u0142adu <\/li> \n<li>  Analiza jako\u015bciowa i ilo\u015bciowa produkt\u00f3w <\/li>  \n<li>  Badania nawoz\u00f3w oraz ich no\u015bnik\u00f3w <\/li> \n<li>  Badanie proces\u00f3w chemicznych <\/li>  \r\n\t\t\t\t\t\t\t\t<br>\r\n\t\t\t\t\t\t\t\t\r\n\t\t\t\t\t\t\t\t<\/div>\r\n\t\t\t\t\t\t\t<\/div>\r\n\t\t\t\t\t\t<\/div>\r\n\t\t\t\t\t<\/div>\r\n\t\t\t\t\t<div class=\"bookmark\">\r\n\t\t\t\t\t\t<div class=\"bookmark__title\">\r\n                            <h4>\r\n                                <span class=\"short\">Ochrona \u015brodowiska<\/span>\r\n                                <span class=\"long\">Ochrona \u015brodowiska<\/span>\r\n                            <\/h4>\r\n\t\t\t\t\t\t<\/div>\r\n\t\t\t\t\t\t\r\n\t\t\t\t\t\t<div class=\"bookmark__content-wrap\">\r\n\t\t\t\t\t\t\t<div class=\"bookmark__content\">\r\n\r\n\t\t\t\t\t\t\t\t\r\n\r\n\t\t\t\t\t\t\t\t<div class=\"bookmark_text\" style=\"font-size:17px;\">\r\n\t\t\t\t\t\t\t\t<li> Wielkoobszarowa analiza zanieczyszcze\u0144 metalami z wykorzystaniem kamery hiperspektralnej zamontowanej na dronie <\/li> \n<li> Analiza pierwiastkowa pr\u00f3bek \u015brodowiskowych, pozwalaj\u0105ca na identyfikacj\u0119 toksycznych metali ci\u0119\u017ckich mikroplastik\u00f3w, oraz cz\u0105stek py\u0142u zawieszonego (np. w glebie) <\/li> \n<li> Ocena degradacji materia\u0142\u00f3w i ich w\u0142a\u015bciwo\u015bci mechanicznych <\/li>\n<li> Analiza materia\u0142\u00f3w z\u0142o\u017conych, np. kompozyt\u00f3w i pow\u0142ok wielowarstwowych, stosowanych w elektronice czy opakowaniach <\/li> \r\n\t\t\t\t\t\t\t\t<br>\r\n\t\t\t\t\t\t\t\t\r\n\t\t\t\t\t\t\t\t<\/div>\r\n\t\t\t\t\t\t\t<\/div>\r\n\t\t\t\t\t\t<\/div>\r\n\t\t\t\t\t<\/div>\r\n\t\t\t\t\t<div class=\"bookmark\">\r\n\t\t\t\t\t\t<div class=\"bookmark__title\">\r\n                            <h4>\r\n                                <span class=\"short\">Przemys\u0142 spo\u017cywczy<\/span>\r\n                                <span class=\"long\">Przemys\u0142 spo\u017cywczy<\/span>\r\n                            <\/h4>\r\n\t\t\t\t\t\t<\/div>\r\n\t\t\t\t\t\t\r\n\t\t\t\t\t\t<div class=\"bookmark__content-wrap\">\r\n\t\t\t\t\t\t\t<div class=\"bookmark__content\">\r\n\r\n\t\t\t\t\t\t\t\t\r\n\r\n\t\t\t\t\t\t\t\t<div class=\"bookmark_text\" style=\"font-size:17px;\">\r\n\t\t\t\t\t\t\t\t<li> Ocena zanieczyszcze\u0144 artyku\u0142\u00f3w spo\u017cywczych <\/li> \n<li> Ocena \u017cywotno\u015bci ro\u015blin (np. stres wodny), mo\u017cliwo\u015b\u0107 zdiagnozowania zaka\u017ce\u0144 u ro\u015blin przed wyst\u0105pieniem makroskopowych objaw\u00f3w chorobowych z wykorzystaniem kamery hiperspektralnej zamontowanej na dronie <\/li>  \n<li>  Analiza materia\u0142\u00f3w wykorzystywanych do produkcji opakowa\u0144 dla \u017cywno\u015bci <\/li> \r\n\t\t\t\t\t\t\t\t<br>\r\n\t\t\t\t\t\t\t\t\r\n\t\t\t\t\t\t\t\t<\/div>\r\n\t\t\t\t\t\t\t<\/div>\r\n\t\t\t\t\t\t<\/div>\r\n\t\t\t\t\t<\/div>\r\n\t\t\t\t\t<div class=\"bookmark\">\r\n\t\t\t\t\t\t<div class=\"bookmark__title\">\r\n                            <h4>\r\n                                <span class=\"short\">Nanotechnologia i nanomateria\u0142y <\/span>\r\n                                <span class=\"long\">Nanotechnologia i nanomateria\u0142y <\/span>\r\n                            <\/h4>\r\n\t\t\t\t\t\t<\/div>\r\n\t\t\t\t\t\t\r\n\t\t\t\t\t\t<div class=\"bookmark__content-wrap\">\r\n\t\t\t\t\t\t\t<div class=\"bookmark__content\">\r\n\r\n\t\t\t\t\t\t\t\t\r\n\r\n\t\t\t\t\t\t\t\t<div class=\"bookmark_text\" style=\"font-size:17px;\">\r\n\t\t\t\t\t\t\t\t<li> Badanie nanokrystalicznych i amorficznych stop\u00f3w na bazie \u017celaza <\/li>\n<li> Niedestrukcyjne badanie elektroniki, baterii <\/li>\n<li> Badanie ultracienkich warstw oraz struktur stosowanych np. w elektronice, fotowoltaice i sensorach <\/li>  \n<li> Ocena grubo\u015bci, adhezji i jednorodno\u015bci warstw, jak r\u00f3wnie\u017c kontrola wyst\u0119powania defekt\u00f3w <\/li>  \n<li> Badanie morfologii, rozmiaru, kszta\u0142tu oraz struktury krystalicznej nanostruktur, takich jak nanorurki w\u0119glowe, nanocz\u0105stki metaliczne, czy monowarstwy, z wysok\u0105 rozdzielczo\u015bci\u0105 <\/li>\r\n\t\t\t\t\t\t\t\t<br>\r\n\t\t\t\t\t\t\t\t\r\n\t\t\t\t\t\t\t\t<\/div>\r\n\t\t\t\t\t\t\t<\/div>\r\n\t\t\t\t\t\t<\/div>\r\n\t\t\t\t\t<\/div><\/div>\r\n\t\t\t\t\t\t<\/div>\r\n\t\t\t\t\t <\/div>[\/vc_column][vc_column width=&#8221;1\/2&#8243;]            \r\n                \r\n                <div class=\"container\">\r\n                     <div class=\"gallery-big \">\r\n                        \r\n                        <div class=\"row m-0\">\r\n                        <a data-fancybox=\"4123\" href=\"https:\/\/us.edu.pl\/centra-badawcze\/cmbm-spin-lab\/wp-content\/uploads\/sites\/60\/inne\/198x-0.5keV-50p-2.png\"\r\n                        title=\"\" \r\n                        class=\"gallery-big__item gallery-big__item_big thumbnail\"\r\n                        style=\"background-image: url(https:\/\/us.edu.pl\/centra-badawcze\/cmbm-spin-lab\/wp-content\/uploads\/sites\/60\/inne\/198x-0.5keV-50p-2.png)\"><span class=\"d-none\">https:\/\/us.edu.pl\/centra-badawcze\/cmbm-spin-lab\/wp-content\/uploads\/sites\/60\/inne\/198x-0.5keV-50p-2.png<\/span><\/a><div class=\"gallery-big__small-items\">\r\n                        <a data-fancybox=\"4123\" href=\"https:\/\/us.edu.pl\/centra-badawcze\/cmbm-spin-lab\/wp-content\/uploads\/sites\/60\/inne\/500x-0.5keV-50p-3.png\"\r\n                        title=\"\" \r\n                        class=\"gallery-big__item  thumbnail\"\r\n                        style=\"background-image: url(https:\/\/us.edu.pl\/centra-badawcze\/cmbm-spin-lab\/wp-content\/uploads\/sites\/60\/inne\/500x-0.5keV-50p-3.png)\"><span class=\"d-none\">https:\/\/us.edu.pl\/centra-badawcze\/cmbm-spin-lab\/wp-content\/uploads\/sites\/60\/inne\/500x-0.5keV-50p-3.png<\/span><\/a>\r\n                        <a data-fancybox=\"4123\" href=\"https:\/\/us.edu.pl\/centra-badawcze\/cmbm-spin-lab\/wp-content\/uploads\/sites\/60\/inne\/2kx-05keV-50p-2.png\"\r\n                        title=\"\" \r\n                        class=\"gallery-big__item  thumbnail\"\r\n                        style=\"background-image: url(https:\/\/us.edu.pl\/centra-badawcze\/cmbm-spin-lab\/wp-content\/uploads\/sites\/60\/inne\/2kx-05keV-50p-2.png)\"><span class=\"d-none\">https:\/\/us.edu.pl\/centra-badawcze\/cmbm-spin-lab\/wp-content\/uploads\/sites\/60\/inne\/2kx-05keV-50p-2.png<\/span><\/a><\/div><\/div><div class=\"row m-0\">\r\n                        <a data-fancybox=\"4123\" href=\"https:\/\/us.edu.pl\/centra-badawcze\/cmbm-spin-lab\/wp-content\/uploads\/sites\/60\/zdjecia_z_mikroskopow\/1kx-0.5keV-50pA-zniszsczony-1.png\"\r\n                        title=\"\" \r\n                        class=\"gallery-big__item gallery-big__item_big thumbnail\"\r\n                        style=\"background-image: url(https:\/\/us.edu.pl\/centra-badawcze\/cmbm-spin-lab\/wp-content\/uploads\/sites\/60\/zdjecia_z_mikroskopow\/1kx-0.5keV-50pA-zniszsczony-1.png)\"><span class=\"d-none\">https:\/\/us.edu.pl\/centra-badawcze\/cmbm-spin-lab\/wp-content\/uploads\/sites\/60\/zdjecia_z_mikroskopow\/1kx-0.5keV-50pA-zniszsczony-1.png<\/span><\/a><div class=\"gallery-big__small-items\">\r\n                        <a data-fancybox=\"4123\" href=\"https:\/\/us.edu.pl\/centra-badawcze\/cmbm-spin-lab\/wp-content\/uploads\/sites\/60\/zdjecia_z_mikroskopow\/3kx-0.5keV-50p.png\"\r\n                        title=\"\" \r\n                        class=\"gallery-big__item  thumbnail\"\r\n                        style=\"background-image: url(https:\/\/us.edu.pl\/centra-badawcze\/cmbm-spin-lab\/wp-content\/uploads\/sites\/60\/zdjecia_z_mikroskopow\/3kx-0.5keV-50p.png)\"><span class=\"d-none\">https:\/\/us.edu.pl\/centra-badawcze\/cmbm-spin-lab\/wp-content\/uploads\/sites\/60\/zdjecia_z_mikroskopow\/3kx-0.5keV-50p.png<\/span><\/a>\r\n                        <a data-fancybox=\"4123\" href=\"https:\/\/us.edu.pl\/centra-badawcze\/cmbm-spin-lab\/wp-content\/uploads\/sites\/60\/zdjecia_z_mikroskopow\/wlos_rolap2.png\"\r\n                        title=\"\" \r\n                        class=\"gallery-big__item  thumbnail\"\r\n                        style=\"background-image: url(https:\/\/us.edu.pl\/centra-badawcze\/cmbm-spin-lab\/wp-content\/uploads\/sites\/60\/zdjecia_z_mikroskopow\/wlos_rolap2.png)\"><span class=\"d-none\">https:\/\/us.edu.pl\/centra-badawcze\/cmbm-spin-lab\/wp-content\/uploads\/sites\/60\/zdjecia_z_mikroskopow\/wlos_rolap2.png<\/span><\/a><\/div><\/div><div class=\"row m-0\">\r\n                        <a data-fancybox=\"4123\" href=\"https:\/\/us.edu.pl\/centra-badawcze\/cmbm-spin-lab\/wp-content\/uploads\/sites\/60\/zdjecia_z_mikroskopow\/SPIN-LAB_sem.png\"\r\n                        title=\"\" \r\n                        class=\"gallery-big__item gallery-big__item_big thumbnail\"\r\n                        style=\"background-image: url(https:\/\/us.edu.pl\/centra-badawcze\/cmbm-spin-lab\/wp-content\/uploads\/sites\/60\/zdjecia_z_mikroskopow\/SPIN-LAB_sem.png)\"><span class=\"d-none\">https:\/\/us.edu.pl\/centra-badawcze\/cmbm-spin-lab\/wp-content\/uploads\/sites\/60\/zdjecia_z_mikroskopow\/SPIN-LAB_sem.png<\/span><\/a><div class=\"gallery-big__small-items\">\r\n                        <a data-fancybox=\"4123\" href=\"https:\/\/us.edu.pl\/centra-badawcze\/cmbm-spin-lab\/wp-content\/uploads\/sites\/60\/zdjecia_z_mikroskopow\/Au_C2pyrTFSI_Graphene-3_5_001.png\"\r\n                        title=\"\" \r\n                        class=\"gallery-big__item  thumbnail\"\r\n                        style=\"background-image: url(https:\/\/us.edu.pl\/centra-badawcze\/cmbm-spin-lab\/wp-content\/uploads\/sites\/60\/zdjecia_z_mikroskopow\/Au_C2pyrTFSI_Graphene-3_5_001-1024x995.png)\"><span class=\"d-none\">https:\/\/us.edu.pl\/centra-badawcze\/cmbm-spin-lab\/wp-content\/uploads\/sites\/60\/zdjecia_z_mikroskopow\/Au_C2pyrTFSI_Graphene-3_5_001.png<\/span><\/a>\r\n                        <a data-fancybox=\"4123\" href=\"https:\/\/us.edu.pl\/centra-badawcze\/cmbm-spin-lab\/wp-content\/uploads\/sites\/60\/zdjecia_z_mikroskopow\/SPIN-LAB_tem.png\"\r\n                        title=\"\" \r\n                        class=\"gallery-big__item  thumbnail\"\r\n                        style=\"background-image: url(https:\/\/us.edu.pl\/centra-badawcze\/cmbm-spin-lab\/wp-content\/uploads\/sites\/60\/zdjecia_z_mikroskopow\/SPIN-LAB_tem.png)\"><span class=\"d-none\">https:\/\/us.edu.pl\/centra-badawcze\/cmbm-spin-lab\/wp-content\/uploads\/sites\/60\/zdjecia_z_mikroskopow\/SPIN-LAB_tem.png<\/span><\/a><\/div><\/div><div class=\"row m-0\">\r\n                        <a data-fancybox=\"4123\" href=\"https:\/\/us.edu.pl\/centra-badawcze\/cmbm-spin-lab\/wp-content\/uploads\/sites\/60\/zdjecia_z_mikroskopow\/SPIN-LAB_konfokal.png\"\r\n                        title=\"\" \r\n                        class=\"gallery-big__item gallery-big__item_big thumbnail\"\r\n                        style=\"background-image: url(https:\/\/us.edu.pl\/centra-badawcze\/cmbm-spin-lab\/wp-content\/uploads\/sites\/60\/zdjecia_z_mikroskopow\/SPIN-LAB_konfokal.png)\"><span class=\"d-none\">https:\/\/us.edu.pl\/centra-badawcze\/cmbm-spin-lab\/wp-content\/uploads\/sites\/60\/zdjecia_z_mikroskopow\/SPIN-LAB_konfokal.png<\/span><\/a><div class=\"gallery-big__small-items\">\r\n                        <a data-fancybox=\"4123\" href=\"https:\/\/us.edu.pl\/centra-badawcze\/cmbm-spin-lab\/wp-content\/uploads\/sites\/60\/zdjecia_z_mikroskopow\/Merge.png\"\r\n                        title=\"\" \r\n                        class=\"gallery-big__item  thumbnail\"\r\n                        style=\"background-image: url(https:\/\/us.edu.pl\/centra-badawcze\/cmbm-spin-lab\/wp-content\/uploads\/sites\/60\/zdjecia_z_mikroskopow\/Merge.png)\"><span class=\"d-none\">https:\/\/us.edu.pl\/centra-badawcze\/cmbm-spin-lab\/wp-content\/uploads\/sites\/60\/zdjecia_z_mikroskopow\/Merge.png<\/span><\/a>\r\n                        <a data-fancybox=\"4123\" href=\"https:\/\/us.edu.pl\/centra-badawcze\/cmbm-spin-lab\/wp-content\/uploads\/sites\/60\/zdjecia_z_mikroskopow\/SPIN-LAB_fib.png\"\r\n                        title=\"\" \r\n                        class=\"gallery-big__item  thumbnail\"\r\n                        style=\"background-image: url(https:\/\/us.edu.pl\/centra-badawcze\/cmbm-spin-lab\/wp-content\/uploads\/sites\/60\/zdjecia_z_mikroskopow\/SPIN-LAB_fib.png)\"><span class=\"d-none\">https:\/\/us.edu.pl\/centra-badawcze\/cmbm-spin-lab\/wp-content\/uploads\/sites\/60\/zdjecia_z_mikroskopow\/SPIN-LAB_fib.png<\/span><\/a><\/div><\/div>\r\n                    <\/div>\r\n                <\/div>[\/vc_column][\/vc_row]<\/p>","protected":false},"excerpt":{"rendered":"<p>[vc_row][vc_column width=&#8221;1\/2&#8243;][\/vc_column][vc_column width=&#8221;1\/2&#8243;][\/vc_column][\/vc_row] [&#8230;]<\/p>\n<p><a class=\"btn btn-secondary understrap-read-more-link\" href=\"https:\/\/us.edu.pl\/centra-badawcze\/cmbm-spin-lab\/obszary-badawcze\/\">Read More&#8230;<\/a><\/p>\n","protected":false},"author":26,"featured_media":347,"parent":0,"menu_order":0,"comment_status":"closed","ping_status":"closed","template":"page-templates\/page-with-bookmarks.php","meta":{"_expiration-date-status":"","_expiration-date":0,"_expiration-date-type":"","_expiration-date-categories":[],"_expiration-date-options":[]},"acf":[],"_links":{"self":[{"href":"https:\/\/us.edu.pl\/centra-badawcze\/cmbm-spin-lab\/wp-json\/wp\/v2\/pages\/405"}],"collection":[{"href":"https:\/\/us.edu.pl\/centra-badawcze\/cmbm-spin-lab\/wp-json\/wp\/v2\/pages"}],"about":[{"href":"https:\/\/us.edu.pl\/centra-badawcze\/cmbm-spin-lab\/wp-json\/wp\/v2\/types\/page"}],"author":[{"embeddable":true,"href":"https:\/\/us.edu.pl\/centra-badawcze\/cmbm-spin-lab\/wp-json\/wp\/v2\/users\/26"}],"replies":[{"embeddable":true,"href":"https:\/\/us.edu.pl\/centra-badawcze\/cmbm-spin-lab\/wp-json\/wp\/v2\/comments?post=405"}],"version-history":[{"count":10,"href":"https:\/\/us.edu.pl\/centra-badawcze\/cmbm-spin-lab\/wp-json\/wp\/v2\/pages\/405\/revisions"}],"predecessor-version":[{"id":1400,"href":"https:\/\/us.edu.pl\/centra-badawcze\/cmbm-spin-lab\/wp-json\/wp\/v2\/pages\/405\/revisions\/1400"}],"wp:featuredmedia":[{"embeddable":true,"href":"https:\/\/us.edu.pl\/centra-badawcze\/cmbm-spin-lab\/wp-json\/wp\/v2\/media\/347"}],"wp:attachment":[{"href":"https:\/\/us.edu.pl\/centra-badawcze\/cmbm-spin-lab\/wp-json\/wp\/v2\/media?parent=405"}],"curies":[{"name":"wp","href":"https:\/\/api.w.org\/{rel}","templated":true}]}}