{"id":552,"date":"2023-03-30T09:58:58","date_gmt":"2023-03-30T07:58:58","guid":{"rendered":"https:\/\/us.edu.pl\/centra-badawcze\/cmbm-spin-lab\/?page_id=552"},"modified":"2024-09-04T10:24:59","modified_gmt":"2024-09-04T08:24:59","slug":"badacze","status":"publish","type":"page","link":"https:\/\/us.edu.pl\/centra-badawcze\/cmbm-spin-lab\/en\/badacze\/","title":{"rendered":"Contact"},"content":{"rendered":"<p><\/p>\n<p>[vc_row][vc_column][vc_raw_html]JTNDaDIlMjBjbGFzcyUzRCUyMmNvbnRhaW5lciUyMHBhZ2UtdGl0bGUlMjB0ZXh0X190aXRsZSUyMiUzRUNvbnRhY3QlM0MlMkZoMiUzRQ==[\/vc_raw_html][\/vc_column][\/vc_row][vc_row el_class=&#8221;container&#8221;][vc_column width=&#8221;1\/6&#8243;][\/vc_column][vc_column width=&#8221;2\/3&#8243;]\r\n                <div class=\"text-modules\">\r\n                    <div class=\"container\">\r\n                        \r\n                        <div class=\"text-modules__content\"><\/p>\n<h3>SPIN-Lab Director<\/h3>\n<p>\n<\/div>\r\n                    <\/div>\r\n                <\/div>[vc_row_inner content_placement=&#8221;middle&#8221;][vc_column_inner width=&#8221;1\/2&#8243;][vc_single_image image=&#8221;354&#8243; img_size=&#8221;large&#8221; alignment=&#8221;center&#8221; style=&#8221;vc_box_circle_2&#8243;][\/vc_column_inner][vc_column_inner width=&#8221;1\/2&#8243;][vc_column_text el_class=&#8221;text-modules__content&#8221; css=&#8221;.vc_custom_1679570436976{margin-left: 10px !important;}&#8221;]<strong><span class=\"r1 uppercase\">Marcin Libera, PhD Eng.<\/span><\/strong>[\/vc_column_text]\r\n                <div class=\"text-modules\">\r\n                    <div class=\"container\">\r\n                        \r\n                        <div class=\"text-modules__content\"><p>e-mail:\u00a0<a href=\"mailto:marcin.libera@us.edu.pl\" rel=\"noreferrer\">marcin.libera@us.edu.pl<\/a><\/p>\n<p>tel.: 572 334 816<\/p>\n<p>ORCID: <a href=\"https:\/\/orcid.org\/0000-0002-8786-2994\" target=\"_blank\" rel=\"noopener noreferrer\">0000-0002-8786-2994<\/a><\/p>\n<p><a href=\"https:\/\/scholar.google.com\/citations?hl=pl&amp;user=JcTWRpQAAAAJ\" target=\"_blank\" rel=\"noopener noreferrer\">Google Scholar<\/a><\/p>\n<\/div>\r\n                    <\/div>\r\n                <\/div>[\/vc_column_inner][\/vc_row_inner]<div class=\"container\"><div class=\"separator\" style=\"background-color: #EBEBEB\"><\/div><\/div>[vc_empty_space]\r\n                <div class=\"text-modules\">\r\n                    <div class=\"container\">\r\n                        \r\n                        <div class=\"text-modules__content\"><\/p>\n<h3>Researchers<\/h3>\n<p>\n<\/div>\r\n                    <\/div>\r\n                <\/div>[vc_row_inner content_placement=&#8221;middle&#8221;][vc_column_inner width=&#8221;1\/2&#8243;][vc_column_text el_class=&#8221;text-modules__content&#8221; css=&#8221;.vc_custom_1679570490108{margin-left: 10px !important;}&#8221;]<strong><span class=\"r1 uppercase\">Tomasz Gawe\u0142, PhD Eng.<\/span><\/strong>[\/vc_column_text]\r\n                <div class=\"text-modules\">\r\n                    <div class=\"container\">\r\n                        \r\n                        <div class=\"text-modules__content\"><p>e-mail:\u00a0<a href=\"mailto:tomasz.gawel@us.edu.pl\" rel=\"noreferrer\">tomasz.gawel@us.edu.pl<\/a><\/p>\n<p>tel.: 32 359 2285<\/p>\n<p>ORCID: <a href=\"https:\/\/orcid.org\/0000-0002-0006-6857\" target=\"_blank\" rel=\"noopener noreferrer\">0000-0002-0006-6857<\/a><\/p>\n<p><a href=\"https:\/\/scholar.google.com\/citations?user=hmjQ4iAAAAAJ&amp;hl=pl&amp;oi=ao\">Google Scholar<\/a><\/p>\n<\/div>\r\n                    <\/div>\r\n                <\/div>[\/vc_column_inner][vc_column_inner width=&#8221;1\/2&#8243;][vc_single_image image=&#8221;355&#8243; img_size=&#8221;large&#8221; alignment=&#8221;center&#8221; style=&#8221;vc_box_circle_2&#8243;][\/vc_column_inner][\/vc_row_inner]<div class=\"container\"><div class=\"separator\" style=\"background-color: #EBEBEB\"><\/div><\/div>[vc_empty_space]\r\n                <div class=\"text-modules\">\r\n                    <div class=\"container\">\r\n                        \r\n                        <div class=\"text-modules__content\"><\/p>\n<h3>Address<\/h3>\n<p>\n<\/div>\r\n                    <\/div>\r\n                <\/div>[vc_row_inner content_placement=&#8221;middle&#8221;][vc_column_inner][vc_column_text el_class=&#8221;text-modules__content&#8221; css=&#8221;.vc_custom_1679570590527{margin-left: 10px !important;}&#8221;]USil SPIN-Lab Centre for Microscopic Research on Matter[\/vc_column_text]\r\n                <div class=\"text-modules\">\r\n                    <div class=\"container\">\r\n                        \r\n                        <div class=\"text-modules__content\"><p>ul. 75 Pu\u0142ku Piechoty 1A,<br \/>\n41-500 Chorz\u00f3w<br \/>\nJ building<\/p>\n<\/div>\r\n                    <\/div>\r\n                <\/div>[\/vc_column_inner][\/vc_row_inner][\/vc_column][vc_column width=&#8221;1\/6&#8243;][\/vc_column][\/vc_row][vc_row disable_element=&#8221;yes&#8221;][vc_column]\r\n                <div class=\"text-modules\">\r\n                    <div class=\"container\">\r\n                        <h3 class=\"page-title text__title\">Kontakt<\/h3>\r\n                        <div class=\"text-modules__content\"><\/div>\r\n                    <\/div>\r\n                <\/div><div role=\"form\" class=\"wpcf7\" id=\"wpcf7-f186-o2\" lang=\"pl-PL\" dir=\"ltr\">\n<div class=\"screen-reader-response\"><p role=\"status\" aria-live=\"polite\" aria-atomic=\"true\"><\/p> <ul><\/ul><\/div>\n<form action=\"\/centra-badawcze\/cmbm-spin-lab\/en\/wp-json\/wp\/v2\/pages\/552#wpcf7-f186-o2\" method=\"post\" class=\"wpcf7-form init\" novalidate=\"novalidate\" data-status=\"init\">\n<div style=\"display: none;\">\n<input type=\"hidden\" name=\"_wpcf7\" value=\"186\" \/>\n<input type=\"hidden\" name=\"_wpcf7_version\" value=\"5.6.4\" \/>\n<input type=\"hidden\" name=\"_wpcf7_locale\" value=\"pl_PL\" \/>\n<input type=\"hidden\" name=\"_wpcf7_unit_tag\" value=\"wpcf7-f186-o2\" \/>\n<input type=\"hidden\" name=\"_wpcf7_container_post\" value=\"0\" \/>\n<input type=\"hidden\" name=\"_wpcf7_posted_data_hash\" value=\"\" \/>\n<input type=\"hidden\" name=\"_wpcf7_recaptcha_response\" value=\"\" \/>\n<\/div>\n<p><label> Imi\u0119 i nazwisko (wymagane)<br \/>\n    <span class=\"wpcf7-form-control-wrap\" data-name=\"your-name\"><input type=\"text\" name=\"your-name\" value=\"\" size=\"40\" class=\"wpcf7-form-control wpcf7-text wpcf7-validates-as-required\" aria-required=\"true\" aria-invalid=\"false\" \/><\/span> <\/label><\/p>\n<p><label> Adres email (wymagane)<br \/>\n    <span class=\"wpcf7-form-control-wrap\" data-name=\"your-email\"><input type=\"email\" name=\"your-email\" value=\"\" size=\"40\" class=\"wpcf7-form-control wpcf7-text wpcf7-email wpcf7-validates-as-required wpcf7-validates-as-email\" aria-required=\"true\" aria-invalid=\"false\" \/><\/span> <\/label><\/p>\n<p><label> Temat<br \/>\n    <span class=\"wpcf7-form-control-wrap\" data-name=\"your-subject\"><input type=\"text\" name=\"your-subject\" value=\"\" size=\"40\" class=\"wpcf7-form-control wpcf7-text\" aria-invalid=\"false\" \/><\/span> <\/label><\/p>\n<p><label> Tre\u015b\u0107 wiadomo\u015bci<br \/>\n    <span class=\"wpcf7-form-control-wrap\" data-name=\"your-message\"><textarea name=\"your-message\" cols=\"40\" rows=\"10\" class=\"wpcf7-form-control wpcf7-textarea\" aria-invalid=\"false\"><\/textarea><\/span> <\/label><\/p>\n<p><input type=\"submit\" value=\"Wy\u015blij\" class=\"wpcf7-form-control has-spinner wpcf7-submit\" \/><\/p>\n<div class=\"wpcf7-response-output\" aria-hidden=\"true\"><\/div><\/form><\/div>[\/vc_column][\/vc_row]<\/p>\n<p><\/p>","protected":false},"excerpt":{"rendered":"<p>[vc_row][vc_column][vc_raw_html]JTNDaDIlMjBjbGFzcyUzRCUyMmNvbnRhaW5lciUyMHBhZ2UtdGl0bGUlMjB0ZXh0X190aXRsZSUyMiUzRUNvbnRhY3QlM0MlMkZoMiUzRQ==[\/vc_raw_html][\/vc_column][\/vc_row][vc_row el_class=&#8221;container&#8221;][vc_column width=&#8221;1\/6&#8243;][\/vc_column][vc_column width=&#8221;2\/3&#8243;][vc_row_inner content_placement=&#8221;middle&#8221;][vc_column_inner width=&#8221;1\/2&#8243;][vc_single_image image=&#8221;354&#8243; img_size=&#8221;large&#8221; alignment=&#8221;center&#8221; style=&#8221;vc_box_circle_2&#8243;][\/vc_column_inner][vc_column_inner width=&#8221;1\/2&#8243;][vc_column_text el_class=&#8221;text-modules__content&#8221; css=&#8221;.vc_custom_1679570436976{margin-left: 10px !important;}&#8221;]Marcin Libera, PhD Eng.[\/vc_column_text][\/vc_column_inner][\/vc_row_inner][vc_empty_space][vc_row_inner content_placement=&#8221;middle&#8221;][vc_column_inner width=&#8221;1\/2&#8243;][vc_column_text el_class=&#8221;text-modules__content&#8221; css=&#8221;.vc_custom_1679570490108{margin-left: 10px !important;}&#8221;]Tomasz Gawe\u0142, PhD Eng.[\/vc_column_text][\/vc_column_inner][vc_column_inner width=&#8221;1\/2&#8243;][vc_single_image image=&#8221;355&#8243; img_size=&#8221;large&#8221; alignment=&#8221;center&#8221; style=&#8221;vc_box_circle_2&#8243;][\/vc_column_inner][\/vc_row_inner][vc_empty_space][vc_row_inner content_placement=&#8221;middle&#8221;][vc_column_inner][vc_column_text el_class=&#8221;text-modules__content&#8221; css=&#8221;.vc_custom_1679570590527{margin-left: 10px !important;}&#8221;]USil SPIN-Lab Centre for Microscopic Research on Matter[\/vc_column_text][\/vc_column_inner][\/vc_row_inner][\/vc_column][vc_column width=&#8221;1\/6&#8243;][\/vc_column][\/vc_row][vc_row disable_element=&#8221;yes&#8221;][vc_column][\/vc_column][\/vc_row] [&#8230;]<\/p>\n<p><a class=\"btn btn-secondary understrap-read-more-link\" href=\"https:\/\/us.edu.pl\/centra-badawcze\/cmbm-spin-lab\/en\/badacze\/\">Read More&#8230;<\/a><\/p>\n","protected":false},"author":33,"featured_media":0,"parent":0,"menu_order":0,"comment_status":"closed","ping_status":"closed","template":"","meta":{"_expiration-date-status":"","_expiration-date":0,"_expiration-date-type":"","_expiration-date-categories":[],"_expiration-date-options":[]},"acf":[],"_links":{"self":[{"href":"https:\/\/us.edu.pl\/centra-badawcze\/cmbm-spin-lab\/en\/wp-json\/wp\/v2\/pages\/552"}],"collection":[{"href":"https:\/\/us.edu.pl\/centra-badawcze\/cmbm-spin-lab\/en\/wp-json\/wp\/v2\/pages"}],"about":[{"href":"https:\/\/us.edu.pl\/centra-badawcze\/cmbm-spin-lab\/en\/wp-json\/wp\/v2\/types\/page"}],"author":[{"embeddable":true,"href":"https:\/\/us.edu.pl\/centra-badawcze\/cmbm-spin-lab\/en\/wp-json\/wp\/v2\/users\/33"}],"replies":[{"embeddable":true,"href":"https:\/\/us.edu.pl\/centra-badawcze\/cmbm-spin-lab\/en\/wp-json\/wp\/v2\/comments?post=552"}],"version-history":[{"count":7,"href":"https:\/\/us.edu.pl\/centra-badawcze\/cmbm-spin-lab\/en\/wp-json\/wp\/v2\/pages\/552\/revisions"}],"predecessor-version":[{"id":858,"href":"https:\/\/us.edu.pl\/centra-badawcze\/cmbm-spin-lab\/en\/wp-json\/wp\/v2\/pages\/552\/revisions\/858"}],"wp:attachment":[{"href":"https:\/\/us.edu.pl\/centra-badawcze\/cmbm-spin-lab\/en\/wp-json\/wp\/v2\/media?parent=552"}],"curies":[{"name":"wp","href":"https:\/\/api.w.org\/{rel}","templated":true}]}}