{"id":94,"date":"2021-02-17T14:25:27","date_gmt":"2021-02-17T13:25:27","guid":{"rendered":"http:\/\/us.edu.pl\/centra-badawcze\/cmbm-spin-lab\/?page_id=94"},"modified":"2023-03-23T12:04:58","modified_gmt":"2023-03-23T11:04:58","slug":"nasze-cele","status":"publish","type":"page","link":"https:\/\/us.edu.pl\/centra-badawcze\/cmbm-spin-lab\/centrum-badawcze\/nasze-cele\/","title":{"rendered":"Nasze cele"},"content":{"rendered":"<p>[vc_row][vc_column][vc_raw_html]JTNDaDIlMjBjbGFzcyUzRCUyMnBhZ2UtdGl0bGUlMjBjb250YWluZXIlMjIlM0VOYXN6ZSUyMGNlbGUlM0MlMkZoMiUzRQ==[\/vc_raw_html][\/vc_column][\/vc_row][vc_row el_class=&#8221;container&#8221;][vc_column][vc_row_inner][vc_column_inner width=&#8221;1\/6&#8243;][\/vc_column_inner][vc_column_inner width=&#8221;4\/6&#8243;]\r\n                <div class=\"text-modules\">\r\n                    <div class=\"container\">\r\n                        \r\n                        <div class=\"text-modules__content\"><p>Centrum Mikroskopowego Badania Materii SPIN-Lab (CMBM SPIN-Lab) ma na celu skonsolidowanie potencja\u0142u i kompetencji mikroskopowych w ramach centrum badawczego Uniwersytetu \u015al\u0105skiego w Katowicach. Badania realizowane w ramach centrum obejmuj\u0105 wszystkie aspekty mikroskopii, w szczeg\u00f3lno\u015bci korelacyjnego charakteryzowania materii \u201emi\u0119kkiej\u201d.<\/p>\n<p>Dzia\u0142alno\u015b\u0107 CMBM SPIN-Lab wpisuje si\u0119 w intensywny rozw\u00f3j naukowy i gospodarczy wynikaj\u0105cy z bada\u0144 mikroskopowych w dziedzinach nauk \u015bcis\u0142ych i przyrodniczych, nauk in\u017cynieryjno-technicznych, nauk medycznych oraz nauk o zdrowiu. Mo\u017cliwo\u015bci obrazowania materii w skali molekularnej r\u00f3wnie\u017c w warunkach kriogenicznych, skorelowanego z obrazowaniem spektroskopowym pozwala na zrozumienie w\u0142a\u015bciwo\u015bci materia\u0142\u00f3w i proces\u00f3w wynikaj\u0105cych z budowy atomowej.<\/p>\n<\/div>\r\n                    <\/div>\r\n                <\/div>[\/vc_column_inner][\/vc_row_inner]\r\n                <div class=\"text-modules\">\r\n                    <div class=\"container\">\r\n                        \r\n                        <div class=\"text-modules__content\"><\/p>\n<h3>Poznaj nasze cele<\/h3>\n<p>\n<\/div>\r\n                    <\/div>\r\n                <\/div>[vc_row_inner][vc_column_inner width=&#8221;1\/6&#8243;][\/vc_column_inner][vc_column_inner width=&#8221;2\/3&#8243;]\r\n                <div class=\"text-modules\">\r\n                    <div class=\"container\">\r\n                        \r\n                        <div class=\"text-modules__content\"><\/p>\n<div class=\"text-modules\">\n<div class=\"container\">\n<div class=\"text-modules__content\">\n<h4><span class=\"vc_tta-title-text\"><a id=\"cele-naukowo-badawcze\"><\/a>Cele naukowo-badawcze<\/span><\/h4>\n<\/div>\n<\/div>\n<\/div>\n<p>\n<\/div>\r\n                    <\/div>\r\n                <\/div>[vc_icon type=&#8221;linecons&#8221; icon_linecons=&#8221;vc_li vc_li-lab&#8221; color=&#8221;custom&#8221; size=&#8221;xl&#8221; custom_color=&#8221;#cdcdcd&#8221; el_class=&#8221;container&#8221;]\r\n                <div class=\"text-modules\">\r\n                    <div class=\"container\">\r\n                        \r\n                        <div class=\"text-modules__content\"><\/p>\n<ul>\n<li>stworzenie nowych mo\u017cliwo\u015bci prowadzenia prac naukowo-badawczych dla kilkudziesi\u0119ciu lider\u00f3w naukowych i kilkuset naukowc\u00f3w Uniwersytetu \u015al\u0105skiego w Katowicach,<\/li>\n<\/ul>\n<hr \/>\n<ul>\n<li>kreowanie i generowanie nowych specjalizacji naukowych oraz temat\u00f3w badawczo-rozwojowych w kilku dziedzinach i kilkunastu dyscyplinach naukowych,<\/li>\n<\/ul>\n<hr \/>\n<ul>\n<li>stworzenie centrum kompetencji w mikroskopowym badaniu \u201ematerii mi\u0119kkiej\u201d, umo\u017cliwiaj\u0105ce prowadzenie wyspecjalizowanych us\u0142ug badawczych i szkoleniowych zar\u00f3wno dla podmiot\u00f3w polskich, jak i mi\u0119dzynarodowych,<\/li>\n<\/ul>\n<hr \/>\n<ul>\n<li>prowadzenie na Uniwersytecie \u015al\u0105skim w Katowicach prac naukowych z zakresu m.in.: biologii, chemii, fizyki, biotechnologii, nanotechnologii, in\u017cynierii materia\u0142owej, medycyny, farmacji, ochrony \u015brodowiska oraz geologii,<\/li>\n<\/ul>\n<hr \/>\n<ul>\n<li>prowadzenie prac naukowych obejmuj\u0105cych interdyscyplinarne badania, realizowanych w grupach krajowych i mi\u0119dzynarodowych, finansowane w ramach krajowych i zagranicznych grant\u00f3w,<\/li>\n<\/ul>\n<hr \/>\n<ul>\n<li>kreowanie wojew\u00f3dztwa \u015bl\u0105skiego jako centrum zintegrowanych kompetencji w obszarze mikroskopowego badania \u201ematerii mi\u0119kkiej\u201d poprzez wk\u0142ad w promocj\u0119 bada\u0144 naukowych i regionu,<\/li>\n<\/ul>\n<hr \/>\n<ul>\n<li>wzrost konkurencyjno\u015bci polskiego sektora bada\u0144 naukowych i pokazanie centrum jako atrakcyjnego miejsca pracy dla zagranicznych naukowc\u00f3w,<\/li>\n<\/ul>\n<hr \/>\n<ul>\n<li>wygenerowanie masy krytycznej zdolnej do wykreowania europejskiego centrum kompetencji poprzez implementacj\u0119 nowoczesnych metod zarz\u0105dzania nauk\u0105 i badaniami wraz z integracj\u0105 \u015brodowiska naukowego i bada\u0144 prowadzonych w jednostkach naukowo-badawczych w regionie w obszarze mikroskopii.<\/li>\n<\/ul>\n<p>\n<\/div>\r\n                    <\/div>\r\n                <\/div>[vc_empty_space]\r\n                <div class=\"text-modules\">\r\n                    <div class=\"container\">\r\n                        \r\n                        <div class=\"text-modules__content\"><\/p>\n<h4><a id=\"cele-dydaktyczno-szkoleniowe\"><\/a><br \/>\nCele dydaktyczno-szkoleniowe<\/h4>\n<p>\n<\/div>\r\n                    <\/div>\r\n                <\/div>[vc_icon icon_fontawesome=&#8221;fas fa-chalkboard-teacher&#8221; color=&#8221;custom&#8221; size=&#8221;xl&#8221; custom_color=&#8221;#cdcdcd&#8221; el_class=&#8221;container&#8221;]\r\n                <div class=\"text-modules\">\r\n                    <div class=\"container\">\r\n                        \r\n                        <div class=\"text-modules__content\"><\/p>\n<ul>\n<li>realizacja edukacji na najwy\u017cszym \u015bwiatowym poziomie i umo\u017cliwienie kooperacji mi\u0119dzynarodowej w ramach prac magisterskich i doktorskich dzi\u0119ki powstaniu centrum dydaktycznego wyposa\u017conego w najnowsz\u0105 infrastruktur\u0119 badawcz\u0105,<\/li>\n<\/ul>\n<hr \/>\n<ul>\n<li>rozw\u00f3j kadry oraz umo\u017cliwienie wymiany do\u015bwiadcze\u0144 i wiedzy z zakresu m.in. kszta\u0142cenia i dydaktyki poprzez zwi\u0119kszenie udzia\u0142u pracownik\u00f3w spoza Uniwersytetu \u015al\u0105skiego w Katowicach oraz wzrost mobilno\u015bci pracownik\u00f3w naszej uczelni zaanga\u017cowanych w prace prowadzone w CMBM SPIN-Lab,<\/li>\n<\/ul>\n<hr \/>\n<ul>\n<li>inicjowanie wydarze\u0144 edukacyjnych, takich jak konferencje naukowe czy inicjatywy zwi\u0105zane z popularyzacj\u0105 nauki w\u015br\u00f3d m\u0142odzie\u017cy szkolnej,<\/li>\n<\/ul>\n<hr \/>\n<ul>\n<li>kreowanie i pozyskiwanie nowych lider\u00f3w naukowych oraz umo\u017cliwienie im rozwoju profesjonalnych kompetencji naukowych i organizacyjnych,<\/li>\n<\/ul>\n<hr \/>\n<ul>\n<li>inicjowanie lub organizowanie warsztat\u00f3w oraz szkole\u0144 dla krajowych i mi\u0119dzynarodowych naukowc\u00f3w i partner\u00f3w przemys\u0142owych.<\/li>\n<\/ul>\n<p>\n<\/div>\r\n                    <\/div>\r\n                <\/div>[vc_empty_space]\r\n                <div class=\"text-modules\">\r\n                    <div class=\"container\">\r\n                        \r\n                        <div class=\"text-modules__content\"><\/p>\n<h4><a id=\"cele-dotyczace-wynikow-badan\"><\/a>Cele dotycz\u0105ce propagowania wynik\u00f3w bada\u0144 i nauki<\/h4>\n<p>\n<\/div>\r\n                    <\/div>\r\n                <\/div>[vc_icon icon_fontawesome=&#8221;fas fa-bullhorn&#8221; color=&#8221;custom&#8221; size=&#8221;xl&#8221; custom_color=&#8221;#cdcdcd&#8221; el_class=&#8221;container&#8221;]\r\n                <div class=\"text-modules\">\r\n                    <div class=\"container\">\r\n                        \r\n                        <div class=\"text-modules__content\"><\/p>\n<ul>\n<li>aktywna wsp\u00f3\u0142praca w ramach klastr\u00f3w naukowych i badawczo-rozwojowych oraz kreowanie nowych inicjatyw projektowych i przedsi\u0119biorczych,<\/li>\n<\/ul>\n<hr \/>\n<ul>\n<li>organizowanie seminari\u00f3w i konferencji dla krajowych oraz mi\u0119dzynarodowych naukowc\u00f3w i partner\u00f3w przemys\u0142owych.<\/li>\n<\/ul>\n<p>\n<\/div>\r\n                    <\/div>\r\n                <\/div>[vc_empty_space]\r\n                <div class=\"text-modules\">\r\n                    <div class=\"container\">\r\n                        \r\n                        <div class=\"text-modules__content\"><\/p>\n<h4><a id=\"cele-dotyczace-przemyslu\"><\/a>Cele dotycz\u0105ce wsparcia przemys\u0142u<\/h4>\n<p>\n<\/div>\r\n                    <\/div>\r\n                <\/div>[vc_icon icon_fontawesome=&#8221;fas fa-industry&#8221; color=&#8221;custom&#8221; size=&#8221;xl&#8221; custom_color=&#8221;#cdcdcd&#8221; el_class=&#8221;container&#8221;]\r\n                <div class=\"text-modules\">\r\n                    <div class=\"container\">\r\n                        \r\n                        <div class=\"text-modules__content\"><\/p>\n<ul>\n<li>prowadzenie prac badawczo-rozwojowych obejmuj\u0105cych m.in. obszary zwi\u0105zane z przemys\u0142em motoryzacyjnym, medycznym, farmaceutycznym, lotniczym, chemicznym, spo\u017cywczym, maszynowym i energetycznym, a tak\u017ce poszukiwanie nowych rozwi\u0105za\u0144 materia\u0142owych, technicznych i informatycznych dla rozwoju mikroskopowego charakteryzowania materii,<\/li>\n<\/ul>\n<hr \/>\n<ul>\n<li>realizowanie zada\u0144 przewidzianych przez podmioty w sk\u0142adanych wnioskach badawczo-rozwojowych,<\/li>\n<\/ul>\n<hr \/>\n<ul>\n<li>wspieranie podmiot\u00f3w w zakresie tworzenia i weryfikacji merytorycznej sk\u0142adanych wniosk\u00f3w badawczo-rozwojowych.<\/li>\n<\/ul>\n<p>\n<\/div>\r\n                    <\/div>\r\n                <\/div>[\/vc_column_inner][\/vc_row_inner][vc_row_inner][vc_column_inner][\/vc_column_inner][\/vc_row_inner][\/vc_column][\/vc_row]<\/p>","protected":false},"excerpt":{"rendered":"<p>[vc_row][vc_column][vc_raw_html]JTNDaDIlMjBjbGFzcyUzRCUyMnBhZ2UtdGl0bGUlMjBjb250YWluZXIlMjIlM0VOYXN6ZSUyMGNlbGUlM0MlMkZoMiUzRQ==[\/vc_raw_html][\/vc_column][\/vc_row][vc_row el_class=&#8221;container&#8221;][vc_column][vc_row_inner][vc_column_inner width=&#8221;1\/6&#8243;][\/vc_column_inner][vc_column_inner width=&#8221;4\/6&#8243;][\/vc_column_inner][\/vc_row_inner][vc_row_inner][vc_column_inner width=&#8221;1\/6&#8243;][\/vc_column_inner][vc_column_inner width=&#8221;2\/3&#8243;][vc_icon type=&#8221;linecons&#8221; icon_linecons=&#8221;vc_li vc_li-lab&#8221; color=&#8221;custom&#8221; size=&#8221;xl&#8221; custom_color=&#8221;#cdcdcd&#8221; el_class=&#8221;container&#8221;][vc_empty_space][vc_icon icon_fontawesome=&#8221;fas fa-chalkboard-teacher&#8221; color=&#8221;custom&#8221; size=&#8221;xl&#8221; custom_color=&#8221;#cdcdcd&#8221; el_class=&#8221;container&#8221;][vc_empty_space][vc_icon icon_fontawesome=&#8221;fas fa-bullhorn&#8221; color=&#8221;custom&#8221; size=&#8221;xl&#8221; custom_color=&#8221;#cdcdcd&#8221; el_class=&#8221;container&#8221;][vc_empty_space][vc_icon icon_fontawesome=&#8221;fas fa-industry&#8221; color=&#8221;custom&#8221; size=&#8221;xl&#8221; custom_color=&#8221;#cdcdcd&#8221; el_class=&#8221;container&#8221;][\/vc_column_inner][\/vc_row_inner][vc_row_inner][vc_column_inner][\/vc_column_inner][\/vc_row_inner][\/vc_column][\/vc_row] [&#8230;]<\/p>\n<p><a class=\"btn btn-secondary understrap-read-more-link\" href=\"https:\/\/us.edu.pl\/centra-badawcze\/cmbm-spin-lab\/centrum-badawcze\/nasze-cele\/\">Read More&#8230;<\/a><\/p>\n","protected":false},"author":25,"featured_media":0,"parent":75,"menu_order":2,"comment_status":"closed","ping_status":"closed","template":"","meta":{"_expiration-date-status":"","_expiration-date":0,"_expiration-date-type":"","_expiration-date-categories":[],"_expiration-date-options":[]},"acf":[],"_links":{"self":[{"href":"https:\/\/us.edu.pl\/centra-badawcze\/cmbm-spin-lab\/wp-json\/wp\/v2\/pages\/94"}],"collection":[{"href":"https:\/\/us.edu.pl\/centra-badawcze\/cmbm-spin-lab\/wp-json\/wp\/v2\/pages"}],"about":[{"href":"https:\/\/us.edu.pl\/centra-badawcze\/cmbm-spin-lab\/wp-json\/wp\/v2\/types\/page"}],"author":[{"embeddable":true,"href":"https:\/\/us.edu.pl\/centra-badawcze\/cmbm-spin-lab\/wp-json\/wp\/v2\/users\/25"}],"replies":[{"embeddable":true,"href":"https:\/\/us.edu.pl\/centra-badawcze\/cmbm-spin-lab\/wp-json\/wp\/v2\/comments?post=94"}],"version-history":[{"count":10,"href":"https:\/\/us.edu.pl\/centra-badawcze\/cmbm-spin-lab\/wp-json\/wp\/v2\/pages\/94\/revisions"}],"predecessor-version":[{"id":507,"href":"https:\/\/us.edu.pl\/centra-badawcze\/cmbm-spin-lab\/wp-json\/wp\/v2\/pages\/94\/revisions\/507"}],"up":[{"embeddable":true,"href":"https:\/\/us.edu.pl\/centra-badawcze\/cmbm-spin-lab\/wp-json\/wp\/v2\/pages\/75"}],"wp:attachment":[{"href":"https:\/\/us.edu.pl\/centra-badawcze\/cmbm-spin-lab\/wp-json\/wp\/v2\/media?parent=94"}],"curies":[{"name":"wp","href":"https:\/\/api.w.org\/{rel}","templated":true}]}}