{"id":306,"date":"2022-04-14T10:50:27","date_gmt":"2022-04-14T08:50:27","guid":{"rendered":"http:\/\/us.edu.pl\/centra-badawcze\/cyberscience\/?page_id=306"},"modified":"2023-06-01T12:18:57","modified_gmt":"2023-06-01T10:18:57","slug":"studia-podyplomowe","status":"publish","type":"page","link":"https:\/\/us.edu.pl\/centra-badawcze\/cyberscience\/en\/studia-podyplomowe\/","title":{"rendered":"Postgraduate studies"},"content":{"rendered":"<p>[vc_row el_class=&#8221;container&#8221;][vc_column]\r\n                <div class=\"text-modules\">\r\n                    <div class=\"container\">\r\n                        <h3 class=\"page-title text__title\">Postgraduate studies<\/h3>\r\n                        <div class=\"text-modules__content\"><\/div>\r\n                    <\/div>\r\n                <\/div>[\/vc_column][\/vc_row][vc_row el_class=&#8221;container&#8221;][vc_column width=&#8221;1\/3&#8243;][vc_btn title=&#8221;general information about studies&#8221; style=&#8221;outline-custom&#8221; outline_custom_color=&#8221;#002e5a&#8221; outline_custom_hover_background=&#8221;#002e5a&#8221; outline_custom_hover_text=&#8221;#ffffff&#8221; shape=&#8221;round&#8221; size=&#8221;lg&#8221; align=&#8221;center&#8221; button_block=&#8221;true&#8221; link=&#8221;url:https%3A%2F%2Fus.edu.pl%2Fcentra-badawcze%2Fcyberscience%2Fstudia-podyplomowe%2Fo-studiach%2F|||&#8221;][\/vc_column][vc_column width=&#8221;1\/3&#8243;][vc_btn title=&#8221;information channel on the Telegram communicator&#8221; style=&#8221;outline-custom&#8221; outline_custom_color=&#8221;#002e5a&#8221; outline_custom_hover_background=&#8221;#002e5a&#8221; outline_custom_hover_text=&#8221;#ffffff&#8221; shape=&#8221;round&#8221; size=&#8221;lg&#8221; align=&#8221;center&#8221; button_block=&#8221;true&#8221; link=&#8221;url:https%3A%2F%2Ft.me%2Fcybersciencestudia|||&#8221;][\/vc_column][vc_column width=&#8221;1\/3&#8243;][vc_btn title=&#8221;on-line secretary office on Discord&#8221; style=&#8221;outline-custom&#8221; outline_custom_color=&#8221;#002e5a&#8221; outline_custom_hover_background=&#8221;#002e5a&#8221; outline_custom_hover_text=&#8221;#ffffff&#8221; shape=&#8221;round&#8221; size=&#8221;lg&#8221; align=&#8221;center&#8221; button_block=&#8221;true&#8221; link=&#8221;|||&#8221;][\/vc_column][\/vc_row][vc_row el_class=&#8221;container&#8221;][vc_column][vc_empty_space][vc_tta_accordion style=&#8221;flat&#8221; shape=&#8221;square&#8221; color=&#8221;blue&#8221; spacing=&#8221;3&#8243; c_icon=&#8221;triangle&#8221; active_section=&#8221;1&#8243; no_fill=&#8221;true&#8221; collapsible_all=&#8221;true&#8221;][vc_tta_section title=&#8221;Cyber \u200b\u200bScience. Tokenisation and automation of processes in the digital economy. Legal, technological and managerial aspects.&#8221; tab_id=&#8221;tokenizacja&#8221;][vc_empty_space][vc_row_inner el_class=&#8221;foto&#8221;][vc_column_inner width=&#8221;1\/2&#8243; css=&#8221;.vc_custom_1650013281902{background-color: #f2f2f2 !important;border-radius: 20px !important;}&#8221;][vc_empty_space]\r\n                <div class=\"text-modules\">\r\n                    <div class=\"container\">\r\n                        \r\n                        <div class=\"text-modules__content\"><p>The project of postgraduate studies is a response to market demands determined by the digital economy. The scope of the studies is based on interdisciplinarity &#8211; the participant has to understand technology in order to be able to talk about it and work with it in projects. The aim of the studies is to educate specialists, currently in demand on the market, who will support entrepreneurs in the implementation of IT projects, and also in digital transformation.<\/p>\n<p><a class=\"duzy-link\" href=\"https:\/\/us.edu.pl\/centra-badawcze\/cyberscience\/studia-podyplomowe\/cyber-science-studia-tokenizacja\/\"><span style=\"font-family: 'PT Sans Narrow', sans-serif; color: #000000;\">Find out more<\/span><\/a><\/p>\n<\/div>\r\n                    <\/div>\r\n                <\/div>\r\n                <div class=\"text-modules\">\r\n                    <div class=\"container\">\r\n                        \r\n                        <div class=\"text-modules__content\"><p>Head of postgraduate studies: Rafa\u0142 Prabucki, PhD Eng.<\/p>\n<\/div>\r\n                    <\/div>\r\n                <\/div>[\/vc_column_inner][vc_column_inner width=&#8221;1\/2&#8243;]\r\n                <div class=\"text-modules\">\r\n                    <div class=\"container\">\r\n                        \r\n                        <div class=\"text-modules__content\"><p><img class=\"alignnone wp-image-312 size-full\" src=\"http:\/\/us.edu.pl\/centra-badawcze\/cyberscience\/wp-content\/uploads\/sites\/68\/obrazki-wyr\u00f3\u017cniaj\u0105ce\/pexels-pixabay-373543.jpg\" alt=\"wi\u0105zki \u015bwiat\u0142a\" width=\"100%\" height=\"auto\" srcset=\"https:\/\/us.edu.pl\/centra-badawcze\/cyberscience\/wp-content\/uploads\/sites\/68\/obrazki-wyr\u00f3\u017cniaj\u0105ce\/pexels-pixabay-373543.jpg 1280w, https:\/\/us.edu.pl\/centra-badawcze\/cyberscience\/wp-content\/uploads\/sites\/68\/obrazki-wyr\u00f3\u017cniaj\u0105ce\/pexels-pixabay-373543-300x200.jpg 300w, https:\/\/us.edu.pl\/centra-badawcze\/cyberscience\/wp-content\/uploads\/sites\/68\/obrazki-wyr\u00f3\u017cniaj\u0105ce\/pexels-pixabay-373543-768x512.jpg 768w, https:\/\/us.edu.pl\/centra-badawcze\/cyberscience\/wp-content\/uploads\/sites\/68\/obrazki-wyr\u00f3\u017cniaj\u0105ce\/pexels-pixabay-373543-1024x682.jpg 1024w, https:\/\/us.edu.pl\/centra-badawcze\/cyberscience\/wp-content\/uploads\/sites\/68\/obrazki-wyr\u00f3\u017cniaj\u0105ce\/pexels-pixabay-373543-575x383.jpg 575w\" sizes=\"(max-width: 1280px) 100vw, 1280px\" \/><\/p>\n<\/div>\r\n                    <\/div>\r\n                <\/div>[\/vc_column_inner][\/vc_row_inner][vc_empty_space][vc_row_inner equal_height=&#8221;yes&#8221;][vc_column_inner width=&#8221;1\/6&#8243;][\/vc_column_inner][vc_column_inner width=&#8221;1\/6&#8243;][vc_btn title=&#8221;Apply&#8221; style=&#8221;outline-custom&#8221; outline_custom_color=&#8221;#dd3333&#8243; outline_custom_hover_background=&#8221;#dd3333&#8243; outline_custom_hover_text=&#8221;#ffffff&#8221; shape=&#8221;round&#8221; size=&#8221;lg&#8221; align=&#8221;center&#8221; button_block=&#8221;true&#8221; link=&#8221;url:https%3A%2F%2Fus.edu.pl%2Fcentra-badawcze%2Fcyberscience%2Fstudia-podyplomowe%2Fcyber-science-co-dalej%2F|||&#8221;][\/vc_column_inner][vc_column_inner width=&#8221;1\/6&#8243;][vc_btn title=&#8221;Competency test&#8221; style=&#8221;outline-custom&#8221; outline_custom_color=&#8221;#1e73be&#8221; outline_custom_hover_background=&#8221;#1e73be&#8221; outline_custom_hover_text=&#8221;#ffffff&#8221; shape=&#8221;round&#8221; size=&#8221;lg&#8221; align=&#8221;center&#8221; button_block=&#8221;true&#8221; link=&#8221;url:https%3A%2F%2Fus.edu.pl%2Fcentra-badawcze%2Fcyberscience%2Fstudia-podyplomowe%2Fcyber-science-co-dalej%2F|||&#8221;][\/vc_column_inner][vc_column_inner width=&#8221;1\/6&#8243;][vc_btn title=&#8221;View the programme&#8221; style=&#8221;outline-custom&#8221; outline_custom_color=&#8221;#1e73be&#8221; outline_custom_hover_background=&#8221;#1e73be&#8221; outline_custom_hover_text=&#8221;#ffffff&#8221; shape=&#8221;round&#8221; size=&#8221;lg&#8221; align=&#8221;center&#8221; button_block=&#8221;true&#8221; link=&#8221;url:https%3A%2F%2Fus.edu.pl%2Fcentra-badawcze%2Fcyberscience%2Fstudia-podyplomowe%2Fprogram-tokenizacja-i-automatyzacja%2F|||&#8221;][\/vc_column_inner][vc_column_inner width=&#8221;1\/6&#8243;][vc_btn title=&#8221;Academic staff&#8221; style=&#8221;outline-custom&#8221; outline_custom_color=&#8221;#1e73be&#8221; outline_custom_hover_background=&#8221;#1e73be&#8221; outline_custom_hover_text=&#8221;#ffffff&#8221; shape=&#8221;round&#8221; size=&#8221;lg&#8221; align=&#8221;center&#8221; button_block=&#8221;true&#8221;][\/vc_column_inner][vc_column_inner width=&#8221;1\/6&#8243;][\/vc_column_inner][\/vc_row_inner][vc_empty_space][\/vc_tta_section][vc_tta_section title=&#8221;Cyber \u200b\u200bScience. Cybersecurity management&#8221; tab_id=&#8221;zarzadzanie&#8221;][vc_empty_space][vc_row_inner el_class=&#8221;foto&#8221;][vc_column_inner width=&#8221;1\/2&#8243; css=&#8221;.vc_custom_1650010858617{background-color: #f2f2f2 !important;border-radius: 20px !important;}&#8221;][vc_empty_space]\r\n                <div class=\"text-modules\">\r\n                    <div class=\"container\">\r\n                        \r\n                        <div class=\"text-modules__content\"><p>The aim of the studies is to expand knowledge and practical skills in the field of cybersecurity management, in particular in the field of cybersecurity strategy development, implementation of security measures and procedures, risk management, business continuity and cybersecurity incidents. The graduate of the studies has knowledge of the functioning of computer security incident response teams, has knowledge in the field of information and communications technology infrastructure and systems security, and has substantive preparation in the area of \u200b\u200bcomputer forensics applications.<\/p>\n<p><a class=\"duzy-link\" href=\"https:\/\/us.edu.pl\/centra-badawcze\/cyberscience\/studia-podyplomowe\/cyber-science-studia-zarzadzanie-cyberbezpieczenstwem\/\"><span style=\"font-family: 'PT Sans Narrow', sans-serif; color: #000000;\">Find out more<\/span><\/a><\/p>\n<\/div>\r\n                    <\/div>\r\n                <\/div>\r\n                <div class=\"text-modules\">\r\n                    <div class=\"container\">\r\n                        \r\n                        <div class=\"text-modules__content\"><p>Head of postgraduate studies: Adrian Kopczy\u0144ski, PhD Eng.<\/p>\n<\/div>\r\n                    <\/div>\r\n                <\/div>[\/vc_column_inner][vc_column_inner width=&#8221;1\/2&#8243;]\r\n                <div class=\"text-modules\">\r\n                    <div class=\"container\">\r\n                        \r\n                        <div class=\"text-modules__content\"><p><img class=\"alignnone wp-image-311 size-full\" src=\"http:\/\/us.edu.pl\/centra-badawcze\/cyberscience\/wp-content\/uploads\/sites\/68\/obrazki-wyr\u00f3\u017cniaj\u0105ce\/pexels-nick-demou-2473183-e1649932303482.jpg\" alt=\"otwarty laptop\" width=\"100%\" height=\"auto\" \/><\/p>\n<\/div>\r\n                    <\/div>\r\n                <\/div>[\/vc_column_inner][\/vc_row_inner][vc_empty_space][vc_row_inner equal_height=&#8221;yes&#8221;][vc_column_inner width=&#8221;1\/6&#8243;][\/vc_column_inner][vc_column_inner width=&#8221;1\/6&#8243;][vc_btn title=&#8221;Apply&#8221; style=&#8221;outline-custom&#8221; outline_custom_color=&#8221;#dd3333&#8243; outline_custom_hover_background=&#8221;#dd3333&#8243; outline_custom_hover_text=&#8221;#ffffff&#8221; shape=&#8221;round&#8221; size=&#8221;lg&#8221; align=&#8221;center&#8221; button_block=&#8221;true&#8221; link=&#8221;url:https%3A%2F%2Fus.edu.pl%2Fcentra-badawcze%2Fcyberscience%2Fstudia-podyplomowe%2Fcyber-science-co-dalej%2F|||&#8221;][\/vc_column_inner][vc_column_inner width=&#8221;1\/6&#8243;][vc_btn title=&#8221;Competency test&#8221; style=&#8221;outline-custom&#8221; outline_custom_color=&#8221;#1e73be&#8221; outline_custom_hover_background=&#8221;#1e73be&#8221; outline_custom_hover_text=&#8221;#ffffff&#8221; shape=&#8221;round&#8221; size=&#8221;lg&#8221; align=&#8221;center&#8221; button_block=&#8221;true&#8221; link=&#8221;url:https%3A%2F%2Fus.edu.pl%2Fcentra-badawcze%2Fcyberscience%2Fstudia-podyplomowe%2Fcyber-science-co-dalej%2F|||&#8221;][\/vc_column_inner][vc_column_inner width=&#8221;1\/6&#8243;][vc_btn title=&#8221;View the programme&#8221; style=&#8221;outline-custom&#8221; outline_custom_color=&#8221;#1e73be&#8221; outline_custom_hover_background=&#8221;#1e73be&#8221; outline_custom_hover_text=&#8221;#ffffff&#8221; shape=&#8221;round&#8221; size=&#8221;lg&#8221; align=&#8221;center&#8221; button_block=&#8221;true&#8221;][\/vc_column_inner][vc_column_inner width=&#8221;1\/6&#8243;][vc_btn title=&#8221;Academic staff&#8221; style=&#8221;outline-custom&#8221; outline_custom_color=&#8221;#1e73be&#8221; outline_custom_hover_background=&#8221;#1e73be&#8221; outline_custom_hover_text=&#8221;#ffffff&#8221; shape=&#8221;round&#8221; size=&#8221;lg&#8221; align=&#8221;center&#8221; button_block=&#8221;true&#8221;][\/vc_column_inner][vc_column_inner width=&#8221;1\/6&#8243;][\/vc_column_inner][\/vc_row_inner][vc_empty_space][\/vc_tta_section][\/vc_tta_accordion][\/vc_column][\/vc_row][vc_row][vc_column][vc_empty_space][\/vc_column][\/vc_row][vc_row el_class=&#8221;container&#8221;][vc_column]\r\n                <div class=\"text-modules\">\r\n                    <div class=\"container\">\r\n                        \r\n                        <div class=\"text-modules__content\"><\/p>\n<h3><strong>Organisers<\/strong><\/h3>\n<p>\n<\/div>\r\n                    <\/div>\r\n                <\/div>[vc_row_inner equal_height=&#8221;yes&#8221;][vc_column_inner width=&#8221;1\/4&#8243;][vc_empty_space]\r\n                <div class=\"text-modules\">\r\n                    <div class=\"container\">\r\n                        \r\n                        <div class=\"text-modules__content\"><p><img class=\"alignnone wp-image-86 size-full\" src=\"http:\/\/us.edu.pl\/centra-badawcze\/cyberscience\/wp-content\/uploads\/sites\/68\/logotypy\/uniwersytet-slaski_logo_poziome_rgb.png\" alt=\"logotyp Uniwersytetu \u015al\u0105skiego w Katowicach\" width=\"100%\" height=\"auto\" srcset=\"https:\/\/us.edu.pl\/centra-badawcze\/cyberscience\/wp-content\/uploads\/sites\/68\/logotypy\/uniwersytet-slaski_logo_poziome_rgb.png 2191w, https:\/\/us.edu.pl\/centra-badawcze\/cyberscience\/wp-content\/uploads\/sites\/68\/logotypy\/uniwersytet-slaski_logo_poziome_rgb-300x51.png 300w, https:\/\/us.edu.pl\/centra-badawcze\/cyberscience\/wp-content\/uploads\/sites\/68\/logotypy\/uniwersytet-slaski_logo_poziome_rgb-768x129.png 768w, https:\/\/us.edu.pl\/centra-badawcze\/cyberscience\/wp-content\/uploads\/sites\/68\/logotypy\/uniwersytet-slaski_logo_poziome_rgb-1024x172.png 1024w, https:\/\/us.edu.pl\/centra-badawcze\/cyberscience\/wp-content\/uploads\/sites\/68\/logotypy\/uniwersytet-slaski_logo_poziome_rgb-575x97.png 575w\" sizes=\"(max-width: 2191px) 100vw, 2191px\" \/><\/p>\n<\/div>\r\n                    <\/div>\r\n                <\/div>[\/vc_column_inner][vc_column_inner width=&#8221;1\/4&#8243;]\r\n                <div class=\"text-modules\">\r\n                    <div class=\"container\">\r\n                        \r\n                        <div class=\"text-modules__content\"><p><img class=\"alignnone wp-image-101 size-full\" src=\"http:\/\/us.edu.pl\/centra-badawcze\/cyberscience\/wp-content\/uploads\/sites\/68\/logotypy\/Logo-Uniwersytet_Ekonomiczny_w_Katowicach_granatowe_na_bialym_tle-e1649927088269.png\" alt=\"logotyp Uniwersytetu Ekonomicznego w Katowicach\" width=\"100%\" height=\"auto\" srcset=\"https:\/\/us.edu.pl\/centra-badawcze\/cyberscience\/wp-content\/uploads\/sites\/68\/logotypy\/Logo-Uniwersytet_Ekonomiczny_w_Katowicach_granatowe_na_bialym_tle-e1649927088269.png 1836w, https:\/\/us.edu.pl\/centra-badawcze\/cyberscience\/wp-content\/uploads\/sites\/68\/logotypy\/Logo-Uniwersytet_Ekonomiczny_w_Katowicach_granatowe_na_bialym_tle-e1649927088269-300x132.png 300w, https:\/\/us.edu.pl\/centra-badawcze\/cyberscience\/wp-content\/uploads\/sites\/68\/logotypy\/Logo-Uniwersytet_Ekonomiczny_w_Katowicach_granatowe_na_bialym_tle-e1649927088269-768x338.png 768w, https:\/\/us.edu.pl\/centra-badawcze\/cyberscience\/wp-content\/uploads\/sites\/68\/logotypy\/Logo-Uniwersytet_Ekonomiczny_w_Katowicach_granatowe_na_bialym_tle-e1649927088269-1024x450.png 1024w, https:\/\/us.edu.pl\/centra-badawcze\/cyberscience\/wp-content\/uploads\/sites\/68\/logotypy\/Logo-Uniwersytet_Ekonomiczny_w_Katowicach_granatowe_na_bialym_tle-e1649927088269-575x253.png 575w\" sizes=\"(max-width: 1836px) 100vw, 1836px\" \/><\/p>\n<\/div>\r\n                    <\/div>\r\n                <\/div>[\/vc_column_inner][vc_column_inner width=&#8221;1\/4&#8243;]\r\n                <div class=\"text-modules\">\r\n                    <div class=\"container\">\r\n                        \r\n                        <div class=\"text-modules__content\"><p><img class=\"alignnone wp-image-103 size-full\" src=\"http:\/\/us.edu.pl\/centra-badawcze\/cyberscience\/wp-content\/uploads\/sites\/68\/logotypy\/politechnika_sl_logo_poziom_pl_rgb.png\" alt=\"logotyp Politechniki \u015al\u0105skiej\" width=\"100%\" height=\"auto\" srcset=\"https:\/\/us.edu.pl\/centra-badawcze\/cyberscience\/wp-content\/uploads\/sites\/68\/logotypy\/politechnika_sl_logo_poziom_pl_rgb.png 2014w, https:\/\/us.edu.pl\/centra-badawcze\/cyberscience\/wp-content\/uploads\/sites\/68\/logotypy\/politechnika_sl_logo_poziom_pl_rgb-300x111.png 300w, https:\/\/us.edu.pl\/centra-badawcze\/cyberscience\/wp-content\/uploads\/sites\/68\/logotypy\/politechnika_sl_logo_poziom_pl_rgb-768x284.png 768w, https:\/\/us.edu.pl\/centra-badawcze\/cyberscience\/wp-content\/uploads\/sites\/68\/logotypy\/politechnika_sl_logo_poziom_pl_rgb-1024x378.png 1024w, https:\/\/us.edu.pl\/centra-badawcze\/cyberscience\/wp-content\/uploads\/sites\/68\/logotypy\/politechnika_sl_logo_poziom_pl_rgb-575x212.png 575w\" sizes=\"(max-width: 2014px) 100vw, 2014px\" \/><\/p>\n<\/div>\r\n                    <\/div>\r\n                <\/div>[\/vc_column_inner][vc_column_inner width=&#8221;1\/4&#8243;]\r\n                <div class=\"text-modules\">\r\n                    <div class=\"container\">\r\n                        \r\n                        <div class=\"text-modules__content\"><p><img class=\"alignnone wp-image-102 size-full\" src=\"http:\/\/us.edu.pl\/centra-badawcze\/cyberscience\/wp-content\/uploads\/sites\/68\/logotypy\/NASK_kolor.png\" alt=\"logotyp Naukowej i Akademickiej Sieci Komputerowej \u2013 Pa\u0144stwowego Instytutu Badawczego\" width=\"100%\" height=\"auto\" srcset=\"https:\/\/us.edu.pl\/centra-badawcze\/cyberscience\/wp-content\/uploads\/sites\/68\/logotypy\/NASK_kolor.png 2067w, https:\/\/us.edu.pl\/centra-badawcze\/cyberscience\/wp-content\/uploads\/sites\/68\/logotypy\/NASK_kolor-300x129.png 300w, https:\/\/us.edu.pl\/centra-badawcze\/cyberscience\/wp-content\/uploads\/sites\/68\/logotypy\/NASK_kolor-768x329.png 768w, https:\/\/us.edu.pl\/centra-badawcze\/cyberscience\/wp-content\/uploads\/sites\/68\/logotypy\/NASK_kolor-1024x439.png 1024w, https:\/\/us.edu.pl\/centra-badawcze\/cyberscience\/wp-content\/uploads\/sites\/68\/logotypy\/NASK_kolor-575x246.png 575w\" sizes=\"(max-width: 2067px) 100vw, 2067px\" \/><\/p>\n<\/div>\r\n                    <\/div>\r\n                <\/div>[\/vc_column_inner][\/vc_row_inner][vc_row_inner][vc_column_inner width=&#8221;1\/3&#8243;][\/vc_column_inner][vc_column_inner width=&#8221;1\/3&#8243;]\r\n                <div class=\"text-modules\">\r\n                    <div class=\"container\">\r\n                        \r\n                        <div class=\"text-modules__content\"><p><img class=\"alignnone wp-image-329 size-full\" src=\"http:\/\/us.edu.pl\/centra-badawcze\/cyberscience\/wp-content\/uploads\/sites\/68\/logotypy\/logo-Cyber-Science.png\" alt=\"logo \u015al\u0105skiego Centrum In\u017cynierii Prawa, Technologii i Kompetencji Cyfrowych\" width=\"100%\" height=\"auto\" srcset=\"https:\/\/us.edu.pl\/centra-badawcze\/cyberscience\/wp-content\/uploads\/sites\/68\/logotypy\/logo-Cyber-Science.png 729w, https:\/\/us.edu.pl\/centra-badawcze\/cyberscience\/wp-content\/uploads\/sites\/68\/logotypy\/logo-Cyber-Science-300x149.png 300w, https:\/\/us.edu.pl\/centra-badawcze\/cyberscience\/wp-content\/uploads\/sites\/68\/logotypy\/logo-Cyber-Science-575x286.png 575w\" sizes=\"(max-width: 729px) 100vw, 729px\" \/><\/p>\n<\/div>\r\n                    <\/div>\r\n                <\/div>[\/vc_column_inner][vc_column_inner width=&#8221;1\/3&#8243;][\/vc_column_inner][\/vc_row_inner][\/vc_column][\/vc_row]<\/p>","protected":false},"excerpt":{"rendered":"<p>[vc_row el_class=&#8221;container&#8221;][vc_column][\/vc_column][\/vc_row][vc_row el_class=&#8221;container&#8221;][vc_column width=&#8221;1\/3&#8243;][vc_btn title=&#8221;general information about studies&#8221; style=&#8221;outline-custom&#8221; outline_custom_color=&#8221;#002e5a&#8221; outline_custom_hover_background=&#8221;#002e5a&#8221; outline_custom_hover_text=&#8221;#ffffff&#8221; shape=&#8221;round&#8221; size=&#8221;lg&#8221; align=&#8221;center&#8221; button_block=&#8221;true&#8221; link=&#8221;url:https%3A%2F%2Fus.edu.pl%2Fcentra-badawcze%2Fcyberscience%2Fstudia-podyplomowe%2Fo-studiach%2F|||&#8221;][\/vc_column][vc_column width=&#8221;1\/3&#8243;][vc_btn title=&#8221;information channel on the Telegram communicator&#8221; style=&#8221;outline-custom&#8221; outline_custom_color=&#8221;#002e5a&#8221; outline_custom_hover_background=&#8221;#002e5a&#8221; outline_custom_hover_text=&#8221;#ffffff&#8221; shape=&#8221;round&#8221; size=&#8221;lg&#8221; align=&#8221;center&#8221; button_block=&#8221;true&#8221; link=&#8221;url:https%3A%2F%2Ft.me%2Fcybersciencestudia|||&#8221;][\/vc_column][vc_column width=&#8221;1\/3&#8243;][vc_btn title=&#8221;on-line secretary office on Discord&#8221; style=&#8221;outline-custom&#8221; outline_custom_color=&#8221;#002e5a&#8221; outline_custom_hover_background=&#8221;#002e5a&#8221; outline_custom_hover_text=&#8221;#ffffff&#8221; shape=&#8221;round&#8221; size=&#8221;lg&#8221; align=&#8221;center&#8221; button_block=&#8221;true&#8221; link=&#8221;|||&#8221;][\/vc_column][\/vc_row][vc_row el_class=&#8221;container&#8221;][vc_column][vc_empty_space][vc_tta_accordion style=&#8221;flat&#8221; shape=&#8221;square&#8221; color=&#8221;blue&#8221; spacing=&#8221;3&#8243; c_icon=&#8221;triangle&#8221; active_section=&#8221;1&#8243; [&#8230;]<\/p>\n<p><a class=\"btn btn-secondary understrap-read-more-link\" href=\"https:\/\/us.edu.pl\/centra-badawcze\/cyberscience\/en\/studia-podyplomowe\/\">Read More&#8230;<\/a><\/p>\n","protected":false},"author":33,"featured_media":0,"parent":0,"menu_order":0,"comment_status":"closed","ping_status":"closed","template":"","meta":{"_expiration-date-status":"","_expiration-date":0,"_expiration-date-type":"","_expiration-date-categories":[],"_expiration-date-options":[]},"acf":[],"_links":{"self":[{"href":"https:\/\/us.edu.pl\/centra-badawcze\/cyberscience\/en\/wp-json\/wp\/v2\/pages\/306"}],"collection":[{"href":"https:\/\/us.edu.pl\/centra-badawcze\/cyberscience\/en\/wp-json\/wp\/v2\/pages"}],"about":[{"href":"https:\/\/us.edu.pl\/centra-badawcze\/cyberscience\/en\/wp-json\/wp\/v2\/types\/page"}],"author":[{"embeddable":true,"href":"https:\/\/us.edu.pl\/centra-badawcze\/cyberscience\/en\/wp-json\/wp\/v2\/users\/33"}],"replies":[{"embeddable":true,"href":"https:\/\/us.edu.pl\/centra-badawcze\/cyberscience\/en\/wp-json\/wp\/v2\/comments?post=306"}],"version-history":[{"count":10,"href":"https:\/\/us.edu.pl\/centra-badawcze\/cyberscience\/en\/wp-json\/wp\/v2\/pages\/306\/revisions"}],"predecessor-version":[{"id":703,"href":"https:\/\/us.edu.pl\/centra-badawcze\/cyberscience\/en\/wp-json\/wp\/v2\/pages\/306\/revisions\/703"}],"wp:attachment":[{"href":"https:\/\/us.edu.pl\/centra-badawcze\/cyberscience\/en\/wp-json\/wp\/v2\/media?parent=306"}],"curies":[{"name":"wp","href":"https:\/\/api.w.org\/{rel}","templated":true}]}}