{"id":422,"date":"2022-05-05T19:37:11","date_gmt":"2022-05-05T17:37:11","guid":{"rendered":"https:\/\/us.edu.pl\/centra-badawcze\/cyberscience\/?page_id=422"},"modified":"2022-05-25T18:46:38","modified_gmt":"2022-05-25T16:46:38","slug":"program-tokenizacja-i-automatyzacja","status":"publish","type":"page","link":"https:\/\/us.edu.pl\/centra-badawcze\/cyberscience\/studia-podyplomowe\/program-tokenizacja-i-automatyzacja\/","title":{"rendered":"program tokenizacja i automatyzacja"},"content":{"rendered":"<p>[vc_row el_class=&#8221;container&#8221;][vc_column]\r\n                <div class=\"text-modules\">\r\n                    <div class=\"container\">\r\n                        <h3 class=\"page-title text__title\">O programie Cyber Science. Tokenizacja i automatyzacja proces\u00f3w w gospodarce cyfrowej. Aspekty prawne, techniczne i zarz\u0105dcze.<\/h3>\r\n                        <div class=\"text-modules__content\"><p>Naszym celem jest przekszta\u0142cenie wszystkich uczestnik\u00f3w w specjalist\u00f3w w wybranej przez nich dziedzinie. Aby to osi\u0105gn\u0105\u0107, nale\u017cy jednak najpierw nauczy\u0107 si\u0119 podstaw gospodarki cyfrowej oraz zdoby\u0107 wiedz\u0119 na temat jak najwi\u0119kszej liczby dziedzin, kt\u00f3re s\u0105 dzi\u015b jej kluczowymi elementami dynamicznego rozwoju. Opracowali\u015bmy tr\u00f3jfazowy model, kt\u00f3ry stanowi podstaw\u0119 ca\u0142ego programu \u2013 faza wiedzy, faza umiej\u0119tno\u015bci i faza koncentracji. <strong>Faza wiedzy<\/strong>\u00a0towarzyszy uczestnikowi od pocz\u0105tku jego rozpocz\u0119cia studi\u00f3w od poziomu podstawowego, a\u017c po specjalistyczny (Hackathon).\u00a0<strong>Faza umiej\u0119tno\u015bci<\/strong>\u00a0rozpoczyna si\u0119 wraz z pierwszymi \u0107wiczeniami i warsztatami i inicjuje ona wej\u015bcie uczestnika na poziom og\u00f3lny.\u00a0<strong>Faza koncentracji<\/strong>\u00a0analogicznie \u2013 wymaga wykonywania zada\u0144 w ramach \u0107wicze\u0144 i powtarzania wyuczonych dzia\u0142a\u0144 z warsztat\u00f3w, a jej finalnym efektem jest dobrze skoordynowana i wydajna praca w zespole, na poziomie specjalistycznym, ko\u0144cz\u0105ca studia podyplomowe na Hackathonie.<\/p>\n<p><em><strong>Faza wiedzy<\/strong><\/em> to dost\u0119p najwa\u017cniejszego elementu studi\u00f3w &#8211; wiadomo\u015bci ekspert\u00f3w, kt\u00f3re s\u0105 udost\u0119pniane w formie nagra\u0144 audiowizualnych na platformie Moodle. Wyk\u0142ady s\u0105 asynchroniczne. Ogl\u0105damy je w dowolnym momencie od ich udost\u0119pnienia. Ca\u0142o\u015b\u0107 w Moodle opracowana jest w formie e-poradnika, kt\u00f3ry umo\u017cliwia pozyskanie odpowiedniej jako\u015bci wiedzy.<\/p>\n<p><em><strong>Faza umiej\u0119tno\u015bci i\u00a0<\/strong><\/em><b><i>koncentracji<\/i><\/b>\u00a0to \u0107wiczenia i warsztaty. Zaj\u0119cia odbywaj\u0105 si\u0119 on-line na platformie MS Teams, ewentualnie w przypadku warsztat\u00f3w mo\u017ce to te\u017c by\u0107 platforma ZOOM.<\/p>\n<ol>\n<li>\u0106wiczenia zwi\u0105zane s\u0105 z tworzeniem tre\u015bci z wyszukiwanych wcze\u015bniej samodzielnie informacji i prezentacj\u0105 tej indywidualnej pracy w ma\u0142ych grupach celem debaty. Spotkanie moderowane jest przez mentora wspieraj\u0105cego i ma na celu krytyczn\u0105 ocen\u0119 prac uczestnik\u00f3w przez innych.<\/li>\n<li>Warsztaty maj\u0105 na celu stymulowanie samodzielno\u015bci poprzez nabycie przez uczestnik\u00f3w nowych umiej\u0119tno\u015bci.<\/li>\n<\/ol>\n<p>Zaliczenie wszystkich faz odbywa si\u0119 w modelu \u0107wicze\u0144 w warunkach ograniczonego czasu w zr\u00f3\u017cnicowanych grupach. Zespo\u0142y realizuj\u0105 wybrany temat projektowy w ramach kilkudniowego wydarzenia typu &#8222;Hackathon&#8221;. Jest to ostatni etap sprawdzaj\u0105cy wiedz\u0119 oraz umiej\u0119tno\u015bci nabyte w trakcie ca\u0142ych studi\u00f3w podyplomowych.<\/p>\n<\/div>\r\n                    <\/div>\r\n                <\/div>            \r\n                    <div class=\"container\">\r\n                        <div class=\"gallery gallery_2\" data-images-in-row=\"2\">\r\n                            \r\n                            <div class=\"row m-0\">\r\n                                <a data-fancybox-group=\"button\" title=\"\" data-fancybox=\"3874\" href=\"https:\/\/us.edu.pl\/centra-badawcze\/cyberscience\/wp-content\/uploads\/sites\/68\/Bez-kategorii\/studia.png\" class=\"gallery__item thumbnail\"\r\n                                    style=\"background-image: url(https:\/\/us.edu.pl\/centra-badawcze\/cyberscience\/wp-content\/uploads\/sites\/68\/Bez-kategorii\/studia-1024x663.png)\"> <span class=\"d-none\">https:\/\/us.edu.pl\/centra-badawcze\/cyberscience\/wp-content\/uploads\/sites\/68\/Bez-kategorii\/studia.png<\/span> <\/a>\r\n                            <\/div>\r\n                    <\/div>\r\n                <\/div>[\/vc_column][\/vc_row][vc_row][vc_column][vc_empty_space][\/vc_column][\/vc_row][vc_row el_class=&#8221;container&#8221;][vc_column width=&#8221;1\/3&#8243; el_class=&#8221;shadow margines&#8221;][vc_separator color=&#8221;blue&#8221; border_width=&#8221;5&#8243;]\r\n                <div class=\"text-modules\">\r\n                    <div class=\"container\">\r\n                        \r\n                        <div class=\"text-modules__content\"><\/p>\n<div class=\"inter\">\n<p style=\"text-align: center;\"><span style=\"font-size: 14pt; font-family: PT Sans Narrow; color: #002e5a;\"><strong>WYK\u0141ADY<\/strong><\/span><\/p>\n<\/div>\n<p>\n<\/div>\r\n                    <\/div>\r\n                <\/div>[\/vc_column][vc_column width=&#8221;1\/3&#8243; el_class=&#8221;shadow margines&#8221;][vc_separator color=&#8221;pink&#8221; border_width=&#8221;5&#8243;]\r\n                <div class=\"text-modules\">\r\n                    <div class=\"container\">\r\n                        \r\n                        <div class=\"text-modules__content\"><\/p>\n<div class=\"inter\">\n<p style=\"text-align: center;\"><strong style=\"color: #002e5a; font-family: 'PT Sans Narrow'; font-size: 14pt;\">\u0106WICZENIA<\/strong><\/p>\n<\/div>\n<p>\n<\/div>\r\n                    <\/div>\r\n                <\/div>[\/vc_column][vc_column width=&#8221;1\/3&#8243; el_class=&#8221;shadow margines&#8221;][vc_separator color=&#8221;green&#8221; border_width=&#8221;5&#8243;]\r\n                <div class=\"text-modules\">\r\n                    <div class=\"container\">\r\n                        \r\n                        <div class=\"text-modules__content\"><\/p>\n<div class=\"inter\">\n<p style=\"text-align: center;\"><span style=\"font-size: 14pt; font-family: PT Sans Narrow; color: #002e5a;\"><strong>WARSZTATY<\/strong><\/span><\/p>\n<\/div>\n<p>\n<\/div>\r\n                    <\/div>\r\n                <\/div>[\/vc_column][\/vc_row][vc_row][vc_column][vc_empty_space height=&#8221;50px&#8221;][\/vc_column][\/vc_row][vc_row][vc_column]\r\n                <div class=\"text-modules\">\r\n                    <div class=\"container\">\r\n                        \r\n                        <div class=\"text-modules__content\"><p>Dodatkowym elementem studi\u00f3w podyplomowych jest tak zwany <em>bootcamp<\/em>. Jest to mo\u017cliwo\u015b\u0107 samodzielnego doboru wiedzy i umiej\u0119tno\u015bci spoza podstawowej listy zaj\u0119\u0107. Udzia\u0142 w tego typu zaj\u0119ciach jest opcjonalny.<\/p>\n<\/div>\r\n                    <\/div>\r\n                <\/div>[\/vc_column][\/vc_row][vc_row][vc_column]\r\n                <div class=\"text-modules\">\r\n                    <div class=\"container\">\r\n                        \r\n                        <div class=\"text-modules__content\"><\/p>\n<h3><strong>Zaj\u0119cia fakultatywne w ramach BOOTCAMP<\/strong><\/h3>\n<p>\n<\/div>\r\n                    <\/div>\r\n                <\/div>[vc_row_inner equal_height=&#8221;yes&#8221; el_class=&#8221;container&#8221;][vc_column_inner width=&#8221;1\/4&#8243; css=&#8221;.vc_custom_1638044974607{background-color: #f2f2f2 !important;border-radius: 20px !important;}&#8221;]\r\n                <div class=\"text-modules\">\r\n                    <div class=\"container\">\r\n                        \r\n                        <div class=\"text-modules__content\"><\/p>\n<div class=\"dzialania\" style=\"text-align: center;\"><span style=\"font-family: 'PT Sans Narrow'; color: #002e5a; font-size: 14pt;\">wyjazdy plenerowe do partner\u00f3w<\/span><\/div>\n<p>\n<\/div>\r\n                    <\/div>\r\n                <\/div>[\/vc_column_inner][vc_column_inner width=&#8221;1\/4&#8243; css=&#8221;.vc_custom_1638044983413{background-color: #f2f2f2 !important;border-radius: 20px !important;}&#8221;]\r\n                <div class=\"text-modules\">\r\n                    <div class=\"container\">\r\n                        \r\n                        <div class=\"text-modules__content\"><\/p>\n<div class=\"dzialania\" style=\"text-align: center;\"><span style=\"font-family: 'PT Sans Narrow'; color: #002e5a; font-size: 14pt;\">dodatkowe wyk\u0142ady spoza puli<\/span><\/div>\n<p>\n<\/div>\r\n                    <\/div>\r\n                <\/div>[\/vc_column_inner][vc_column_inner width=&#8221;1\/4&#8243; css=&#8221;.vc_custom_1638044990799{background-color: #f2f2f2 !important;border-radius: 20px !important;}&#8221;]\r\n                <div class=\"text-modules\">\r\n                    <div class=\"container\">\r\n                        \r\n                        <div class=\"text-modules__content\"><\/p>\n<div class=\"dzialania\" style=\"text-align: center;\"><span style=\"font-family: 'PT Sans Narrow'; color: #002e5a; font-size: 14pt;\">spotkania konwersatoryjne<\/span><\/div>\n<p>\n<\/div>\r\n                    <\/div>\r\n                <\/div>[\/vc_column_inner][vc_column_inner width=&#8221;1\/4&#8243; css=&#8221;.vc_custom_1638045001445{background-color: #f2f2f2 !important;border-radius: 20px !important;}&#8221;]\r\n                <div class=\"text-modules\">\r\n                    <div class=\"container\">\r\n                        \r\n                        <div class=\"text-modules__content\"><\/p>\n<div class=\"dzialania\" style=\"text-align: center;\"><span style=\"font-family: 'PT Sans Narrow'; color: #002e5a; font-size: 14pt;\">warsztaty i konsultacje z mentorami\u00a0na hackathonie<\/span><\/div>\n<p>\n<\/div>\r\n                    <\/div>\r\n                <\/div>[\/vc_column_inner][\/vc_row_inner][\/vc_column][\/vc_row][vc_row][vc_column][vc_empty_space][\/vc_column][\/vc_row][vc_row][vc_column][vc_empty_space height=&#8221;50px&#8221;][\/vc_column][\/vc_row][vc_row][vc_column]\r\n                <div class=\"text-modules\">\r\n                    <div class=\"container\">\r\n                        \r\n                        <div class=\"text-modules__content\"><\/p>\n<h3><strong>Modu\u0142y wyk\u0142ad\u00f3w asynchronicznych<\/strong><\/h3>\n<p>\n<\/div>\r\n                    <\/div>\r\n                <\/div>\r\n                <div class=\"text-modules\">\r\n                    <div class=\"container\">\r\n                        \r\n                        <div class=\"text-modules__content\"><\/p>\n<table style=\"border-collapse: collapse; width: 100%;\">\n<tbody>\n<tr>\n<td style=\"width: 35%;\"><img class=\"alignnone size-full wp-image-423\" src=\"http:\/\/us.edu.pl\/centra-badawcze\/cyberscience\/wp-content\/uploads\/sites\/68\/2022\/05\/blok-AI.png\" alt=\"\" width=\"280\" height=\"170\" \/><\/td>\n<td style=\"width: 5%;\"><\/td>\n<td style=\"width: 60%;\"><span style=\"font-family: PT Sans Narrow;\"><span style=\"font-size: 24px;\">Transdycyplinarne wyk\u0142ady o AI. To jeden z najobszerniejszych blok\u00f3w, kt\u00f3rego czas przekracza 60 godzin lekcyjnych.\u00a0\u00a0<\/span><\/span><\/td>\n<\/tr>\n<\/tbody>\n<\/table>\n<hr \/>\n<p>\n<\/div>\r\n                    <\/div>\r\n                <\/div>\r\n                <div class=\"text-modules\">\r\n                    <div class=\"container\">\r\n                        \r\n                        <div class=\"text-modules__content\"><\/p>\n<table style=\"border-collapse: collapse; width: 100%;\">\n<tbody>\n<tr>\n<td style=\"width: 35%;\"><img class=\"alignnone size-full wp-image-426\" src=\"http:\/\/us.edu.pl\/centra-badawcze\/cyberscience\/wp-content\/uploads\/sites\/68\/Bez-kategorii\/blockchain.png\" alt=\"\" width=\"280\" height=\"170\" \/><\/td>\n<td style=\"width: 5%;\"><\/td>\n<td style=\"width: 65%;\"><span style=\"font-family: PT Sans Narrow;\"><span style=\"font-size: 24px;\">Transdyscyplinarny zbi\u00f3r wyk\u0142ad\u00f3w po\u015bwi\u0119cony jest zagadnieniom zwi\u0105zanym z technologi\u0105 blockchain. W jego zakresie s\u0105 te\u017c wyk\u0142ady z NFT i smart contract.<\/span><\/span><\/td>\n<\/tr>\n<\/tbody>\n<\/table>\n<hr \/>\n<p>\n<\/div>\r\n                    <\/div>\r\n                <\/div>\r\n                <div class=\"text-modules\">\r\n                    <div class=\"container\">\r\n                        \r\n                        <div class=\"text-modules__content\"><\/p>\n<table style=\"border-collapse: collapse; width: 100%;\">\n<tbody>\n<tr>\n<td style=\"width: 35%;\"><img class=\"alignnone size-medium wp-image-427\" src=\"http:\/\/us.edu.pl\/centra-badawcze\/cyberscience\/wp-content\/uploads\/sites\/68\/Bez-kategorii\/ipr-300x182.png\" alt=\"\" width=\"300\" height=\"182\" srcset=\"https:\/\/us.edu.pl\/centra-badawcze\/cyberscience\/wp-content\/uploads\/sites\/68\/Bez-kategorii\/ipr-300x182.png 300w, https:\/\/us.edu.pl\/centra-badawcze\/cyberscience\/wp-content\/uploads\/sites\/68\/Bez-kategorii\/ipr-768x466.png 768w, https:\/\/us.edu.pl\/centra-badawcze\/cyberscience\/wp-content\/uploads\/sites\/68\/Bez-kategorii\/ipr-575x349.png 575w, https:\/\/us.edu.pl\/centra-badawcze\/cyberscience\/wp-content\/uploads\/sites\/68\/Bez-kategorii\/ipr.png 875w\" sizes=\"(max-width: 300px) 100vw, 300px\" \/><\/td>\n<td style=\"width: 5%;\"><\/td>\n<td style=\"width: 65%;\"><span style=\"font-family: PT Sans Narrow;\"><span style=\"font-size: 24px;\">Wyk\u0142ady dotycz\u0105ce prawa w\u0142asno\u015bci intelektualnej. Jednego z najtrudniejszych temat\u00f3w w gospodarce cyfrowej.\u00a0<\/span><\/span><\/td>\n<\/tr>\n<\/tbody>\n<\/table>\n<p>\n<\/div>\r\n                    <\/div>\r\n                <\/div>\r\n                <div class=\"text-modules\">\r\n                    <div class=\"container\">\r\n                        \r\n                        <div class=\"text-modules__content\"><\/p>\n<table style=\"border-collapse: collapse; width: 100%;\">\n<tbody>\n<tr>\n<td style=\"width: 35%;\"><img class=\"alignnone size-full wp-image-429\" src=\"http:\/\/us.edu.pl\/centra-badawcze\/cyberscience\/wp-content\/uploads\/sites\/68\/Bez-kategorii\/data.png\" alt=\"Logo bloku dane\" width=\"280\" height=\"170\" \/><\/td>\n<td style=\"width: 5%;\"><\/td>\n<td style=\"width: 65%;\"><span style=\"font-family: PT Sans Narrow;\"><span style=\"font-size: 24px;\">Wedle niekt\u00f3rych dane to &#8222;paliwo&#8221; gospodarki cyfrowej. Transdycyplinarne wyk\u0142ady dotycz\u0105ce danatyzacji, otwartych danych oraz danych osobowych przybli\u017c\u0105 specyfik\u0119 tego fenomenu.\u00a0\u00a0<\/span><\/span><\/td>\n<\/tr>\n<\/tbody>\n<\/table>\n<p>\n<\/div>\r\n                    <\/div>\r\n                <\/div>\r\n                <div class=\"text-modules\">\r\n                    <div class=\"container\">\r\n                        \r\n                        <div class=\"text-modules__content\"><\/p>\n<table style=\"border-collapse: collapse; width: 100%;\">\n<tbody>\n<tr>\n<td style=\"width: 35%;\"><img class=\"alignnone size-full wp-image-434\" src=\"http:\/\/us.edu.pl\/centra-badawcze\/cyberscience\/wp-content\/uploads\/sites\/68\/Bez-kategorii\/cyber.png\" alt=\"\" width=\"280\" height=\"170\" \/><\/td>\n<td style=\"width: 5%;\"><\/td>\n<td style=\"width: 65%;\"><span style=\"font-family: PT Sans Narrow;\"><span style=\"font-size: 24px;\">Transdycyplinarne wyk\u0142ady dotycz\u0105ce podstaw technicznych. W tym bloku znajduj\u0105 si\u0119 mi\u0119dzy innymi podstawy programowania, budowy komputera, czy te\u017c cyberhigieny.\u00a0<\/span><\/span><\/td>\n<\/tr>\n<\/tbody>\n<\/table>\n<p>\n<\/div>\r\n                    <\/div>\r\n                <\/div>\r\n                <div class=\"text-modules\">\r\n                    <div class=\"container\">\r\n                        \r\n                        <div class=\"text-modules__content\"><\/p>\n<table style=\"border-collapse: collapse; width: 100%;\">\n<tbody>\n<tr>\n<td style=\"width: 35%;\"><img class=\"alignnone size-full wp-image-435\" src=\"http:\/\/us.edu.pl\/centra-badawcze\/cyberscience\/wp-content\/uploads\/sites\/68\/Bez-kategorii\/human.png\" alt=\"Logo cz\u0142owiek\" width=\"280\" height=\"170\" \/><\/td>\n<td style=\"width: 5%;\"><\/td>\n<td style=\"width: 65%;\"><span style=\"font-family: PT Sans Narrow;\"><span style=\"font-size: 24px;\">Rozw\u00f3j nowych technologii to r\u00f3wnie\u017c refleksja na tym, gdzie jest miejsce cz\u0142owieka w gospodarce cyfrowej. W tym bloku znajduj\u0105 si\u0119 wyk\u0142ady po\u015bwi\u0119cone ochronie konsumenta, prywatno\u015bci, d\u00f3br osobistych.\u00a0<\/span><\/span><\/td>\n<\/tr>\n<\/tbody>\n<\/table>\n<p>\n<\/div>\r\n                    <\/div>\r\n                <\/div>\r\n                <div class=\"text-modules\">\r\n                    <div class=\"container\">\r\n                        \r\n                        <div class=\"text-modules__content\"><\/p>\n<table style=\"border-collapse: collapse; width: 100%;\">\n<tbody>\n<tr>\n<td style=\"width: 35%;\"><img class=\"alignnone size-full wp-image-436\" src=\"http:\/\/us.edu.pl\/centra-badawcze\/cyberscience\/wp-content\/uploads\/sites\/68\/Bez-kategorii\/fintech.png\" alt=\"\" width=\"280\" height=\"170\" \/><\/td>\n<td style=\"width: 5%;\"><\/td>\n<td style=\"width: 65%;\"><span style=\"font-family: PT Sans Narrow;\"><span style=\"font-size: 24px;\">Specjalistyczny blok wyk\u0142ad\u00f3w\u00a0 dedykowany osobom zainteresowanym nowym technologiom w finansach.\u00a0<\/span><\/span><\/td>\n<\/tr>\n<\/tbody>\n<\/table>\n<p>\n<\/div>\r\n                    <\/div>\r\n                <\/div>\r\n                <div class=\"text-modules\">\r\n                    <div class=\"container\">\r\n                        \r\n                        <div class=\"text-modules__content\"><\/p>\n<table style=\"border-collapse: collapse; width: 100%;\">\n<tbody>\n<tr>\n<td style=\"width: 35%;\"><img class=\"alignnone size-medium wp-image-437\" src=\"http:\/\/us.edu.pl\/centra-badawcze\/cyberscience\/wp-content\/uploads\/sites\/68\/Bez-kategorii\/legaltech-300x182.png\" alt=\"Logo wagi symbolizuj\u0105cej s\u0105d\" width=\"300\" height=\"182\" srcset=\"https:\/\/us.edu.pl\/centra-badawcze\/cyberscience\/wp-content\/uploads\/sites\/68\/Bez-kategorii\/legaltech-300x182.png 300w, https:\/\/us.edu.pl\/centra-badawcze\/cyberscience\/wp-content\/uploads\/sites\/68\/Bez-kategorii\/legaltech-768x466.png 768w, https:\/\/us.edu.pl\/centra-badawcze\/cyberscience\/wp-content\/uploads\/sites\/68\/Bez-kategorii\/legaltech-575x349.png 575w, https:\/\/us.edu.pl\/centra-badawcze\/cyberscience\/wp-content\/uploads\/sites\/68\/Bez-kategorii\/legaltech.png 875w\" sizes=\"(max-width: 300px) 100vw, 300px\" \/><\/td>\n<td style=\"width: 5%;\"><\/td>\n<td style=\"width: 65%;\"><span style=\"font-family: PT Sans Narrow;\"><span style=\"font-size: 24px;\">Specjalistyczny blok wyk\u0142ad\u00f3w\u00a0 dedykowany osobom zainteresowanym nowym technologiom w prawie.\u00a0<\/span><\/span><\/td>\n<\/tr>\n<\/tbody>\n<\/table>\n<p>\n<\/div>\r\n                    <\/div>\r\n                <\/div>[\/vc_column][\/vc_row][vc_row][vc_column][vc_empty_space][\/vc_column][\/vc_row][vc_row][vc_column][vc_empty_space][\/vc_column][\/vc_row]<\/p>","protected":false},"excerpt":{"rendered":"<p>[vc_row el_class=&#8221;container&#8221;][vc_column][\/vc_column][\/vc_row][vc_row][vc_column][vc_empty_space][\/vc_column][\/vc_row][vc_row el_class=&#8221;container&#8221;][vc_column width=&#8221;1\/3&#8243; el_class=&#8221;shadow margines&#8221;][vc_separator color=&#8221;blue&#8221; border_width=&#8221;5&#8243;][\/vc_column][vc_column width=&#8221;1\/3&#8243; el_class=&#8221;shadow margines&#8221;][vc_separator color=&#8221;pink&#8221; border_width=&#8221;5&#8243;][\/vc_column][vc_column width=&#8221;1\/3&#8243; el_class=&#8221;shadow margines&#8221;][vc_separator color=&#8221;green&#8221; border_width=&#8221;5&#8243;][\/vc_column][\/vc_row][vc_row][vc_column][vc_empty_space height=&#8221;50px&#8221;][\/vc_column][\/vc_row][vc_row][vc_column][\/vc_column][\/vc_row][vc_row][vc_column][vc_row_inner equal_height=&#8221;yes&#8221; el_class=&#8221;container&#8221;][vc_column_inner width=&#8221;1\/4&#8243; css=&#8221;.vc_custom_1638044974607{background-color: #f2f2f2 !important;border-radius: 20px !important;}&#8221;][\/vc_column_inner][vc_column_inner width=&#8221;1\/4&#8243; css=&#8221;.vc_custom_1638044983413{background-color: #f2f2f2 !important;border-radius: 20px !important;}&#8221;][\/vc_column_inner][vc_column_inner width=&#8221;1\/4&#8243; css=&#8221;.vc_custom_1638044990799{background-color: #f2f2f2 !important;border-radius: 20px !important;}&#8221;][\/vc_column_inner][vc_column_inner width=&#8221;1\/4&#8243; css=&#8221;.vc_custom_1638045001445{background-color: #f2f2f2 !important;border-radius: 20px !important;}&#8221;][\/vc_column_inner][\/vc_row_inner][\/vc_column][\/vc_row][vc_row][vc_column][vc_empty_space][\/vc_column][\/vc_row][vc_row][vc_column][vc_empty_space height=&#8221;50px&#8221;][\/vc_column][\/vc_row][vc_row][vc_column][\/vc_column][\/vc_row][vc_row][vc_column][vc_empty_space][\/vc_column][\/vc_row][vc_row][vc_column][vc_empty_space][\/vc_column][\/vc_row] [&#8230;]<\/p>\n<p><a class=\"btn btn-secondary understrap-read-more-link\" href=\"https:\/\/us.edu.pl\/centra-badawcze\/cyberscience\/studia-podyplomowe\/program-tokenizacja-i-automatyzacja\/\">Read More&#8230;<\/a><\/p>\n","protected":false},"author":5104,"featured_media":0,"parent":306,"menu_order":0,"comment_status":"closed","ping_status":"closed","template":"","meta":{"_expiration-date-status":"","_expiration-date":0,"_expiration-date-type":"","_expiration-date-categories":[],"_expiration-date-options":[]},"acf":[],"_links":{"self":[{"href":"https:\/\/us.edu.pl\/centra-badawcze\/cyberscience\/wp-json\/wp\/v2\/pages\/422"}],"collection":[{"href":"https:\/\/us.edu.pl\/centra-badawcze\/cyberscience\/wp-json\/wp\/v2\/pages"}],"about":[{"href":"https:\/\/us.edu.pl\/centra-badawcze\/cyberscience\/wp-json\/wp\/v2\/types\/page"}],"author":[{"embeddable":true,"href":"https:\/\/us.edu.pl\/centra-badawcze\/cyberscience\/wp-json\/wp\/v2\/users\/5104"}],"replies":[{"embeddable":true,"href":"https:\/\/us.edu.pl\/centra-badawcze\/cyberscience\/wp-json\/wp\/v2\/comments?post=422"}],"version-history":[{"count":10,"href":"https:\/\/us.edu.pl\/centra-badawcze\/cyberscience\/wp-json\/wp\/v2\/pages\/422\/revisions"}],"predecessor-version":[{"id":457,"href":"https:\/\/us.edu.pl\/centra-badawcze\/cyberscience\/wp-json\/wp\/v2\/pages\/422\/revisions\/457"}],"up":[{"embeddable":true,"href":"https:\/\/us.edu.pl\/centra-badawcze\/cyberscience\/wp-json\/wp\/v2\/pages\/306"}],"wp:attachment":[{"href":"https:\/\/us.edu.pl\/centra-badawcze\/cyberscience\/wp-json\/wp\/v2\/media?parent=422"}],"curies":[{"name":"wp","href":"https:\/\/api.w.org\/{rel}","templated":true}]}}