{"id":640,"date":"2022-08-26T13:52:42","date_gmt":"2022-08-26T11:52:42","guid":{"rendered":"https:\/\/us.edu.pl\/centra-badawcze\/cyberscience\/?page_id=640"},"modified":"2022-11-02T09:56:40","modified_gmt":"2022-11-02T08:56:40","slug":"konferencja-7-mlode-forum","status":"publish","type":"page","link":"https:\/\/us.edu.pl\/centra-badawcze\/cyberscience\/projekty\/konferencja-7-mlode-forum\/","title":{"rendered":"konferencja 7 M\u0142ode Forum"},"content":{"rendered":"<p><\/p>\n<p>[vc_row][vc_column][vc_column_text][\/vc_column_text][\/vc_column][\/vc_row][vc_row el_class=&#8221;container&#8221;][vc_column width=&#8221;2\/3&#8243;]\r\n                <div class=\"text-modules\">\r\n                    <div class=\"container\">\r\n                        <h3 class=\"page-title text__title\">7. M\u0142ode Forum Prawa Medi\u00f3w Elektronicznych<\/h3>\r\n                        <div class=\"text-modules__content\"><\/div>\r\n                    <\/div>\r\n                <\/div>[vc_single_image image=&#8221;644&#8243; img_size=&#8221;full&#8221;]\r\n                <div class=\"text-modules\">\r\n                    <div class=\"container\">\r\n                        \r\n                        <div class=\"text-modules__content\"><p><span class=\"break-words\"><span dir=\"ltr\"><strong>7. M\u0142ode Forum Prawa Medi\u00f3w Elektronicznych<\/strong> to ju\u017c tradycyjne wydarzenie towarzysz\u0105ce <a href=\"https:\/\/us.edu.pl\/centra-badawcze\/cyberscience\/projekty\/konferencja\/\">Forum Prawa Medi\u00f3w Elektronicznych<\/a>. Stanowi ono pole do dyskusji dla m\u0142odych zajmuj\u0105cych si\u0119 prawem nowych technologii. <\/span><\/span>Gospodarzem tegorocznego wydarzenia, kt\u00f3re odb\u0119dzie si\u0119 <strong>27 wrze\u015bnia<\/strong> jest <strong>Cyber Science &#8211; Uniwersytet \u015al\u0105ski w Katowicach<\/strong>.<\/p>\n<p><span class=\"break-words\"><span dir=\"ltr\">Podczas tegorocznej edycji zaprezentowane zostan\u0105 zagadnienia dotycz\u0105ce: egzekucji z profilu na portalu Facebook, trusted flaggers a odpowiedzialno\u015bci platform, dark patterns w obrocie kryptoaktywami czy zarz\u0105dzaniem dzia\u0142alno\u015bci\u0105 marketingow\u0105 w zwi\u0105zku z komercjalizacj\u0105 neurotechnologii i wiele wi\u0119cej.<\/span><\/span><\/p>\n<p>Jak co roku organizowany jest tak\u017ce <strong>konkurs na najlepsze wyst\u0105pienia<\/strong>. Za spraw\u0105 inicjatywy Komitetu Organizacyjnego M\u0142odego Forum koordynowanego przez <strong>mgr Jakuba Wyczik<\/strong>, w tegorocznej edycji na autor\u00f3w najlepszych wyst\u0105pie\u0144 czekaj\u0105 nie tylko <strong>dyplomy<\/strong> oraz <strong>nagrody rzeczowe<\/strong>. Ka\u017cdy z nagrodzonych otrzyma <strong>medal pami\u0105tkowy<\/strong> w postaci <strong>tokena NFT<\/strong>! B\u0119dzie to prawdziwy token istniej\u0105cy w sieci Polygon. Ponadto grafiki reprezentuj\u0105ce medale zosta\u0142y wygenerowane z wykorzystaniem systemu <strong>Sztucznej Inteligencji<\/strong>. Jest to prawdopodobnie <strong>pierwsza tego typu inicjatywa w Polsce!<\/strong><\/p>\n<\/div>\r\n                    <\/div>\r\n                <\/div>[vc_tta_tabs][vc_tta_section title=&#8221;Harmonogram&#8221; tab_id=&#8221;Harmonogram&#8221;]\r\n                <div class=\"text-modules\">\r\n                    <div class=\"container\">\r\n                        \r\n                        <div class=\"text-modules__content\"><\/p>\n<h3>Rozpocz\u0119cie konferencji<\/h3>\n<p>Miejsce: <strong>Online (MS Teams)<\/strong><br \/>\n<em>Udzia\u0142 w wydarzeniu nie wymaga rejestracji<\/em><\/p>\n<p>16:00 &#8211; 16:15 &#8211; otwarcie<\/p>\n<p>Prelegenci:<\/p>\n<p>mgr Emilia Zalewska, Youth IGF Poland<\/p>\n<p>mgr Jakub Wyczik, Koordynator 7. mFPME<\/p>\n<\/div>\r\n                    <\/div>\r\n                <\/div>[vc_separator]\r\n                <div class=\"text-modules\">\r\n                    <div class=\"container\">\r\n                        \r\n                        <div class=\"text-modules__content\"><\/p>\n<h3><strong>Panel I.<\/strong><\/h3>\n<p>16:15 &#8211; 16:30<\/p>\n<ul>\n<li>Level up: prawo to gra, a prawnicy to gracze &#8211; mgr Magdalena B\u0142aszczak (Szko\u0142a Doktorska Nauk Spo\u0142ecznych UAM)<\/li>\n<\/ul>\n<p>16:30 &#8211; 16:45<\/p>\n<ul>\n<li>Egzekucja singularna i uniwersalna z profilu na portalu Facebook &#8211; mgr Krystyna Rogala (UWr)<\/li>\n<\/ul>\n<p>16:45 &#8211; 17:00<\/p>\n<ul>\n<li>Czy aplikacja do \u015bledzenia aktywno\u015bci fizycznej to gad\u017cet czy produkt medyczny? &#8211; mgr Paulina Rzeszut<\/li>\n<\/ul>\n<p>17:00 &#8211; 17:15<\/p>\n<ul>\n<li>Sesja Q&amp;A &#8211; moderator: mgr Dominik Gabor (Szko\u0142a Doktorska U\u015a)<\/li>\n<\/ul>\n<p>\n<\/div>\r\n                    <\/div>\r\n                <\/div>[vc_separator]\r\n                <div class=\"text-modules\">\r\n                    <div class=\"container\">\r\n                        \r\n                        <div class=\"text-modules__content\"><\/p>\n<h3><strong>Panel II.<\/strong><\/h3>\n<p>17:15 &#8211; 17:30<\/p>\n<ul>\n<li>Czy platformy internetowe przestan\u0105 nas profilowa\u0107? Analiza aktu o us\u0142ugach cyfrowych &#8211; mgr Maciej Niezgoda (Szko\u0142a Doktorska U\u015a)<\/li>\n<\/ul>\n<p>17:30 &#8211; 17:45<\/p>\n<ul>\n<li>Krajowa Rada Internetu\u2013 zinstytucjonalizowane prawo Internetu &#8211; mgr Dominik Gabor (Szko\u0142a Doktorska U\u015a)<\/li>\n<\/ul>\n<p>17:45 &#8211; 18:00<\/p>\n<ul>\n<li>Trusted flaggers a odpowiedzialno\u015b\u0107 platform\u2013 czas na zmiany? &#8211; mgr Kamila Brylak-Hudyma (UWr)<\/li>\n<\/ul>\n<p>18:00 &#8211; 18:15<\/p>\n<ul>\n<li>Sesja Q&amp;A &#8211; moderator: Pawe\u0142 Urzenitzok (U\u015a)<\/li>\n<\/ul>\n<p>\n<\/div>\r\n                    <\/div>\r\n                <\/div>[vc_separator]\r\n                <div class=\"text-modules\">\r\n                    <div class=\"container\">\r\n                        \r\n                        <div class=\"text-modules__content\"><\/p>\n<h3><strong>Panel III.<\/strong><\/h3>\n<p>18:15 &#8211; 18:30<\/p>\n<ul>\n<li>Niewidzialna infrastruktura Internetu. O monopolizacji us\u0142ug chmurowych &#8211; mgr Jagoda Szpak (UJ)<\/li>\n<\/ul>\n<p>18:30 &#8211; 18:45<\/p>\n<ul>\n<li>Blockchain a milcz\u0105ce zmowy\u2013 czyli o wymianie informacji i karze na rynkach &#8211; mgr Filip Wiaderek (U\u0141)<\/li>\n<\/ul>\n<p>18:45 &#8211; 19:00<\/p>\n<ul>\n<li>Rz\u0105dowo-medialne praktyki dark patterns maj\u0105ce na celu ograniczenie obrotu kryptowalutami, a pomys\u0142 implementacji w krajowy porz\u0105dek Cyfrowych Walut Banku Centralnego &#8211; Konrad Gajewicz (UO)<\/li>\n<\/ul>\n<p>19:00 &#8211; 19:15<\/p>\n<ul>\n<li>Dlaczego mieliby\u015bmy bardziej po\u017c\u0105da\u0107 NFT ni\u017c namacalne dobra? &#8211; Pawe\u0142 Urzenitzok (U\u015a)<\/li>\n<\/ul>\n<p>19:15 &#8211; 19:30<\/p>\n<ul>\n<li>Sesja Q&amp;A &#8211; moderator: mgr Maciej Langer (Szko\u0142a Doktorska U\u015a)<\/li>\n<\/ul>\n<p>\n<\/div>\r\n                    <\/div>\r\n                <\/div>[vc_separator]\r\n                <div class=\"text-modules\">\r\n                    <div class=\"container\">\r\n                        \r\n                        <div class=\"text-modules__content\"><\/p>\n<h3><strong>Panel IV.<\/strong><\/h3>\n<p>19:30 &#8211; 19:45<\/p>\n<ul>\n<li>Ograniczenia prawne w reklamie internetowej \u2013 rozwa\u017cania na gruncie nowej Dyrektywy Omnibus &#8211; mgr Justyna Doniec (UJ)<\/li>\n<\/ul>\n<p>19:45 &#8211; 20:00<\/p>\n<ul>\n<li>Konieczno\u015b\u0107 zwi\u0119kszenia roli organ\u00f3w publicznych w zarz\u0105dzaniu dzia\u0142alno\u015bci\u0105 marketingow\u0105 w Internecie w zwi\u0105zku z komercjalizacj\u0105 neurotechnologii &#8211; mgr Laura S\u0142ocka<\/li>\n<\/ul>\n<p>20:00 &#8211; 20:15<\/p>\n<ul>\n<li>Prawnokarna ochrona sektora marketingu internetowego \u2013 analiza zautomatyzowanych oszustw typu \u201ePHISHING\u201d &#8211; mgr Micha\u0142 Wi\u015bniewski (UH, KSSiP)<\/li>\n<\/ul>\n<p>20:15 &#8211; 20:30<\/p>\n<ul>\n<li>Sesja Q&amp;A &#8211; moderator: Maciej Niezgoda (Szko\u0142a Doktorska U\u015a)<\/li>\n<\/ul>\n<p>\n<\/div>\r\n                    <\/div>\r\n                <\/div>\r\n                <div class=\"text-modules\">\r\n                    <div class=\"container\">\r\n                        \r\n                        <div class=\"text-modules__content\"><\/p>\n<h3><strong>Zako\u0144czenie konferencji<\/strong><\/h3>\n<p>20:30 &#8211; 20:45<\/p>\n<ul>\n<li>Zamkni\u0119cie konferencji &#8211; Jakub Wyczik (Koordynator 7. mFPME)<\/li>\n<\/ul>\n<p>\n<\/div>\r\n                    <\/div>\r\n                <\/div>[\/vc_tta_section][\/vc_tta_tabs][\/vc_column][vc_column width=&#8221;1\/3&#8243;]<div class=\"container\"><div class=\"separator\" style=\"background-color: #EBEBEB\"><\/div><\/div>[vc_btn title=&#8221;Harmonogram PDF&#8221; color=&#8221;primary&#8221; size=&#8221;lg&#8221; align=&#8221;left&#8221; link=&#8221;url:http%3A%2F%2Fus.edu.pl%2Fcentra-badawcze%2Fcyberscience%2Fwp-content%2Fuploads%2Fsites%2F68%2Fpliki%2FHarmonogram-7.-mFPME.pdf&#8221;][vc_btn title=&#8221;Rejestracja na konferencj\u0119 (uczestnicy czynni)&#8221; color=&#8221;primary&#8221; size=&#8221;lg&#8221; align=&#8221;left&#8221; i_icon_fontawesome=&#8221;fas fa-marker&#8221; add_icon=&#8221;true&#8221; link=&#8221;url:https%3A%2F%2Fforms.office.com%2FPages%2FResponsePage.aspx%3Fid%3DkWLHUIAMRESi-0-KsWjDET1F8WBahKpIjZ3mmbi_9-NUNlhMM0dORjRSTFVVQkZRQjFUVFM5MVhLSy4u&#8221;][vc_btn title=&#8221;Link do wydarzenia (MS Teams)&#8221; color=&#8221;primary&#8221; size=&#8221;lg&#8221; align=&#8221;left&#8221; i_icon_fontawesome=&#8221;fas fa-photo-video&#8221; add_icon=&#8221;true&#8221; link=&#8221;url:https%3A%2F%2Ftiny.pl%2Fwmlpq&#8221;][vc_btn title=&#8221;Strona 7. mFPME na Facebooku&#8221; color=&#8221;primary&#8221; size=&#8221;lg&#8221; align=&#8221;left&#8221; i_icon_fontawesome=&#8221;fas fa-rss&#8221; add_icon=&#8221;true&#8221; link=&#8221;url:https%3A%2F%2Fwww.facebook.com%2Fevents%2F4850067875103362%2F%3Factive_tab%3Ddiscussion&#8221;][vc_btn title=&#8221;Kolekcja medali pami\u0105tkowych NFT (OpenSea)&#8221; color=&#8221;primary&#8221; size=&#8221;lg&#8221; align=&#8221;left&#8221; i_icon_fontawesome=&#8221;fas fa-medal&#8221; add_icon=&#8221;true&#8221; link=&#8221;url:https%3A%2F%2Fopensea.io%2Fcollection%2F7mfpme&#8221;]<div class=\"container\"><div class=\"separator\" style=\"background-color: #EBEBEB\"><\/div><\/div>[\/vc_column][\/vc_row][vc_row][vc_column]<div class=\"container\"><div class=\"separator\" style=\"background-color: #EBEBEB\"><\/div><\/div>[\/vc_column][\/vc_row][vc_row el_class=&#8221;container&#8221;][vc_column]\r\n                <div class=\"text-modules\">\r\n                    <div class=\"container\">\r\n                        \r\n                        <div class=\"text-modules__content\"><\/p>\n<h3>Organizatorzy<\/h3>\n<p>\n<\/div>\r\n                    <\/div>\r\n                <\/div>\r\n                <div class=\"text-modules\">\r\n                    <div class=\"container\">\r\n                        \r\n                        <div class=\"text-modules__content\"><\/p>\n<table style=\"border-collapse: collapse; width: 100%;\">\n<tbody>\n<tr>\n<td style=\"width: 35%;\"><img class=\"alignnone wp-image-86 size-medium\" src=\"http:\/\/us.edu.pl\/centra-badawcze\/cyberscience\/wp-content\/uploads\/sites\/68\/logotypy\/uniwersytet-slaski_logo_poziome_rgb-300x51.png\" alt=\"logotyp Uniwersytetu \u015al\u0105skiego w Katowicach\" width=\"300\" height=\"51\" srcset=\"https:\/\/us.edu.pl\/centra-badawcze\/cyberscience\/wp-content\/uploads\/sites\/68\/logotypy\/uniwersytet-slaski_logo_poziome_rgb-300x51.png 300w, https:\/\/us.edu.pl\/centra-badawcze\/cyberscience\/wp-content\/uploads\/sites\/68\/logotypy\/uniwersytet-slaski_logo_poziome_rgb-768x129.png 768w, https:\/\/us.edu.pl\/centra-badawcze\/cyberscience\/wp-content\/uploads\/sites\/68\/logotypy\/uniwersytet-slaski_logo_poziome_rgb-1024x172.png 1024w, https:\/\/us.edu.pl\/centra-badawcze\/cyberscience\/wp-content\/uploads\/sites\/68\/logotypy\/uniwersytet-slaski_logo_poziome_rgb-575x97.png 575w\" sizes=\"(max-width: 300px) 100vw, 300px\" \/><\/td>\n<td style=\"width: 5%;\"><\/td>\n<td style=\"width: 65%;\"><a href=\"https:\/\/us.edu.pl\/\"><span style=\"font-family: 'PT Sans Narrow'; font-size: 18pt; color: #000000;\">Uniwersytet \u015al\u0105ski<\/span><\/a><\/td>\n<\/tr>\n<\/tbody>\n<\/table>\n<hr \/>\n<p>\n<\/div>\r\n                    <\/div>\r\n                <\/div>\r\n                <div class=\"text-modules\">\r\n                    <div class=\"container\">\r\n                        \r\n                        <div class=\"text-modules__content\"><\/p>\n<table style=\"border-collapse: collapse; width: 100%;\">\n<tbody>\n<tr>\n<td style=\"width: 35%;\"><img class=\"alignnone wp-image-575 size-full\" src=\"http:\/\/us.edu.pl\/centra-badawcze\/cyberscience\/wp-content\/uploads\/sites\/68\/Bez-kategorii\/Unknown-2.png\" alt=\"\" width=\"225\" height=\"225\" srcset=\"https:\/\/us.edu.pl\/centra-badawcze\/cyberscience\/wp-content\/uploads\/sites\/68\/Bez-kategorii\/Unknown-2.png 225w, https:\/\/us.edu.pl\/centra-badawcze\/cyberscience\/wp-content\/uploads\/sites\/68\/Bez-kategorii\/Unknown-2-150x150.png 150w\" sizes=\"(max-width: 225px) 100vw, 225px\" \/><\/td>\n<td style=\"width: 5%;\"><\/td>\n<td style=\"width: 65%;\"><a href=\"http:\/\/cbke.prawo.uni.wroc.pl\/index.php?lang=en\"><span style=\"font-family: 'PT Sans Narrow'; font-size: 18pt; color: #000000;\">CBKE<\/span><\/a><\/td>\n<\/tr>\n<\/tbody>\n<\/table>\n<hr \/>\n<p>\n<\/div>\r\n                    <\/div>\r\n                <\/div>\r\n                <div class=\"text-modules\">\r\n                    <div class=\"container\">\r\n                        \r\n                        <div class=\"text-modules__content\"><\/p>\n<table style=\"border-collapse: collapse; width: 100%;\">\n<tbody>\n<tr>\n<td style=\"width: 35%;\"><img class=\"alignnone wp-image-591 size-full\" src=\"http:\/\/us.edu.pl\/centra-badawcze\/cyberscience\/wp-content\/uploads\/sites\/68\/Bez-kategorii\/usz_logo-us-wstazka-ua.png\" alt=\"\" width=\"258\" height=\"60\" \/><\/td>\n<td style=\"width: 5%;\"><\/td>\n<td style=\"width: 65%;\"><a href=\"https:\/\/usz.edu.pl\/\"><span style=\"font-family: 'PT Sans Narrow'; font-size: 18pt; color: #000000;\">Uniwersytet Szczeci\u0144ski<\/span><\/a><\/td>\n<\/tr>\n<\/tbody>\n<\/table>\n<hr \/>\n<p>\n<\/div>\r\n                    <\/div>\r\n                <\/div>\r\n                <div class=\"text-modules\">\r\n                    <div class=\"container\">\r\n                        \r\n                        <div class=\"text-modules__content\"><\/p>\n<table style=\"border-collapse: collapse; width: 100%;\">\n<tbody>\n<tr>\n<td style=\"width: 35%;\"><img class=\"alignnone wp-image-329 size-medium\" src=\"http:\/\/us.edu.pl\/centra-badawcze\/cyberscience\/wp-content\/uploads\/sites\/68\/logotypy\/logo-Cyber-Science-300x149.png\" alt=\"logo \u015al\u0105skiego Centrum In\u017cynierii Prawa, Technologii i Kompetencji Cyfrowych\" width=\"300\" height=\"149\" srcset=\"https:\/\/us.edu.pl\/centra-badawcze\/cyberscience\/wp-content\/uploads\/sites\/68\/logotypy\/logo-Cyber-Science-300x149.png 300w, https:\/\/us.edu.pl\/centra-badawcze\/cyberscience\/wp-content\/uploads\/sites\/68\/logotypy\/logo-Cyber-Science-575x286.png 575w, https:\/\/us.edu.pl\/centra-badawcze\/cyberscience\/wp-content\/uploads\/sites\/68\/logotypy\/logo-Cyber-Science.png 729w\" sizes=\"(max-width: 300px) 100vw, 300px\" \/><\/td>\n<td style=\"width: 5%;\"><\/td>\n<td style=\"width: 65%;\"><a href=\"https:\/\/us.edu.pl\/centra-badawcze\/cyberscience\/\"><span style=\"font-family: 'PT Sans Narrow'; font-size: 18pt; color: #000000;\">Cyber Science<\/span><\/a><\/td>\n<\/tr>\n<\/tbody>\n<\/table>\n<p>&nbsp;<\/p>\n<hr \/>\n<p>\n<\/div>\r\n                    <\/div>\r\n                <\/div>\r\n                <div class=\"text-modules\">\r\n                    <div class=\"container\">\r\n                        \r\n                        <div class=\"text-modules__content\"><\/p>\n<table style=\"border-collapse: collapse; width: 100%;\">\n<tbody>\n<tr>\n<td style=\"width: 35%;\"><img class=\"alignnone wp-image-645 \" src=\"http:\/\/us.edu.pl\/centra-badawcze\/cyberscience\/wp-content\/uploads\/sites\/68\/Bez-kategorii\/youth-300x300.jpg\" alt=\"\" width=\"145\" height=\"122\" \/><\/td>\n<td style=\"width: 5%;\"><\/td>\n<td style=\"width: 65%;\"><a href=\"https:\/\/yigfen.nask.pl\/\"><span style=\"font-family: 'PT Sans Narrow'; font-size: 18pt; color: #000000;\">Youth IGF Poland<\/span><\/a><\/td>\n<\/tr>\n<\/tbody>\n<\/table>\n<hr \/>\n<p>\n<\/div>\r\n                    <\/div>\r\n                <\/div>[\/vc_column][\/vc_row][vc_column][\/vc_column]<\/p>\n<p><\/p>","protected":false},"excerpt":{"rendered":"<p>[vc_row][vc_column][vc_column_text][\/vc_column_text][\/vc_column][\/vc_row][vc_row el_class=&#8221;container&#8221;][vc_column width=&#8221;2\/3&#8243;][vc_single_image image=&#8221;644&#8243; img_size=&#8221;full&#8221;][vc_tta_tabs][vc_tta_section title=&#8221;Harmonogram&#8221; tab_id=&#8221;Harmonogram&#8221;][vc_separator][vc_separator][vc_separator][vc_separator][\/vc_tta_section][\/vc_tta_tabs][\/vc_column][vc_column width=&#8221;1\/3&#8243;][vc_btn title=&#8221;Harmonogram PDF&#8221; color=&#8221;primary&#8221; size=&#8221;lg&#8221; align=&#8221;left&#8221; link=&#8221;url:http%3A%2F%2Fus.edu.pl%2Fcentra-badawcze%2Fcyberscience%2Fwp-content%2Fuploads%2Fsites%2F68%2Fpliki%2FHarmonogram-7.-mFPME.pdf&#8221;][vc_btn title=&#8221;Rejestracja na konferencj\u0119 (uczestnicy czynni)&#8221; color=&#8221;primary&#8221; size=&#8221;lg&#8221; align=&#8221;left&#8221; i_icon_fontawesome=&#8221;fas fa-marker&#8221; add_icon=&#8221;true&#8221; link=&#8221;url:https%3A%2F%2Fforms.office.com%2FPages%2FResponsePage.aspx%3Fid%3DkWLHUIAMRESi-0-KsWjDET1F8WBahKpIjZ3mmbi_9-NUNlhMM0dORjRSTFVVQkZRQjFUVFM5MVhLSy4u&#8221;][vc_btn title=&#8221;Link do wydarzenia (MS Teams)&#8221; color=&#8221;primary&#8221; size=&#8221;lg&#8221; align=&#8221;left&#8221; i_icon_fontawesome=&#8221;fas fa-photo-video&#8221; add_icon=&#8221;true&#8221; link=&#8221;url:https%3A%2F%2Ftiny.pl%2Fwmlpq&#8221;][vc_btn title=&#8221;Strona 7. mFPME na Facebooku&#8221; color=&#8221;primary&#8221; size=&#8221;lg&#8221; align=&#8221;left&#8221; i_icon_fontawesome=&#8221;fas fa-rss&#8221; add_icon=&#8221;true&#8221; link=&#8221;url:https%3A%2F%2Fwww.facebook.com%2Fevents%2F4850067875103362%2F%3Factive_tab%3Ddiscussion&#8221;][vc_btn title=&#8221;Kolekcja medali pami\u0105tkowych NFT (OpenSea)&#8221; [&#8230;]<\/p>\n<p><a class=\"btn btn-secondary understrap-read-more-link\" href=\"https:\/\/us.edu.pl\/centra-badawcze\/cyberscience\/projekty\/konferencja-7-mlode-forum\/\">Read More&#8230;<\/a><\/p>\n","protected":false},"author":5116,"featured_media":657,"parent":95,"menu_order":0,"comment_status":"closed","ping_status":"closed","template":"","meta":{"_expiration-date-status":"","_expiration-date":0,"_expiration-date-type":"","_expiration-date-categories":[],"_expiration-date-options":[]},"acf":[],"_links":{"self":[{"href":"https:\/\/us.edu.pl\/centra-badawcze\/cyberscience\/wp-json\/wp\/v2\/pages\/640"}],"collection":[{"href":"https:\/\/us.edu.pl\/centra-badawcze\/cyberscience\/wp-json\/wp\/v2\/pages"}],"about":[{"href":"https:\/\/us.edu.pl\/centra-badawcze\/cyberscience\/wp-json\/wp\/v2\/types\/page"}],"author":[{"embeddable":true,"href":"https:\/\/us.edu.pl\/centra-badawcze\/cyberscience\/wp-json\/wp\/v2\/users\/5116"}],"replies":[{"embeddable":true,"href":"https:\/\/us.edu.pl\/centra-badawcze\/cyberscience\/wp-json\/wp\/v2\/comments?post=640"}],"version-history":[{"count":10,"href":"https:\/\/us.edu.pl\/centra-badawcze\/cyberscience\/wp-json\/wp\/v2\/pages\/640\/revisions"}],"predecessor-version":[{"id":693,"href":"https:\/\/us.edu.pl\/centra-badawcze\/cyberscience\/wp-json\/wp\/v2\/pages\/640\/revisions\/693"}],"up":[{"embeddable":true,"href":"https:\/\/us.edu.pl\/centra-badawcze\/cyberscience\/wp-json\/wp\/v2\/pages\/95"}],"wp:featuredmedia":[{"embeddable":true,"href":"https:\/\/us.edu.pl\/centra-badawcze\/cyberscience\/wp-json\/wp\/v2\/media\/657"}],"wp:attachment":[{"href":"https:\/\/us.edu.pl\/centra-badawcze\/cyberscience\/wp-json\/wp\/v2\/media?parent=640"}],"curies":[{"name":"wp","href":"https:\/\/api.w.org\/{rel}","templated":true}]}}